{"id":5779,"date":"2019-05-07T15:20:10","date_gmt":"2019-05-07T08:20:10","guid":{"rendered":"https:\/\/mebipha.com\/?post_type=product&#038;p=5779"},"modified":"2025-07-09T09:26:49","modified_gmt":"2025-07-09T02:26:49","slug":"yucca-zeotom","status":"publish","type":"product","link":"https:\/\/mebipha.com\/online\/yucca-zeotom\/","title":{"rendered":"YUCCA ZEO(T\u00d4M)"},"content":{"rendered":"","protected":false},"excerpt":{"rendered":"<p><strong>S\u1ea2N PH\u1ea8M D\u1ea0NG H\u1ea0T, T\u00c1C D\u1ee4NG K\u00c9O D\u00c0I<\/strong><\/p>\n<p><strong>X\u1eec L\u00dd M\u00d4I TR\u01af\u1edcNG V\u00c0 \u0110\u00c1Y AO NU\u00d4I T\u00d4M<\/strong><\/p>\n<p><strong>TH\u00c0NH PH\u1ea6N<\/strong><\/p>\n<p><em>Bacillus subtilis<\/em> (min)&#8230;&#8230;&#8230;&#8230;&#8230;&#8230;&#8230;&#8230;&#8230;1,3 x 10<sup>6 <\/sup>CFU<\/p>\n<p>Protease* (min)&#8230;&#8230;&#8230;&#8230;&#8230;&#8230;&#8230;&#8230;&#8230;&#8230;&#8230;&#8230;17.500 UI<\/p>\n<p>Saponin (min)&#8230;&#8230;&#8230;&#8230;&#8230;&#8230;&#8230;&#8230;&#8230;&#8230;&#8230;&#8230;. 1.500 mg<\/p>\n<p>Kh\u00e1ng sinh, ch\u1ea5t c\u1ea5m&#8230;&#8230;&#8230;&#8230;&#8230;&#8230;&#8230;&#8230;&#8230;Kh\u00f4ng c\u00f3<\/p>\n<p>Ethoxyquin&#8230;&#8230;&#8230;&#8230;&#8230;&#8230;&#8230;&#8230;&#8230;&#8230;&#8230;&#8230;&#8230;&#8230;.. Kh\u00f4ng c\u00f3<\/p>\n<p>Ch\u1ea5t mang (Zeolite) v\u1eeba \u0111\u1ee7&#8230;&#8230;&#8230;&#8230;&#8230;&#8230;.. 1 kg<\/p>\n<p><strong>NGUY\u00caN LI\u1ec6U<\/strong> \u00a0<em>Bacillus subtilis<\/em>, Protease, b\u1ed9t chi\u1ebft t\u1eeb c\u00e2y Yucca, b\u1ed9t Zeolite.<\/p>\n<p><strong>C\u00d4NG D\u1ee4NG<\/strong><\/p>\n<p>H\u1ea5p thu m\u1ea1nh c\u00e1c kh\u00ed \u0111\u1ed9c: NH<sub>3, <\/sub>H<sub>2<\/sub>S, NO<sub>2<\/sub>, CH<sub>4<\/sub>\u2026<\/p>\n<p>Ph\u00e2n h\u1ee7y nhanh c\u00e1c ch\u1ea5t h\u1eefu c\u01a1, th\u1ee9c \u0103n th\u1eeba, ph\u00e2n c\u1ee7a t\u00f4m.<\/p>\n<p>L\u00e0m s\u1ea1ch \u0111\u00e1y ao v\u00e0 \u1ed5n \u0111\u1ecbnh m\u00f4i tr\u01b0\u1eddng n\u01b0\u1edbc.<\/p>\n<p><strong>H\u01af\u1edaNG D\u1eaaN S\u1eec D\u1ee4NG V\u00c0 LI\u1ec0U D\u00d9NG<\/strong><\/p>\n<p>R\u1ea3i \u0111\u1ec1u l\u00ean m\u1eb7t ao.<\/p>\n<p>Th\u00e1ng th\u1ee9 1 &amp; 2: 1kg\/1.500m<sup>3 <\/sup>n\u01b0\u1edbc, \u0111\u1ecbnh k\u1ef3 15 ng\u00e0y\/l\u1ea7n.<\/p>\n<p>Th\u00e1ng th\u1ee9 3 &amp; 4: 1kg\/1.000m<sup>3 <\/sup>n\u01b0\u1edbc, \u0111\u1ecbnh k\u1ef3 15 ng\u00e0y\/l\u1ea7n.<\/p>\n<p>Ao \u01b0\u01a1ng t\u00f4m gi\u1ed1ng: 50g\/1m<sup>2 <\/sup>\u00a0m\u1eb7t n\u01b0\u1edbc.<\/p>\n","protected":false},"featured_media":11157,"comment_status":"closed","ping_status":"closed","template":"","meta":[],"product_brand":[],"product_cat":[71,134],"product_tag":[],"class_list":{"0":"post-5779","1":"product","2":"type-product","3":"status-publish","4":"has-post-thumbnail","6":"product_cat-thuoc-thuy-san","7":"product_cat-thuoc-thuy-san-thuoc-thuy-san","9":"first","10":"instock","11":"shipping-taxable","12":"purchasable","13":"product-type-variable","14":"has-default-attributes"},"_links":{"self":[{"href":"https:\/\/mebipha.com\/online\/wp-json\/wp\/v2\/product\/5779","targetHints":{"allow":["GET"]}}],"collection":[{"href":"https:\/\/mebipha.com\/online\/wp-json\/wp\/v2\/product"}],"about":[{"href":"https:\/\/mebipha.com\/online\/wp-json\/wp\/v2\/types\/product"}],"replies":[{"embeddable":true,"href":"https:\/\/mebipha.com\/online\/wp-json\/wp\/v2\/comments?post=5779"}],"wp:featuredmedia":[{"embeddable":true,"href":"https:\/\/mebipha.com\/online\/wp-json\/wp\/v2\/media\/11157"}],"wp:attachment":[{"href":"https:\/\/mebipha.com\/online\/wp-json\/wp\/v2\/media?parent=5779"}],"wp:term":[{"taxonomy":"product_brand","embeddable":true,"href":"https:\/\/mebipha.com\/online\/wp-json\/wp\/v2\/product_brand?post=5779"},{"taxonomy":"product_cat","embeddable":true,"href":"https:\/\/mebipha.com\/online\/wp-json\/wp\/v2\/product_cat?post=5779"},{"taxonomy":"product_tag","embeddable":true,"href":"https:\/\/mebipha.com\/online\/wp-json\/wp\/v2\/product_tag?post=5779"}],"curies":[{"name":"wp","href":"https:\/\/api.w.org\/{rel}","templated":true}]}}