{"id":5769,"date":"2019-05-07T15:13:21","date_gmt":"2019-05-07T08:13:21","guid":{"rendered":"https:\/\/mebipha.com\/?post_type=product&#038;p=5769"},"modified":"2024-10-04T10:01:37","modified_gmt":"2024-10-04T03:01:37","slug":"yeast-sacc","status":"publish","type":"product","link":"https:\/\/mebipha.com\/online\/yeast-sacc\/","title":{"rendered":"YEAST-SACC"},"content":{"rendered":"","protected":false},"excerpt":{"rendered":"<p>Th\u00e0nh ph\u1ea7n:<\/p>\n<p>Saccharomyces cerevisiae:\u2026\u2026..<em>10<\/em><sup>10<\/sup> CFU<br \/>\n\u03b2-Glucan:\u2026.100.000mg<br \/>\nPh\u1ee5 gia v\u1eeba \u0111\u1ee7 . 1.000g<\/p>\n<p>S\u1eed d\u1ee5ng:<\/p>\n<p>B\u00f2 s\u1eefa, d\u00ea s\u1eefa: D\u00f9ng 10 &#8211; 20 g\/ 1 b\u00f2 s\u1eefa \/ ng\u00e0y, t\u01b0\u01a1ng \u0111\u01b0\u01a1ng 1kg \/ 50 &#8211; 100 b\u00f2 s\u1eefa \/ ng\u00e0y, d\u00f9ng li\u00ean t\u1ee5c trong su\u1ed1t th\u1eddi gian cho s\u1eefa.<br \/>\nHo\u1eb7c tr\u1ed9n \u0111\u1ec1u 1kg \/ 500 kg th\u1ee9c \u0103n.<\/p>\n","protected":false},"featured_media":10674,"comment_status":"closed","ping_status":"closed","template":"","meta":[],"product_brand":[],"product_cat":[62],"product_tag":[],"class_list":{"0":"post-5769","1":"product","2":"type-product","3":"status-publish","4":"has-post-thumbnail","6":"product_cat-thuoc-thu-y","8":"first","9":"instock","10":"shipping-taxable","11":"purchasable","12":"product-type-variable","13":"has-default-attributes"},"_links":{"self":[{"href":"https:\/\/mebipha.com\/online\/wp-json\/wp\/v2\/product\/5769","targetHints":{"allow":["GET"]}}],"collection":[{"href":"https:\/\/mebipha.com\/online\/wp-json\/wp\/v2\/product"}],"about":[{"href":"https:\/\/mebipha.com\/online\/wp-json\/wp\/v2\/types\/product"}],"replies":[{"embeddable":true,"href":"https:\/\/mebipha.com\/online\/wp-json\/wp\/v2\/comments?post=5769"}],"wp:featuredmedia":[{"embeddable":true,"href":"https:\/\/mebipha.com\/online\/wp-json\/wp\/v2\/media\/10674"}],"wp:attachment":[{"href":"https:\/\/mebipha.com\/online\/wp-json\/wp\/v2\/media?parent=5769"}],"wp:term":[{"taxonomy":"product_brand","embeddable":true,"href":"https:\/\/mebipha.com\/online\/wp-json\/wp\/v2\/product_brand?post=5769"},{"taxonomy":"product_cat","embeddable":true,"href":"https:\/\/mebipha.com\/online\/wp-json\/wp\/v2\/product_cat?post=5769"},{"taxonomy":"product_tag","embeddable":true,"href":"https:\/\/mebipha.com\/online\/wp-json\/wp\/v2\/product_tag?post=5769"}],"curies":[{"name":"wp","href":"https:\/\/api.w.org\/{rel}","templated":true}]}}