{"id":5746,"date":"2019-05-07T14:57:44","date_gmt":"2019-05-07T07:57:44","guid":{"rendered":"https:\/\/mebipha.com\/?post_type=product&#038;p=5746"},"modified":"2024-10-05T09:05:12","modified_gmt":"2024-10-05T02:05:12","slug":"vita-premix-fish","status":"publish","type":"product","link":"https:\/\/mebipha.com\/online\/vita-premix-fish\/","title":{"rendered":"VITA PREMIX FISH"},"content":{"rendered":"","protected":false},"excerpt":{"rendered":"<p><strong>S\u1ea2N PH\u1ea8M D\u1ea0NG B\u1ed8T <\/strong><strong>VITAMIN V\u00c0 KHO\u00c1NG CH\u1ea4T H\u1eeeU C\u01a0 H\u00d2A TAN <\/strong><strong>CHUY\u00caN D\u00d9NG CHO C\u00c1<\/strong><\/p>\n<p><strong>TH\u00c0NH PH\u1ea6N<\/strong><\/p>\n<p>Vitamin A (min)&#8230;&#8230;&#8230;&#8230;&#8230;&#8230;&#8230;&#8230;. 4.000.000 UI<\/p>\n<p>Vitamin D<sub>3<\/sub> (min)&#8230;&#8230;&#8230;&#8230;&#8230;&#8230;&#8230;.. 1.000.000 UI<\/p>\n<p>Vitamin E (min)&#8230;&#8230;&#8230;&#8230;&#8230;&#8230;&#8230;&#8230;..1.500 mg<\/p>\n<p>Vitamin B<sub>6<\/sub>* (min)&#8230;&#8230;&#8230;&#8230;&#8230;&#8230;&#8230;&#8230;2.500 mg<\/p>\n<p>Vitamin B<sub>12<\/sub> (min)&#8230;&#8230;&#8230;&#8230;&#8230;&#8230;&#8230;&#8230; 30 mg<\/p>\n<p>Vitamin K<sub>3<\/sub> (min)&#8230;&#8230;&#8230;&#8230;&#8230;&#8230;&#8230;&#8230;&#8230;250 mg<\/p>\n<p>Iron (min \u2013 max)&#8230;&#8230;&#8230;&#8230;&#8230;.. 1.000 \u2013 2.000 mg<\/p>\n<p>Manganese (min \u2013 max)&#8230;&#8230;&#8230;. 500 \u2013 700 mg<\/p>\n<p>Copper (min \u2013 max)&#8230;&#8230;&#8230;&#8230;&#8230;.. 250 \u2013 400 mg<\/p>\n<p>Selenium* (min \u2013 max)&#8230;&#8230;&#8230;&#8230;. 100 \u2013 250 mg<\/p>\n<p>Kh\u00e1ng sinh, ch\u1ea5t c\u1ea5m&#8230;&#8230;&#8230;&#8230;&#8230;.Kh\u00f4ng c\u00f3<\/p>\n<p>Ethoxyquin&#8230;&#8230;&#8230;&#8230;&#8230;&#8230;&#8230;&#8230;&#8230;&#8230;.Kh\u00f4ng c\u00f3<\/p>\n<p>Ch\u1ea5t mang (Glucose) v\u1eeba \u0111\u1ee7&#8230;.1kg<\/p>\n<p><strong>NGUY\u00caN LI\u1ec6U\u00a0 <\/strong>Retinyl acetate, Cholecalciferol, DL-alpha-tocopheryl acetate, Menadion sodium bisulfate, Pyridoxine HCl, Cyanocobalamin, Ferrous Sulphate, Copper Sulphate, Manganese Sulphate, Na<sub>2<\/sub>SeO<sub>3 <\/sub>v\u00e0 Dextrose monohydrate.<\/p>\n<p><strong>C\u00d4NG D\u1ee4NG<\/strong><\/p>\n<p>B\u1ed5 sung c\u00e1c vitamin, kho\u00e1ng vi l\u01b0\u1ee3ng c\u1ea7n thi\u1ebft cho s\u1ef1 ph\u00e1t tri\u1ec3n c\u1ee7a c\u00e1. Gi\u00fap c\u00e1 ph\u00e1t tri\u1ec3n t\u1ed1t.<\/p>\n<p><strong>H\u01af\u1edaNG D\u1eaaN S\u1eec D\u1ee4NG V\u00c0 LI\u1ec0U D\u00d9NG<\/strong><\/p>\n<p>H\u00f2a tan v\u00e0o n\u01b0\u1edbc tr\u1ed9n \u0111\u1ec1u v\u1edbi th\u1ee9c \u0103n, \u0111\u1ec3 kh\u00f4 t\u1ef1 nhi\u00ean trong \u0111i\u1ec1u ki\u1ec7n r\u00e2m m\u00e1t kho\u1ea3ng 15 ph\u00fat r\u1ed3i cho \u0103n.<\/p>\n<p>D\u00f9ng 2g\/kg th\u1ee9c \u0103n cho c\u00e1 \u0103n t\u1ea5t c\u1ea3 c\u00e1c c\u1eed trong ng\u00e0y, d\u00f9ng li\u00ean t\u1ee5c trong th\u1eddi gian nu\u00f4i<\/p>\n","protected":false},"featured_media":10689,"comment_status":"closed","ping_status":"closed","template":"","meta":[],"product_brand":[],"product_cat":[71,107],"product_tag":[],"class_list":{"0":"post-5746","1":"product","2":"type-product","3":"status-publish","4":"has-post-thumbnail","6":"product_cat-thuoc-thuy-san","7":"product_cat-san-pham-cho-ca","9":"first","10":"instock","11":"shipping-taxable","12":"purchasable","13":"product-type-variable","14":"has-default-attributes"},"_links":{"self":[{"href":"https:\/\/mebipha.com\/online\/wp-json\/wp\/v2\/product\/5746","targetHints":{"allow":["GET"]}}],"collection":[{"href":"https:\/\/mebipha.com\/online\/wp-json\/wp\/v2\/product"}],"about":[{"href":"https:\/\/mebipha.com\/online\/wp-json\/wp\/v2\/types\/product"}],"replies":[{"embeddable":true,"href":"https:\/\/mebipha.com\/online\/wp-json\/wp\/v2\/comments?post=5746"}],"wp:featuredmedia":[{"embeddable":true,"href":"https:\/\/mebipha.com\/online\/wp-json\/wp\/v2\/media\/10689"}],"wp:attachment":[{"href":"https:\/\/mebipha.com\/online\/wp-json\/wp\/v2\/media?parent=5746"}],"wp:term":[{"taxonomy":"product_brand","embeddable":true,"href":"https:\/\/mebipha.com\/online\/wp-json\/wp\/v2\/product_brand?post=5746"},{"taxonomy":"product_cat","embeddable":true,"href":"https:\/\/mebipha.com\/online\/wp-json\/wp\/v2\/product_cat?post=5746"},{"taxonomy":"product_tag","embeddable":true,"href":"https:\/\/mebipha.com\/online\/wp-json\/wp\/v2\/product_tag?post=5746"}],"curies":[{"name":"wp","href":"https:\/\/api.w.org\/{rel}","templated":true}]}}