{"id":5731,"date":"2019-05-07T14:43:17","date_gmt":"2019-05-07T07:43:17","guid":{"rendered":"https:\/\/mebipha.com\/?post_type=product&#038;p=5731"},"modified":"2025-12-29T13:56:03","modified_gmt":"2025-12-29T06:56:03","slug":"tylo-dox-ws","status":"publish","type":"product","link":"https:\/\/mebipha.com\/online\/tylo-dox-ws\/","title":{"rendered":"TYLODOX WS"},"content":{"rendered":"<p><strong>\u0110\u1eb6C TR\u1eca H\u00d4 H\u1ea4P M\u00c3N T\u00cdNH (CRD), KH\u00d3 TH\u1ede, TH\u1ede KH\u00d2 KH\u00c8, S\u01afNG PH\u00d9 \u0110\u1ea6U<\/strong><\/p>\n<p><strong>Thu\u1ed1c b\u1ed9t pha n\u01b0\u1edbc u\u1ed1ng<\/strong><\/p>\n<p><strong>C\u00d4NG TH\u1ee8C<\/strong><\/p>\n<p>Tylosin tartrate: 100g<\/p>\n<p>Doxycyline Hyclate: 200g<\/p>\n<p>T\u00e1 d\u01b0\u1ee3c v\u1eeba \u0111\u1ee7: 1 kg<\/p>\n<p><strong>\u0110\u1eb6C T\u00cdNH D\u01af\u1ee2C L\u00dd S\u1ea2N PH\u1ea8M<\/strong><\/p>\n<p>Tylosin thu\u1ed9c nh\u00f3m Macrolide c\u00f3 t\u00ednh k\u00ecm khu\u1ea9n th\u01b0\u1eddng \u0111\u01b0\u1ee3c k\u1ebft h\u1ee3p v\u1edbi kh\u00e1ng sinh c\u00f9ng nh\u00f3m k\u00ecm khu\u1ea9n tetracycline nh\u01b0 Doxycycline. C\u1ea3 2 lo\u1ea1i kh\u00e1ng sinh n\u00e0y c\u00f3 t\u00e1c d\u1ee5ng hi\u1ec7p l\u1ef1c \u1ee9c ch\u1ebf t\u1ed5ng h\u1ee3p protein c\u1ee7a vi khu\u1ea9n. Ph\u1ed5 kh\u00e1ng khu\u1ea9n c\u1ee7a thu\u1ed1c t\u0103ng l\u00ean nhi\u1ec1u l\u1ea7n nh\u1edd s\u1ef1 t\u01b0\u01a1ng t\u00e1c hi\u1ec7p l\u1ef1c n\u00e0y. T\u1eeb \u0111\u00f3, s\u1ea3n ph\u1ea9m <strong>TYLO-DOX WS<\/strong> t\u00e1c \u0111\u1ed9ng hi\u1ec7u qu\u1ea3 v\u1edbi c\u00e1c vi sinh v\u1eadt nh\u1ea1y c\u1ea3m v\u1edbi Tylosin v\u00e0 Doxycycline nh\u01b0: <em>Bordetella<\/em>, <em>Campylobacter<\/em>, <em>Chlamydia<\/em>, <em>E. coli<\/em>, <em>Haemophilus<\/em>, <em>Mycoplasma<\/em>, <em>Pasteurella<\/em>, <em>Rickettsia<\/em>, <em>Salmonella<\/em>, <em>Staphylococcus<\/em>, <em>Streptococcus<\/em> v\u00e0 <em>Treponema <\/em>spp.<\/p>\n<p><strong>C\u00d4NG D\u1ee4NG S\u1ea2N PH\u1ea8M<\/strong><\/p>\n<p><strong>Ph\u00f2ng v\u00e0 tr\u1ecb c\u00e1c b\u1ec7nh h\u00f4 h\u1ea5p v\u00e0 ti\u00eau h\u00f3a tr\u00ean g\u00e0, v\u1ecbt, c\u00fat:<\/strong><\/p>\n<p>H\u00f4 h\u1ea5p m\u00e3n t\u00ednh (CRD) v\u00e0 c\u00e1c bi\u1ebfn ch\u1ee9ng c\u1ee7a b\u1ec7nh CCRD nh\u01b0 kh\u00f3 th\u1edf, th\u1edf kh\u00f2 kh\u00e8, s\u01b0ng ph\u00f9 \u0111\u1ea7u.<\/p>\n<p>Vi\u00eam kh\u1edbp do <em>Mycoplasma<\/em>: kh\u00f4 ch\u00e2n, s\u01b0ng kh\u1edbp, b\u1ea1i li\u1ec7t.<\/p>\n<p>Vi\u00eam ru\u1ed9t ti\u00eau ch\u1ea3y, s\u01b0ng ph\u00f9 \u0111\u1ea7u.<\/p>\n<p><strong>CH\u1ed0NG CH\u1ec8 \u0110\u1ecaNH<\/strong><\/p>\n<p>Th\u00fa m\u1eabn c\u1ea3m v\u1edbi c\u00e1c th\u00e0nh ph\u1ea7n c\u1ee7a thu\u1ed1c.<\/p>\n<p>Th\u00fa b\u1ecb suy gi\u1ea3m ch\u1ee9c n\u0103ng gan nghi\u00eam tr\u1ecdng.<\/p>\n<p><strong>S\u1eec D\u1ee4NG<\/strong><\/p>\n<p>Li\u1ec1u t\u1ed5ng qu\u00e1t : 1g\/15-20kg th\u1ec3 tr\u1ecdng.<\/p>\n<p>Ph\u00f2ng b\u1ec7nh: D\u00f9ng li\u00ean t\u1ee5c 2-3 ng\u00e0y.<\/p>\n<p>G\u00e0, v\u1ecbt con, g\u00e0 v\u1ecbt \u0111\u1ebb, g\u00e0 gi\u1ed1ng: 1g\/4 l\u00edt n\u01b0\u1edbc u\u1ed1ng.<\/p>\n<p>G\u00e0 th\u1ecbt, v\u1ecbt th\u1ecbt: 1 g\/ 2-3 l\u00edt n\u01b0\u1edbc u\u1ed1ng.<\/p>\n<p>Tr\u1ecb b\u1ec7nh: g\u1ea5p \u0111\u00f4i li\u1ec1u ph\u00f2ng, d\u00f9ng li\u00ean t\u1ee5c 3-5 ng\u00e0y.<\/p>\n<p>Th\u1eddi gian ng\u01b0ng s\u1eed d\u1ee5ng thu\u1ed1c<\/p>\n<p>7 ng\u00e0y tr\u01b0\u1edbc khi gi\u1ebft th\u1ecbt.<\/p>\n<p><strong>B\u1ea2O QU\u1ea2N: <\/strong>N\u01a1i kh\u00f4 r\u00e1o, tho\u00e1ng m\u00e1t, nhi\u1ec7t \u0111\u1ed9 d\u01b0\u1edbi 30<sup>0<\/sup>C. Tr\u00e1nh \u00e1nh n\u1eafng tr\u1ef1c ti\u1ebfp, tr\u00e1nh xa t\u1ea7m tay tr\u1ebb em.<\/p>\n<p><strong>H\u1ea0N S\u1eec D\u1ee4NG S\u1ea2N PH\u1ea8M<\/strong><\/p>\n<p>36 th\u00e1ng k\u1ec3 t\u1eeb ng\u00e0y s\u1ea3n xu\u1ea5t.<\/p>\n<p><strong>\u0110\u00d3NG G\u00d3I<\/strong><\/p>\n<p>10g\/g\u00f3i, 50g\/g\u00f3i, 100g\/g\u00f3i, 1kg\/lon<\/p>\n","protected":false},"excerpt":{"rendered":"<p>Th\u00e0nh ph\u1ea7n:<\/p>\n<p>Tylosin tartrate : 100g<\/p>\n<p>Doxycycline HCl: 200g<br \/>\nT\u00e1 d\u01b0\u1ee3c v\u1eeba \u0111\u1ee7 : 1kg<\/p>\n<p>S\u1eed d\u1ee5ng:<\/p>\n<p>Tr\u00ean g\u00e0, v\u1ecbt, c\u00fat: li\u1ec1u t\u1ed5ng qu\u00e1t: 1g\/15-20 kg th\u1ec3 tr\u1ecdng.<br \/>\nPh\u00f2ng: d\u00f9ng 2-3 ng\u00e0y<br \/>\nG\u00e0, v\u1ecbt con, g\u00e0 v\u1ecbt \u0111\u1ebb, g\u00e0 gi\u1ed1ng: 1g\/ 4 l\u00edt n\u01b0\u1edbc u\u1ed1ng<br \/>\nG\u00e0 th\u1ecbt. v\u1ecbt th\u1ecbt: 1g\/ 2-3 l\u00edt n\u01b0\u1edbc u\u1ed1ng<br \/>\nTr\u1ecb: g\u1ea5p \u0111\u00f4i li\u1ec1u ph\u00f2ng,<br \/>\nd\u00f9ng 3-5 ng\u00e0y.<\/p>\n","protected":false},"featured_media":10312,"comment_status":"closed","ping_status":"closed","template":"","meta":[],"product_brand":[],"product_cat":[62,142],"product_tag":[],"class_list":{"0":"post-5731","1":"product","2":"type-product","3":"status-publish","4":"has-post-thumbnail","6":"product_cat-thuoc-thu-y","7":"product_cat-danh-muc-san-pham-gia-cam","9":"first","10":"instock","11":"shipping-taxable","12":"purchasable","13":"product-type-variable","14":"has-default-attributes"},"_links":{"self":[{"href":"https:\/\/mebipha.com\/online\/wp-json\/wp\/v2\/product\/5731","targetHints":{"allow":["GET"]}}],"collection":[{"href":"https:\/\/mebipha.com\/online\/wp-json\/wp\/v2\/product"}],"about":[{"href":"https:\/\/mebipha.com\/online\/wp-json\/wp\/v2\/types\/product"}],"replies":[{"embeddable":true,"href":"https:\/\/mebipha.com\/online\/wp-json\/wp\/v2\/comments?post=5731"}],"wp:featuredmedia":[{"embeddable":true,"href":"https:\/\/mebipha.com\/online\/wp-json\/wp\/v2\/media\/10312"}],"wp:attachment":[{"href":"https:\/\/mebipha.com\/online\/wp-json\/wp\/v2\/media?parent=5731"}],"wp:term":[{"taxonomy":"product_brand","embeddable":true,"href":"https:\/\/mebipha.com\/online\/wp-json\/wp\/v2\/product_brand?post=5731"},{"taxonomy":"product_cat","embeddable":true,"href":"https:\/\/mebipha.com\/online\/wp-json\/wp\/v2\/product_cat?post=5731"},{"taxonomy":"product_tag","embeddable":true,"href":"https:\/\/mebipha.com\/online\/wp-json\/wp\/v2\/product_tag?post=5731"}],"curies":[{"name":"wp","href":"https:\/\/api.w.org\/{rel}","templated":true}]}}