{"id":5718,"date":"2019-05-07T14:20:21","date_gmt":"2019-05-07T07:20:21","guid":{"rendered":"https:\/\/mebipha.com\/?post_type=product&#038;p=5718"},"modified":"2024-02-21T15:06:40","modified_gmt":"2024-02-21T08:06:40","slug":"tang-toc","status":"publish","type":"product","link":"https:\/\/mebipha.com\/online\/tang-toc\/","title":{"rendered":"T\u0102NG T\u1ed0C"},"content":{"rendered":"","protected":false},"excerpt":{"rendered":"<p>Th\u00e0nh ph\u1ea7n:<\/p>\n<p>Vitamin A(min)2.500.000 UI<br \/>\nVitamin D3(min)625.000 UI<br \/>\nVitamin E(min)\u20267.500 mg<br \/>\nVitamin B1(min)\u2026.5.000 mg<br \/>\nVitamin B2(min)\u2026.2.500 mg<br \/>\nVitamin B6(min)..3.125 mg<br \/>\nVitamin B12(min)\u2026&#8230;50 mg<br \/>\nLysine(min)\u2026\u2026.20.000 mg<br \/>\nGlucose v\u1eeba \u0111\u1ee7 : 1.000g<\/p>\n<p>S\u1eed d\u1ee5ng:<\/p>\n<p>D\u00f9ng 100 g \/ 100 l\u00edt n\u01b0\u1edbc u\u1ed1ng ho\u1eb7c 100 g \/ 50 kg th\u1ee9c \u0103n. D\u00f9ng li\u00ean t\u1ee5c.<\/p>\n","protected":false},"featured_media":10088,"comment_status":"closed","ping_status":"closed","template":"","meta":[],"product_brand":[],"product_cat":[62,142,120,125,129],"product_tag":[],"class_list":{"0":"post-5718","1":"product","2":"type-product","3":"status-publish","4":"has-post-thumbnail","6":"product_cat-thuoc-thu-y","7":"product_cat-danh-muc-san-pham-gia-cam","8":"product_cat-dinh-duong-bot","9":"product_cat-thuc-an-bo-sung","10":"product_cat-thuc-an-bo-sung-cho-gia-suc-nhai-lai","12":"first","13":"instock","14":"shipping-taxable","15":"purchasable","16":"product-type-variable","17":"has-default-attributes"},"_links":{"self":[{"href":"https:\/\/mebipha.com\/online\/wp-json\/wp\/v2\/product\/5718","targetHints":{"allow":["GET"]}}],"collection":[{"href":"https:\/\/mebipha.com\/online\/wp-json\/wp\/v2\/product"}],"about":[{"href":"https:\/\/mebipha.com\/online\/wp-json\/wp\/v2\/types\/product"}],"replies":[{"embeddable":true,"href":"https:\/\/mebipha.com\/online\/wp-json\/wp\/v2\/comments?post=5718"}],"wp:featuredmedia":[{"embeddable":true,"href":"https:\/\/mebipha.com\/online\/wp-json\/wp\/v2\/media\/10088"}],"wp:attachment":[{"href":"https:\/\/mebipha.com\/online\/wp-json\/wp\/v2\/media?parent=5718"}],"wp:term":[{"taxonomy":"product_brand","embeddable":true,"href":"https:\/\/mebipha.com\/online\/wp-json\/wp\/v2\/product_brand?post=5718"},{"taxonomy":"product_cat","embeddable":true,"href":"https:\/\/mebipha.com\/online\/wp-json\/wp\/v2\/product_cat?post=5718"},{"taxonomy":"product_tag","embeddable":true,"href":"https:\/\/mebipha.com\/online\/wp-json\/wp\/v2\/product_tag?post=5718"}],"curies":[{"name":"wp","href":"https:\/\/api.w.org\/{rel}","templated":true}]}}