{"id":5709,"date":"2019-05-07T14:12:31","date_gmt":"2019-05-07T07:12:31","guid":{"rendered":"https:\/\/mebipha.com\/?post_type=product&#038;p=5709"},"modified":"2024-10-04T09:55:10","modified_gmt":"2024-10-04T02:55:10","slug":"obiminca","status":"publish","type":"product","link":"https:\/\/mebipha.com\/online\/obiminca\/","title":{"rendered":"OBIMIN(C\u00c1)"},"content":{"rendered":"","protected":false},"excerpt":{"rendered":"<p><strong>S\u1ea2N PH\u1ea8M D\u1ea0NG B\u1ed8T<\/strong><\/p>\n<p><strong>T\u0102NG C\u01af\u1edcNG T\u1ea0O M\u00c1U<\/strong><\/p>\n<p><strong>TH\u00c0NH PH\u1ea6N<\/strong><\/p>\n<p>Vitamin A (min)&#8230;&#8230;&#8230;&#8230;&#8230;&#8230;&#8230;&#8230;&#8230;.. 2.000.000 UI<\/p>\n<p>Vitamin B<sub>2<\/sub> (min)&#8230;&#8230;&#8230;&#8230;&#8230;&#8230;&#8230;&#8230;&#8230;.2.500 mg<\/p>\n<p>Vitamin B<sub>6<\/sub> (min)&#8230;&#8230;&#8230;&#8230;&#8230;&#8230;&#8230;&#8230;&#8230;. 4.000 mg<\/p>\n<p>Vitamin B<sub>12<\/sub> (min)&#8230;&#8230;&#8230;&#8230;&#8230;&#8230;&#8230;&#8230;.. 40.000 mcg<\/p>\n<p>Acid folic* (min)&#8230;&#8230;&#8230;&#8230;&#8230;&#8230;&#8230;&#8230;&#8230;&#8230;. 100 mg<\/p>\n<p>Vitamin K<sub>3<\/sub> (min)&#8230;&#8230;&#8230;&#8230;&#8230;&#8230;&#8230;&#8230;&#8230;&#8230;. 500 mg<\/p>\n<p>Fe* (min \u2013 max)&#8230;&#8230;&#8230;&#8230;&#8230;&#8230;&#8230;&#8230;&#8230;&#8230;.. 9.000 \u2013 11.000 mg<\/p>\n<p>Selenium (min \u2013 max)&#8230;&#8230;&#8230;&#8230;&#8230;&#8230;&#8230;&#8230; 90 \u00a0\u2013 120 mg<\/p>\n<p>Kh\u00e1ng sinh, ch\u1ea5t c\u1ea5m&#8230;&#8230;&#8230;&#8230;&#8230;&#8230;&#8230;&#8230;.Kh\u00f4ng c\u00f3<\/p>\n<p>Ethoxyquin&#8230;&#8230;&#8230;&#8230;&#8230;&#8230;&#8230;&#8230;&#8230;&#8230;&#8230;&#8230;&#8230;&#8230; Kh\u00f4ng c\u00f3<\/p>\n<p>Ch\u1ea5t mang (Glucose) v\u1eeba \u0111\u1ee7&#8230;&#8230;&#8230;&#8230;.. 1kg<\/p>\n<p><strong>NGUY\u00caN LI\u1ec6U\u00a0 <\/strong>Retinyl acetate, Riboflavin, Pyridoxine HCl, Cyanocobalamin, Acid folic, Menadion sodium bisulfite, S\u1eaft chelate methionine, Selenium chelate methionine, Dextrose monohydrate.<\/p>\n<p><strong>C\u00d4NG D\u1ee4NG<\/strong><\/p>\n<p>T\u0103ng c\u01b0\u1eddng kh\u1ea3 n\u0103ng t\u1ea1o m\u00e1u. Gi\u00fap c\u00e1 mau h\u1ed3i ph\u1ee5c sau b\u1ec7nh, ph\u00e1t tri\u1ec3n nhanh, kh\u1ecfe m\u1ea1nh.<\/p>\n<p>K\u00edch th\u00edch t\u00ednh th\u00e8m \u0103n, gia t\u0103ng kh\u1ea3 n\u0103ng ti\u00eau h\u00f3a v\u00e0 h\u1ea5p thu d\u01b0\u1ee1ng ch\u1ea5t tri\u1ec7t \u0111\u1ec3.<\/p>\n<p><strong>H\u01af\u1edaNG D\u1eaaN S\u1eec D\u1ee4NG V\u00c0 LI\u1ec0U D\u00d9NG<\/strong><\/p>\n<p>H\u00f2a tan v\u00e0o n\u01b0\u1edbc tr\u1ed9n \u0111\u1ec1u v\u1edbi th\u1ee9c \u0103n, \u0111\u1ec3 kh\u00f4 t\u1ef1 nhi\u00ean trong \u0111i\u1ec1u ki\u1ec7n r\u00e2m m\u00e1t kho\u1ea3ng 15 ph\u00fat r\u1ed3i cho \u0103n.<\/p>\n<p>1g\/1kg th\u1ee9c \u0103n, d\u00f9ng li\u00ean t\u1ee5c 3 ng\u00e0y. \u0110\u1ecbnh k\u1ef3 10- 15 ng\u00e0y cho \u0103n 1 \u0111\u1ee3t.<\/p>\n<p>Sau khi \u0111i\u1ec1u tr\u1ecb b\u1ec7nh ho\u1eb7c trong l\u00fac \u0111ang \u0111i\u1ec1u tr\u1ecb: 2g\/1kg th\u1ee9c \u0103n cho \u0103n 2 l\u1ea7n\/ng\u00e0y, li\u00ean t\u1ee5c 5-7 ng\u00e0y.<\/p>\n","protected":false},"featured_media":10668,"comment_status":"closed","ping_status":"closed","template":"","meta":[],"product_brand":[],"product_cat":[71,107],"product_tag":[],"class_list":{"0":"post-5709","1":"product","2":"type-product","3":"status-publish","4":"has-post-thumbnail","6":"product_cat-thuoc-thuy-san","7":"product_cat-san-pham-cho-ca","9":"first","10":"instock","11":"shipping-taxable","12":"purchasable","13":"product-type-variable","14":"has-default-attributes"},"_links":{"self":[{"href":"https:\/\/mebipha.com\/online\/wp-json\/wp\/v2\/product\/5709","targetHints":{"allow":["GET"]}}],"collection":[{"href":"https:\/\/mebipha.com\/online\/wp-json\/wp\/v2\/product"}],"about":[{"href":"https:\/\/mebipha.com\/online\/wp-json\/wp\/v2\/types\/product"}],"replies":[{"embeddable":true,"href":"https:\/\/mebipha.com\/online\/wp-json\/wp\/v2\/comments?post=5709"}],"wp:featuredmedia":[{"embeddable":true,"href":"https:\/\/mebipha.com\/online\/wp-json\/wp\/v2\/media\/10668"}],"wp:attachment":[{"href":"https:\/\/mebipha.com\/online\/wp-json\/wp\/v2\/media?parent=5709"}],"wp:term":[{"taxonomy":"product_brand","embeddable":true,"href":"https:\/\/mebipha.com\/online\/wp-json\/wp\/v2\/product_brand?post=5709"},{"taxonomy":"product_cat","embeddable":true,"href":"https:\/\/mebipha.com\/online\/wp-json\/wp\/v2\/product_cat?post=5709"},{"taxonomy":"product_tag","embeddable":true,"href":"https:\/\/mebipha.com\/online\/wp-json\/wp\/v2\/product_tag?post=5709"}],"curies":[{"name":"wp","href":"https:\/\/api.w.org\/{rel}","templated":true}]}}