{"id":5703,"date":"2019-05-07T14:09:14","date_gmt":"2019-05-07T07:09:14","guid":{"rendered":"https:\/\/mebipha.com\/?post_type=product&#038;p=5703"},"modified":"2024-10-04T09:41:30","modified_gmt":"2024-10-04T02:41:30","slug":"mebi-sultrimca","status":"publish","type":"product","link":"https:\/\/mebipha.com\/online\/mebi-sultrimca\/","title":{"rendered":"MEBI-SULTRIM(C\u00c1)"},"content":{"rendered":"","protected":false},"excerpt":{"rendered":"<p>\u0110\u1eb6C TR\u1eca XU\u1ea4T HUY\u1ebeT \u2013 NHI\u1ec4M TR\u00d9NG \u0110\u01af\u1edcNG RU\u1ed8T<\/p>\n<p><strong>C\u00d4NG TH\u1ee8C<\/strong><\/p>\n<p>Trimethoprime\u2026.40.000mg<\/p>\n<p>Sulphamethoxazole\u2026..200.000mg<\/p>\n<p>T\u00e1 d\u01b0\u1ee3c v\u1eeba \u0111\u1ee7\u2026\u2026..1.000g<\/p>\n<p><strong>CH\u1ec8 \u0110\u1ecaNH<\/strong><\/p>\n<p>Ph\u00f2ng tr\u1ecb h\u1eefu hi\u1ec7u c\u00e1c b\u1ec7nh:<\/p>\n<p>S\u01b0ng ch\u01b0\u1edbng b\u1ee5ng, xu\u1ea5t huy\u1ebft \u1edf mang, v\u00e2y, xu\u1ea5t huy\u1ebft h\u1eadu m\u00f4n, vi\u00eam xoang b\u1ee5ng, ph\u00f9 \u0111\u1ea7u, l\u1edf lo\u00e9t tr\u00ean c\u00e1<\/p>\n<p><strong>LI\u1ec0U L\u01af\u1ee2NG <\/strong><\/p>\n<p>Ph\u00f2ng b\u1ec7nh: 1kg\/25 &#8211; 30 t\u1ea5n c\u00e1, d\u00f9ng li\u00ean t\u1ee5c trong 2 ng\u00e0y. \u0110\u1ecbnh k\u1ef3 1 th\u00e1ng cho \u0103n 1 \u0111\u1ee3t.<\/p>\n<p>Tr\u1ecb b\u1ec7nh: 1kg\/ 15 t\u1ea5n c\u00e1, ng\u00e0y 1 l\u1ea7n, li\u00ean t\u1ee5c 5-7 ng\u00e0y.<\/p>\n<p>Sau khi \u0111i\u1ec1u tr\u1ecb c\u00e1 h\u1ebft b\u1ec7nh, b\u1ed5 sung s\u1ea3n ph\u1ea9m gi\u1ea3i \u0111\u1ed9c gan th\u1eadn Hepasol B12 k\u1ebft h\u1ee3p c\u1ea5y l\u1ea1i men vi sinh \u0111\u01b0\u1eddng ru\u1ed9t Mebilactyl SP.<\/p>\n<p><strong>H\u01af\u1edaNG D\u1eaaN S\u1eec D\u1ee4NG<\/strong>: H\u00f2a tan v\u00e0o n\u01b0\u1edbc, tr\u1ed9n \u0111\u1ec1u v\u1edbi th\u1ee9c \u0103n, \u0111\u1ec3 r\u00e1o 20-30 ph\u00fat, sau \u0111\u00f3 cho c\u00e1 \u0103n.<\/p>\n<p><strong>TH\u1edcI GIAN NG\u01afNG S\u1eec D\u1ee4NG<\/strong><\/p>\n<p>30 ng\u00e0y tr\u01b0\u1edbc khi thu ho\u1ea1ch.<\/p>\n","protected":false},"featured_media":10661,"comment_status":"closed","ping_status":"closed","template":"","meta":[],"product_brand":[],"product_cat":[71,107],"product_tag":[],"class_list":{"0":"post-5703","1":"product","2":"type-product","3":"status-publish","4":"has-post-thumbnail","6":"product_cat-thuoc-thuy-san","7":"product_cat-san-pham-cho-ca","9":"first","10":"instock","11":"shipping-taxable","12":"purchasable","13":"product-type-variable","14":"has-default-attributes"},"_links":{"self":[{"href":"https:\/\/mebipha.com\/online\/wp-json\/wp\/v2\/product\/5703","targetHints":{"allow":["GET"]}}],"collection":[{"href":"https:\/\/mebipha.com\/online\/wp-json\/wp\/v2\/product"}],"about":[{"href":"https:\/\/mebipha.com\/online\/wp-json\/wp\/v2\/types\/product"}],"replies":[{"embeddable":true,"href":"https:\/\/mebipha.com\/online\/wp-json\/wp\/v2\/comments?post=5703"}],"wp:featuredmedia":[{"embeddable":true,"href":"https:\/\/mebipha.com\/online\/wp-json\/wp\/v2\/media\/10661"}],"wp:attachment":[{"href":"https:\/\/mebipha.com\/online\/wp-json\/wp\/v2\/media?parent=5703"}],"wp:term":[{"taxonomy":"product_brand","embeddable":true,"href":"https:\/\/mebipha.com\/online\/wp-json\/wp\/v2\/product_brand?post=5703"},{"taxonomy":"product_cat","embeddable":true,"href":"https:\/\/mebipha.com\/online\/wp-json\/wp\/v2\/product_cat?post=5703"},{"taxonomy":"product_tag","embeddable":true,"href":"https:\/\/mebipha.com\/online\/wp-json\/wp\/v2\/product_tag?post=5703"}],"curies":[{"name":"wp","href":"https:\/\/api.w.org\/{rel}","templated":true}]}}