{"id":5696,"date":"2019-05-07T14:03:29","date_gmt":"2019-05-07T07:03:29","guid":{"rendered":"https:\/\/mebipha.com\/?post_type=product&#038;p=5696"},"modified":"2024-04-17T15:57:44","modified_gmt":"2024-04-17T08:57:44","slug":"mebisol-b12","status":"publish","type":"product","link":"https:\/\/mebipha.com\/online\/mebisol-b12\/","title":{"rendered":"MEBISOL-B12"},"content":{"rendered":"<p><strong>\u0110I\u1ec0U H\u00d2A CH\u1ee8C N\u0102NG GAN, TH\u1eacN \u2013 T\u0102NG N\u0102NG SU\u1ea4T<\/strong><\/p>\n<p><strong>B\u1ed9t h\u00f2a tan ho\u1eb7c tr\u1ed9n th\u1ee9c \u0103n<\/strong><\/p>\n<p><strong>MEBIOSOL B12<\/strong> l\u00e0 ch\u1ebf ph\u1ea9m \u0111\u01b0\u1ee3c t\u1ea1o n\u00ean t\u1eeb c\u00e1c th\u00e0nh ph\u1ea7n c\u00f3 hi\u1ec7u qu\u1ea3 cao trong vi\u1ec7c b\u1ea3o v\u1ec7 v\u00e0 h\u1ed7 tr\u1ee3 ch\u1ee9c n\u0103ng gan, th\u1eadn; gi\u00fap v\u1eadt nu\u00f4i kh\u1ecfe m\u1ea1nh v\u00e0 cho n\u0103ng su\u1ea5t cao.<\/p>\n<p><strong>Sorbitol<\/strong>: k\u00edch th\u00edch s\u1ef1 b\u00e0i ti\u1ebft c\u1ee7a axit m\u1eadt, khi k\u1ebft h\u1ee3p v\u00e0o n\u01b0\u1edbc u\u1ed1ng c\u00f3 t\u00e1c d\u1ee5ng h\u1ed7 tr\u1ee3 ti\u00eau ho\u00e1 th\u1ee9c \u0103n v\u00e0 h\u1ed7 tr\u1ee3 ch\u1ee9c n\u0103ng gan.<\/p>\n<p><strong>Methionine<\/strong>: l\u00e0 m\u1ed9t axit amin thi\u1ebft y\u1ebfu, h\u1ed7 tr\u1ee3 vi\u1ec7c s\u1eeda ch\u1eefa gan, gi\u00fap gan x\u1eed l\u00fd ch\u1ea5t b\u00e9o, l\u00e0m gi\u1ea3m cholesterol huy\u1ebft t\u01b0\u01a1ng b\u1eb1ng c\u00e1ch t\u0103ng s\u1ea3n xu\u1ea5t lecithin \u1edf gan v\u00e0 gi\u1ea3m m\u1ee1 gan. Methionine c\u0169ng b\u1ea3o v\u1ec7 th\u1eadn, l\u00e0 m\u1ed9t ch\u1ea5t t\u1ea1o chelat t\u1ef1 nhi\u00ean cho c\u00e1c kim lo\u1ea1i n\u1eb7ng, \u0111i\u1ec1u ch\u1ec9nh s\u1ef1 h\u00ecnh th\u00e0nh amoniac, gi\u00fap ki\u1ec3m so\u00e1t m\u00f9i n\u01b0\u1edbc ti\u1ec3u c\u1ee7a v\u1eadt nu\u00f4i.<\/p>\n<p><strong>Vitamin B12<\/strong>: l\u00e0 m\u1ed9t trong nh\u1eefng lo\u1ea1i vitamin c\u1ea7n thi\u1ebft cho s\u1ef1 ph\u00e1t tri\u1ec3n kh\u1ecfe m\u1ea1nh, tham gia v\u00e0o qu\u00e1 tr\u00ecnh s\u1ea3n xu\u1ea5t h\u1ed3ng c\u1ea7u v\u00e0 t\u0103ng t\u00ednh ngon mi\u1ec7ng cho v\u1eadt nu\u00f4i.<\/p>\n<p><strong>Inositol<\/strong><strong>:<\/strong> gi\u00fap lo\u1ea1i b\u1ecf ch\u1ea5t b\u00e9o kh\u1ecfi gan v\u00e0 th\u01b0\u1eddng \u0111\u01b0\u1ee3c s\u1eed d\u1ee5ng cho v\u1eadt nu\u00f4i b\u1ecb b\u1ec7nh gan nhi\u1ec5m m\u1ee1.<\/p>\n<p><strong>Selen<\/strong>: l\u00e0 m\u1ed9t kho\u00e1ng ch\u1ea5t t\u1ef1 nhi\u00ean m\u00e0 v\u1eadt nu\u00f4i c\u1ea7n trong ch\u1ebf \u0111\u1ed9 \u0103n u\u1ed1ng c\u1ee7a ch\u00fang \u0111\u1ec3 gi\u1eef cho ch\u00fang kh\u1ecfe m\u1ea1nh v\u00e0 t\u0103ng c\u01b0\u1eddng h\u1ec7 mi\u1ec5n d\u1ecbch.<\/p>\n<p><strong>TH\u00c0NH PH\u1ea6N<\/strong><\/p>\n<p>Sorbitol* (min): 100g<\/p>\n<p>Methionine* (min): 20g<\/p>\n<p>Vitamin B12 (Cyanocobalamin)* (min): 20mg<\/p>\n<p>Inositol* (min): 25g<\/p>\n<p>Selenium (min-max): 150-220mg<\/p>\n<p>Glucose v\u1eeba \u0111\u1ee7: 1kg<\/p>\n<p><strong>L\u1ee2I \u00cdCH <\/strong><strong>C\u1ee6A VI\u1ec6C B\u1ed4 SUNG S\u1ea2N PH\u1ea8M<\/strong><\/p>\n<p>T\u0103ng ch\u1ee9c n\u0103ng gi\u1ea3i \u0111\u1ed9c gan, ph\u1ee5c h\u1ed3i ch\u1ee9c n\u0103ng gan.<\/p>\n<p>\u0110i\u1ec1u h\u00f2a ch\u1ee9c n\u0103ng gan, ch\u1ee9c n\u0103ng ti\u1ebft m\u1eadt.<\/p>\n<p>T\u0103ng c\u01b0\u1eddng b\u00e0i ti\u1ebft c\u1ee7a th\u1eadn.<\/p>\n<p>Gi\u1ea3m stress, n\u00e2ng cao s\u1ee9c \u0111\u1ec1 kh\u00e1ng.<\/p>\n<p>K\u00edch th\u00edch s\u1ef1 them \u0103n, t\u0103ng kh\u1ea3 n\u0103ng h\u1ea5p thu, gi\u00fap t\u0103ng tr\u01b0\u1edfng nhanh.<\/p>\n<p>N\u00e2ng cao n\u0103ng su\u1ea5t v\u1eadt nu\u00f4i.<\/p>\n<p><strong>H\u01af\u1edaNG D\u1eaaN S\u1eec D\u1ee4NG<\/strong><\/p>\n<p><strong>Gia c\u1ea7m v\u00e0 heo:<\/strong>\u00a0 1g\/2 l\u00edt n\u01b0\u1edbc u\u1ed1ng\u00a0 ho\u1eb7c 1kg\/500kg th\u1ee9c \u0103n, d\u00f9ng li\u00ean t\u1ee5c 3-5 ng\u00e0y.<\/p>\n<p>Trong th\u1eddi gian \u0111i\u1ec1u tr\u1ecb b\u1ec7nh: 1g\/1 l\u00edt n\u01b0\u1edbc u\u1ed1ng\u00a0 ho\u1eb7c 1kg\/250kg th\u1ee9c \u0103n, d\u00f9ng li\u00ean t\u1ee5c 5-7 ng\u00e0y.<\/p>\n<p><strong>B\u1ea2O QU\u1ea2N<\/strong><\/p>\n<p>N\u01a1i kh\u00f4 r\u00e1o, tho\u00e1ng m\u00e1t, nhi\u1ec7t \u0111\u1ed9 d\u01b0\u1edbi 30<sup>0<\/sup>C, tr\u00e1nh \u00e1nh n\u1eafng tr\u1ef1c ti\u1ebfp. Tr\u00e1nh xa t\u1ea7m tay tr\u1ebb em.<\/p>\n<p><strong>H\u1ea0N D\u00d9NG<\/strong><\/p>\n<p>24 th\u00e1ng k\u1ec3 t\u1eeb ng\u00e0y s\u1ea3n xu\u1ea5t.<\/p>\n<p><strong>\u0110\u00d3NG G\u00d3I<\/strong><\/p>\n<p>50g, 100g, 500g\/g\u00f3i, 1kg\/g\u00f3i, 10kg\/bao<\/p>\n<p><strong>S\u1ed1 <\/strong><strong>\u0111\u0103ng k\u00fd<\/strong><strong>: TCCS <\/strong><strong>014<\/strong><strong>:20<\/strong><strong>13<\/strong><strong>\/MBP <\/strong><\/p>\n","protected":false},"excerpt":{"rendered":"<p><strong>\u0110I\u1ec0U H\u00d2A CH\u1ee8C N\u0102NG GAN, TH\u1eacN \u2013 T\u0102NG N\u0102NG SU\u1ea4T<\/strong><\/p>\n<p><strong>B\u1ed9t h\u00f2a tan ho\u1eb7c tr\u1ed9n th\u1ee9c \u0103n<\/strong><\/p>\n<p><strong>TH\u00c0NH PH\u1ea6N<\/strong><\/p>\n<p>Sorbitol* (min): 100g<\/p>\n<p>Methionine* (min): 20g<\/p>\n<p>Vitamin B12 (Cyanocobalamin)* (min): 20mg<\/p>\n<p>Inositol* (min): 25g<\/p>\n<p>Selenium (min-max): 150-220mg<\/p>\n<p>Glucose v\u1eeba \u0111\u1ee7: 1kg<\/p>\n<p><strong>L\u1ee2I \u00cdCH <\/strong><strong>C\u1ee6A VI\u1ec6C B\u1ed4 SUNG S\u1ea2N PH\u1ea8M<\/strong><\/p>\n<p>T\u0103ng ch\u1ee9c n\u0103ng gi\u1ea3i \u0111\u1ed9c gan, ph\u1ee5c h\u1ed3i ch\u1ee9c n\u0103ng gan.<\/p>\n<p>\u0110i\u1ec1u h\u00f2a ch\u1ee9c n\u0103ng gan, ch\u1ee9c n\u0103ng ti\u1ebft m\u1eadt.<\/p>\n<p>T\u0103ng c\u01b0\u1eddng b\u00e0i ti\u1ebft c\u1ee7a th\u1eadn.<\/p>\n<p>Gi\u1ea3m stress, n\u00e2ng cao s\u1ee9c \u0111\u1ec1 kh\u00e1ng.<\/p>\n<p>K\u00edch th\u00edch s\u1ef1 them \u0103n, t\u0103ng kh\u1ea3 n\u0103ng h\u1ea5p thu, gi\u00fap t\u0103ng tr\u01b0\u1edfng nhanh.<\/p>\n<p>N\u00e2ng cao n\u0103ng su\u1ea5t v\u1eadt nu\u00f4i.<\/p>\n<p><strong>H\u01af\u1edaNG D\u1eaaN S\u1eec D\u1ee4NG<\/strong><\/p>\n<p><strong>Gia c\u1ea7m v\u00e0 heo:<\/strong>\u00a0 1g\/2 l\u00edt n\u01b0\u1edbc u\u1ed1ng\u00a0 ho\u1eb7c 1kg\/500kg th\u1ee9c \u0103n, d\u00f9ng li\u00ean t\u1ee5c 3-5 ng\u00e0y.<\/p>\n<p>Trong th\u1eddi gian \u0111i\u1ec1u tr\u1ecb b\u1ec7nh: 1g\/1 l\u00edt n\u01b0\u1edbc u\u1ed1ng\u00a0 ho\u1eb7c 1kg\/250kg th\u1ee9c \u0103n, d\u00f9ng li\u00ean t\u1ee5c 5-7 ng\u00e0y.<\/p>\n<p><strong>B\u1ea2O QU\u1ea2N<\/strong><\/p>\n<p>N\u01a1i kh\u00f4 r\u00e1o, tho\u00e1ng m\u00e1t, nhi\u1ec7t \u0111\u1ed9 d\u01b0\u1edbi 30<sup>0<\/sup>C, tr\u00e1nh \u00e1nh n\u1eafng tr\u1ef1c ti\u1ebfp. Tr\u00e1nh xa t\u1ea7m tay tr\u1ebb em.<\/p>\n<p><strong>H\u1ea0N D\u00d9NG<\/strong><\/p>\n<p>24 th\u00e1ng k\u1ec3 t\u1eeb ng\u00e0y s\u1ea3n xu\u1ea5t.<\/p>\n<p><strong>\u0110\u00d3NG G\u00d3I<\/strong><\/p>\n<p>50g, 100g, 500g\/g\u00f3i, 1kg\/g\u00f3i, 10kg\/bao<\/p>\n<p><strong>S\u1ed1 <\/strong><strong>\u0111\u0103ng k\u00fd<\/strong><strong>: TCCS <\/strong><strong>014<\/strong><strong>:20<\/strong><strong>13<\/strong><strong>\/MBP <\/strong><\/p>\n","protected":false},"featured_media":10282,"comment_status":"closed","ping_status":"closed","template":"","meta":[],"product_brand":[],"product_cat":[62,142],"product_tag":[],"class_list":{"0":"post-5696","1":"product","2":"type-product","3":"status-publish","4":"has-post-thumbnail","6":"product_cat-thuoc-thu-y","7":"product_cat-danh-muc-san-pham-gia-cam","9":"first","10":"instock","11":"shipping-taxable","12":"purchasable","13":"product-type-variable"},"_links":{"self":[{"href":"https:\/\/mebipha.com\/online\/wp-json\/wp\/v2\/product\/5696","targetHints":{"allow":["GET"]}}],"collection":[{"href":"https:\/\/mebipha.com\/online\/wp-json\/wp\/v2\/product"}],"about":[{"href":"https:\/\/mebipha.com\/online\/wp-json\/wp\/v2\/types\/product"}],"replies":[{"embeddable":true,"href":"https:\/\/mebipha.com\/online\/wp-json\/wp\/v2\/comments?post=5696"}],"wp:featuredmedia":[{"embeddable":true,"href":"https:\/\/mebipha.com\/online\/wp-json\/wp\/v2\/media\/10282"}],"wp:attachment":[{"href":"https:\/\/mebipha.com\/online\/wp-json\/wp\/v2\/media?parent=5696"}],"wp:term":[{"taxonomy":"product_brand","embeddable":true,"href":"https:\/\/mebipha.com\/online\/wp-json\/wp\/v2\/product_brand?post=5696"},{"taxonomy":"product_cat","embeddable":true,"href":"https:\/\/mebipha.com\/online\/wp-json\/wp\/v2\/product_cat?post=5696"},{"taxonomy":"product_tag","embeddable":true,"href":"https:\/\/mebipha.com\/online\/wp-json\/wp\/v2\/product_tag?post=5696"}],"curies":[{"name":"wp","href":"https:\/\/api.w.org\/{rel}","templated":true}]}}