{"id":5670,"date":"2019-05-07T13:43:02","date_gmt":"2019-05-07T06:43:02","guid":{"rendered":"https:\/\/mebipha.com\/?post_type=product&#038;p=5670"},"modified":"2024-10-04T09:50:34","modified_gmt":"2024-10-04T02:50:34","slug":"mebimilk-fish","status":"publish","type":"product","link":"https:\/\/mebipha.com\/online\/mebimilk-fish\/","title":{"rendered":"MEBIMILK FISH"},"content":{"rendered":"","protected":false},"excerpt":{"rendered":"<p><strong>S\u1ea2N PH\u1ea8M D\u1ea0NG B\u1ed8T <\/strong><strong>B\u1ed4 SUNG PROTEIN V\u00c0 CH\u1ea4T B\u00c9O<\/strong><\/p>\n<p><strong>TH\u00c0NH PH\u1ea6N<\/strong><\/p>\n<p>Protein th\u00f4* (min)&#8230;&#8230;&#8230;&#8230;&#8230;&#8230;&#8230;&#8230;..24 %<\/p>\n<p>B\u00e9o t\u1ed5ng s\u1ed1 (min)&#8230;&#8230;&#8230;&#8230;&#8230;&#8230;&#8230;&#8230;.5 %<\/p>\n<p>Kh\u00e1ng sinh, ch\u1ea5t c\u1ea5m&#8230;&#8230;&#8230;&#8230;&#8230;&#8230;.Kh\u00f4ng c\u00f3<\/p>\n<p>Ethoxyquin&#8230;&#8230;&#8230;&#8230;&#8230;&#8230;&#8230;&#8230;&#8230;&#8230;&#8230;..Kh\u00f4ng c\u00f3<\/p>\n<p>Ch\u1ea5t mang (Glucose) v\u1eeba \u0111\u1ee7&#8230;&#8230;1 kg<\/p>\n<p><strong>NGUY\u00caN LI\u1ec6U\u00a0 <\/strong>Protein (t\u1eeb b\u1ed9t s\u1eefa), Ch\u1ea5t b\u00e9o t\u1ed5ng s\u1ed1 (t\u1eeb b\u1ed9t s\u1eefa), Dextrose monohydrate.<\/p>\n<p><strong>C\u00d4NG D\u1ee4NG<\/strong><\/p>\n<p>B\u1ed5 sung \u0111\u1ea1m v\u00e0 ch\u1ea5t b\u00e9o c\u1ea7n thi\u1ebft v\u00e0o th\u1ee9c \u0103n cho c\u00e1, gi\u00fap ph\u00e1t tri\u1ec3n kh\u1ecfe m\u1ea1nh.<\/p>\n<p><strong>H\u01af\u1edaNG D\u1eaaN S\u1eec D\u1ee4NG V\u00c0 LI\u1ec0U D\u00d9NG<\/strong><\/p>\n<p>H\u00f2a tan v\u00e0o n\u01b0\u1edbc tr\u1ed9n \u0111\u1ec1u v\u1edbi th\u1ee9c \u0103n, \u0111\u1ec3 kh\u00f4 t\u1ef1 nhi\u00ean trong \u0111i\u1ec1u ki\u1ec7n r\u00e2m m\u00e1t kho\u1ea3ng 15 ph\u00fat r\u1ed3i cho \u0103n.<\/p>\n<p>\u0110\u1ed1i v\u1edbi c\u00e1 b\u1ed9t x\u1eed l\u00fd g\u00e2y m\u00e0u t\u1ea1o tr\u1ee9ng n\u01b0\u1edbc li\u1ec1u d\u00f9ng 1kg\/1000m<sup>3 <\/sup>n\u01b0\u1edbc.<\/p>\n<p>5g\/1kg th\u1ee9c \u0103n cho c\u00e1 \u0103n t\u1ea5t c\u1ea3 c\u00e1c c\u1eed trong ng\u00e0y, d\u00f9ng li\u00ean t\u1ee5c trong th\u1eddi gian nu\u00f4i.<\/p>\n","protected":false},"featured_media":10665,"comment_status":"closed","ping_status":"closed","template":"","meta":[],"product_brand":[],"product_cat":[71,107],"product_tag":[],"class_list":{"0":"post-5670","1":"product","2":"type-product","3":"status-publish","4":"has-post-thumbnail","6":"product_cat-thuoc-thuy-san","7":"product_cat-san-pham-cho-ca","9":"first","10":"instock","11":"shipping-taxable","12":"purchasable","13":"product-type-variable","14":"has-default-attributes"},"_links":{"self":[{"href":"https:\/\/mebipha.com\/online\/wp-json\/wp\/v2\/product\/5670","targetHints":{"allow":["GET"]}}],"collection":[{"href":"https:\/\/mebipha.com\/online\/wp-json\/wp\/v2\/product"}],"about":[{"href":"https:\/\/mebipha.com\/online\/wp-json\/wp\/v2\/types\/product"}],"replies":[{"embeddable":true,"href":"https:\/\/mebipha.com\/online\/wp-json\/wp\/v2\/comments?post=5670"}],"wp:featuredmedia":[{"embeddable":true,"href":"https:\/\/mebipha.com\/online\/wp-json\/wp\/v2\/media\/10665"}],"wp:attachment":[{"href":"https:\/\/mebipha.com\/online\/wp-json\/wp\/v2\/media?parent=5670"}],"wp:term":[{"taxonomy":"product_brand","embeddable":true,"href":"https:\/\/mebipha.com\/online\/wp-json\/wp\/v2\/product_brand?post=5670"},{"taxonomy":"product_cat","embeddable":true,"href":"https:\/\/mebipha.com\/online\/wp-json\/wp\/v2\/product_cat?post=5670"},{"taxonomy":"product_tag","embeddable":true,"href":"https:\/\/mebipha.com\/online\/wp-json\/wp\/v2\/product_tag?post=5670"}],"curies":[{"name":"wp","href":"https:\/\/api.w.org\/{rel}","templated":true}]}}