{"id":5665,"date":"2019-05-07T13:37:39","date_gmt":"2019-05-07T06:37:39","guid":{"rendered":"https:\/\/mebipha.com\/?post_type=product&#038;p=5665"},"modified":"2024-10-04T09:48:00","modified_gmt":"2024-10-04T02:48:00","slug":"mebilactyl-spca","status":"publish","type":"product","link":"https:\/\/mebipha.com\/online\/mebilactyl-spca\/","title":{"rendered":"MEBILACTYL SP(C\u00c1)"},"content":{"rendered":"","protected":false},"excerpt":{"rendered":"<p><strong>S\u1ea2N PH\u1ea8M D\u1ea0NG B\u1ed8T <\/strong><strong>MEN TI\u00caU H\u00d3A \u0110\u01af\u1edcNG RU\u1ed8T<\/strong><\/p>\n<p><strong>TH\u00c0NH PH\u1ea6N<\/strong><\/p>\n<p><em>Bacillus subtilis<\/em> *(min)&#8230;&#8230;&#8230;&#8230;&#8230;&#8230;&#8230;&#8230; 1 x 10<sup>9 <\/sup>CFU<\/p>\n<p><em>Saccharomyces cerevisiae<\/em> (min)&#8230;&#8230;..1 x 10<sup>11\u00a0 <\/sup>CFU<\/p>\n<p>Kh\u00e1ng sinh, ch\u1ea5t c\u1ea5m&#8230;&#8230;&#8230;&#8230;&#8230;&#8230;&#8230;&#8230; Kh\u00f4ng c\u00f3<\/p>\n<p>Ethoxyquin&#8230;&#8230;&#8230;&#8230;&#8230;&#8230;&#8230;&#8230;&#8230;&#8230;&#8230;&#8230;&#8230;.. Kh\u00f4ng c\u00f3<\/p>\n<p>Ch\u1ea5t mang (Glucose) v\u1eeba \u0111\u1ee7&#8230;&#8230;&#8230;&#8230;.. 1 kg<\/p>\n<p><strong>NGUY\u00caN LI\u1ec6U\u00a0 <\/strong><em>Bacillus subtilis<\/em>, N\u1ea5m men, Dextrose monohydrate.<\/p>\n<p><strong>C\u00d4NG D\u1ee4NG<\/strong><\/p>\n<p>B\u1ed5 sung c\u00e1c vi khu\u1ea9n c\u00f3 l\u1ee3i v\u00e0o th\u1ee9c \u0103n, gi\u00fap cho c\u00e1 h\u1ea5p thu tri\u1ec7t \u0111\u1ec3 th\u1ee9c \u0103n.<\/p>\n<p>Giu\u0301p gia\u0309m h\u00ea\u0323 s\u00f4\u0301 ti\u00eau t\u00f4\u0301n th\u01b0\u0301c \u0103n FCR.<\/p>\n<p><strong>H\u01af\u1edaNG D\u1eaaN S\u1eec D\u1ee4NG V\u00c0 LI\u1ec0U D\u00d9NG<\/strong><\/p>\n<p>H\u00f2a tan v\u00e0o n\u01b0\u1edbc tr\u1ed9n \u0111\u1ec1u v\u1edbi th\u1ee9c \u0103n, \u0111\u1ec3 kh\u00f4 t\u1ef1 nhi\u00ean trong \u0111i\u1ec1u ki\u1ec7n r\u00e2m m\u00e1t kho\u1ea3ng 15 ph\u00fat r\u1ed3i cho \u0103n.<\/p>\n<p>D\u00f9ng 2g\/1kg th\u1ee9c \u0103n, d\u00f9ng li\u00ean t\u1ee5c trong th\u1eddi gian nu\u00f4i.<\/p>\n<p>Ch\u00fa \u00fd: Kh\u00f4ng d\u00f9ng MEBILACTYL SP chung v\u1edbi kh\u00e1ng sinh.<\/p>\n","protected":false},"featured_media":10663,"comment_status":"closed","ping_status":"closed","template":"","meta":[],"product_brand":[],"product_cat":[71,107],"product_tag":[],"class_list":{"0":"post-5665","1":"product","2":"type-product","3":"status-publish","4":"has-post-thumbnail","6":"product_cat-thuoc-thuy-san","7":"product_cat-san-pham-cho-ca","9":"first","10":"instock","11":"shipping-taxable","12":"purchasable","13":"product-type-variable","14":"has-default-attributes"},"_links":{"self":[{"href":"https:\/\/mebipha.com\/online\/wp-json\/wp\/v2\/product\/5665","targetHints":{"allow":["GET"]}}],"collection":[{"href":"https:\/\/mebipha.com\/online\/wp-json\/wp\/v2\/product"}],"about":[{"href":"https:\/\/mebipha.com\/online\/wp-json\/wp\/v2\/types\/product"}],"replies":[{"embeddable":true,"href":"https:\/\/mebipha.com\/online\/wp-json\/wp\/v2\/comments?post=5665"}],"wp:featuredmedia":[{"embeddable":true,"href":"https:\/\/mebipha.com\/online\/wp-json\/wp\/v2\/media\/10663"}],"wp:attachment":[{"href":"https:\/\/mebipha.com\/online\/wp-json\/wp\/v2\/media?parent=5665"}],"wp:term":[{"taxonomy":"product_brand","embeddable":true,"href":"https:\/\/mebipha.com\/online\/wp-json\/wp\/v2\/product_brand?post=5665"},{"taxonomy":"product_cat","embeddable":true,"href":"https:\/\/mebipha.com\/online\/wp-json\/wp\/v2\/product_cat?post=5665"},{"taxonomy":"product_tag","embeddable":true,"href":"https:\/\/mebipha.com\/online\/wp-json\/wp\/v2\/product_tag?post=5665"}],"curies":[{"name":"wp","href":"https:\/\/api.w.org\/{rel}","templated":true}]}}