{"id":5643,"date":"2019-05-07T13:19:23","date_gmt":"2019-05-07T06:19:23","guid":{"rendered":"https:\/\/mebipha.com\/?post_type=product&#038;p=5643"},"modified":"2024-10-04T09:37:14","modified_gmt":"2024-10-04T02:37:14","slug":"mebi-flor-20ca","status":"publish","type":"product","link":"https:\/\/mebipha.com\/online\/mebi-flor-20ca\/","title":{"rendered":"MEBI-FLOR 20%(C\u00c1)"},"content":{"rendered":"","protected":false},"excerpt":{"rendered":"<p>\u0110\u1eb6C TR\u1eca B\u1ec6NH GAN TH\u1eacN M\u1ee6 &#8211; XU\u1ea4T HUY\u1ebeT, PH\u00d9 \u0110\u1ea6U \u1ede C\u00c1<\/p>\n<p><strong>C\u00d4NG TH\u1ee8C<\/strong><\/p>\n<p>Florfenicol\u2026\u2026\u2026&#8230; 200g<\/p>\n<p>Dung m\u00f4i v\u1eeba \u0111\u1ee7\u2026\u2026\u2026\u2026&#8230; 1 l\u00edt<\/p>\n<p><strong>CH\u1ec8 \u0110\u1ecaNH<\/strong><\/p>\n<p>\u0110\u1eb7c tri\u0323 ca\u0301c b\u00ea\u0323nh gan th\u1eadn m\u1ee7 do nhi\u00ea\u0300u nho\u0301m vi khu\u00e2\u0309n g\u00e2y ra nh\u01b0: <em>Edwardsiella ictaluri, Aeromonas, Pseudomonas, Vibrio, Enterobacteria\u2026.<\/em><\/p>\n<p>MEBI-FLOR 20% \u0111i\u00ea\u0300u tri\u0323 ca\u0301c b\u00ea\u0323nh xu\u00e2\u0301t huy\u00ea\u0301t, l\u00f4\u0300i m\u0103\u0301t, l\u01a1\u0309 loe\u0301t, \u0111\u00f4\u0301m \u0111o\u0309, tu\u00f4\u0323t nh\u01a1\u0301t tr\u00ean ca\u0301c loa\u0323i ca\u0301 nh\u01b0 ca\u0301 tra, ca\u0301 lo\u0301c, ca\u0301 \u0111i\u00eau h\u00f4\u0300ng, ca\u0301 r\u00f4 \u0111\u00f4\u0300ng, \u00ea\u0301ch\u2026<\/p>\n<p><strong>LI\u1ec0U L\u01af\u1ee2NG &amp; H\u01af\u1edaNG D\u1eaaN S\u1eec D\u1ee4NG<\/strong><\/p>\n<p>Ph\u00f2ng b\u1ec7nh: 1 l\u00edt MEBI \u2013 FLOR 20%\/ 30 t\u1ea5n c\u00e1, d\u00f9ng li\u00ean t\u1ee5c trong 2 ng\u00e0y. \u0110\u1ecbnh k\u1ef3 1 th\u00e1ng cho \u0103n 1 \u0111\u1ee3t.<\/p>\n<p>Tr\u1ecb b\u1ec7nh: 1 l\u00edt MEBI \u2013 FLOR 20%\/ 15-20 t\u1ea5n c\u00e1, d\u00f9ng ng\u00e0y 1 l\u1ea7n, li\u00ean t\u1ee5c trong 5 \u2013 7 ng\u00e0y.<\/p>\n<p>Sau khi \u0111i\u1ec1u tr\u1ecb c\u00e1 h\u1ebft b\u1ec7nh, b\u1ed5 sung s\u1ea3n ph\u1ea9m gi\u1ea3i \u0111\u1ed9c gan th\u1eadn Hepasol B12 k\u1ebft h\u1ee3p c\u1ea5y l\u1ea1i men vi sinh \u0111\u01b0\u1eddng ru\u1ed9t Mebilactyl SP.<\/p>\n<p><strong>TH\u1edcI GIAN NG\u01afNG S\u1eec D\u1ee4NG THU\u1ed0C<\/strong>:<\/p>\n<p>30 ng\u00e0y tr\u01b0\u1edbc khi thu ho\u1ea1ch.<\/p>\n","protected":false},"featured_media":10658,"comment_status":"closed","ping_status":"closed","template":"","meta":[],"product_brand":[],"product_cat":[71,107],"product_tag":[],"class_list":{"0":"post-5643","1":"product","2":"type-product","3":"status-publish","4":"has-post-thumbnail","6":"product_cat-thuoc-thuy-san","7":"product_cat-san-pham-cho-ca","9":"first","10":"instock","11":"shipping-taxable","12":"purchasable","13":"product-type-variable"},"_links":{"self":[{"href":"https:\/\/mebipha.com\/online\/wp-json\/wp\/v2\/product\/5643","targetHints":{"allow":["GET"]}}],"collection":[{"href":"https:\/\/mebipha.com\/online\/wp-json\/wp\/v2\/product"}],"about":[{"href":"https:\/\/mebipha.com\/online\/wp-json\/wp\/v2\/types\/product"}],"replies":[{"embeddable":true,"href":"https:\/\/mebipha.com\/online\/wp-json\/wp\/v2\/comments?post=5643"}],"wp:featuredmedia":[{"embeddable":true,"href":"https:\/\/mebipha.com\/online\/wp-json\/wp\/v2\/media\/10658"}],"wp:attachment":[{"href":"https:\/\/mebipha.com\/online\/wp-json\/wp\/v2\/media?parent=5643"}],"wp:term":[{"taxonomy":"product_brand","embeddable":true,"href":"https:\/\/mebipha.com\/online\/wp-json\/wp\/v2\/product_brand?post=5643"},{"taxonomy":"product_cat","embeddable":true,"href":"https:\/\/mebipha.com\/online\/wp-json\/wp\/v2\/product_cat?post=5643"},{"taxonomy":"product_tag","embeddable":true,"href":"https:\/\/mebipha.com\/online\/wp-json\/wp\/v2\/product_tag?post=5643"}],"curies":[{"name":"wp","href":"https:\/\/api.w.org\/{rel}","templated":true}]}}