{"id":5637,"date":"2019-05-07T13:15:34","date_gmt":"2019-05-07T06:15:34","guid":{"rendered":"https:\/\/mebipha.com\/?post_type=product&#038;p=5637"},"modified":"2024-10-04T09:34:04","modified_gmt":"2024-10-04T02:34:04","slug":"mebi-fensolca","status":"publish","type":"product","link":"https:\/\/mebipha.com\/online\/mebi-fensolca\/","title":{"rendered":"MEBI-FENSOL(C\u00c1)"},"content":{"rendered":"","protected":false},"excerpt":{"rendered":"<p>\u0110\u1eb6C TR\u1eca N\u1ed8I K\u00dd SINH TR\u00d9NG TR\u00caN C\u00c1<\/p>\n<p><strong>C\u00d4NG TH\u1ee8C<\/strong><\/p>\n<p>Levamisole HCl \u2026..\u2026\u2026\u2026\u2026&#8230; 100g<\/p>\n<p>T\u00e1 d\u01b0\u1ee3c v\u1eeba \u0111\u1ee7\u2026\u2026&#8230; 1.000 g<\/p>\n<p><strong>CH\u1ec8 \u0110\u1ecaNH<\/strong><\/p>\n<p>\u0110\u1eb7c tr\u1ecb c\u00e1c b\u1ec7nh n\u1ed9i k\u00fd sinh tr\u00f9ng \u1edf c\u00e1 nu\u00f4i nh\u01b0: S\u00e1n l\u00e1 gan, s\u00e1n ru\u1ed9t, c\u00e1c lo\u1ea1i giun tr\u00f2n, giun kim,&#8230;k\u00fd sinh \u1edf ru\u1ed9t c\u00e1, \u1ed1ng d\u1eabn m\u1eadt, t\u00fai m\u1eadt l\u00e0m s\u01b0ng ru\u1ed9t, t\u1eafc \u1ed1ng d\u1eabn m\u1eadt.<\/p>\n<p>Ph\u00f2ng v\u00e0 tr\u1ecb b\u1ec7nh c\u00e1 b\u1ecb v\u00e0ng da, v\u00e0ng v\u00e2y tr\u00ean c\u00e1 tra.<\/p>\n<p><strong>LI\u1ec0U L\u01af\u1ee2NG <\/strong><\/p>\n<p>Li\u1ec1u tr\u1ecb: 1kg\/15-20 t\u1ea5n c\u00e1 ng\u00e0y 1 l\u1ea7n, li\u00ean t\u1ee5c trong 2 ng\u00e0y.<\/p>\n<p>\u0110\u1ecbnh k\u1ef3 1 th\u00e1ng x\u1ed5 1 l\u1ea7n.<\/p>\n<p>Sau khi x\u1ed5 k\u00fd sinh xong, b\u1ed5 sung s\u1ea3n ph\u1ea9m gi\u1ea3i \u0111\u1ed9c gan th\u1eadn Hepasol &#8211; B12 li\u1ec1u l\u01b0\u1ee3ng 2ml\/kg th\u1ee9c \u0103n<\/p>\n<p><strong>H\u01af\u1edaNG D\u1eaaN S\u1eec D\u1ee4NG<\/strong><\/p>\n<p>H\u00f2a tan v\u00e0o n\u01b0\u1edbc, tr\u1ed9n \u0111\u1ec1u v\u1edbi th\u1ee9c \u0103n, \u0111\u1ec3 r\u00e1o 20-30 ph\u00fat, sau \u0111\u00f3 cho c\u00e1 \u0103n.<\/p>\n<p>L\u01b0u \u00fd: Kh\u00f4ng d\u00f9ng qu\u00e1 li\u1ec1u ch\u1ec9 \u0111\u1ecbnh<\/p>\n<p><strong>TH\u1edcI GIAN NG\u01afNG S\u1eec D\u1ee4NG: <\/strong><\/p>\n<p>12 ng\u00e0y tr\u01b0\u1edbc khi thu ho\u1ea1ch.<\/p>\n","protected":false},"featured_media":10657,"comment_status":"closed","ping_status":"closed","template":"","meta":[],"product_brand":[],"product_cat":[71,107],"product_tag":[],"class_list":{"0":"post-5637","1":"product","2":"type-product","3":"status-publish","4":"has-post-thumbnail","6":"product_cat-thuoc-thuy-san","7":"product_cat-san-pham-cho-ca","9":"first","10":"instock","11":"shipping-taxable","12":"purchasable","13":"product-type-variable","14":"has-default-attributes"},"_links":{"self":[{"href":"https:\/\/mebipha.com\/online\/wp-json\/wp\/v2\/product\/5637","targetHints":{"allow":["GET"]}}],"collection":[{"href":"https:\/\/mebipha.com\/online\/wp-json\/wp\/v2\/product"}],"about":[{"href":"https:\/\/mebipha.com\/online\/wp-json\/wp\/v2\/types\/product"}],"replies":[{"embeddable":true,"href":"https:\/\/mebipha.com\/online\/wp-json\/wp\/v2\/comments?post=5637"}],"wp:featuredmedia":[{"embeddable":true,"href":"https:\/\/mebipha.com\/online\/wp-json\/wp\/v2\/media\/10657"}],"wp:attachment":[{"href":"https:\/\/mebipha.com\/online\/wp-json\/wp\/v2\/media?parent=5637"}],"wp:term":[{"taxonomy":"product_brand","embeddable":true,"href":"https:\/\/mebipha.com\/online\/wp-json\/wp\/v2\/product_brand?post=5637"},{"taxonomy":"product_cat","embeddable":true,"href":"https:\/\/mebipha.com\/online\/wp-json\/wp\/v2\/product_cat?post=5637"},{"taxonomy":"product_tag","embeddable":true,"href":"https:\/\/mebipha.com\/online\/wp-json\/wp\/v2\/product_tag?post=5637"}],"curies":[{"name":"wp","href":"https:\/\/api.w.org\/{rel}","templated":true}]}}