{"id":5630,"date":"2019-05-07T13:10:36","date_gmt":"2019-05-07T06:10:36","guid":{"rendered":"https:\/\/mebipha.com\/?post_type=product&#038;p=5630"},"modified":"2024-09-25T14:42:56","modified_gmt":"2024-09-25T07:42:56","slug":"mebi-deorase","status":"publish","type":"product","link":"https:\/\/mebipha.com\/online\/mebi-deorase\/","title":{"rendered":"MEBI-DEORASE"},"content":{"rendered":"<p><strong>MEN TI\u00caU H\u00d3A CH\u1ecaU KH\u00c1NG SINH<\/strong><\/p>\n<p><strong>H\u1ed6 TR\u1ee2 B\u1ec6NH \u0110\u01af\u1edcNG RU\u1ed8T \u2013 T\u0102NG C\u01af\u1edcNG S\u1ee8C \u0110\u1ec0 KH\u00c1NG<\/strong><\/p>\n<p><strong>B\u1ed9t h\u00f2a tan ho\u1eb7c tr\u1ed9n th\u1ee9c \u0103n<\/strong><\/p>\n<p><strong>MEBI-DEORASE <\/strong>l\u00e0 ch\u1ebf ph\u1ea9m sinh h\u1ecdc d\u1ea1ng b\u1ed9t c\u00f3 ch\u1ee9a ho\u1ea1t ch\u1ea5t ch\u00ednh chi\u1ebft xu\u1ea5t t\u1eeb c\u00e2y Yucca (Yucca schidigera) &#8211; Saponin. Saponin gi\u00fap t\u0103ng c\u01b0\u1eddng h\u1ec7 mi\u1ec5n d\u1ecbch, gi\u1ea3m d\u1ecbch b\u1ec7nh v\u00e0 n\u00e2ng cao t\u1ec9 l\u1ec7 s\u1ed1ng c\u1ee7a v\u1eadt nu\u00f4i. Saponin khi k\u1ebft h\u1ee3p v\u1edbi Bacillus subtilis gi\u00fap b\u1ea3o v\u1ec7 t\u1ed1i \u0111a s\u1ee9c kh\u1ecfe \u0111\u01b0\u1eddng ru\u1ed9t, v\u1eadt nu\u00f4i h\u1ea5p thu ch\u1ea5t dinh d\u01b0\u1ee1ng m\u1ed9t c\u00e1ch tri\u1ec7t \u0111\u1ec3 n\u00ean t\u0103ng tr\u01b0\u1edfng nhanh h\u01a1n. Ngo\u00e0i ra, Saponin c\u00f2n c\u00f3 t\u00e1c d\u1ee5ng kh\u1eed m\u00f9i h\u00f4i, l\u00e0m gi\u1ea3m ammonia trong kh\u00f4ng kh\u00ed c\u0169ng nh\u01b0 trong ch\u1ea5t th\u1ea3i c\u1ee7a v\u1eadt nu\u00f4i, gi\u00fap t\u0103ng ch\u1ea5t l\u01b0\u1ee3ng th\u1ecbt v\u00e0 \u0111\u1ed9 d\u00e0y c\u1ee7a v\u1ecf tr\u1ee9ng.<\/p>\n<p><strong>TH\u00c0NH PH\u1ea6N<\/strong><\/p>\n<p>Chi\u1ebft xu\u1ea5t Yucca schidegera (Saponin)* (min): 60g<\/p>\n<p>Bacillus subtilis (min): 1 x 10<sup>10<\/sup> CFU<\/p>\n<p>Glucose v\u1eeba \u0111\u1ee7: 1kg<\/p>\n<p><strong>L\u1ee2I \u00cdCH B\u1ed4 SUNG <\/strong><strong>MEBI-DEORASE<\/strong><\/p>\n<p>Cung c\u1ea5p v\u00e0 k\u00edch th\u00edch s\u1ef1 ph\u00e1t tri\u1ec3n c\u1ee7a c\u00e1c vi khu\u1ea9n c\u00f3 l\u1ee3i, \u1ee9c ch\u1ebf c\u00e1c vi khu\u1ea9n c\u00f3 h\u1ea1i \u0111\u01b0\u1eddng ru\u1ed9t.<\/p>\n<p>K\u00edch th\u00edch ti\u00eau h\u00f3a v\u00e0 h\u1ea5p thu th\u1ee9c \u0103n, gi\u00fap t\u0103ng tr\u01b0\u1edfng nhanh.<\/p>\n<p>H\u1ea1n ch\u1ebf c\u00e1c b\u1ec7nh \u0111\u01b0\u1eddng ru\u1ed9t tr\u00ean gia s\u00fac, gia c\u1ea7m. \u0110\u1eb7c bi\u1ec7t l\u00e0 b\u1ec7nh ti\u00eau ch\u1ea3y tr\u00ean heo con.<\/p>\n<p>H\u1ea5p thu c\u00e1c kh\u00ed \u0111\u1ed9c NH<sub>3<\/sub>, H<sub>2<\/sub>S, gi\u1ea3m m\u00f9i h\u00f4i c\u1ee7a ph\u00e2n m\u1ed9t c\u00e1ch r\u00f5 r\u1ec7t.<\/p>\n<p>Gia t\u0103ng n\u0103ng su\u1ea5t v\u1eadt nu\u00f4i.<\/p>\n<p><strong>H\u01af\u1edaNG D\u1eaaN S\u1eec D\u1ee4NG<\/strong><\/p>\n<p><strong>Heo v\u00e0 gia c\u1ea7m:<\/strong>\u00a0 1g\/2 l\u00edt n\u01b0\u1edbc u\u1ed1ng\u00a0 ho\u1eb7c 1g \/1kg th\u1ee9c \u0103n, d\u00f9ng li\u00ean t\u1ee5c.<\/p>\n<p>Khi c\u00f3 bi\u1ec3u hi\u1ec7n x\u00e1o tr\u1ed9n ti\u00eau h\u00f3a ho\u1eb7c b\u1ecb ti\u00eau ch\u1ea3y n\u00ean s\u1eed d\u1ee5ng li\u1ec1u g\u1ea5p \u0111\u00f4i.<\/p>\n<p><strong>B\u1ea2O QU\u1ea2N<\/strong><\/p>\n<p>N\u01a1i kh\u00f4 r\u00e1o, tho\u00e1ng m\u00e1t, nhi\u1ec7t \u0111\u1ed9 d\u01b0\u1edbi 30<sup>0<\/sup>C, tr\u00e1nh \u00e1nh n\u1eafng tr\u1ef1c ti\u1ebfp. Tr\u00e1nh xa t\u1ea7m tay tr\u1ebb em.<\/p>\n<p><strong>H\u1ea0N D\u00d9NG<\/strong><\/p>\n<p>24 th\u00e1ng k\u1ec3 t\u1eeb ng\u00e0y s\u1ea3n xu\u1ea5t.<\/p>\n<p><strong>\u0110\u00d3NG G\u00d3I<\/strong><\/p>\n<p>50g, 100g, 500g\/g\u00f3i, 1kg\/lon<\/p>\n<p><strong>S\u1ed1 <\/strong><strong>\u0111\u0103ng k\u00fd<\/strong><strong>: TCCS <\/strong><strong>023<\/strong><strong>:20<\/strong><strong>13<\/strong><strong>\/MBP <\/strong><\/p>\n","protected":false},"excerpt":{"rendered":"<p><strong>MEN TI\u00caU H\u00d3A CH\u1ecaU KH\u00c1NG SINH<\/strong><\/p>\n<p><strong>H\u1ed6 TR\u1ee2 B\u1ec6NH \u0110\u01af\u1edcNG RU\u1ed8T \u2013 T\u0102NG C\u01af\u1edcNG S\u1ee8C \u0110\u1ec0 KH\u00c1NG<\/strong><\/p>\n<p><strong>B\u1ed9t h\u00f2a tan ho\u1eb7c tr\u1ed9n th\u1ee9c \u0103n<\/strong><\/p>\n<p><strong>TH\u00c0NH PH\u1ea6N<\/strong><\/p>\n<p>Chi\u1ebft xu\u1ea5t Yucca schidegera (Saponin)* (min): 60g<\/p>\n<p>Bacillus subtilis (min): 1 x 10<sup>10<\/sup> CFU<\/p>\n<p>Glucose v\u1eeba \u0111\u1ee7: 1kg<\/p>\n<p><strong>L\u1ee2I \u00cdCH B\u1ed4 SUNG <\/strong><strong>MEBI-DEORASE<\/strong><\/p>\n<p>Cung c\u1ea5p v\u00e0 k\u00edch th\u00edch s\u1ef1 ph\u00e1t tri\u1ec3n c\u1ee7a c\u00e1c vi khu\u1ea9n c\u00f3 l\u1ee3i, \u1ee9c ch\u1ebf c\u00e1c vi khu\u1ea9n c\u00f3 h\u1ea1i \u0111\u01b0\u1eddng ru\u1ed9t.<\/p>\n<p>K\u00edch th\u00edch ti\u00eau h\u00f3a v\u00e0 h\u1ea5p thu th\u1ee9c \u0103n, gi\u00fap t\u0103ng tr\u01b0\u1edfng nhanh.<\/p>\n<p>H\u1ea1n ch\u1ebf c\u00e1c b\u1ec7nh \u0111\u01b0\u1eddng ru\u1ed9t tr\u00ean gia s\u00fac, gia c\u1ea7m. \u0110\u1eb7c bi\u1ec7t l\u00e0 b\u1ec7nh ti\u00eau ch\u1ea3y tr\u00ean heo con.<\/p>\n<p>H\u1ea5p thu c\u00e1c kh\u00ed \u0111\u1ed9c NH<sub>3<\/sub>, H<sub>2<\/sub>S, gi\u1ea3m m\u00f9i h\u00f4i c\u1ee7a ph\u00e2n m\u1ed9t c\u00e1ch r\u00f5 r\u1ec7t.<\/p>\n<p>Gia t\u0103ng n\u0103ng su\u1ea5t v\u1eadt nu\u00f4i.<\/p>\n<p><strong>H\u01af\u1edaNG D\u1eaaN S\u1eec D\u1ee4NG<\/strong><\/p>\n<p><strong>Heo v\u00e0 gia c\u1ea7m:<\/strong>\u00a0 1g\/2 l\u00edt n\u01b0\u1edbc u\u1ed1ng\u00a0 ho\u1eb7c 1g \/1kg th\u1ee9c \u0103n, d\u00f9ng li\u00ean t\u1ee5c.<\/p>\n<p>Khi c\u00f3 bi\u1ec3u hi\u1ec7n x\u00e1o tr\u1ed9n ti\u00eau h\u00f3a ho\u1eb7c b\u1ecb ti\u00eau ch\u1ea3y n\u00ean s\u1eed d\u1ee5ng li\u1ec1u g\u1ea5p \u0111\u00f4i.<\/p>\n<p>&nbsp;<\/p>\n","protected":false},"featured_media":10559,"comment_status":"closed","ping_status":"closed","template":"","meta":[],"product_brand":[],"product_cat":[62,142],"product_tag":[],"class_list":{"0":"post-5630","1":"product","2":"type-product","3":"status-publish","4":"has-post-thumbnail","6":"product_cat-thuoc-thu-y","7":"product_cat-danh-muc-san-pham-gia-cam","9":"first","10":"instock","11":"shipping-taxable","12":"purchasable","13":"product-type-variable","14":"has-default-attributes"},"_links":{"self":[{"href":"https:\/\/mebipha.com\/online\/wp-json\/wp\/v2\/product\/5630","targetHints":{"allow":["GET"]}}],"collection":[{"href":"https:\/\/mebipha.com\/online\/wp-json\/wp\/v2\/product"}],"about":[{"href":"https:\/\/mebipha.com\/online\/wp-json\/wp\/v2\/types\/product"}],"replies":[{"embeddable":true,"href":"https:\/\/mebipha.com\/online\/wp-json\/wp\/v2\/comments?post=5630"}],"wp:featuredmedia":[{"embeddable":true,"href":"https:\/\/mebipha.com\/online\/wp-json\/wp\/v2\/media\/10559"}],"wp:attachment":[{"href":"https:\/\/mebipha.com\/online\/wp-json\/wp\/v2\/media?parent=5630"}],"wp:term":[{"taxonomy":"product_brand","embeddable":true,"href":"https:\/\/mebipha.com\/online\/wp-json\/wp\/v2\/product_brand?post=5630"},{"taxonomy":"product_cat","embeddable":true,"href":"https:\/\/mebipha.com\/online\/wp-json\/wp\/v2\/product_cat?post=5630"},{"taxonomy":"product_tag","embeddable":true,"href":"https:\/\/mebipha.com\/online\/wp-json\/wp\/v2\/product_tag?post=5630"}],"curies":[{"name":"wp","href":"https:\/\/api.w.org\/{rel}","templated":true}]}}