{"id":5625,"date":"2019-05-07T13:06:29","date_gmt":"2019-05-07T06:06:29","guid":{"rendered":"https:\/\/mebipha.com\/?post_type=product&#038;p=5625"},"modified":"2024-09-25T14:59:08","modified_gmt":"2024-09-25T07:59:08","slug":"mebi-calcivit-ade","status":"publish","type":"product","link":"https:\/\/mebipha.com\/online\/mebi-calcivit-ade\/","title":{"rendered":"MEBI-CALCIVIT ADE"},"content":{"rendered":"<p><strong>B\u1ed4 SUNG KHO\u00c1NG V\u00c0 VITAMIN CHO GIA S\u00daC<\/strong><\/p>\n<p><strong>B\u1ed9t tr\u1ed9n th\u1ee9c \u0103n<\/strong><\/p>\n<p><strong>MEBI-CALCIVIT ADE<\/strong> ch\u1ee9a c\u00e1c d\u01b0\u1ee1ng ch\u1ea5t c\u1ea7n thi\u1ebft cho gia s\u00fac trong giai \u0111o\u1ea1n sinh tr\u01b0\u1edfng, ph\u00e1t tri\u1ec3n c\u0169ng nh\u01b0 trong qu\u00e1 tr\u00ecnh sinh s\u1ea3n. Ngo\u00e0i Phospho gi\u00fap h\u1ec7 x\u01b0\u01a1ng v\u1eefng ch\u1eafc, t\u0103ng t\u00ednh ngon mi\u1ec7ng, cung c\u1ea5p n\u0103ng l\u01b0\u1ee3ng cho ho\u1ea1t \u0111\u1ed9ng t\u1ebf b\u00e0o th\u00ec c\u00e1c vitamin (A, D<sub>3<\/sub>, E, Biotin) v\u00e0 ch\u1ea5t kho\u00e1ng (K\u1ebdm, Selen) c\u0169ng \u0111\u00f3ng vai tr\u00f2 quan tr\u1ecdng cho c\u01a1 th\u1ec3 v\u1eadt nu\u00f4i nh\u01b0 h\u1ed7 tr\u1ee3 s\u1ef1 h\u1ea5p thu Phospho, t\u0103ng c\u01b0\u1eddng h\u1ec7 mi\u1ec5n d\u1ecbch, h\u1ea1n ch\u1ebf c\u00e1c b\u1ec7nh nhi\u1ec5m tr\u00f9ng, c\u00e1c b\u1ec7nh vi\u00eam da, vi\u00eam m\u00f3ng, t\u0103ng kh\u1ea3 n\u0103ng sinh s\u1ea3n v\u00e0 mang l\u1ea1i h\u1ec7 c\u01a1 kh\u1ecfe m\u1ea1nh.<\/p>\n<p><strong>TH\u00c0NH PH\u1ea6N\u00a0\u00a0\u00a0\u00a0\u00a0\u00a0\u00a0 <\/strong><\/p>\n<p>Phospho (P)* (min-max): 150.000-200.000mg<\/p>\n<p>K\u1ebdm (Zn) (min-max): 4.500-5.500mg<\/p>\n<p>Selenium (min-max): 30-60mg<\/p>\n<p>Vitamin A (Retinyl acetate)* (min): 2.200.000UI<\/p>\n<p>Vitamin D<sub>3<\/sub> (Cholecalciferol) (min): 550.000UI<\/p>\n<p>Vitamin E (DL-Alpha-Tocopheryl Acetate) (min): 5.000mg<\/p>\n<p>Biotin (min): 20.000mcg<\/p>\n<p>Ch\u1ea5t mang (CaCO<sub>3<\/sub>) v\u1eeba \u0111\u1ee7: 1kg<\/p>\n<p><strong>L\u1ee2I \u00cdCH C\u1ee6A VI\u1ec6C B\u1ed4 SUNG S\u1ea2N PH\u1ea8M<\/strong><\/p>\n<p>H\u1ea1n ch\u1ebf t\u00ecnh tr\u1ea1ng b\u1ec7nh \u0111au m\u00f3ng, y\u1ebfu ch\u00e2n trong th\u1eddi gian cho s\u1eefa, y\u1ebfu c\u01a1, b\u1ea1i li\u1ec7t, cho s\u1eefa k\u00e9m, b\u1ec7nh l\u1edf lo\u00e9t ngo\u00e0i da\u2026<\/p>\n<p>H\u1ea1n ch\u1ebf stress, t\u0103ng s\u1ee9c \u0111\u1ec1 kh\u00e1ng, t\u0103ng c\u01b0\u1eddng kh\u1ea3 n\u0103ng ti\u1ebft s\u1eefa.<\/p>\n<p><strong>H\u01af\u1edaNG D\u1eaaN s\u1eed d\u1ee5ng<\/strong><\/p>\n<p>Tr\u1ed9n \u0111\u1ec1u v\u00e0o th\u1ee9c \u0103n, cho \u0103n li\u00ean t\u1ee5c.<\/p>\n<p>B\u00ea, ngh\u00e9, d\u00ea, c\u1eebu non: 1kg\/200 &#8211; 300kg th\u1ee9c \u0103n.<\/p>\n<p>B\u00f2 s\u1eefa, d\u00ea s\u1eefa: 1kg\/300 &#8211; 400kg th\u1ee9c \u0103n.<\/p>\n<p>Tr\u00e2u b\u00f2 th\u1ecbt, d\u00ea th\u1ecbt: 1kg\/500kg th\u1ee9c \u0103n.<\/p>\n<p><strong>H\u1ea1n s\u1eed d\u1ee5ng s\u1ea3n ph\u1ea9m <\/strong><\/p>\n<p>24 th\u00e1ng k\u1ec3 t\u1eeb ng\u00e0y s\u1ea3n xu\u1ea5t.<\/p>\n<p><strong>B\u1ea2O QU\u1ea2N<\/strong><\/p>\n<p>N\u01a1i kh\u00f4 r\u00e1o, tho\u00e1ng m\u00e1t, nhi\u1ec7t \u0111\u1ed9 d\u01b0\u1edbi 30<sup>0<\/sup>C. Tr\u00e1nh \u00e1nh n\u1eafng tr\u1ef1c ti\u1ebfp, tr\u00e1nh xa t\u1ea7m tay tr\u1ebb em.<\/p>\n<p><strong>\u0110\u00d3NG G\u00d3I<\/strong><\/p>\n<p><strong>1kg\/g\u00f3i, 5kg\/x\u00f4, 10kg\/x\u00f4<\/strong><\/p>\n<p><strong>S\u1ed1 \u0111\u0103ng k\u00fd: TCCS 070:2013\/MBP<\/strong><\/p>\n","protected":false},"excerpt":{"rendered":"<p><strong>B\u1ed4 SUNG KHO\u00c1NG V\u00c0 VITAMIN CHO GIA S\u00daC<\/strong><\/p>\n<p><strong>TH\u00c0NH PH\u1ea6N\u00a0\u00a0\u00a0\u00a0\u00a0\u00a0\u00a0 <\/strong><\/p>\n<p>Phospho (P)* (min-max): 150.000-200.000mg<\/p>\n<p>K\u1ebdm (Zn) (min-max): 4.500-5.500mg<\/p>\n<p>Selenium (min-max): 30-60mg<\/p>\n<p>Vitamin A (Retinyl acetate)* (min): 2.200.000UI<\/p>\n<p>Vitamin D<sub>3<\/sub> (Cholecalciferol) (min): 550.000UI<\/p>\n<p>Vitamin E (DL-Alpha-Tocopheryl Acetate) (min): 5.000mg<\/p>\n<p>Biotin (min): 20.000mcg<\/p>\n<p>Ch\u1ea5t mang (CaCO<sub>3<\/sub>) v\u1eeba \u0111\u1ee7: 1kg<\/p>\n<p><strong>L\u1ee2I \u00cdCH C\u1ee6A VI\u1ec6C B\u1ed4 SUNG S\u1ea2N PH\u1ea8M<\/strong><\/p>\n<p>H\u1ea1n ch\u1ebf t\u00ecnh tr\u1ea1ng b\u1ec7nh \u0111au m\u00f3ng, y\u1ebfu ch\u00e2n trong th\u1eddi gian cho s\u1eefa, y\u1ebfu c\u01a1, b\u1ea1i li\u1ec7t, cho s\u1eefa k\u00e9m, b\u1ec7nh l\u1edf lo\u00e9t ngo\u00e0i da\u2026<\/p>\n<p>H\u1ea1n ch\u1ebf stress, t\u0103ng s\u1ee9c \u0111\u1ec1 kh\u00e1ng, t\u0103ng c\u01b0\u1eddng kh\u1ea3 n\u0103ng ti\u1ebft s\u1eefa.<\/p>\n<p><strong>H\u01af\u1edaNG D\u1eaaN s\u1eed d\u1ee5ng<\/strong><\/p>\n<p>Tr\u1ed9n \u0111\u1ec1u v\u00e0o th\u1ee9c \u0103n, cho \u0103n li\u00ean t\u1ee5c.<\/p>\n<p>B\u00ea, ngh\u00e9, d\u00ea, c\u1eebu non: 1kg\/200 &#8211; 300kg th\u1ee9c \u0103n.<\/p>\n<p>B\u00f2 s\u1eefa, d\u00ea s\u1eefa: 1kg\/300 &#8211; 400kg th\u1ee9c \u0103n.<\/p>\n<p>Tr\u00e2u b\u00f2 th\u1ecbt, d\u00ea th\u1ecbt: 1kg\/500kg th\u1ee9c \u0103n.<\/p>\n","protected":false},"featured_media":10573,"comment_status":"closed","ping_status":"closed","template":"","meta":[],"product_brand":[],"product_cat":[62],"product_tag":[],"class_list":{"0":"post-5625","1":"product","2":"type-product","3":"status-publish","4":"has-post-thumbnail","6":"product_cat-thuoc-thu-y","8":"first","9":"instock","10":"shipping-taxable","11":"purchasable","12":"product-type-variable","13":"has-default-attributes"},"_links":{"self":[{"href":"https:\/\/mebipha.com\/online\/wp-json\/wp\/v2\/product\/5625","targetHints":{"allow":["GET"]}}],"collection":[{"href":"https:\/\/mebipha.com\/online\/wp-json\/wp\/v2\/product"}],"about":[{"href":"https:\/\/mebipha.com\/online\/wp-json\/wp\/v2\/types\/product"}],"replies":[{"embeddable":true,"href":"https:\/\/mebipha.com\/online\/wp-json\/wp\/v2\/comments?post=5625"}],"wp:featuredmedia":[{"embeddable":true,"href":"https:\/\/mebipha.com\/online\/wp-json\/wp\/v2\/media\/10573"}],"wp:attachment":[{"href":"https:\/\/mebipha.com\/online\/wp-json\/wp\/v2\/media?parent=5625"}],"wp:term":[{"taxonomy":"product_brand","embeddable":true,"href":"https:\/\/mebipha.com\/online\/wp-json\/wp\/v2\/product_brand?post=5625"},{"taxonomy":"product_cat","embeddable":true,"href":"https:\/\/mebipha.com\/online\/wp-json\/wp\/v2\/product_cat?post=5625"},{"taxonomy":"product_tag","embeddable":true,"href":"https:\/\/mebipha.com\/online\/wp-json\/wp\/v2\/product_tag?post=5625"}],"curies":[{"name":"wp","href":"https:\/\/api.w.org\/{rel}","templated":true}]}}