{"id":5619,"date":"2019-05-07T13:03:00","date_gmt":"2019-05-07T06:03:00","guid":{"rendered":"https:\/\/mebipha.com\/?post_type=product&#038;p=5619"},"modified":"2024-02-03T12:08:24","modified_gmt":"2024-02-03T05:08:24","slug":"mebi-bz","status":"publish","type":"product","link":"https:\/\/mebipha.com\/online\/mebi-bz\/","title":{"rendered":"MEBI-BZ"},"content":{"rendered":"<p><strong>T\u0102NG C\u01af\u1edcNG TI\u00caU H\u00d3A, N\u00c2NG CAO N\u0102NG SU\u1ea4T CH\u0102N NU\u00d4I<\/strong><\/p>\n<p><strong>B\u1ed9t h\u00f2a tan<\/strong><\/p>\n<p><strong>MEBI-BZ <\/strong>l\u00e0 ch\u1ebf ph\u1ea9m sinh h\u1ecdc c\u00f3 ch\u1ee9a c\u00e1c vi sinh v\u1eadt c\u00f3 l\u1ee3i v\u00e0 axit amin, c\u00e1c th\u00e0nh ph\u1ea7n n\u00e0y c\u00f3 vai tr\u00f2 \u0111\u1eb7c bi\u1ec7t \u0111\u1ed1i v\u1edbi \u0111\u01b0\u1eddng ru\u1ed9t v\u1eadt nu\u00f4i, gi\u00fap ti\u00eau h\u00f3a t\u1ed1t th\u1ee9c \u0103n, gia t\u0103ng kh\u1ea3 h\u1ea5p thu ch\u1ea5t dinh d\u01b0\u1ee1ng, b\u1ea3o v\u1ec7 ru\u1ed9t kh\u1ecfi s\u1ef1 t\u1ea5n c\u00f4ng c\u1ee7a c\u00e1c vi khu\u1ea9n g\u00e2y b\u1ec7nh.<\/p>\n<p><strong>MEBI-BZ <\/strong>l\u00e0 gi\u1ea3i ph\u00e1p hi\u1ec7u qu\u1ea3 gi\u00fap gi\u1ea3m chi ph\u00ed ch\u0103n nu\u00f4i m\u00e0 v\u00f4 c\u00f9ng an to\u00e0n cho v\u1eadt nu\u00f4i v\u00e0 con ng\u01b0\u1eddi.<\/p>\n<p><strong>TH\u00c0NH PH\u1ea6N<\/strong><\/p>\n<p>Bacillus subtilis* (min): 1 x 10<sup>9<\/sup> CFU<\/p>\n<p>Saccharomyces cerevisiae* (min): 1 x 10<sup>11<\/sup> CFU<\/p>\n<p>Lysine HCl (min): 15.000 mg<\/p>\n<p>Methionine* (min): 20.000 mg<\/p>\n<p>Glucose v\u1eeba \u0111\u1ee7: 1kg<\/p>\n<p><strong>L\u1ee2I \u00cdCH <\/strong><strong>C\u1ee6A VI\u1ec6C B\u1ed4 SUNG S\u1ea2N PH\u1ea8M<\/strong><\/p>\n<p>T\u0103ng kh\u1ea3 n\u0103ng ti\u00eau h\u00f3a th\u1ee9c \u0103n.<\/p>\n<p>K\u00edch th\u00edch t\u0103ng tr\u01b0\u1edfng nhanh.<\/p>\n<p>Gi\u00fap h\u1ea5p th\u1ee5 th\u1ee9c \u0103n m\u1ed9t c\u00e1ch tri\u1ec7t \u0111\u1ec3, tr\u00e1nh l\u00e3ng ph\u00ed th\u1ee9c \u0103n.<\/p>\n<p>N\u00e2ng cao n\u0103ng su\u1ea5t v\u1eadt nu\u00f4i<\/p>\n<p>\u1ed4n \u0111\u1ecbnh h\u1ec7 vi sinh v\u1eadt \u0111\u01b0\u1eddng ru\u1ed9t, h\u1ea1n ch\u1ebf c\u00e1c b\u1ec7nh \u0111\u01b0\u1eddng ti\u00eau h\u00f3a \u1edf gia s\u00fac, gia c\u1ea7m<\/p>\n<p>T\u0103ng kh\u1ea3 n\u0103ng kh\u00e1ng b\u1ec7nh, gi\u1ea3m chi ph\u00ed ph\u00f2ng v\u00e0 tr\u1ecb b\u1ec7nh<\/p>\n<p><strong>H\u01af\u1edaNG D\u1eaaN S\u1eec D\u1ee4NG<\/strong><\/p>\n<p><strong>Heo v\u00e0 gia c\u1ea7m<\/strong><\/p>\n<p><strong>Li\u1ec1u t\u1ed5ng qu\u00e1t: <\/strong>100g\/500kg th\u1ec3 tr\u1ecdng ho\u1eb7c 1g\/1 l\u00edt n\u01b0\u1edbc u\u1ed1ng, d\u00f9ng li\u00ean t\u1ee5c.<\/p>\n<p><strong>B\u1ea2O QU\u1ea2N<\/strong><\/p>\n<p>N\u01a1i kh\u00f4 r\u00e1o, tho\u00e1ng m\u00e1t, nhi\u1ec7t \u0111\u1ed9 d\u01b0\u1edbi 30<sup>0<\/sup>C, tr\u00e1nh \u00e1nh n\u1eafng tr\u1ef1c ti\u1ebfp. Tr\u00e1nh xa t\u1ea7m tay tr\u1ebb em.<\/p>\n<p><strong>H\u1ea0N D\u00d9NG<\/strong><\/p>\n<p>24 th\u00e1ng k\u1ec3 t\u1eeb ng\u00e0y s\u1ea3n xu\u1ea5t.<\/p>\n<p><strong>\u0110\u00d3NG G\u00d3I<\/strong><\/p>\n<p>50g, 100g, 500g\/g\u00f3i, 1kg\/g\u00f3i<\/p>\n<p><strong>S\u1ed1 <\/strong><strong>\u0111\u0103ng k\u00fd<\/strong><strong>: TCCS <\/strong><strong>022<\/strong><strong>:20<\/strong><strong>13<\/strong><strong>\/MBP <\/strong><\/p>\n","protected":false},"excerpt":{"rendered":"<p><strong>T\u0102NG C\u01af\u1edcNG TI\u00caU H\u00d3A, N\u00c2NG CAO N\u0102NG SU\u1ea4T CH\u0102N NU\u00d4I<\/strong><\/p>\n<p><strong>B\u1ed9t h\u00f2a tan<\/strong><\/p>\n<p><strong>TH\u00c0NH PH\u1ea6N<\/strong><\/p>\n<p>Bacillus subtilis* (min): 1 x 10<sup>9<\/sup> CFU<\/p>\n<p>Saccharomyces cerevisiae* (min): 1 x 10<sup>11<\/sup> CFU<\/p>\n<p>Lysine HCl (min): 15.000 mg<\/p>\n<p>Methionine* (min): 20.000 mg<\/p>\n<p>Glucose v\u1eeba \u0111\u1ee7: 1kg<\/p>\n<p><strong>L\u1ee2I \u00cdCH <\/strong><strong>C\u1ee6A VI\u1ec6C B\u1ed4 SUNG S\u1ea2N PH\u1ea8M<\/strong><\/p>\n<p>T\u0103ng kh\u1ea3 n\u0103ng ti\u00eau h\u00f3a th\u1ee9c \u0103n.<\/p>\n<p>K\u00edch th\u00edch t\u0103ng tr\u01b0\u1edfng nhanh.<\/p>\n<p>Gi\u00fap h\u1ea5p th\u1ee5 th\u1ee9c \u0103n m\u1ed9t c\u00e1ch tri\u1ec7t \u0111\u1ec3, tr\u00e1nh l\u00e3ng ph\u00ed th\u1ee9c \u0103n.<\/p>\n<p>N\u00e2ng cao n\u0103ng su\u1ea5t v\u1eadt nu\u00f4i<\/p>\n<p>\u1ed4n \u0111\u1ecbnh h\u1ec7 vi sinh v\u1eadt \u0111\u01b0\u1eddng ru\u1ed9t, h\u1ea1n ch\u1ebf c\u00e1c b\u1ec7nh \u0111\u01b0\u1eddng ti\u00eau h\u00f3a \u1edf gia s\u00fac, gia c\u1ea7m<\/p>\n<p>T\u0103ng kh\u1ea3 n\u0103ng kh\u00e1ng b\u1ec7nh, gi\u1ea3m chi ph\u00ed ph\u00f2ng v\u00e0 tr\u1ecb b\u1ec7nh<\/p>\n<p><strong>H\u01af\u1edaNG D\u1eaaN S\u1eec D\u1ee4NG<\/strong><\/p>\n<p><strong>Heo v\u00e0 gia c\u1ea7m<\/strong><\/p>\n<p><strong>Li\u1ec1u t\u1ed5ng qu\u00e1t: <\/strong>100g\/500kg th\u1ec3 tr\u1ecdng ho\u1eb7c 1g\/1 l\u00edt n\u01b0\u1edbc u\u1ed1ng, d\u00f9ng li\u00ean t\u1ee5c.<\/p>\n","protected":false},"featured_media":9929,"comment_status":"closed","ping_status":"closed","template":"","meta":[],"product_brand":[],"product_cat":[62,120],"product_tag":[],"class_list":{"0":"post-5619","1":"product","2":"type-product","3":"status-publish","4":"has-post-thumbnail","6":"product_cat-thuoc-thu-y","7":"product_cat-dinh-duong-bot","9":"first","10":"instock","11":"shipping-taxable","12":"purchasable","13":"product-type-variable","14":"has-default-attributes"},"_links":{"self":[{"href":"https:\/\/mebipha.com\/online\/wp-json\/wp\/v2\/product\/5619","targetHints":{"allow":["GET"]}}],"collection":[{"href":"https:\/\/mebipha.com\/online\/wp-json\/wp\/v2\/product"}],"about":[{"href":"https:\/\/mebipha.com\/online\/wp-json\/wp\/v2\/types\/product"}],"replies":[{"embeddable":true,"href":"https:\/\/mebipha.com\/online\/wp-json\/wp\/v2\/comments?post=5619"}],"wp:featuredmedia":[{"embeddable":true,"href":"https:\/\/mebipha.com\/online\/wp-json\/wp\/v2\/media\/9929"}],"wp:attachment":[{"href":"https:\/\/mebipha.com\/online\/wp-json\/wp\/v2\/media?parent=5619"}],"wp:term":[{"taxonomy":"product_brand","embeddable":true,"href":"https:\/\/mebipha.com\/online\/wp-json\/wp\/v2\/product_brand?post=5619"},{"taxonomy":"product_cat","embeddable":true,"href":"https:\/\/mebipha.com\/online\/wp-json\/wp\/v2\/product_cat?post=5619"},{"taxonomy":"product_tag","embeddable":true,"href":"https:\/\/mebipha.com\/online\/wp-json\/wp\/v2\/product_tag?post=5619"}],"curies":[{"name":"wp","href":"https:\/\/api.w.org\/{rel}","templated":true}]}}