{"id":5603,"date":"2019-05-07T12:51:56","date_gmt":"2019-05-07T05:51:56","guid":{"rendered":"https:\/\/mebipha.com\/?post_type=product&#038;p=5603"},"modified":"2024-10-04T09:29:55","modified_gmt":"2024-10-04T02:29:55","slug":"khoang-tat","status":"publish","type":"product","link":"https:\/\/mebipha.com\/online\/khoang-tat\/","title":{"rendered":"KHO\u00c1NG T\u1ea0T (T\u00d4M)"},"content":{"rendered":"","protected":false},"excerpt":{"rendered":"<p><strong>CUNG C\u1ea4P C\u00c1C KHO\u00c1NG CH\u1ea4T V\u00c0O M\u00d4I TR\u01af\u1edcNG N\u01af\u1edaC, K\u00cdCH TH\u00cdCH QU\u00c1 TR\u00ccNH T\u1ea0O V\u1ece V\u00c0 NHANH C\u1ee8NG V\u1ece SAU KHI L\u1ed8T X\u00c1C<\/strong><\/p>\n<p><strong>TH\u00c0NH PH\u1ea6N<\/strong><\/p>\n<p>MnSO<sub>4<\/sub>* (min &#8211; max)&#8230;&#8230;&#8230; 24.000 \u2013 30.000mg<\/p>\n<p>CuSO<sub>4 <\/sub>(min \u2013 max)&#8230;&#8230;&#8230;&#8230; 8.000 \u2013 15.000mg<\/p>\n<p>MgSO<sub>4<\/sub>* (min \u2013 max)&#8230;&#8230;&#8230; 40.000 \u2013 50.000mg<\/p>\n<p>ZnSO<sub>4 <\/sub>(min \u2013 max) &#8230;&#8230;&#8230;.. 15.000 \u2013 25.000 mg<\/p>\n<p>CoSO<sub>4 <\/sub>(min \u2013 max)&#8230;&#8230;&#8230;&#8230; 1.400 \u2013 2.800mg<\/p>\n<p>NaCl* (min \u2013 max)&#8230;&#8230;&#8230;&#8230; 16.000 \u2013 32.000mg<\/p>\n<p>Kh\u00e1ng sinh, ch\u1ea5t c\u1ea5m&#8230;&#8230;&#8230; kh\u00f4ng c\u00f3<\/p>\n<p>Ethoxyquin&#8230;&#8230;&#8230;&#8230;&#8230;&#8230;&#8230;&#8230;.. kh\u00f4ng c\u00f3<\/p>\n<p>Ch\u1ea5t mang (Monocalcium phosphate) v\u1eeba \u0111\u1ee7&#8230;&#8230;&#8230;&#8230;&#8230;&#8230;&#8230;&#8230;&#8230;&#8230;&#8230;&#8230;&#8230;. 1 kg<\/p>\n<p><strong>NGUY\u00caN LI\u1ec6U<\/strong><\/p>\n<p>Copper \u00a0sulfate, Magnesium sulfate, Manganese sulfate, Cobalt sulfate, Zinc sulfate, Sodium chloride, Monocalcium phosphate.<\/p>\n<p><strong>C\u00d4NG D\u1ee4NG<\/strong><\/p>\n<p>Cung c\u1ea5p c\u00e1c ch\u1ea5t kho\u00e1ng v\u00e0o m\u00f4i tr\u01b0\u1eddng n\u01b0\u1edbc gi\u00fap t\u00f4m c\u00e2n b\u1eb1ng kho\u00e1ng ch\u1ea5t, k\u00edch th\u00edch qu\u00e1 tr\u00ecnh t\u1ea1o v\u1ecf v\u00e0 nhanh c\u1ee9ng v\u1ecf sau khi l\u1ed9t x\u00e1c c\u1ee7a t\u00f4m.<\/p>\n<p><strong>H\u01af\u1edaNG D\u1eaaN S\u1eec D\u1ee4NG V\u00c0 LI\u1ec0U D\u00d9NG<\/strong><\/p>\n<p>H\u00f2a tan 1kg v\u00e0o 40 l\u00edt n\u01b0\u1edbc, t\u1ea1t \u0111\u1ec1u kh\u1eafp ao nu\u00f4i, s\u1eed d\u1ee5ng t\u1ed1t nh\u1ea5t l\u00fac 20 \u2013 24 gi\u1edd.<\/p>\n<p>T\u1ea1t tr\u1ef1c ti\u1ebfp xu\u1ed1ng ao v\u1edbi li\u1ec1u: 1kg\/2.000 m<sup>3 <\/sup>n\u01b0\u1edbc.<\/p>\n","protected":false},"featured_media":10655,"comment_status":"closed","ping_status":"closed","template":"","meta":[],"product_brand":[],"product_cat":[71,134],"product_tag":[],"class_list":{"0":"post-5603","1":"product","2":"type-product","3":"status-publish","4":"has-post-thumbnail","6":"product_cat-thuoc-thuy-san","7":"product_cat-thuoc-thuy-san-thuoc-thuy-san","9":"first","10":"instock","11":"shipping-taxable","12":"purchasable","13":"product-type-variable","14":"has-default-attributes"},"_links":{"self":[{"href":"https:\/\/mebipha.com\/online\/wp-json\/wp\/v2\/product\/5603","targetHints":{"allow":["GET"]}}],"collection":[{"href":"https:\/\/mebipha.com\/online\/wp-json\/wp\/v2\/product"}],"about":[{"href":"https:\/\/mebipha.com\/online\/wp-json\/wp\/v2\/types\/product"}],"replies":[{"embeddable":true,"href":"https:\/\/mebipha.com\/online\/wp-json\/wp\/v2\/comments?post=5603"}],"wp:featuredmedia":[{"embeddable":true,"href":"https:\/\/mebipha.com\/online\/wp-json\/wp\/v2\/media\/10655"}],"wp:attachment":[{"href":"https:\/\/mebipha.com\/online\/wp-json\/wp\/v2\/media?parent=5603"}],"wp:term":[{"taxonomy":"product_brand","embeddable":true,"href":"https:\/\/mebipha.com\/online\/wp-json\/wp\/v2\/product_brand?post=5603"},{"taxonomy":"product_cat","embeddable":true,"href":"https:\/\/mebipha.com\/online\/wp-json\/wp\/v2\/product_cat?post=5603"},{"taxonomy":"product_tag","embeddable":true,"href":"https:\/\/mebipha.com\/online\/wp-json\/wp\/v2\/product_tag?post=5603"}],"curies":[{"name":"wp","href":"https:\/\/api.w.org\/{rel}","templated":true}]}}