{"id":5598,"date":"2019-05-07T12:11:30","date_gmt":"2019-05-07T05:11:30","guid":{"rendered":"https:\/\/mebipha.com\/?post_type=product&#038;p=5598"},"modified":"2025-06-26T17:16:29","modified_gmt":"2025-06-26T10:16:29","slug":"grow-pigs-ii","status":"publish","type":"product","link":"https:\/\/mebipha.com\/online\/grow-pigs-ii\/","title":{"rendered":"GROW PIGS II"},"content":{"rendered":"<p><strong>B\u1ed4 SUNG D\u01af\u1ee0NG CH\u1ea4T CHO HEO TH\u1ecaT T\u1eea 30KG \u0110\u1ebeN XU\u1ea4T CHU\u1ed2NG<\/strong><\/p>\n<p><strong>TH\u00c0NH PH\u1ea6N\u00a0\u00a0\u00a0\u00a0\u00a0\u00a0\u00a0 <\/strong><\/p>\n<p>Vitamin A (Retinyl acetate) (min): 2.000.000UI<\/p>\n<p>Vitamin D3 (Cholecalciferol) (min): 500.000UI<\/p>\n<p>Vitamin E (DL-Alpha-Tocopheryl acetate) (min): 1.795mg<\/p>\n<p>Vitamin B1 (Thiamine mononitrate) (min): 1.000mg<\/p>\n<p>Vitamin B2 (Riboflavin) (min): 1.100mg<\/p>\n<p>Vitamin B6 (Pyridoxine HCl)* (min): 1.000mg<\/p>\n<p>Vitamin B12 (Cyanocobalamin) (min): 12mg<\/p>\n<p>Biotin (min): 15mg<\/p>\n<p>Cr* (min &#8211; max): 40 &#8211; 80mg<\/p>\n<p>CaCO3 v\u1eeba \u0111\u1ee7: 1kg<\/p>\n<p><strong>L\u1ee2I \u00cdCH C\u1ee6A VI\u1ec6C B\u1ed4 SUNG S\u1ea2N PH\u1ea8M<\/strong><\/p>\n<p>K\u00edch th\u00edch t\u0103ng tr\u01b0\u1edfng nhanh.<\/p>\n<p>T\u0103ng t\u1ea1o n\u1ea1c, gi\u1ea3m m\u1ee1.<\/p>\n<p>Bung \u0111\u00f9i, n\u1edf m\u00f4ng, n\u1edf vai.<\/p>\n<p>T\u0103ng s\u1ee9c kh\u00e1ng b\u1ec7nh.<\/p>\n<p>Gi\u1ea3m ti\u00eau t\u1ed1n th\u1ee9c \u0103n.<\/p>\n<p><strong>H\u01af\u1edaNG D\u1eaaN s\u1eed d\u1ee5ng<\/strong><\/p>\n<p>Tr\u1ed9n \u0111\u1ec1u v\u00e0o th\u1ee9c \u0103n: 1kg\/200kg th\u1ee9c \u0103n.<\/p>\n<p>&nbsp;<\/p>\n","protected":false},"excerpt":{"rendered":"<p>Th\u00e0nh ph\u1ea7n:<\/p>\n<p>Vitamin A(min) 2.000.000 UI<br \/>\nVitamin D3(min) 500.000 UI<br \/>\nVitamin E(min) &#8230;1.795 mg<br \/>\nVitamin B1(min).. 1.000 mg<br \/>\nVitamin B2(min)\u20261.100 mg<br \/>\nVitamin B6(min)..1.000 mg<br \/>\nVitamin B12(min)\u2026.12 mg<br \/>\nBiotin(min)\u2026.\u2026\u2026.. 15 mg<br \/>\nCr(min)\u2026\u2026.40 &#8211; 80mg<br \/>\nCaCO3 v\u1eeba \u0111\u1ee7 : 1.000g<\/p>\n<p>S\u1eed d\u1ee5ng:<\/p>\n<p>1kg\/200kg th\u1ee9c \u0103n gia s\u00fac<\/p>\n","protected":false},"featured_media":10625,"comment_status":"closed","ping_status":"closed","template":"","meta":[],"product_brand":[],"product_cat":[62],"product_tag":[],"class_list":{"0":"post-5598","1":"product","2":"type-product","3":"status-publish","4":"has-post-thumbnail","6":"product_cat-thuoc-thu-y","8":"first","9":"instock","10":"shipping-taxable","11":"purchasable","12":"product-type-variable"},"_links":{"self":[{"href":"https:\/\/mebipha.com\/online\/wp-json\/wp\/v2\/product\/5598","targetHints":{"allow":["GET"]}}],"collection":[{"href":"https:\/\/mebipha.com\/online\/wp-json\/wp\/v2\/product"}],"about":[{"href":"https:\/\/mebipha.com\/online\/wp-json\/wp\/v2\/types\/product"}],"replies":[{"embeddable":true,"href":"https:\/\/mebipha.com\/online\/wp-json\/wp\/v2\/comments?post=5598"}],"wp:featuredmedia":[{"embeddable":true,"href":"https:\/\/mebipha.com\/online\/wp-json\/wp\/v2\/media\/10625"}],"wp:attachment":[{"href":"https:\/\/mebipha.com\/online\/wp-json\/wp\/v2\/media?parent=5598"}],"wp:term":[{"taxonomy":"product_brand","embeddable":true,"href":"https:\/\/mebipha.com\/online\/wp-json\/wp\/v2\/product_brand?post=5598"},{"taxonomy":"product_cat","embeddable":true,"href":"https:\/\/mebipha.com\/online\/wp-json\/wp\/v2\/product_cat?post=5598"},{"taxonomy":"product_tag","embeddable":true,"href":"https:\/\/mebipha.com\/online\/wp-json\/wp\/v2\/product_tag?post=5598"}],"curies":[{"name":"wp","href":"https:\/\/api.w.org\/{rel}","templated":true}]}}