{"id":5593,"date":"2019-05-07T12:02:21","date_gmt":"2019-05-07T05:02:21","guid":{"rendered":"https:\/\/mebipha.com\/?post_type=product&#038;p=5593"},"modified":"2024-10-05T08:47:44","modified_gmt":"2024-10-05T01:47:44","slug":"grow-pigs-i","status":"publish","type":"product","link":"https:\/\/mebipha.com\/online\/grow-pigs-i\/","title":{"rendered":"GROW PIGS I"},"content":{"rendered":"<p><strong>B\u1ed4 SUNG D\u01af\u1ee0NG CH\u1ea4T CHO HEO TH\u1ecaT T\u1eea SAU CAI S\u1eeeA \u0110\u1ebeN 30KG<\/strong><\/p>\n<p><strong>B\u1ed9t tr\u1ed9n th\u1ee9c \u0103n<\/strong><\/p>\n<p><strong>GROW PIGS I <\/strong>\u0111\u00e1p \u1ee9ng nhu c\u1ea7u vitamin v\u00e0 ch\u1ea5t kho\u00e1ng cho heo trong giai \u0111o\u1ea1n t\u1eeb sau cai s\u1eefa \u0111\u1ebfn 30kg. S\u1ea3n ph\u1ea9m gi\u00fap h\u1ea1n ch\u1ebf c\u00e1c b\u1ec7nh do thi\u1ebfu h\u1ee5t dinh d\u01b0\u1ee1ng, th\u00edch h\u1ee3p cho heo con k\u00e9m \u0103n, ch\u1eadm l\u1edbn, vi\u00eam da, r\u1ee5ng l\u00f4ng, gi\u00fap \u1ed5n \u0111\u1ecbnh th\u1ea7n kinh, t\u0103ng c\u01b0\u1eddng kh\u1ea3 n\u0103ng ti\u00eau h\u00f3a th\u1ee9c \u0103n v\u00e0 h\u1ea5p thu dinh d\u01b0\u1ee1ng, gi\u1ea3m ti\u00eau ch\u1ea3y hi\u1ec7u qu\u1ea3.<\/p>\n<p><strong>TH\u00c0NH PH\u1ea6N\u00a0\u00a0\u00a0\u00a0\u00a0\u00a0\u00a0 <\/strong><\/p>\n<p>Vitamin A (Retinyl acetate) (min): 2.500.000UI<\/p>\n<p>Vitamin D3 (Cholecalciferol) (min): 525.000UI<\/p>\n<p>Vitamin E (DL-Alpha-Tocopheryl acetate) (min): 2.500mg<\/p>\n<p>Vitamin B1 (Thiamine mononitrate) (min): 1.000mg<\/p>\n<p>Vitamin B2 (Riboflavin) (min): 1.200mg<\/p>\n<p>Vitamin B6 (Pyridoxine HCl) (min): 1.350mg<\/p>\n<p>Vitamin B12 (Cyanocobalamin) (min): 16mg<\/p>\n<p>Biotin (min): 20mg<\/p>\n<p>Cr* (min &#8211; max): 45 &#8211; 50mg<\/p>\n<p>CaCO3 v\u1eeba \u0111\u1ee7: 1kg<\/p>\n<p><strong>L\u1ee2I \u00cdCH C\u1ee6A VI\u1ec6C B\u1ed4 SUNG S\u1ea2N PH\u1ea8M<\/strong><\/p>\n<p>K\u00edch th\u00edch t\u0103ng tr\u01b0\u1edfng nhanh.<\/p>\n<p>N\u00e2ng cao s\u1ee9c \u0111\u1ec1 kh\u00e1ng.<\/p>\n<p>Gi\u1ea3m ti\u00eau t\u1ed1n th\u1ee9c \u0103n.<\/p>\n<p>H\u1ea1n ch\u1ebf ti\u00eau ch\u1ea3y.<\/p>\n<p><strong>H\u01af\u1edaNG D\u1eaaN s\u1eed d\u1ee5ng<\/strong><\/p>\n<p>Tr\u1ed9n \u0111\u1ec1u v\u00e0o th\u1ee9c \u0103n: 1kg\/200kg th\u1ee9c \u0103n, d\u00f9ng li\u00ean t\u1ee5c trong th\u1eddi gian nu\u00f4i.<\/p>\n<p><strong>H\u1ea1n s\u1eed d\u1ee5ng s\u1ea3n ph\u1ea9m <\/strong><\/p>\n<p>24 th\u00e1ng k\u1ec3 t\u1eeb ng\u00e0y s\u1ea3n xu\u1ea5t.<\/p>\n<p><strong>B\u1ea2O QU\u1ea2N<\/strong><\/p>\n<p>N\u01a1i kh\u00f4 r\u00e1o, tho\u00e1ng m\u00e1t, nhi\u1ec7t \u0111\u1ed9 d\u01b0\u1edbi 30<sup>0<\/sup>C. Tr\u00e1nh \u00e1nh n\u1eafng tr\u1ef1c ti\u1ebfp, tr\u00e1nh xa t\u1ea7m tay tr\u1ebb em.<\/p>\n<p><strong>\u0110\u00d3NG G\u00d3I<\/strong><\/p>\n<p><strong>1kg\/g\u00f3i, 5kg\/x\u00f4, 10kg\/x\u00f4<\/strong><\/p>\n<p><strong>S\u1ed1 \u0111\u0103ng k\u00fd: TCCS 063:2013\/MBP<\/strong><\/p>\n","protected":false},"excerpt":{"rendered":"<p><strong>B\u1ed4 SUNG D\u01af\u1ee0NG CH\u1ea4T CHO HEO TH\u1ecaT T\u1eea SAU CAI S\u1eeeA \u0110\u1ebeN 30KG<\/strong><\/p>\n<p><strong>B\u1ed9t tr\u1ed9n th\u1ee9c \u0103n<\/strong><\/p>\n<p><strong>GROW PIGS I <\/strong>\u0111\u00e1p \u1ee9ng nhu c\u1ea7u vitamin v\u00e0 ch\u1ea5t kho\u00e1ng cho heo trong giai \u0111o\u1ea1n t\u1eeb sau cai s\u1eefa \u0111\u1ebfn 30kg. S\u1ea3n ph\u1ea9m gi\u00fap h\u1ea1n ch\u1ebf c\u00e1c b\u1ec7nh do thi\u1ebfu h\u1ee5t dinh d\u01b0\u1ee1ng, th\u00edch h\u1ee3p cho heo con k\u00e9m \u0103n, ch\u1eadm l\u1edbn, vi\u00eam da, r\u1ee5ng l\u00f4ng, gi\u00fap \u1ed5n \u0111\u1ecbnh th\u1ea7n kinh, t\u0103ng c\u01b0\u1eddng kh\u1ea3 n\u0103ng ti\u00eau h\u00f3a th\u1ee9c \u0103n v\u00e0 h\u1ea5p thu dinh d\u01b0\u1ee1ng, gi\u1ea3m ti\u00eau ch\u1ea3y hi\u1ec7u qu\u1ea3.<\/p>\n<p><strong>TH\u00c0NH PH\u1ea6N\u00a0\u00a0\u00a0\u00a0\u00a0\u00a0\u00a0 <\/strong><\/p>\n<p>Vitamin A (Retinyl acetate) (min): 2.500.000UI<\/p>\n<p>Vitamin D3 (Cholecalciferol) (min): 525.000UI<\/p>\n<p>Vitamin E (DL-Alpha-Tocopheryl acetate) (min): 2.500mg<\/p>\n<p>Vitamin B1 (Thiamine mononitrate) (min): 1.000mg<\/p>\n<p>Vitamin B2 (Riboflavin) (min): 1.200mg<\/p>\n<p>Vitamin B6 (Pyridoxine HCl) (min): 1.350mg<\/p>\n<p>Vitamin B12 (Cyanocobalamin) (min): 16mg<\/p>\n<p>Biotin (min): 20mg<\/p>\n<p>Cr* (min &#8211; max): 45 &#8211; 50mg<\/p>\n<p>CaCO3 v\u1eeba \u0111\u1ee7: 1kg<\/p>\n<p><strong>L\u1ee2I \u00cdCH C\u1ee6A VI\u1ec6C B\u1ed4 SUNG S\u1ea2N PH\u1ea8M<\/strong><\/p>\n<p>K\u00edch th\u00edch t\u0103ng tr\u01b0\u1edfng nhanh.<\/p>\n<p>N\u00e2ng cao s\u1ee9c \u0111\u1ec1 kh\u00e1ng.<\/p>\n<p>Gi\u1ea3m ti\u00eau t\u1ed1n th\u1ee9c \u0103n.<\/p>\n<p>H\u1ea1n ch\u1ebf ti\u00eau ch\u1ea3y.<\/p>\n<p><strong>H\u01af\u1edaNG D\u1eaaN s\u1eed d\u1ee5ng<\/strong><\/p>\n<p>Tr\u1ed9n \u0111\u1ec1u v\u00e0o th\u1ee9c \u0103n: 1kg\/200kg th\u1ee9c \u0103n, d\u00f9ng li\u00ean t\u1ee5c trong th\u1eddi gian nu\u00f4i.<\/p>\n","protected":false},"featured_media":10677,"comment_status":"closed","ping_status":"closed","template":"","meta":[],"product_brand":[],"product_cat":[62],"product_tag":[],"class_list":{"0":"post-5593","1":"product","2":"type-product","3":"status-publish","4":"has-post-thumbnail","6":"product_cat-thuoc-thu-y","8":"first","9":"instock","10":"shipping-taxable","11":"purchasable","12":"product-type-variable","13":"has-default-attributes"},"_links":{"self":[{"href":"https:\/\/mebipha.com\/online\/wp-json\/wp\/v2\/product\/5593","targetHints":{"allow":["GET"]}}],"collection":[{"href":"https:\/\/mebipha.com\/online\/wp-json\/wp\/v2\/product"}],"about":[{"href":"https:\/\/mebipha.com\/online\/wp-json\/wp\/v2\/types\/product"}],"replies":[{"embeddable":true,"href":"https:\/\/mebipha.com\/online\/wp-json\/wp\/v2\/comments?post=5593"}],"wp:featuredmedia":[{"embeddable":true,"href":"https:\/\/mebipha.com\/online\/wp-json\/wp\/v2\/media\/10677"}],"wp:attachment":[{"href":"https:\/\/mebipha.com\/online\/wp-json\/wp\/v2\/media?parent=5593"}],"wp:term":[{"taxonomy":"product_brand","embeddable":true,"href":"https:\/\/mebipha.com\/online\/wp-json\/wp\/v2\/product_brand?post=5593"},{"taxonomy":"product_cat","embeddable":true,"href":"https:\/\/mebipha.com\/online\/wp-json\/wp\/v2\/product_cat?post=5593"},{"taxonomy":"product_tag","embeddable":true,"href":"https:\/\/mebipha.com\/online\/wp-json\/wp\/v2\/product_tag?post=5593"}],"curies":[{"name":"wp","href":"https:\/\/api.w.org\/{rel}","templated":true}]}}