{"id":5588,"date":"2019-05-07T11:59:07","date_gmt":"2019-05-07T04:59:07","guid":{"rendered":"https:\/\/mebipha.com\/?post_type=product&#038;p=5588"},"modified":"2025-04-29T14:26:43","modified_gmt":"2025-04-29T07:26:43","slug":"glucan-cca","status":"publish","type":"product","link":"https:\/\/mebipha.com\/online\/glucan-cca\/","title":{"rendered":"GLUCAN C(C\u00c1)"},"content":{"rendered":"","protected":false},"excerpt":{"rendered":"<p><strong>S\u1ea2N PH\u1ea8M D\u1ea0NG B\u1ed8T G<\/strong><strong>IA T\u0102NG MI\u1ec4N D\u1ecaCH<\/strong><\/p>\n<p><strong>TH\u00c0NH PH\u1ea6N<\/strong><\/p>\n<p>Beta-Glucan* (min)&#8230;&#8230;&#8230;&#8230;..100.000 mg<\/p>\n<p>Vitamin C* (min)&#8230;&#8230;&#8230;&#8230;&#8230;&#8230; 50.000 mg<\/p>\n<p>Kh\u00e1ng sinh, ch\u1ea5t c\u1ea5m&#8230;&#8230;&#8230;.Kh\u00f4ng c\u00f3<\/p>\n<p>Ethoxyquin&#8230;&#8230;&#8230;&#8230;&#8230;&#8230;&#8230;&#8230;..Kh\u00f4ng c\u00f3<\/p>\n<p>Ch\u1ea5t mang (Glucose) v\u1eeba \u0111\u1ee7&#8230; 1 kg<\/p>\n<p><strong>NGUY\u00caN LI\u1ec6U\u00a0 <\/strong>N\u1ea5m men, Ascorbic acid, Dextrose monohydrate.<\/p>\n<p><strong>C\u00d4NG D\u1ee4NG<\/strong><\/p>\n<p>B\u1ed5 sung Beta-Glucan v\u00e0 vitamin C ch\u1ed1ng s\u1ed1c cho c\u00e1. Gi\u1ea3m stress v\u00e0 t\u0103ng s\u1ee9c \u0111\u1ec1 kh\u00e1ng. Gi\u00fap c\u00e1 ph\u00e1t tri\u1ec3n t\u1ed1t.<\/p>\n<p><strong>H\u01af\u1edaNG D\u1eaaN S\u1eec D\u1ee4NG V\u00c0 LI\u1ec0U D\u00d9NG<\/strong><\/p>\n<p>H\u00f2a tan v\u00e0o n\u01b0\u1edbc, tr\u1ed9n \u0111\u1ec1u v\u1edbi th\u1ee9c \u0103n, \u0111\u1ec3 r\u00e1o 15 ph\u00fat, sau \u0111\u00f3\u00a0 cho c\u00e1 \u0103n.<\/p>\n<p>C\u00e1 t\u1eeb 1-2 th\u00e1ng tu\u1ed5i: 1kg\/30 t\u1ea5n c\u00e1. D\u00f9ng li\u00ean t\u1ee5c 3-5 ng\u00e0y, m\u1ed7i th\u00e1ng d\u00f9ng 2 \u0111\u1ee3t.<\/p>\n<p>C\u00e1 tr\u00ean 2 th\u00e1ng tu\u1ed5i: 1kg\/40 t\u1ea5n c\u00e1. D\u00f9ng li\u00ean t\u1ee5c 3-5 ng\u00e0y, m\u1ed7i th\u00e1ng d\u00f9ng 2 \u0111\u1ee3t.<\/p>\n<p>Tr\u01b0\u1eddng h\u1ee3p b\u1ed5 sung li\u00ean t\u1ee5c trong su\u1ed1t qu\u00e1 tr\u00ecnh nu\u00f4i: 1kg\/ 50 t\u1ea5n c\u00e1.<\/p>\n<p>Khi c\u00e1 c\u00f3 bi\u1ec3u hi\u1ec7n stress ho\u1eb7c m\u1edbi ph\u00e1t b\u1ec7nh d\u00f9ng k\u1ebft h\u1ee3p kh\u00e1ng sinh: 1kg\/20 t\u1ea5n c\u00e1. D\u00f9ng li\u00ean t\u1ee5c 5-7 ng\u00e0y<\/p>\n","protected":false},"featured_media":11015,"comment_status":"closed","ping_status":"closed","template":"","meta":[],"product_brand":[],"product_cat":[71,107],"product_tag":[],"class_list":{"0":"post-5588","1":"product","2":"type-product","3":"status-publish","4":"has-post-thumbnail","6":"product_cat-thuoc-thuy-san","7":"product_cat-san-pham-cho-ca","9":"first","10":"instock","11":"shipping-taxable","12":"purchasable","13":"product-type-variable","14":"has-default-attributes"},"_links":{"self":[{"href":"https:\/\/mebipha.com\/online\/wp-json\/wp\/v2\/product\/5588","targetHints":{"allow":["GET"]}}],"collection":[{"href":"https:\/\/mebipha.com\/online\/wp-json\/wp\/v2\/product"}],"about":[{"href":"https:\/\/mebipha.com\/online\/wp-json\/wp\/v2\/types\/product"}],"replies":[{"embeddable":true,"href":"https:\/\/mebipha.com\/online\/wp-json\/wp\/v2\/comments?post=5588"}],"wp:featuredmedia":[{"embeddable":true,"href":"https:\/\/mebipha.com\/online\/wp-json\/wp\/v2\/media\/11015"}],"wp:attachment":[{"href":"https:\/\/mebipha.com\/online\/wp-json\/wp\/v2\/media?parent=5588"}],"wp:term":[{"taxonomy":"product_brand","embeddable":true,"href":"https:\/\/mebipha.com\/online\/wp-json\/wp\/v2\/product_brand?post=5588"},{"taxonomy":"product_cat","embeddable":true,"href":"https:\/\/mebipha.com\/online\/wp-json\/wp\/v2\/product_cat?post=5588"},{"taxonomy":"product_tag","embeddable":true,"href":"https:\/\/mebipha.com\/online\/wp-json\/wp\/v2\/product_tag?post=5588"}],"curies":[{"name":"wp","href":"https:\/\/api.w.org\/{rel}","templated":true}]}}