{"id":5575,"date":"2019-05-07T11:48:38","date_gmt":"2019-05-07T04:48:38","guid":{"rendered":"https:\/\/mebipha.com\/?post_type=product&#038;p=5575"},"modified":"2025-12-29T14:48:12","modified_gmt":"2025-12-29T07:48:12","slug":"fensol-safety","status":"publish","type":"product","link":"https:\/\/mebipha.com\/online\/fensol-safety\/","title":{"rendered":"FENSOL-SAFETY"},"content":{"rendered":"<p><strong>\u0110\u1eb6C TR\u1eca GIUN \u2013 S\u00c1N<\/strong><\/p>\n<p><strong>Thu\u1ed1c b\u1ed9t tr\u1ed9n th\u1ee9c \u0103n ho\u1eb7c pha n\u01b0\u1edbc u\u1ed1ng<\/strong><\/p>\n<p><strong>C\u00d4NG TH\u1ee8C<\/strong><\/p>\n<p>Fenbendazole: 40g<\/p>\n<p>Levamisole HCl: 20g<\/p>\n<p>T\u00e1 d\u01b0\u1ee3c v\u1eeba \u0111\u1ee7: 1kg<\/p>\n<p><strong>\u0110\u1eb6C T\u00cdNH D\u01af\u1ee2C L\u00dd S\u1ea2N PH\u1ea8M<\/strong><\/p>\n<p>Fenbendazole l\u00e0 m\u1ed9t lo\u1ea1i thu\u1ed1c t\u1ea9y giun s\u00e1n ph\u1ed5 r\u1ed9ng thu\u1ed9c nh\u00f3m Benzimidazole, \u0111\u01b0\u1ee3c ch\u1ec9 \u0111\u1ecbnh \u0111\u1ec3 lo\u1ea1i b\u1ecf c\u00e1c lo\u1ea1i giun sau: <em>Ostertagia <\/em>spp., <em>Trichostrongylus<\/em> spp., <em>Haemonchus<\/em> spp., <em>Bunostomum <\/em>spp., <em>Trichuris<\/em> spp., <em>Contractria<\/em> spp., <em>Nematodirus <\/em>spp., <em>Ascaris suum<\/em><em>, Oesopagostomum <\/em>spp., <em>Strongyloides<\/em> spp., <em>Hyostrongylus rubidus<\/em> v\u00e0 <em>Dictyocaulus viviparus<\/em> v\u00e0 <em>Dictyocaulus filaria. Fenbendazole <\/em>c\u00f3 t\u00e1c \u0111\u1ed9ng ch\u1ed1ng c\u00e1c d\u1ea1ng giun tr\u00f2n <strong>ch\u01b0a tr\u01b0\u1edfng th\u00e0nh<\/strong>\u00a0(\u1ea5u tr\u00f9ng) v\u00e0 giai \u0111o\u1ea1n\u00a0<strong>tr\u01b0\u1edfng th\u00e0nh<\/strong> k\u00fd sinh trong \u0111\u01b0\u1eddng ti\u00eau h\u00f3a, h\u00f4 h\u1ea5p v\u00e0 \u0111\u01b0\u1eddng ti\u1ebft ni\u1ec7u tr\u00ean heo v\u00e0 gia c\u1ea7m. Thu\u1ed1c c\u0169ng c\u00f3 t\u00e1c \u0111\u1ed9ng hi\u1ec7u qu\u1ea3 tr\u00ean\u00a0<strong>tr\u1ee9ng<\/strong>\u00a0giun s\u00e1n (s\u00e1n d\u00e2y).<\/p>\n<p>Levamisole l\u00e0 m\u1ed9t lo\u1ea1i thu\u1ed1c t\u1ea9y giun s\u00e1n ph\u1ed5 r\u1ed9ng t\u1ed5ng h\u1ee3p, c\u00f3 ho\u1ea1t t\u00ednh ch\u1ed1ng l\u1ea1i c\u00e1c giai \u0111o\u1ea1n tr\u01b0\u1edfng th\u00e0nh v\u00e0 \u1ea5u tr\u00f9ng c\u1ee7a giun tr\u00f2n \u0111\u01b0\u1eddng ti\u00eau h\u00f3a v\u00e0 giun ph\u1ed5i \u1edf gia s\u00fac, c\u1eebu, d\u00ea v\u00e0 l\u1ee3n. Sau khi u\u1ed1ng ho\u1eb7c ti\u00eam, levamisole l\u00e0m t\u00ea li\u1ec7t giun. Sau \u0111\u00f3, giun \u0111\u01b0\u1ee3c t\u1ed1ng ra ngo\u00e0i theo ph\u00e2n.<\/p>\n<p>Fenbendazole v\u00e0 Levamisole \u0111\u1ec1u l\u00e0 hai lo\u1ea1i thu\u1ed1c t\u1ea9y giun m\u1ea1nh n\u00ean vi\u1ec7c ph\u1ed1i h\u1ee3p gi\u00fap hi\u1ec7p l\u1ef1c, t\u0103ng t\u00e1c d\u1ee5ng, t\u0103ng hi\u1ec7u qu\u1ea3 tr\u1ecb b\u1ec7nh. Do c\u00e1ch th\u1ee9c t\u00e1c \u0111\u1ed9ng c\u1ee7a ch\u00fang, s\u1ef1 ph\u1ed1i h\u1ee3p 2 kh\u00e1ng sinh n\u00e0y r\u00fat ng\u1eafn th\u1eddi gian \u0111i\u1ec1u tr\u1ecb xu\u1ed1ng t\u1eeb 2 \u2013 4 ng\u00e0y so v\u1edbi d\u00f9ng \u0111\u01a1n l\u1ebb.<\/p>\n<p><strong>C\u00d4NG D\u1ee4NG S\u1ea2N PH\u1ea8M<\/strong><\/p>\n<p>Ph\u00f2ng v\u00e0 tr\u1ecb c\u00e1c t\u00ecnh tr\u1ea1ng nhi\u1ec5m giun tr\u00f2n v\u00e0 d\u1eb9p tr\u00ean gia s\u00fac, gia c\u1ea7m:<\/p>\n<p>Heo: Giun \u0111\u0169a, giun m\u00f3c, giun xo\u0103n, giun k\u1ebft h\u1ea1t, giun ph\u1ed5i, giun th\u1eadn, giun ch\u1ec9, giun t\u00f3c.<\/p>\n<p>Tr\u00e2u, b\u00f2, d\u00ea, c\u1eebu: giun \u0111\u0169a, giun xo\u0103n d\u1ea1 m\u00fai kh\u1ebf, t\u00e1 tr\u00e0ng, giun k\u1ebft h\u1ea1t, giun ph\u1ed5i.<\/p>\n<p>G\u00e0, v\u1ecbt, c\u00fat: C\u00e1c lo\u1ea1i giun tr\u00f2n \u0111\u01b0\u1eddng ru\u1ed9t, giun m\u1eaft,&#8230;<\/p>\n<p><strong>CH\u1ed0NG CH\u1ec8 \u0110\u1ecaNH<\/strong><\/p>\n<p>Th\u00fa b\u1ecb suy gi\u1ea3m ch\u1ee9c n\u0103ng gan.<\/p>\n<p><strong>S\u1eec D\u1ee4NG<\/strong><\/p>\n<p>S\u1eed d\u1ee5ng 1 li\u1ec1u duy nh\u1ea5t, tr\u1ed9n \u0111\u1ec1u thu\u1ed1c v\u00e0o th\u1ee9c \u0103n ho\u1eb7c pha v\u00e0o n\u01b0\u1edbc u\u1ed1ng.<\/p>\n<p>Tr\u00e2u, b\u00f2, d\u00ea, c\u1eebu: 1g\/10kg th\u1ec3 tr\u1ecdng, t\u01b0\u01a1ng \u0111\u01b0\u01a1ng 25g\/250kg th\u1ec3 tr\u1ecdng.<\/p>\n<p>Heo: 1g\/8kg th\u1ec3 tr\u1ecdng, t\u01b0\u01a1ng \u0111\u01b0\u01a1ng 25g\/200kg th\u1ec3 tr\u1ecdng.<\/p>\n<p>Heo th\u1ecbt: X\u1ed5 l\u00e3i tr\u01b0\u1edbc \u0111\u01b0a xu\u1ed1ng chu\u1ed3ng nu\u00f4i th\u1ecbt v\u00e0 l\u1eb7p l\u1ea1i sau 2 th\u00e1ng.<\/p>\n<p>N\u00e1i: x\u1ed5 l\u00e3i tr\u01b0\u1edbc khi \u0111\u01b0a v\u00e0o chu\u1ed3ng \u0111\u1ebb.<\/p>\n<p>N\u1ecdc: \u0111\u1ecbnh k\u1ef3 6 th\u00e1ng s\u1ed5 1 l\u1ea7n.<\/p>\n<p>G\u00e0, v\u1ecbt, c\u00fat: 1g\/5kg th\u1ec3 tr\u1ecdng, t\u01b0\u01a1ng \u0111\u01b0\u01a1ng 1kg\/5 t\u1ea5n th\u1ec3 tr\u1ecdng.<\/p>\n<p>\u0110\u1ecbnh k\u1ef3 2 th\u00e1ng x\u1ed5 1 l\u1ea7n.<\/p>\n<p><strong>Th\u1eddi gian ng\u01b0ng s\u1eed d\u1ee5ng thu\u1ed1c<\/strong><\/p>\n<p>Th\u00fa th\u1ecbt:7 ng\u00e0y tr\u01b0\u1edbc khi gi\u1ebft th\u1ecbt.<\/p>\n<p>Th\u00fa l\u1ea5y s\u1eefa: 4 l\u1ea7n v\u1eaft s\u1eefa.<\/p>\n<p><strong>H\u1ea1n s\u1eed d\u1ee5ng s\u1ea3n ph\u1ea9m <\/strong><\/p>\n<p>24 th\u00e1ng k\u1ec3 t\u1eeb ng\u00e0y s\u1ea3n xu\u1ea5t.<\/p>\n<p><strong>B\u1ea2O QU\u1ea2N<\/strong><\/p>\n<p>N\u01a1i kh\u00f4 r\u00e1o, tho\u00e1ng m\u00e1t, nhi\u1ec7t \u0111\u1ed9 d\u01b0\u1edbi 30<sup>0<\/sup>C. Tr\u00e1nh \u00e1nh n\u1eafng tr\u1ef1c ti\u1ebfp, tr\u00e1nh xa t\u1ea7m tay tr\u1ebb em.<\/p>\n<p><strong>\u0110\u00d3NG G\u00d3I<\/strong><\/p>\n<p><strong>5g\/g\u00f3i, 10g\/g\u00f3i, 25g\/g\u00f3i, 100g\/g\u00f3i, 1kg\/g\u00f3i, 1kg\/lon.<\/strong><\/p>\n<p><strong>S\u1ed1 \u0111\u0103ng k\u00fd: MBP-111<\/strong><\/p>\n","protected":false},"excerpt":{"rendered":"<p>Th\u00e0nh ph\u1ea7n:<\/p>\n<p>Fenbendazole: 40g<br \/>\nLevamisole: 20g<br \/>\nT\u00e1 d\u01b0\u1ee3c v\u1eeba \u0111\u1ee7 : 1kg<\/p>\n<p>S\u1eed d\u1ee5ng:<\/p>\n<p>S\u1eed d\u1ee5ng 1 li\u1ec1u duy nh\u1ea5t, tr\u1ed9n \u0111\u1ec1u thu\u1ed1c v\u00e0o th\u1ee9c \u0103n ho\u1eb7c pha n\u01b0\u1edbc u\u1ed1ng<br \/>\nTr\u00e2u, B\u00f2, d\u00ea, c\u1eebu: 1g\/10kg th\u1ec3 tr\u1ecdng, t\u01b0\u01a1ng \u0111\u01b0\u01a1ng 25g\/250kg th\u1ec3 tr\u1ecdng<br \/>\nHeo: 1g\/8kg th\u1ec3 tr\u1ecdng, t\u01b0\u01a1ng \u0111\u01b0\u01a1ng 25g\/200kg th\u1ec3 tr\u1ecdng.<br \/>\nHeo th\u1ecbt: x\u1ed5 l\u00e3i tr\u01b0\u1edbc khi \u0111\u01b0a xu\u1ed1ng chu\u1ed3ng nu\u00f4i th\u1ecbt v\u00e0 l\u1eb7p l\u1ea1i sau 2 th\u00e1ng<br \/>\nN\u00e1i: x\u1ed5 l\u00e3i tr\u01b0\u1edbc khi \u0111\u01b0a v\u00e0o chu\u1ed3ng \u0111\u1ebb<br \/>\nN\u1ecdc: \u0111\u1ecbnh k\u1ef3 6 th\u00e1ng x\u1ed5 1 l\u1ea7n.<br \/>\nG\u00e0, V\u1ecbt, C\u00fat: 1g\/5kg th\u1ec3 tr\u1ecdng. \u0110\u1ecbnh k\u1ef3 2 th\u00e1ng x\u1ed5 1 l\u1ea7n<\/p>\n","protected":false},"featured_media":10076,"comment_status":"closed","ping_status":"closed","template":"","meta":[],"product_brand":[],"product_cat":[62],"product_tag":[],"class_list":{"0":"post-5575","1":"product","2":"type-product","3":"status-publish","4":"has-post-thumbnail","6":"product_cat-thuoc-thu-y","8":"first","9":"instock","10":"shipping-taxable","11":"purchasable","12":"product-type-variable"},"_links":{"self":[{"href":"https:\/\/mebipha.com\/online\/wp-json\/wp\/v2\/product\/5575","targetHints":{"allow":["GET"]}}],"collection":[{"href":"https:\/\/mebipha.com\/online\/wp-json\/wp\/v2\/product"}],"about":[{"href":"https:\/\/mebipha.com\/online\/wp-json\/wp\/v2\/types\/product"}],"replies":[{"embeddable":true,"href":"https:\/\/mebipha.com\/online\/wp-json\/wp\/v2\/comments?post=5575"}],"wp:featuredmedia":[{"embeddable":true,"href":"https:\/\/mebipha.com\/online\/wp-json\/wp\/v2\/media\/10076"}],"wp:attachment":[{"href":"https:\/\/mebipha.com\/online\/wp-json\/wp\/v2\/media?parent=5575"}],"wp:term":[{"taxonomy":"product_brand","embeddable":true,"href":"https:\/\/mebipha.com\/online\/wp-json\/wp\/v2\/product_brand?post=5575"},{"taxonomy":"product_cat","embeddable":true,"href":"https:\/\/mebipha.com\/online\/wp-json\/wp\/v2\/product_cat?post=5575"},{"taxonomy":"product_tag","embeddable":true,"href":"https:\/\/mebipha.com\/online\/wp-json\/wp\/v2\/product_tag?post=5575"}],"curies":[{"name":"wp","href":"https:\/\/api.w.org\/{rel}","templated":true}]}}