{"id":5569,"date":"2019-05-07T11:43:29","date_gmt":"2019-05-07T04:43:29","guid":{"rendered":"https:\/\/mebipha.com\/?post_type=product&#038;p=5569"},"modified":"2024-06-03T15:40:21","modified_gmt":"2024-06-03T08:40:21","slug":"electrolytes","status":"publish","type":"product","link":"https:\/\/mebipha.com\/online\/electrolytes\/","title":{"rendered":"ELECTROLYTES"},"content":{"rendered":"<p><strong>GI\u1ea2M STRESS, H\u1ed6 TR\u1ee2 \u0110I\u1ec0U TR\u1eca M\u1ea4T N\u01af\u1edaC<\/strong><\/p>\n<p><strong>ELECTROLYTES<\/strong> ch\u1ee9a h\u1ed7n h\u1ee3p c\u00e1c ch\u1ea5t \u0111i\u1ec7n gi\u1ea3i gi\u00fap b\u1ed5 sung \u0111i\u1ec7n gi\u1ea3i, b\u00f9 n\u01b0\u1edbc v\u00e0 cung c\u1ea5p n\u0103ng l\u01b0\u1ee3ng cho gia s\u00fac, gia c\u1ea7m trong c\u00e1c tr\u01b0\u1eddng h\u1ee3p ti\u00eau ch\u1ea3y, n\u00f4n m\u1eeda, s\u1ed1t cao. <strong>ELECTROLYTES<\/strong> c\u0169ng c\u00f3 hi\u1ec7u qu\u1ea3 trong vi\u1ec7c gi\u1ea3m c\u00e1c tri\u1ec7u ch\u1ee9ng do stress nhi\u1ec7t nh\u01b0 \u1ee7 r\u0169, ch\u00e1n \u0103n, gi\u1ea3m t\u1ec9 l\u1ec7 \u0111\u1eadu thai, gi\u1ea3m s\u1ea3n xu\u1ea5t tr\u1ee9ng,\u2026<\/p>\n<p><strong>TH\u00c0NH PH\u1ea6N<\/strong><\/p>\n<p>Sodium bicarbonate* (min-max): 90-120g<\/p>\n<p>Potassium chloride* (min-max): 45-65g<\/p>\n<p>Sodium chloride* (min-max): 35-55g<\/p>\n<p>Sodium citrate* (min-max): 20-40g<\/p>\n<p>Glucose v\u1eeba \u0111\u1ee7: 1kg<\/p>\n<p><strong>L\u1ee2I \u00cdCH <\/strong><strong>C\u1ee6A VI\u1ec6C B\u1ed4 SUNG S\u1ea2N PH\u1ea8M<\/strong><\/p>\n<p>D\u00f9ng h\u1ed7 tr\u1ee3 \u0111i\u1ec1u tr\u1ecb: hi\u1ec7n t\u01b0\u1ee3ng m\u1ea5t n\u01b0\u1edbc v\u00e0 c\u00e2n b\u1eb1ng \u0111i\u1ec7n gi\u1ea3i trong t\u1ea5t c\u1ea3 c\u00e1c b\u1ec7nh c\u00f3 tri\u1ec7u ch\u1ee9ng ti\u00eau ch\u1ea3y, s\u1ed1t cao.<\/p>\n<p>H\u1ea1n ch\u1ebf: c\u00e1c tr\u01b0\u1eddng h\u1ee3p stress do ti\u00eam ch\u1ee7ng, chuy\u1ec3n chu\u1ed3ng, thay \u0111\u1ed5i th\u1ee9c \u0103n, th\u1eddi ti\u1ebft l\u00fac giao m\u00f9a ho\u1eb7c th\u1eddi ti\u1ebft n\u00f3ng b\u1ee9c.<\/p>\n<p><strong>H\u01af\u1edaNG D\u1eaaN S\u1eec D\u1ee4NG<\/strong><\/p>\n<p>H\u1ea1n ch\u1ebf stress: pha 100g\/100 l\u00edt n\u01b0\u1edbc u\u1ed1ng, d\u00f9ng li\u00ean t\u1ee5c 2-3 ng\u00e0y\/\u0111\u1ee3t.<\/p>\n<p>H\u1ed7 tr\u1ee3 \u0111i\u1ec1u tr\u1ecb m\u1ea5t n\u01b0\u1edbc, m\u1ea5t ch\u1ea5t \u0111i\u1ec7n gi\u1ea3i: pha 100g\/50 l\u00edt n\u01b0\u1edbc ho\u1eb7c 100g\/25kg th\u1ee9c \u0103n, d\u00f9ng li\u00ean t\u1ee5c trong 3-5 ng\u00e0y.<\/p>\n<p>D\u00f9ng k\u1ebft h\u1ee3p trong t\u1ea5t c\u1ea3 c\u00e1c li\u1ec7u tr\u00ecnh tr\u1ecb b\u1ec7nh ti\u00eau ch\u1ea3y, s\u1ed1t cao tr\u00ean gia s\u00fac, gia c\u1ea7m.<\/p>\n<p><strong>B\u1ea2O QU\u1ea2N<\/strong><\/p>\n<p>N\u01a1i kh\u00f4 r\u00e1o, tho\u00e1ng m\u00e1t, nhi\u1ec7t \u0111\u1ed9 d\u01b0\u1edbi 30<sup>0<\/sup>C, tr\u00e1nh \u00e1nh n\u1eafng tr\u1ef1c ti\u1ebfp. Tr\u00e1nh xa t\u1ea7m tay tr\u1ebb em.<\/p>\n<p><strong>H\u1ea0N D\u00d9NG<\/strong><\/p>\n<p>24 th\u00e1ng k\u1ec3 t\u1eeb ng\u00e0y s\u1ea3n xu\u1ea5t.<\/p>\n<p><strong>\u0110\u00d3NG G\u00d3I<\/strong><\/p>\n<p>20g, 100g, 500g\/g\u00f3i, 1kg\/g\u00f3i, 1kg\/g\u00f3i (10 trong 1)<\/p>\n<p><strong>S\u1ed1 <\/strong><strong>\u0111\u0103ng k\u00fd<\/strong><strong>: TCCS 0<\/strong><strong>30<\/strong><strong>:20<\/strong><strong>13<\/strong><strong>\/MBP <\/strong><\/p>\n","protected":false},"excerpt":{"rendered":"<p><strong>GI\u1ea2M STRESS, H\u1ed6 TR\u1ee2 \u0110I\u1ec0U TR\u1eca M\u1ea4T N\u01af\u1edaC<\/strong><\/p>\n<p><strong>TH\u00c0NH PH\u1ea6N<\/strong><\/p>\n<p>Sodium bicarbonate* (min-max): 90-120g<\/p>\n<p>Potassium chloride* (min-max): 45-65g<\/p>\n<p>Sodium chloride* (min-max): 35-55g<\/p>\n<p>Sodium citrate* (min-max): 20-40<\/p>\n<p>Glucose v\u1eeba \u0111\u1ee7: 1kg<\/p>\n<p><strong>L\u1ee2I \u00cdCH <\/strong><strong>C\u1ee6A VI\u1ec6C B\u1ed4 SUNG S\u1ea2N PH\u1ea8M<\/strong><\/p>\n<p>D\u00f9ng h\u1ed7 tr\u1ee3 \u0111i\u1ec1u tr\u1ecb: hi\u1ec7n t\u01b0\u1ee3ng m\u1ea5t n\u01b0\u1edbc v\u00e0 c\u00e2n b\u1eb1ng \u0111i\u1ec7n gi\u1ea3i trong t\u1ea5t c\u1ea3 c\u00e1c b\u1ec7nh c\u00f3 tri\u1ec7u ch\u1ee9ng ti\u00eau ch\u1ea3y, s\u1ed1t cao.<\/p>\n<p>H\u1ea1n ch\u1ebf: c\u00e1c tr\u01b0\u1eddng h\u1ee3p stress do ti\u00eam ch\u1ee7ng, chuy\u1ec3n chu\u1ed3ng, thay \u0111\u1ed5i th\u1ee9c \u0103n, th\u1eddi ti\u1ebft l\u00fac giao m\u00f9a ho\u1eb7c th\u1eddi ti\u1ebft n\u00f3ng b\u1ee9c.<\/p>\n<p><strong>H\u01af\u1edaNG D\u1eaaN S\u1eec D\u1ee4NG<\/strong><\/p>\n<p>H\u1ea1n ch\u1ebf stress: pha 100g\/100 l\u00edt n\u01b0\u1edbc u\u1ed1ng, d\u00f9ng li\u00ean t\u1ee5c 2-3 ng\u00e0y\/\u0111\u1ee3t.<\/p>\n","protected":false},"featured_media":10079,"comment_status":"closed","ping_status":"closed","template":"","meta":[],"product_brand":[],"product_cat":[62],"product_tag":[],"class_list":{"0":"post-5569","1":"product","2":"type-product","3":"status-publish","4":"has-post-thumbnail","6":"product_cat-thuoc-thu-y","8":"first","9":"instock","10":"shipping-taxable","11":"purchasable","12":"product-type-variable","13":"has-default-attributes"},"_links":{"self":[{"href":"https:\/\/mebipha.com\/online\/wp-json\/wp\/v2\/product\/5569","targetHints":{"allow":["GET"]}}],"collection":[{"href":"https:\/\/mebipha.com\/online\/wp-json\/wp\/v2\/product"}],"about":[{"href":"https:\/\/mebipha.com\/online\/wp-json\/wp\/v2\/types\/product"}],"replies":[{"embeddable":true,"href":"https:\/\/mebipha.com\/online\/wp-json\/wp\/v2\/comments?post=5569"}],"wp:featuredmedia":[{"embeddable":true,"href":"https:\/\/mebipha.com\/online\/wp-json\/wp\/v2\/media\/10079"}],"wp:attachment":[{"href":"https:\/\/mebipha.com\/online\/wp-json\/wp\/v2\/media?parent=5569"}],"wp:term":[{"taxonomy":"product_brand","embeddable":true,"href":"https:\/\/mebipha.com\/online\/wp-json\/wp\/v2\/product_brand?post=5569"},{"taxonomy":"product_cat","embeddable":true,"href":"https:\/\/mebipha.com\/online\/wp-json\/wp\/v2\/product_cat?post=5569"},{"taxonomy":"product_tag","embeddable":true,"href":"https:\/\/mebipha.com\/online\/wp-json\/wp\/v2\/product_tag?post=5569"}],"curies":[{"name":"wp","href":"https:\/\/api.w.org\/{rel}","templated":true}]}}