{"id":5563,"date":"2019-05-07T11:39:16","date_gmt":"2019-05-07T04:39:16","guid":{"rendered":"https:\/\/mebipha.com\/?post_type=product&#038;p=5563"},"modified":"2024-10-04T09:20:22","modified_gmt":"2024-10-04T02:20:22","slug":"doxyca","status":"publish","type":"product","link":"https:\/\/mebipha.com\/online\/doxyca\/","title":{"rendered":"DOXY(C\u00c1)"},"content":{"rendered":"","protected":false},"excerpt":{"rendered":"<p>\u0110\u1eb6C TR\u1eca B\u1ec6NH GAN TH\u1eacN M\u1ee6 &#8211; XU\u1ea4T HUY\u1ebeT &#8211; PH\u00d9 \u0110\u1ea6U<\/p>\n<p><strong>C\u00d4NG TH\u1ee8C<\/strong><\/p>\n<p>Doxycycline hyclate\u2026\u2026&#8230; 200g<\/p>\n<p>T\u00e1 d\u01b0\u1ee3c v\u1eeba \u0111\u1ee7\u2026\u2026\u2026\u2026.1.000g<\/p>\n<p><strong>CH\u1ec8 \u0110\u1ecaNH<\/strong><\/p>\n<p>\u0110i\u1ec1u tr\u1ecb b\u1ec7nh gan th\u1eadn<\/p>\n<p>m\u1ee7 do vi khu\u1ea9n <em>Edwardsiella ictaluri<\/em> g\u00e2y ra, b\u1ec7nh xu\u1ea5t huy\u1ebft, ph\u00f9 \u0111\u1ea7u, l\u1edf lo\u00e9t&#8230;. ch\u1ee7 y\u1ebfu do nh\u00f3m vi khu\u1ea9n Aeromonas g\u00e2y ra tr\u00ean c\u00e1 tra, c\u00e1 l\u00f3c, c\u00e1 \u0111i\u00eau h\u1ed3ng, c\u00e1 r\u00f4&#8230;<\/p>\n<p><strong>LI\u1ec0U L\u01af\u1ee2NG <\/strong><\/p>\n<p>Ph\u00f2ng b\u1ec7nh: 1kg DOXY\/ 35-40 t\u1ea5n c\u00e1, \u0111\u1ecbnh k\u1ef3 1 th\u00e1ng cho \u0103n m\u1ed9t l\u1ea7n, li\u00ean t\u1ee5c trong 2 ng\u00e0y.<\/p>\n<p>Tr\u1ecb b\u1ec7nh: 1kg DOXY\/ 25- 30 t\u1ea5n c\u00e1 ng\u00e0y cho \u0103n 1 l\u1ea7n, li\u00ean t\u1ee5c trong 5-7 ng\u00e0y.<\/p>\n<p>Sau khi \u0111i\u1ec1u tr\u1ecb c\u00e1 h\u1ebft b\u1ec7nh, b\u1ed5 sung s\u1ea3n ph\u1ea9m gi\u1ea3i \u0111\u1ed9c gan th\u1eadn Hepasol B12 k\u1ebft h\u1ee3p c\u1ea5y l\u1ea1i men vi sinh \u0111\u01b0\u1eddng ru\u1ed9t Mebilacty sp.<\/p>\n<p><strong>H\u01af\u1edaNG D\u1eaaN S\u1eec D\u1ee4NG<\/strong><\/p>\n<p>H\u00f2a tan v\u00e0o n\u01b0\u1edbc, tr\u1ed9n \u0111\u1ec1u v\u1edbi th\u1ee9c \u0103n, \u0111\u1ec3 r\u00e1o 15 ph\u00fat sau \u0111\u00f3 cho c\u00e1 \u0103n.<\/p>\n<p><strong>TH\u1edcI GIAN NG\u01afNG S\u1eec D\u1ee4NG THU\u1ed0C<\/strong>:<\/p>\n<p>30 ng\u00e0y tr\u01b0\u1edbc khi thu ho\u1ea1ch.<\/p>\n","protected":false},"featured_media":10648,"comment_status":"closed","ping_status":"closed","template":"","meta":[],"product_brand":[],"product_cat":[71,107],"product_tag":[],"class_list":{"0":"post-5563","1":"product","2":"type-product","3":"status-publish","4":"has-post-thumbnail","6":"product_cat-thuoc-thuy-san","7":"product_cat-san-pham-cho-ca","9":"first","10":"instock","11":"shipping-taxable","12":"purchasable","13":"product-type-variable","14":"has-default-attributes"},"_links":{"self":[{"href":"https:\/\/mebipha.com\/online\/wp-json\/wp\/v2\/product\/5563","targetHints":{"allow":["GET"]}}],"collection":[{"href":"https:\/\/mebipha.com\/online\/wp-json\/wp\/v2\/product"}],"about":[{"href":"https:\/\/mebipha.com\/online\/wp-json\/wp\/v2\/types\/product"}],"replies":[{"embeddable":true,"href":"https:\/\/mebipha.com\/online\/wp-json\/wp\/v2\/comments?post=5563"}],"wp:featuredmedia":[{"embeddable":true,"href":"https:\/\/mebipha.com\/online\/wp-json\/wp\/v2\/media\/10648"}],"wp:attachment":[{"href":"https:\/\/mebipha.com\/online\/wp-json\/wp\/v2\/media?parent=5563"}],"wp:term":[{"taxonomy":"product_brand","embeddable":true,"href":"https:\/\/mebipha.com\/online\/wp-json\/wp\/v2\/product_brand?post=5563"},{"taxonomy":"product_cat","embeddable":true,"href":"https:\/\/mebipha.com\/online\/wp-json\/wp\/v2\/product_cat?post=5563"},{"taxonomy":"product_tag","embeddable":true,"href":"https:\/\/mebipha.com\/online\/wp-json\/wp\/v2\/product_tag?post=5563"}],"curies":[{"name":"wp","href":"https:\/\/api.w.org\/{rel}","templated":true}]}}