{"id":5558,"date":"2019-05-07T11:34:19","date_gmt":"2019-05-07T04:34:19","guid":{"rendered":"https:\/\/mebipha.com\/?post_type=product&#038;p=5558"},"modified":"2024-05-06T15:09:25","modified_gmt":"2024-05-06T08:09:25","slug":"bzca","status":"publish","type":"product","link":"https:\/\/mebipha.com\/online\/bzca\/","title":{"rendered":"BZ(C\u00c1)"},"content":{"rendered":"","protected":false},"excerpt":{"rendered":"<p><strong>S\u1ea2N PH\u1ea8M D\u1ea0NG B\u1ed8T <\/strong><strong>X\u1eec L\u00dd \u0110\u00c1Y AO, X\u1eec L\u00dd M\u00d4I TR\u01af\u1edcNG N\u01af\u1edaC <\/strong><strong>BZ BAO G\u1ed2M C\u00c1C CH\u1ee6NG VI SINH V\u1eacT V\u00c0 ENZYME TH\u1ebe H\u1ec6 M\u1edaI NH\u1ea4T, L\u00c0M S\u1ea0CH M\u00d4I TR\u01af\u1edcNG N\u01af\u1edaC V\u00c0 \u0110\u00c1Y AO NU\u00d4I C\u00c1<\/strong><\/p>\n<p><strong>TH\u00c0NH PH\u1ea6N<\/strong><\/p>\n<p><em>Bacillus subtilis*<\/em> (min)&#8230;..0,1 x 10<sup>10 <\/sup>CFU<\/p>\n<p><em>Bacillus licheniformis<\/em> (min)&#8230; 0,3 x 10<sup>10 <\/sup>CFU<\/p>\n<p><em>Bacillus megaterium<\/em> (min)&#8230; 0,2 x 10<sup>10 <\/sup>CFU<\/p>\n<p><em>Nitrobacter <\/em>sp. (min)&#8230;&#8230; 0,5 x 10<sup>7<\/sup> CFU<\/p>\n<p>Protease (min)&#8230;.. 50.000 mg<\/p>\n<p>Kh\u00e1ng sinh, ch\u1ea5t c\u1ea5m&#8230;&#8230; Kh\u00f4ng c\u00f3<\/p>\n<p>Ethoxyquin&#8230;.. Kh\u00f4ng c\u00f3<\/p>\n<p>Ch\u1ea5t mang (Dextrose) v\u1eeba \u0111\u1ee7&#8230;. 1 kg<\/p>\n<p><strong>NGUY\u00caN LI\u1ec6U<\/strong> \u00a0<em>Bacillus subtilis<\/em>, <em>Bacillus licheniformis<\/em>, <em>Bacillus megaterium<\/em>, <em>Bacillus <\/em><em>polymyxa<\/em>, <em>Nitrobacter <\/em>sp., Protease, dextrose.<\/p>\n<p><strong>C\u00d4NG D\u1ee4NG<\/strong><\/p>\n<p>Ph\u00e2n h\u1ee7y nhanh c\u00e1c ch\u1ea5t h\u1eefu c\u01a1, th\u1ee9c \u0103n th\u1eeba, ph\u00e2n c\u1ee7a c\u00e1. L\u00e0m s\u1ea1ch \u0111\u00e1y ao.<\/p>\n<p>L\u00e0m s\u1ea1ch v\u00e0 \u1ed5n \u0111\u1ecbnh m\u00f4i tr\u01b0\u1eddng n\u01b0\u1edbc, l\u00e0m t\u0103ng hi\u1ec7u qu\u1ea3 ho\u1ea1t \u0111\u1ed9ng c\u1ee7a h\u1ec7 sinh th\u00e1i.<\/p>\n<p>Gi\u1ea3m c\u00e1c kh\u00ed \u0111\u1ed9c NH<sub>3<\/sub>, H<sub>2<\/sub>S, NO<sub>2<\/sub>,\u2026 c\u00f3 trong ao nu\u00f4i.<\/p>\n<p>T\u0103ng s\u1ee9c \u0111\u1ec1 kh\u00e1ng v\u00e0 n\u00e2ng cao n\u0103ng su\u1ea5t c\u00e1 nu\u00f4i.<\/p>\n<p><strong>H\u01af\u1edaNG D\u1eaaN S\u1eec D\u1ee4NG V\u00c0 LI\u1ec0U D\u00d9NG<\/strong><\/p>\n<p>H\u00f2a tan 500g BZ v\u1edbi 50 l\u00edt n\u01b0\u1edbc, sau \u0111\u00f3 t\u1ea1t \u0111\u1ec1u xu\u1ed1ng ao, ch\u1ea1y qu\u1ea1t n\u01b0\u1edbc t\u1ed1i thi\u1ec3u l\u00e0 2h khi s\u1eed d\u1ee5ng.<\/p>\n<p>Th\u1eddi \u0111i\u1ec3m s\u1eed d\u1ee5ng t\u1ed1t nh\u1ea5t trong ng\u00e0y l\u00e0 bu\u1ed5i s\u00e1ng (10h00-12h00).<\/p>\n<p>Tr\u01b0\u1edbc khi th\u1ea3 gi\u1ed1ng 3 ng\u00e0y: d\u00f9ng 500g\/3.000 &#8211; 4.000m<sup>2 <\/sup>\u00a0m\u1eb7t n\u01b0\u1edbc.<\/p>\n<p>Th\u00e1ng th\u1ee9 1 &amp; 2: 500g\/10.000m<sup>3 <\/sup>n\u01b0\u1edbc, d\u00f9ng \u0111\u1ecbnh k\u1ef3 10 ng\u00e0y\/l\u1ea7n.<\/p>\n<p>Th\u00e1ng th\u1ee9 3 &amp; 4: 500g\/8.000m<sup>3 <\/sup>n\u01b0\u1edbc, d\u00f9ng \u0111\u1ecbnh k\u1ef3 10 ng\u00e0y\/l\u1ea7n.<\/p>\n<p>\u0110\u1ed1i v\u1edbi ao nu\u00f4i qu\u00e1 d\u01a1 ho\u1eb7c t\u00f4m, c\u00e1 \u0111ang b\u1ecb b\u1ec7nh: D\u00f9ng 500g\/5.000m<sup>3 <\/sup>n\u01b0\u1edbc, \u0111\u00e1nh 2 l\u1ea7n li\u00ean ti\u1ebfp c\u00e1ch nhau 3 ng\u00e0y.<\/p>\n","protected":false},"featured_media":10309,"comment_status":"closed","ping_status":"closed","template":"","meta":[],"product_brand":[],"product_cat":[71,107],"product_tag":[],"class_list":{"0":"post-5558","1":"product","2":"type-product","3":"status-publish","4":"has-post-thumbnail","6":"product_cat-thuoc-thuy-san","7":"product_cat-san-pham-cho-ca","9":"first","10":"instock","11":"shipping-taxable","12":"purchasable","13":"product-type-variable","14":"has-default-attributes"},"_links":{"self":[{"href":"https:\/\/mebipha.com\/online\/wp-json\/wp\/v2\/product\/5558","targetHints":{"allow":["GET"]}}],"collection":[{"href":"https:\/\/mebipha.com\/online\/wp-json\/wp\/v2\/product"}],"about":[{"href":"https:\/\/mebipha.com\/online\/wp-json\/wp\/v2\/types\/product"}],"replies":[{"embeddable":true,"href":"https:\/\/mebipha.com\/online\/wp-json\/wp\/v2\/comments?post=5558"}],"wp:featuredmedia":[{"embeddable":true,"href":"https:\/\/mebipha.com\/online\/wp-json\/wp\/v2\/media\/10309"}],"wp:attachment":[{"href":"https:\/\/mebipha.com\/online\/wp-json\/wp\/v2\/media?parent=5558"}],"wp:term":[{"taxonomy":"product_brand","embeddable":true,"href":"https:\/\/mebipha.com\/online\/wp-json\/wp\/v2\/product_brand?post=5558"},{"taxonomy":"product_cat","embeddable":true,"href":"https:\/\/mebipha.com\/online\/wp-json\/wp\/v2\/product_cat?post=5558"},{"taxonomy":"product_tag","embeddable":true,"href":"https:\/\/mebipha.com\/online\/wp-json\/wp\/v2\/product_tag?post=5558"}],"curies":[{"name":"wp","href":"https:\/\/api.w.org\/{rel}","templated":true}]}}