{"id":5551,"date":"2019-05-07T11:28:19","date_gmt":"2019-05-07T04:28:19","guid":{"rendered":"https:\/\/mebipha.com\/?post_type=product&#038;p=5551"},"modified":"2024-09-21T10:25:54","modified_gmt":"2024-09-21T03:25:54","slug":"bcomplex-c","status":"publish","type":"product","link":"https:\/\/mebipha.com\/online\/bcomplex-c\/","title":{"rendered":"BCOMPLEX C"},"content":{"rendered":"<p><strong>B\u1ed9t h\u00f2a tan ho\u1eb7c tr\u1ed9n th\u1ee9c \u0103n<\/strong><\/p>\n<p><strong>BCOMPLEX C<\/strong> l\u00e0 s\u1ef1 k\u1ebft h\u1ee3p gi\u1eefa Vitamin C v\u00e0 c\u00e1c vitamin nh\u00f3m B (B<sub>1<\/sub>, B<sub>2<\/sub>, B<sub>6<\/sub>, B<sub>12<\/sub>), gi\u00fap n\u00e2ng cao kh\u1ea3 n\u0103ng kh\u00e1ng b\u1ec7nh cho v\u1eadt nu\u00f4i, gi\u1ea3m stress t\u1ed1t, k\u00edch th\u00edch th\u00e8m \u0103n, t\u0103ng nhu \u0111\u1ed9ng ru\u1ed9t n\u00ean ti\u00eau h\u00f3a t\u1ed1t th\u1ee9c \u0103n, gi\u1ea3m c\u00f2i c\u1ecdc, gi\u00fap v\u1eadt nu\u00f4i sinh tr\u01b0\u1edfng v\u00e0 sinh s\u1ea3n t\u1ed1t.<\/p>\n<p><strong>TH\u00c0NH PH\u1ea6N<\/strong><\/p>\n<p>Vitamin C* (Ascorbic acid) (min): 25.000mg<\/p>\n<p>Vitamin B<sub>1<\/sub>* (Thiamine mononitrate) (min): 2.200mg<\/p>\n<p>Vitamin B<sub>2<\/sub> (Riboflavin) (min): 500mg<\/p>\n<p>Vitamin B<sub>6<\/sub> (Pyridoxine HCl) (min): 500mg<\/p>\n<p>Vitamin B<sub>12 <\/sub>(Cyanocobalamin) (min): 12mg<\/p>\n<p>Glucose v\u1eeba \u0111\u1ee7: 1kg<\/p>\n<p><strong>L\u1ee2I \u00cdCH <\/strong><strong>C\u1ee6A VI\u1ec6C B\u1ed4 SUNG S\u1ea2N PH\u1ea8M<\/strong><\/p>\n<p>Gi\u1ea3m stress.<\/p>\n<p>T\u0103ng s\u1ee9c kh\u00e1ng b\u1ec7nh.<\/p>\n<p>H\u1ea1n ch\u1ebf t\u00ecnh tr\u1ea1ng thi\u1ebfu h\u1ee5t dinh d\u01b0\u1ee1ng<\/p>\n<p>T\u0103ng kh\u1ea3 n\u0103ng sinh s\u1ea3n<\/p>\n<p>Gi\u1ea3m ti\u00eau t\u1ed1n th\u1ee9c \u0103n.<\/p>\n<p><strong>H\u01af\u1edaNG D\u1eaaN S\u1eec D\u1ee4NG<\/strong><\/p>\n<p>1kg BCOMPLEX C h\u00f2a tan trong 300-350 l\u00edt n\u01b0\u1edbc u\u1ed1ng ho\u1eb7c tr\u1ed9n \u0111\u1ec1u trong 200kg th\u1ee9c \u0103n gia s\u00fac, gia c\u1ea7m.<\/p>\n<p><strong>B\u1ea2O QU\u1ea2N<\/strong><\/p>\n<p>N\u01a1i kh\u00f4 r\u00e1o, tho\u00e1ng m\u00e1t, nhi\u1ec7t \u0111\u1ed9 d\u01b0\u1edbi 30<sup>0<\/sup>C, tr\u00e1nh \u00e1nh n\u1eafng tr\u1ef1c ti\u1ebfp. Tr\u00e1nh xa t\u1ea7m tay tr\u1ebb em.<\/p>\n<p><strong>H\u1ea0N D\u00d9NG<\/strong><\/p>\n<p>24 th\u00e1ng k\u1ec3 t\u1eeb ng\u00e0y s\u1ea3n xu\u1ea5t.<\/p>\n<p><strong>\u0110\u00d3NG G\u00d3I<\/strong><\/p>\n<p>500g\/g\u00f3i, 1kg\/g\u00f3i, 5kg\/x\u00f4, 10kg\/bao, 10kg\/x\u00f4.<\/p>\n<p><strong>S\u1ed1 <\/strong><strong>\u0111\u0103ng k\u00fd<\/strong><strong>: TCCS 0<\/strong><strong>38<\/strong><strong>:20<\/strong><strong>13<\/strong><strong>\/MBP <\/strong><\/p>\n","protected":false},"excerpt":{"rendered":"<p><strong>B\u1ed9t h\u00f2a tan ho\u1eb7c tr\u1ed9n th\u1ee9c \u0103n<\/strong><\/p>\n<p><strong>TH\u00c0NH PH\u1ea6N<\/strong><\/p>\n<p>Vitamin C* (Ascorbic acid) (min): 25.000mg<\/p>\n<p>Vitamin B<sub>1<\/sub>* (Thiamine mononitrate) (min): 2.200mg<\/p>\n<p>Vitamin B<sub>2<\/sub> (Riboflavin) (min): 500mg<\/p>\n<p>Vitamin B<sub>6<\/sub> (Pyridoxine HCl) (min): 500mg<\/p>\n<p>Vitamin B<sub>12 <\/sub>(Cyanocobalamin) (min): 12mg<\/p>\n<p>Glucose v\u1eeba \u0111\u1ee7: 1kg<\/p>\n<p><strong>L\u1ee2I \u00cdCH <\/strong><strong>C\u1ee6A VI\u1ec6C B\u1ed4 SUNG S\u1ea2N PH\u1ea8M<\/strong><\/p>\n<p>Gi\u1ea3m stress.<\/p>\n<p>T\u0103ng s\u1ee9c kh\u00e1ng b\u1ec7nh.<\/p>\n<p>H\u1ea1n ch\u1ebf t\u00ecnh tr\u1ea1ng thi\u1ebfu h\u1ee5t dinh d\u01b0\u1ee1ng<\/p>\n<p>T\u0103ng kh\u1ea3 n\u0103ng sinh s\u1ea3n<\/p>\n<p>Gi\u1ea3m ti\u00eau t\u1ed1n th\u1ee9c \u0103n.<\/p>\n<p><strong>H\u01af\u1edaNG D\u1eaaN S\u1eec D\u1ee4NG<\/strong><\/p>\n<p>1kg BCOMPLEX C h\u00f2a tan trong 300-350 l\u00edt n\u01b0\u1edbc u\u1ed1ng ho\u1eb7c tr\u1ed9n \u0111\u1ec1u trong 200kg th\u1ee9c \u0103n gia s\u00fac, gia c\u1ea7m.<\/p>\n","protected":false},"featured_media":10525,"comment_status":"closed","ping_status":"closed","template":"","meta":[],"product_brand":[],"product_cat":[62,142],"product_tag":[],"class_list":{"0":"post-5551","1":"product","2":"type-product","3":"status-publish","4":"has-post-thumbnail","6":"product_cat-thuoc-thu-y","7":"product_cat-danh-muc-san-pham-gia-cam","9":"first","10":"instock","11":"shipping-taxable","12":"purchasable","13":"product-type-variable"},"_links":{"self":[{"href":"https:\/\/mebipha.com\/online\/wp-json\/wp\/v2\/product\/5551","targetHints":{"allow":["GET"]}}],"collection":[{"href":"https:\/\/mebipha.com\/online\/wp-json\/wp\/v2\/product"}],"about":[{"href":"https:\/\/mebipha.com\/online\/wp-json\/wp\/v2\/types\/product"}],"replies":[{"embeddable":true,"href":"https:\/\/mebipha.com\/online\/wp-json\/wp\/v2\/comments?post=5551"}],"wp:featuredmedia":[{"embeddable":true,"href":"https:\/\/mebipha.com\/online\/wp-json\/wp\/v2\/media\/10525"}],"wp:attachment":[{"href":"https:\/\/mebipha.com\/online\/wp-json\/wp\/v2\/media?parent=5551"}],"wp:term":[{"taxonomy":"product_brand","embeddable":true,"href":"https:\/\/mebipha.com\/online\/wp-json\/wp\/v2\/product_brand?post=5551"},{"taxonomy":"product_cat","embeddable":true,"href":"https:\/\/mebipha.com\/online\/wp-json\/wp\/v2\/product_cat?post=5551"},{"taxonomy":"product_tag","embeddable":true,"href":"https:\/\/mebipha.com\/online\/wp-json\/wp\/v2\/product_tag?post=5551"}],"curies":[{"name":"wp","href":"https:\/\/api.w.org\/{rel}","templated":true}]}}