{"id":5547,"date":"2019-05-07T11:16:14","date_gmt":"2019-05-07T04:16:14","guid":{"rendered":"https:\/\/mebipha.com\/?post_type=product&#038;p=5547"},"modified":"2024-10-04T09:08:20","modified_gmt":"2024-10-04T02:08:20","slug":"aqua-cleanca","status":"publish","type":"product","link":"https:\/\/mebipha.com\/online\/aqua-cleanca\/","title":{"rendered":"AQUA CLEAN(C\u00c1)"},"content":{"rendered":"","protected":false},"excerpt":{"rendered":"<p><strong>S\u1ea2N PH\u1ea8M D\u1ea0NG B\u1ed8T <\/strong><strong>L\u1eaeNG D\u1eccNG CH\u1ea4T D\u01a0 B\u1ea8N, X\u1eec L\u00dd M\u00d4I TR\u01af\u1edcNG N\u01af\u1edaC V\u00c0 \u0110\u00c1Y AO<\/strong><\/p>\n<p><strong>TH\u00c0NH PH\u1ea6N<\/strong><\/p>\n<p><em>Bacillus subtilis*<\/em> (min)&#8230;&#8230;&#8230;. 1 x 10<sup>8 <\/sup>CFU<\/p>\n<p><em>Bacillus polymyxa* <\/em>(min)&#8230;&#8230;. 1 x 10<sup>8 <\/sup>CFU<\/p>\n<p>Protease (min)&#8230;&#8230;&#8230;&#8230;&#8230;&#8230;&#8230;&#8230; 35.000 UI<\/p>\n<p>Kh\u00e1ng sinh, ch\u1ea5t c\u1ea5m&#8230;&#8230;&#8230;&#8230;. Kh\u00f4ng c\u00f3<\/p>\n<p>Ethoxyquin&#8230;&#8230;&#8230;&#8230;&#8230;&#8230;&#8230;&#8230;&#8230;&#8230; Kh\u00f4ng c\u00f3<\/p>\n<p>Ch\u1ea5t mang (Poly aluminium chloride, Dextrose) v\u1eeba \u0111\u1ee7&#8230;&#8230;. 1 kg<\/p>\n<p><strong>NGUY\u00caN LI\u1ec6U<\/strong> \u00a0<em>Bacillus subtilis, <\/em><em>Bacillus polymyxa<\/em>, Protease, Aluminium chloride, Dextrose.<\/p>\n<p><strong>C\u00d4NG D\u1ee4NG<\/strong><\/p>\n<p>L\u00e0m trong v\u00e0 s\u1ea1ch m\u00f4i tr\u01b0\u1eddng n\u01b0\u1edbc t\u1ea1o \u0111i\u1ec1u ki\u1ec7n cho vi khu\u1ea9n c\u00f3 l\u1ee3i v\u00e0 enzyme ho\u1ea1t \u0111\u1ed9ng m\u1ed9t c\u00e1ch hi\u1ec7u qu\u1ea3.<\/p>\n<p>Gi\u00fap ph\u00e2n h\u1ee7y nhanh c\u00e1c ch\u1ea5t h\u1eefu c\u01a1, th\u1ee9c \u0103n th\u1eeba, ph\u00e2n c\u1ee7a c\u00e1.<\/p>\n<p>Gi\u1ea3m c\u00e1c kh\u00ed \u0111\u1ed9c NH<sub>3<\/sub>, H<sub>2<\/sub>S, NO<sub>2<\/sub>\u2026 c\u00f3 trong ao nu\u00f4i. \u1ed4n \u0111\u1ecbnh m\u00f4i tr\u01b0\u1eddng n\u01b0\u1edbc.<\/p>\n<p>T\u0103ng c\u01b0\u1eddng s\u1ee9c \u0111\u1ec1 kh\u00e1ng v\u00e0 n\u00e2ng cao n\u0103ng su\u1ea5t cho c\u00e1.<\/p>\n<p><strong>H\u01af\u1edaNG D\u1eaaN S\u1eec D\u1ee4NG V\u00c0 LI\u1ec0U D\u00d9NG<\/strong><\/p>\n<p>H\u00f2a tan 1kg MEBI-AQUA CLEAN v\u1edbi 50 l\u00edt n\u01b0\u1edbc s\u1ea1ch r\u1ed3i t\u1ea1t \u0111\u1ec1u kh\u1eafp ao v\u1edbi li\u1ec1u: 1kg\/2.000 \u2013 4.000m<sup>3 <\/sup>n\u01b0\u1edbc. \u0110\u1ecbnh k\u1ef3 7 \u2013 10 ng\u00e0y d\u00f9ng 1 l\u1ea7n.<\/p>\n","protected":false},"featured_media":10639,"comment_status":"closed","ping_status":"closed","template":"","meta":[],"product_brand":[],"product_cat":[71,107],"product_tag":[],"class_list":{"0":"post-5547","1":"product","2":"type-product","3":"status-publish","4":"has-post-thumbnail","6":"product_cat-thuoc-thuy-san","7":"product_cat-san-pham-cho-ca","9":"first","10":"instock","11":"shipping-taxable","12":"purchasable","13":"product-type-variable","14":"has-default-attributes"},"_links":{"self":[{"href":"https:\/\/mebipha.com\/online\/wp-json\/wp\/v2\/product\/5547","targetHints":{"allow":["GET"]}}],"collection":[{"href":"https:\/\/mebipha.com\/online\/wp-json\/wp\/v2\/product"}],"about":[{"href":"https:\/\/mebipha.com\/online\/wp-json\/wp\/v2\/types\/product"}],"replies":[{"embeddable":true,"href":"https:\/\/mebipha.com\/online\/wp-json\/wp\/v2\/comments?post=5547"}],"wp:featuredmedia":[{"embeddable":true,"href":"https:\/\/mebipha.com\/online\/wp-json\/wp\/v2\/media\/10639"}],"wp:attachment":[{"href":"https:\/\/mebipha.com\/online\/wp-json\/wp\/v2\/media?parent=5547"}],"wp:term":[{"taxonomy":"product_brand","embeddable":true,"href":"https:\/\/mebipha.com\/online\/wp-json\/wp\/v2\/product_brand?post=5547"},{"taxonomy":"product_cat","embeddable":true,"href":"https:\/\/mebipha.com\/online\/wp-json\/wp\/v2\/product_cat?post=5547"},{"taxonomy":"product_tag","embeddable":true,"href":"https:\/\/mebipha.com\/online\/wp-json\/wp\/v2\/product_tag?post=5547"}],"curies":[{"name":"wp","href":"https:\/\/api.w.org\/{rel}","templated":true}]}}