{"id":5536,"date":"2019-05-07T10:58:52","date_gmt":"2019-05-07T03:58:52","guid":{"rendered":"https:\/\/mebipha.com\/?post_type=product&#038;p=5536"},"modified":"2024-10-04T09:06:36","modified_gmt":"2024-10-04T02:06:36","slug":"aqua-cca","status":"publish","type":"product","link":"https:\/\/mebipha.com\/online\/aqua-cca\/","title":{"rendered":"AQUA C(C\u00c1)"},"content":{"rendered":"","protected":false},"excerpt":{"rendered":"<p><strong>S\u1ea2N PH\u1ea8M D\u1ea0NG B\u1ed8T<\/strong><\/p>\n<p><strong>B\u1ed4 SUNG VITAMIN C CHO C\u00c1<\/strong><\/p>\n<p><strong>GI\u1ea2M STRESS, T\u0102NG C\u01af\u1edcNG S\u1ee8C \u0110\u1ec0 KH\u00c1NG<\/strong><\/p>\n<p><strong>AQUA C<\/strong><\/p>\n<p><strong>TH\u00c0NH PH\u1ea6N<\/strong><\/p>\n<p>Vitamin C* (min)&#8230;&#8230;&#8230;&#8230;&#8230;&#8230;&#8230;.. 150 g<\/p>\n<p>Kh\u00e1ng sinh, ch\u1ea5t c\u1ea5m&#8230;&#8230;&#8230;&#8230;&#8230;&#8230;&#8230;. Kh\u00f4ng c\u00f3<\/p>\n<p>Ethoxyquin&#8230;&#8230;&#8230;&#8230; Kh\u00f4ng c\u00f3<\/p>\n<p>Ch\u1ea5t mang (Glucose) v\u1eeba \u0111\u1ee7&#8230;&#8230;&#8230;&#8230;&#8230;&#8230; 1 kg<\/p>\n<p><strong>NGUY\u00caN LI\u1ec6U\u00a0 <\/strong>Ascorbic acid, Dextrose monohydrate.<\/p>\n<p><strong>C\u00d4NG D\u1ee4NG<\/strong><\/p>\n<p>B\u1ed5 sung vitamin cho c\u00e1.<\/p>\n<p>Gi\u00fap c\u00e1, t\u00f4m ch\u1ed1ng s\u1ed1c, stress khi m\u00f4i tr\u01b0\u1eddng thay \u0111\u1ed5i.<\/p>\n<p>T\u0103ng c\u01b0\u1eddng s\u1ee9c \u0111\u1ec1 kh\u00e1ng, gi\u00fap c\u00e1 kh\u1ecfe m\u1ea1nh ph\u00e1t tri\u1ec3n t\u1ed1t.<\/p>\n<p><strong>H\u01af\u1edaNG D\u1eaaN S\u1eec D\u1ee4NG V\u00c0 LI\u1ec0U D\u00d9NG<\/strong><\/p>\n<p>H\u00f2a tan v\u00e0o n\u01b0\u1edbc, tr\u1ed9n \u0111\u1ec1u v\u1edbi th\u1ee9c \u0103n, \u0111\u1ec3 r\u00e1o 15 ph\u00fat, sau \u0111\u00f3\u00a0 cho c\u00e1 \u0103n.<\/p>\n<p>Sau khi th\u1ea3 c\u00e1 gi\u1ed1ng xu\u1ed1ng ao\u00a0: d\u00f9ng 1g cho 1m<sup>2<\/sup>m\u1eb7t n\u01b0\u1edbc.<\/p>\n<p>C\u00e1 gi\u1ed1ng: gi\u1ea3m stress d\u00f9ng 2-4g\/m<sup>2<\/sup>m\u1eb7t n\u01b0\u1edbc, \u0111\u1ecbnh k\u1ef3 4 ng\u00e0y\/l\u1ea7n.<\/p>\n<p>C\u00e1 th\u01b0\u01a1ng ph\u1ea9m\u00a0: 2g\/1kg th\u1ee9c \u0103n li\u00ean t\u1ee5c trong th\u1eddi gian nu\u00f4i.<\/p>\n<p>Khi c\u00e1 c\u00f3 bi\u1ec3u hi\u1ec7n stress ho\u1eb7c gi\u1ea3m \u0103n: 4g\/1kg th\u1ee9c \u0103n, li\u00ean t\u1ee5c 5-7 ng\u00e0y.<\/p>\n<p>Gi\u1ea3m pH n\u01b0\u1edbc: 1 \u2013 1,5kg\/1.000 m<sup>3 <\/sup>n\u01b0\u1edbc.<\/p>\n","protected":false},"featured_media":10638,"comment_status":"closed","ping_status":"closed","template":"","meta":[],"product_brand":[],"product_cat":[71,107],"product_tag":[],"class_list":{"0":"post-5536","1":"product","2":"type-product","3":"status-publish","4":"has-post-thumbnail","6":"product_cat-thuoc-thuy-san","7":"product_cat-san-pham-cho-ca","9":"first","10":"instock","11":"shipping-taxable","12":"purchasable","13":"product-type-variable"},"_links":{"self":[{"href":"https:\/\/mebipha.com\/online\/wp-json\/wp\/v2\/product\/5536","targetHints":{"allow":["GET"]}}],"collection":[{"href":"https:\/\/mebipha.com\/online\/wp-json\/wp\/v2\/product"}],"about":[{"href":"https:\/\/mebipha.com\/online\/wp-json\/wp\/v2\/types\/product"}],"replies":[{"embeddable":true,"href":"https:\/\/mebipha.com\/online\/wp-json\/wp\/v2\/comments?post=5536"}],"wp:featuredmedia":[{"embeddable":true,"href":"https:\/\/mebipha.com\/online\/wp-json\/wp\/v2\/media\/10638"}],"wp:attachment":[{"href":"https:\/\/mebipha.com\/online\/wp-json\/wp\/v2\/media?parent=5536"}],"wp:term":[{"taxonomy":"product_brand","embeddable":true,"href":"https:\/\/mebipha.com\/online\/wp-json\/wp\/v2\/product_brand?post=5536"},{"taxonomy":"product_cat","embeddable":true,"href":"https:\/\/mebipha.com\/online\/wp-json\/wp\/v2\/product_cat?post=5536"},{"taxonomy":"product_tag","embeddable":true,"href":"https:\/\/mebipha.com\/online\/wp-json\/wp\/v2\/product_tag?post=5536"}],"curies":[{"name":"wp","href":"https:\/\/api.w.org\/{rel}","templated":true}]}}