{"id":5439,"date":"2019-04-17T11:26:08","date_gmt":"2019-04-17T04:26:08","guid":{"rendered":"https:\/\/mebipha.com\/?post_type=product&#038;p=5439"},"modified":"2024-09-25T15:48:05","modified_gmt":"2024-09-25T08:48:05","slug":"super-gold","status":"publish","type":"product","link":"https:\/\/mebipha.com\/online\/super-gold\/","title":{"rendered":"SUPER GOLD"},"content":{"rendered":"<p><strong>V\u00c0NG DA, V\u00c0NG CH\u00c2N &#8211; K\u00cdCH TH\u00cdCH RA L\u00d4NG<\/strong><\/p>\n<p><strong>\u00a0T\u0102NG TR\u01af\u1edeNG NHANH &#8211; T\u0102NG PH\u1ea8M CH\u1ea4T TH\u1ecaT<\/strong><\/p>\n<p><strong>B\u1ed9t h\u00f2a tan<\/strong><\/p>\n<p>S\u1ef1 k\u1ebft h\u1ee3p ho\u00e0n h\u1ea3o gi\u1eefa \u03b2 &#8211; Carotene v\u00e0 Selenium t\u1ea1o n\u00ean h\u1ec7 th\u1ed1ng mi\u1ec5n d\u1ecbch v\u1eefng ch\u1eafc, gi\u00fap gia c\u1ea7m ch\u1ed1ng t\u1ed1t v\u1edbi m\u1ea7m b\u1ec7nh t\u1eeb b\u00ean ngo\u00e0i, c\u1ea3i thi\u1ec7n s\u1ee9c kh\u1ecfe, t\u0103ng kh\u1ea3 n\u0103ng \u0111\u1ebb tr\u1ee9ng, mang l\u1ea1i ch\u1ea5t l\u01b0\u1ee3ng tuy\u1ec7t v\u1eddi cho l\u00f2ng \u0111\u1ecf tr\u1ee9ng c\u0169ng nh\u01b0 th\u1ecbt, da v\u00e0 l\u00f4ng.<\/p>\n<p><strong>TH\u00c0NH PH\u1ea6N<\/strong><\/p>\n<p>\u03b2 &#8211; Carotene \u00a0(min &#8211; max): 10.000mg<\/p>\n<p>Selenium (min &#8211; max): 150 &#8211; 200mg<\/p>\n<p>Ch\u1ea5t mang (glucose) v\u1eeba \u0111\u1ee7:1.000g<\/p>\n<p><strong>L\u1ee2I \u00cdCH C\u1ee6A VI\u1ec6C B\u1ed4 SUNG S\u1ea2N PH\u1ea8M<\/strong><\/p>\n<p>S\u1ea3n ph\u1ea9m ch\u1ee9a \u03b2-Caroten t\u1ef1 nhi\u00ean gi\u00fap gia t\u0103ng t\u00ednh t\u1ee5 m\u00e0u v\u00e0 t\u0103ng c\u01b0\u1eddng m\u00e0u cho da v\u00e0 ch\u00e2n tr\u00ean g\u00e0 th\u1ecbt, t\u0103ng m\u00e0u cho l\u00f2ng \u0111\u1ecf tr\u1ee9ng.<\/p>\n<p>Selenium gi\u00fap t\u0103ng ph\u1ea9m ch\u1ea5t th\u1ecbt.<\/p>\n<p>T\u0103ng c\u01b0\u1eddng s\u1ee9c \u0111\u1ec1 kh\u00e1ng.<\/p>\n<p>Gi\u00fap h\u1ea5p thu tri\u1ec7t \u0111\u1ec3 d\u01b0\u1ee1ng ch\u1ea5t trong th\u1ee9c \u0103n.<\/p>\n<p>Gi\u00fap gia c\u1ea7m t\u0103ng tr\u01b0\u1edfng nhanh.<\/p>\n<p><strong>H\u01af\u1edaNG D\u1eaaN S\u1eec D\u1ee4NG<\/strong><\/p>\n<p>1g\/10 \u2013 15kg th\u1ec3 tr\u1ecdng ho\u1eb7c 1g\/2 l\u00edt n\u01b0\u1edbc u\u1ed1ng.<\/p>\n<p>D\u00f9ng li\u00ean t\u1ee5c trong su\u1ed1t th\u1eddi gian nu\u00f4i<\/p>\n<p><strong>C\u00e1ch s\u1eed d\u1ee5ng:<\/strong> Pha v\u00e0o n\u01b0\u1edbc u\u1ed1ng.<\/p>\n<p><strong>B\u1ea2O QU\u1ea2N<\/strong><\/p>\n<p>N\u01a1i kh\u00f4 r\u00e1o, tho\u00e1ng m\u00e1t, nhi\u1ec7t \u0111\u1ed9 d\u01b0\u1edbi 30<sup>0<\/sup>C, tr\u00e1nh \u00e1nh n\u1eafng tr\u1ef1c ti\u1ebfp. Tr\u00e1nh xa t\u1ea7m tay tr\u1ebb em.<\/p>\n<p><strong>H\u1ea0N D\u00d9NG<\/strong><\/p>\n<p>24 th\u00e1ng k\u1ec3 t\u1eeb ng\u00e0y s\u1ea3n xu\u1ea5t.<\/p>\n<p><strong>\u0110\u00d3NG G\u00d3I<\/strong><\/p>\n<p>100g, 500g\/lon, 1kg\/g\u00f3i, 1kg\/lon<\/p>\n<p><strong>S\u1ed1 \u0111\u0103ng k\u00fd: TCCS 043:2013\/MBP <\/strong><\/p>\n","protected":false},"excerpt":{"rendered":"<p><strong>V\u00c0NG DA, V\u00c0NG CH\u00c2N &#8211; K\u00cdCH TH\u00cdCH RA L\u00d4NG<\/strong><\/p>\n<p><strong>\u00a0T\u0102NG TR\u01af\u1edeNG NHANH &#8211; T\u0102NG PH\u1ea8M CH\u1ea4T TH\u1ecaT<\/strong><\/p>\n<p><strong>TH\u00c0NH PH\u1ea6N<\/strong><\/p>\n<p>\u03b2 &#8211; Carotene \u00a0(min &#8211; max): 10.000mg<\/p>\n<p>Selenium (min &#8211; max): 150 &#8211; 200mg<\/p>\n<p>Ch\u1ea5t mang (glucose) v\u1eeba \u0111\u1ee7:1.000g<\/p>\n<p><strong>L\u1ee2I \u00cdCH C\u1ee6A VI\u1ec6C B\u1ed4 SUNG S\u1ea2N PH\u1ea8M<\/strong><\/p>\n<p>S\u1ea3n ph\u1ea9m ch\u1ee9a \u03b2-Caroten t\u1ef1 nhi\u00ean gi\u00fap gia t\u0103ng t\u00ednh t\u1ee5 m\u00e0u v\u00e0 t\u0103ng c\u01b0\u1eddng m\u00e0u cho da v\u00e0 ch\u00e2n tr\u00ean g\u00e0 th\u1ecbt, t\u0103ng m\u00e0u cho l\u00f2ng \u0111\u1ecf tr\u1ee9ng.<\/p>\n<p>Selenium gi\u00fap t\u0103ng ph\u1ea9m ch\u1ea5t th\u1ecbt.<\/p>\n<p>T\u0103ng c\u01b0\u1eddng s\u1ee9c \u0111\u1ec1 kh\u00e1ng.<\/p>\n<p>Gi\u00fap h\u1ea5p thu tri\u1ec7t \u0111\u1ec3 d\u01b0\u1ee1ng ch\u1ea5t trong th\u1ee9c \u0103n.<\/p>\n<p>Gi\u00fap gia c\u1ea7m t\u0103ng tr\u01b0\u1edfng nhanh.<\/p>\n<p><strong>H\u01af\u1edaNG D\u1eaaN S\u1eec D\u1ee4NG<\/strong><\/p>\n<p>1g\/10 \u2013 15kg th\u1ec3 tr\u1ecdng ho\u1eb7c 1g\/2 l\u00edt n\u01b0\u1edbc u\u1ed1ng.<\/p>\n<p>D\u00f9ng li\u00ean t\u1ee5c trong su\u1ed1t th\u1eddi gian nu\u00f4i<\/p>\n<p><strong>C\u00e1ch s\u1eed d\u1ee5ng:<\/strong> Pha v\u00e0o n\u01b0\u1edbc u\u1ed1ng.<\/p>\n<p>&nbsp;<\/p>\n","protected":false},"featured_media":10593,"comment_status":"closed","ping_status":"closed","template":"","meta":[],"product_brand":[],"product_cat":[62,142],"product_tag":[],"class_list":{"0":"post-5439","1":"product","2":"type-product","3":"status-publish","4":"has-post-thumbnail","6":"product_cat-thuoc-thu-y","7":"product_cat-danh-muc-san-pham-gia-cam","9":"first","10":"instock","11":"shipping-taxable","12":"purchasable","13":"product-type-variable","14":"has-default-attributes"},"_links":{"self":[{"href":"https:\/\/mebipha.com\/online\/wp-json\/wp\/v2\/product\/5439","targetHints":{"allow":["GET"]}}],"collection":[{"href":"https:\/\/mebipha.com\/online\/wp-json\/wp\/v2\/product"}],"about":[{"href":"https:\/\/mebipha.com\/online\/wp-json\/wp\/v2\/types\/product"}],"replies":[{"embeddable":true,"href":"https:\/\/mebipha.com\/online\/wp-json\/wp\/v2\/comments?post=5439"}],"wp:featuredmedia":[{"embeddable":true,"href":"https:\/\/mebipha.com\/online\/wp-json\/wp\/v2\/media\/10593"}],"wp:attachment":[{"href":"https:\/\/mebipha.com\/online\/wp-json\/wp\/v2\/media?parent=5439"}],"wp:term":[{"taxonomy":"product_brand","embeddable":true,"href":"https:\/\/mebipha.com\/online\/wp-json\/wp\/v2\/product_brand?post=5439"},{"taxonomy":"product_cat","embeddable":true,"href":"https:\/\/mebipha.com\/online\/wp-json\/wp\/v2\/product_cat?post=5439"},{"taxonomy":"product_tag","embeddable":true,"href":"https:\/\/mebipha.com\/online\/wp-json\/wp\/v2\/product_tag?post=5439"}],"curies":[{"name":"wp","href":"https:\/\/api.w.org\/{rel}","templated":true}]}}