{"id":5412,"date":"2019-04-17T10:57:42","date_gmt":"2019-04-17T03:57:42","guid":{"rendered":"https:\/\/mebipha.com\/?post_type=product&#038;p=5412"},"modified":"2024-10-04T09:58:27","modified_gmt":"2024-10-04T02:58:27","slug":"prazi-oneca","status":"publish","type":"product","link":"https:\/\/mebipha.com\/online\/prazi-oneca\/","title":{"rendered":"PRAZI-ONE(C\u00c1)"},"content":{"rendered":"","protected":false},"excerpt":{"rendered":"<p>\u0110\u1eb6C TR\u1eca N\u1ed8I &#8211; NGO\u1ea0I K\u00dd SINH TR\u00d9NG TR\u00caN C\u00c1<\/p>\n<p><strong>C\u00d4NG TH\u1ee8C<\/strong><\/p>\n<p>Praziquantel &#8230;&#8230;&#8230;&#8230;&#8230;50.000 mg<\/p>\n<p>T\u00e1 d\u01b0\u1ee3c v\u1eeba \u0111\u1ee7&#8230;&#8230;&#8230;&#8230;&#8230;&#8230;.1.000g<\/p>\n<p><strong>CH\u1ec8 \u0110\u1ecaNH<\/strong><\/p>\n<p>X\u00f4\u0309 ca\u0301c loa\u0323i giun, sa\u0301n ky\u0301 sinh tr\u00ean ca\u0301 tra, ca\u0301 co\u0301 va\u0309y nh\u01b0 ca\u0301 lo\u0301c, ca\u0301 r\u00f4 \u0111\u00f4\u0300ng, ca\u0301 \u0111i\u00eau h\u00f4\u0300ng\u2026..<\/p>\n<p>Du\u0300ng x\u00f4\u0309 sa\u0301n la\u0301 gan, sa\u0301n ru\u00f4\u0323t, sa\u0301n d\u00e2y ky\u0301 sinh \u01a1\u0309 bao t\u01b0\u0309, ru\u00f4\u0323t, \u00f4\u0301ng d\u00e2\u0303n m\u00e2\u0323t, tu\u0301i m\u00e2\u0323t ca\u0301, la\u0300m ca\u0301 s\u01b0ng tu\u0301i m\u00e2\u0323t, t\u0103\u0301c \u00f4\u0301ng d\u00e2\u0303n m\u00e2\u0323t d\u00e2\u0303n \u0111\u00ea\u0301n ca\u0301 bi\u0323 va\u0300ng da.<\/p>\n<p>Di\u00ea\u0323t tr\u01b0\u0300 tr\u01b0\u0301ng, \u00e2\u0301u tru\u0300ng cu\u0309a giun, sa\u0301n va\u0300 giun sa\u0301n tr\u01b0\u01a1\u0309ng tha\u0300nh, k\u00ea\u0309 ca\u0309 giun \u0111u\u0303a, sa\u0301n x\u01a1 mi\u0301t.<\/p>\n<p>Ph\u00f2ng b\u1ec7nh c\u00e1 b\u1ecb v\u00e0ng da.<\/p>\n<p><strong>LI\u1ec0U L\u01af\u1ee2NG <\/strong><\/p>\n<p>Tr\u1ecb b\u1ec7nh: 1kg\/15 t\u1ea5n c\u00e1, ng\u00e0y cho \u0103n 1 l\u1ea7n, li\u00ean t\u1ee5c trong 2 ng\u00e0y.<\/p>\n<p>\u0110\u1ecbnh k\u1ef3 1 th\u00e1ng x\u1ed5 1 l\u1ea7n.<\/p>\n<p>Sau khi x\u1ed5 k\u00fd sinh tr\u00f9ng xong, b\u1ed5 sung s\u1ea3n ph\u1ea9m gi\u1ea3i \u0111\u1ed9c gan th\u1eadn Hepasol B12 v\u1edbi li\u1ec1u l\u01b0\u1ee3ng 2ml\/kg th\u1ee9c \u0103n<\/p>\n<p><strong>TH\u1edcI GIAN NG\u01afNG S\u1eec D\u1ee4NG:<\/strong><\/p>\n<p>12 ng\u00e0y tr\u01b0\u1edbc khi thu ho\u1ea1ch.<\/p>\n","protected":false},"featured_media":10671,"comment_status":"closed","ping_status":"closed","template":"","meta":[],"product_brand":[],"product_cat":[71,107],"product_tag":[],"class_list":{"0":"post-5412","1":"product","2":"type-product","3":"status-publish","4":"has-post-thumbnail","6":"product_cat-thuoc-thuy-san","7":"product_cat-san-pham-cho-ca","9":"first","10":"instock","11":"shipping-taxable","12":"purchasable","13":"product-type-variable","14":"has-default-attributes"},"_links":{"self":[{"href":"https:\/\/mebipha.com\/online\/wp-json\/wp\/v2\/product\/5412","targetHints":{"allow":["GET"]}}],"collection":[{"href":"https:\/\/mebipha.com\/online\/wp-json\/wp\/v2\/product"}],"about":[{"href":"https:\/\/mebipha.com\/online\/wp-json\/wp\/v2\/types\/product"}],"replies":[{"embeddable":true,"href":"https:\/\/mebipha.com\/online\/wp-json\/wp\/v2\/comments?post=5412"}],"wp:featuredmedia":[{"embeddable":true,"href":"https:\/\/mebipha.com\/online\/wp-json\/wp\/v2\/media\/10671"}],"wp:attachment":[{"href":"https:\/\/mebipha.com\/online\/wp-json\/wp\/v2\/media?parent=5412"}],"wp:term":[{"taxonomy":"product_brand","embeddable":true,"href":"https:\/\/mebipha.com\/online\/wp-json\/wp\/v2\/product_brand?post=5412"},{"taxonomy":"product_cat","embeddable":true,"href":"https:\/\/mebipha.com\/online\/wp-json\/wp\/v2\/product_cat?post=5412"},{"taxonomy":"product_tag","embeddable":true,"href":"https:\/\/mebipha.com\/online\/wp-json\/wp\/v2\/product_tag?post=5412"}],"curies":[{"name":"wp","href":"https:\/\/api.w.org\/{rel}","templated":true}]}}