{"id":5387,"date":"2019-04-17T10:14:08","date_gmt":"2019-04-17T03:14:08","guid":{"rendered":"https:\/\/mebipha.com\/?post_type=product&#038;p=5387"},"modified":"2025-12-29T13:22:43","modified_gmt":"2025-12-29T06:22:43","slug":"mebi-speclin","status":"publish","type":"product","link":"https:\/\/mebipha.com\/online\/mebi-speclin\/","title":{"rendered":"MEBI-SPECLIN"},"content":{"rendered":"<p><strong>\u0110\u1eb6C TR\u1eca C\u00c1C B\u1ec6NH NHI\u1ec4M TR\u00d9NG H\u00d4 H\u1ea4P<\/strong><\/p>\n<p><strong>Thu\u1ed1c b\u1ed9t tr\u1ed9n th\u1ee9c \u0103n ho\u1eb7c pha n\u01b0\u1edbc u\u1ed1ng<\/strong><\/p>\n<p><strong>C\u00d4NG TH\u1ee8C<\/strong><\/p>\n<p>Lincomycin HCl: 22,2g<\/p>\n<p>Spectinomycin HCl: 44,4g<\/p>\n<p>T\u00e1 d\u01b0\u1ee3c v\u1eeba \u0111\u1ee7: 1kg<\/p>\n<p><strong>\u0110\u1eb6C T\u00cdNH D\u01af\u1ee2C L\u00dd S\u1ea2N PH\u1ea8M<\/strong><\/p>\n<p>S\u1ef1 k\u1ebft h\u1ee3p gi\u1eefa Lincomycin v\u00e0 Spectinomycin cho t\u00e1c d\u1ee5ng hi\u1ec7p \u0111\u1ed3ng b\u1eb1ng c\u01a1 ch\u1ebf ng\u0103n ch\u1eb7n s\u1ef1 t\u1ed5ng h\u1ee3p protein c\u1ee7a vi khu\u1ea9n.<\/p>\n<p>Lincomycin ho\u1ea1t \u0111\u1ed9ng ch\u1ee7 y\u1ebfu ch\u1ed1ng l\u1ea1i <em>Mycoplasma <\/em>spp., <em>Treponema<\/em> spp., <em>Campylobacter<\/em> spp. v\u00e0 vi khu\u1ea9n Gram d\u01b0\u01a1ng nh\u01b0 <em>Staphylococcus<\/em>, <em>Streptococcus<\/em>, <em>Corynebacterium<\/em> spp. v\u00e0 <em>Erysipelothrix rhusiopathiae.<\/em><\/p>\n<p>Spectinomycin ho\u1ea1t \u0111\u1ed9ng ch\u1ee7 y\u1ebfu ch\u1ed1ng l\u1ea1i <em>Mycoplasma <\/em>spp. v\u00e0 vi khu\u1ea9n Gram \u00e2m nh\u01b0 <em>E. coli<\/em> v\u00e0 <em>Pasteurella <\/em>v\u00e0 <em>Salmonella<\/em> spp.<\/p>\n<p><strong>C\u00d4NG D\u1ee4NG S\u1ea2N PH\u1ea8M<\/strong><\/p>\n<p><strong>Heo v\u00e0 gia s\u00fac:<\/strong><\/p>\n<p>Tr\u1ecb vi\u00eam ph\u1ed5i \u0111\u1ecba ph\u01b0\u01a1ng (SEP)<\/p>\n<p>T\u1ee5 huy\u1ebft tr\u00f9ng v\u00e0 c\u00e1c b\u1ec7nh nhi\u1ec5m tr\u00f9ng h\u00f4 h\u1ea5p kh\u00e1c.<\/p>\n<p><strong>Gia c\u1ea7m:<\/strong><\/p>\n<p>Ph\u00f2ng v\u00e0 tr\u1ecb hi\u1ec7u qu\u1ea3 CRD, CCRD, s\u01b0ng ph\u00f9 \u0111\u1ea7u.<\/p>\n<p><strong>CH\u1ed0NG CH\u1ec8 \u0110\u1ecaNH<\/strong><\/p>\n<p>Th\u00fa m\u1eabn c\u1ea3m v\u1edbi c\u00e1c th\u00e0nh ph\u1ea7n c\u1ee7a thu\u1ed1c.<\/p>\n<p>Th\u00fa b\u1ecb suy gi\u1ea3m ch\u1ee9c n\u0103ng gan nghi\u00eam tr\u1ecdng.<\/p>\n<p>Kh\u00f4ng d\u00f9ng cho g\u00e0 \u0111\u1ebb tr\u1ee9ng l\u00e0m th\u1ee9c \u0103n cho ng\u01b0\u1eddi.<\/p>\n<p>&nbsp;<\/p>\n<p><strong>S\u1eec D\u1ee4NG<\/strong><\/p>\n<p>Tr\u00ean heo v\u00e0 gia s\u00fac:<\/p>\n<p>Li\u1ec1u t\u1ed5ng qu\u00e1t: 1g\/15kg th\u1ec3 tr\u1ecdng.<\/p>\n<p>Ph\u00f2ng b\u1ec7nh: 100g\/100kg th\u1ee9c \u0103n, d\u00f9ng li\u00ean t\u1ee5c 3-4 ng\u00e0y.<\/p>\n<p>Tr\u1ecb b\u1ec7nh:100g\/50kg th\u1ee9c \u0103n, d\u00f9ng li\u00ean t\u1ee5c 5-7 ng\u00e0y.<\/p>\n<p>Tr\u00ean gia c\u1ea7m:<\/p>\n<p>Li\u1ec1u t\u1ed5ng qu\u00e1t: 1g\/10kg th\u1ec3 tr\u1ecdng.<\/p>\n<p>Ph\u00f2ng b\u1ec7nh: 1g\/2 l\u00edt n\u01b0\u1edbc u\u1ed1ng, d\u00f9ng li\u00ean t\u1ee5c 2-3 ng\u00e0y.<\/p>\n<p>Tr\u1ecb b\u1ec7nh: g\u1ea5p \u0111\u00f4i li\u1ec1u ph\u00f2ng, d\u00f9ng li\u00ean t\u1ee5c 3-5 ng\u00e0y.<\/p>\n<p>Th\u1eddi gian ng\u01b0ng s\u1eed d\u1ee5ng thu\u1ed1c: 7 ng\u00e0y tr\u01b0\u1edbc khi gi\u1ebft th\u1ecbt.<\/p>\n<p><strong>H\u1ea0N S\u1eec D\u1ee4NG S\u1ea2N PH\u1ea8M<\/strong><\/p>\n<p>24 th\u00e1ng k\u1ec3 t\u1eeb ng\u00e0y s\u1ea3n xu\u1ea5t.<\/p>\n<p><strong>B\u1ea2O QU\u1ea2N<\/strong><\/p>\n<p>N\u01a1i kh\u00f4 r\u00e1o, tho\u00e1ng m\u00e1t, nhi\u1ec7t \u0111\u1ed9 d\u01b0\u1edbi 30<sup>0<\/sup>C, tr\u00e1nh \u00e1nh n\u1eafng tr\u1ef1c ti\u1ebfp. Tr\u00e1nh xa t\u1ea7m tay tr\u1ebb em.<\/p>\n<p><strong>\u0110\u00d3NG G\u00d3I<\/strong><\/p>\n<p>20g\/g\u00f3i, 50g\/g\u00f3i, 100g\/g\u00f3i, 500g\/g\u00f3i, 1kg\/g\u00f3i, 1kg\/lon, 1kg\/lon (10 trong 1)<\/p>\n<p><strong><em>\u00a0<\/em><\/strong><\/p>\n<p><strong>S\u1ed1 \u0111\u0103ng k\u00fd: MBP-40<\/strong><\/p>\n","protected":false},"excerpt":{"rendered":"<p>Th\u00e0nh ph\u1ea7n:<\/p>\n<p>Lincomycin: 22,2 g<\/p>\n<p>Spectinomycin:44,4g<br \/>\nT\u00e1 d\u01b0\u1ee3c v\u1eeba \u0111\u1ee7 : 1kg<\/p>\n<p>S\u1eed d\u1ee5ng:<\/p>\n<p>Tr\u00ean heo v\u00e0 gia s\u00fac:<br \/>\nLi\u1ec1u t\u1ed5ng qu\u00e1t: 1g\/15kg th\u1ec3 tr\u1ecdng.<br \/>\nPh\u00f2ng: 100g\/100kg th\u1ee9c \u0103n, d\u00f9ng 3-4 ng\u00e0y.<br \/>\nTr\u1ecb: 100g\/50kg th\u1ee9c \u0103n, d\u00f9ng 5-7 ng\u00e0y.<br \/>\nTr\u00ean gia c\u1ea7m:<br \/>\nLi\u1ec1u t\u1ed5ng qu\u00e1t:1g\/10kg th\u1ec3 tr\u1ecdng.<br \/>\nPh\u00f2ng: 1g\/2 l\u00edt n\u01b0\u1edbc u\u1ed1ng, d\u00f9ng 2-3 ng\u00e0y.<br \/>\nTr\u1ecb: g\u1ea5p \u0111\u00f4i li\u1ec1u ph\u00f2ng,\u00a0d\u00f9ng 3-5 ng\u00e0y.<\/p>\n","protected":false},"featured_media":10095,"comment_status":"closed","ping_status":"closed","template":"","meta":[],"product_brand":[],"product_cat":[62],"product_tag":[],"class_list":{"0":"post-5387","1":"product","2":"type-product","3":"status-publish","4":"has-post-thumbnail","6":"product_cat-thuoc-thu-y","8":"first","9":"instock","10":"shipping-taxable","11":"purchasable","12":"product-type-variable","13":"has-default-attributes"},"_links":{"self":[{"href":"https:\/\/mebipha.com\/online\/wp-json\/wp\/v2\/product\/5387","targetHints":{"allow":["GET"]}}],"collection":[{"href":"https:\/\/mebipha.com\/online\/wp-json\/wp\/v2\/product"}],"about":[{"href":"https:\/\/mebipha.com\/online\/wp-json\/wp\/v2\/types\/product"}],"replies":[{"embeddable":true,"href":"https:\/\/mebipha.com\/online\/wp-json\/wp\/v2\/comments?post=5387"}],"wp:featuredmedia":[{"embeddable":true,"href":"https:\/\/mebipha.com\/online\/wp-json\/wp\/v2\/media\/10095"}],"wp:attachment":[{"href":"https:\/\/mebipha.com\/online\/wp-json\/wp\/v2\/media?parent=5387"}],"wp:term":[{"taxonomy":"product_brand","embeddable":true,"href":"https:\/\/mebipha.com\/online\/wp-json\/wp\/v2\/product_brand?post=5387"},{"taxonomy":"product_cat","embeddable":true,"href":"https:\/\/mebipha.com\/online\/wp-json\/wp\/v2\/product_cat?post=5387"},{"taxonomy":"product_tag","embeddable":true,"href":"https:\/\/mebipha.com\/online\/wp-json\/wp\/v2\/product_tag?post=5387"}],"curies":[{"name":"wp","href":"https:\/\/api.w.org\/{rel}","templated":true}]}}