{"id":5383,"date":"2019-04-17T10:07:15","date_gmt":"2019-04-17T03:07:15","guid":{"rendered":"https:\/\/mebipha.com\/?post_type=product&#038;p=5383"},"modified":"2024-10-04T09:40:08","modified_gmt":"2024-10-04T02:40:08","slug":"mebi-septictom","status":"publish","type":"product","link":"https:\/\/mebipha.com\/online\/mebi-septictom\/","title":{"rendered":"MEBI-SEPTIC(T\u00d4M)"},"content":{"rendered":"","protected":false},"excerpt":{"rendered":"<p>S\u00c1T KHU\u1ea8N M\u00d4I TR\u01af\u1edcNG N\u01af\u1edaC<\/p>\n<p>PH\u00d2NG B\u1ec6NH V\u00c0 H\u1ed6 TR\u1ee2 \u0110I\u1ec0U TR\u1eca B\u1ec6NH<\/p>\n<p><strong>C\u00d4NG TH\u1ee8C<\/strong><\/p>\n<p>Alkyl dimethyl benzyl ammonium chloride&#8230;&#8230;&#8230;&#8230;&#8230;&#8230;&#8230;&#8230;&#8230;&#8230;. 195 g<\/p>\n<p>Glutaraldehyde &#8230;&#8230;&#8230;&#8230;&#8230;&#8230;.114 g<\/p>\n<p>Dung m\u00f4i v\u1eeba \u0111\u1ee7&#8230;&#8230;&#8230;&#8230;..1.000ml<\/p>\n<p><strong>CH\u1ec8 \u0110\u1ecaNH<\/strong><\/p>\n<p>Ti\u00eau di\u1ec7t ho\u00e0n to\u00e0n c\u00e1c vi khu\u1ea9n, n\u1ea5m, nguy\u00ean sinh \u0111\u1ed9ng v\u1eadt, k\u00fd sinh tr\u00f9ng g\u00e2y b\u1ec7nh tr\u00ean t\u00f4m nh\u01b0: b\u1ec7nh m\u00f2n r\u00e2u, c\u1ee5t \u0111u\u00f4i, \u0111en mang, \u0111\u00f3ng nh\u1edbt, \u0111\u00f3ng rong tr\u00ean th\u00e2n t\u00f4m,\u2026<\/p>\n<p>Gi\u1ea3m b\u1edbt m\u00f9i h\u00f4i c\u1ee7a b\u00f9n, l\u00e0m s\u1ea1ch ngu\u1ed3n n\u01b0\u1edbc nu\u00f4i.<\/p>\n<p>S\u00e1t tr\u00f9ng nh\u00e0 x\u01b0\u1edfng, d\u1ee5ng c\u1ee5, trang thi\u1ebft b\u1ecb trong b\u1ec3 \u01b0\u01a1m.<\/p>\n<p><strong>LI\u1ec0U L\u01af\u1ee2NG &amp; H\u01af\u1edaNG D\u1eaaN S\u1eec D\u1ee4NG<\/strong><\/p>\n<p>V\u1ec7 sinh b\u1ec3 v\u00e0 d\u1ee5ng c\u1ee5: 3 ml\/m<sup>3<\/sup> n\u01b0\u1edbc, ng\u00e2m 10 gi\u1edd r\u1ed3i r\u1eeda s\u1ea1ch b\u1eb1ng n\u01b0\u1edbc th\u01b0\u1eddng.<\/p>\n<p>S\u00e1t tr\u00f9ng trong qu\u00e1 tr\u00ecnh nu\u00f4i:<\/p>\n<p>Ph\u00f2ng b\u1ec7nh: 1 l\u00edt\/4.000 m<sup>3<\/sup> \u2013 5.000 m<sup>3<\/sup> n\u01b0\u1edbc ao, \u0111\u1ecbnh k\u1ef3 10 ng\u00e0y 1 l\u1ea7n.<\/p>\n<p>Khi t\u00f4m b\u1ecb b\u1ec7nh: 1 l\u00edt\/ 3.000 m<sup>3<\/sup>\u00a0 n\u01b0\u1edbc ao, x\u1eed l\u00fd 2 ng\u00e0y li\u00ean t\u1ee5c.<\/p>\n<p>L\u01b0u \u00fd: Kh\u00f4ng \u0111\u01b0\u1ee3c s\u1eed d\u1ee5ng qu\u00e1 li\u1ec1u ch\u1ec9 \u0111\u1ecbnh.<\/p>\n<p><strong>TH\u1edcI GIAN NG\u01afNG S\u1eec D\u1ee4NG THU\u1ed0C<\/strong><\/p>\n<p>12 ng\u00e0y tr\u01b0\u1edbc khi thu ho\u1ea1ch.<\/p>\n","protected":false},"featured_media":10660,"comment_status":"closed","ping_status":"closed","template":"","meta":[],"product_brand":[],"product_cat":[71,134],"product_tag":[],"class_list":{"0":"post-5383","1":"product","2":"type-product","3":"status-publish","4":"has-post-thumbnail","6":"product_cat-thuoc-thuy-san","7":"product_cat-thuoc-thuy-san-thuoc-thuy-san","9":"first","10":"instock","11":"shipping-taxable","12":"purchasable","13":"product-type-variable","14":"has-default-attributes"},"_links":{"self":[{"href":"https:\/\/mebipha.com\/online\/wp-json\/wp\/v2\/product\/5383","targetHints":{"allow":["GET"]}}],"collection":[{"href":"https:\/\/mebipha.com\/online\/wp-json\/wp\/v2\/product"}],"about":[{"href":"https:\/\/mebipha.com\/online\/wp-json\/wp\/v2\/types\/product"}],"replies":[{"embeddable":true,"href":"https:\/\/mebipha.com\/online\/wp-json\/wp\/v2\/comments?post=5383"}],"wp:featuredmedia":[{"embeddable":true,"href":"https:\/\/mebipha.com\/online\/wp-json\/wp\/v2\/media\/10660"}],"wp:attachment":[{"href":"https:\/\/mebipha.com\/online\/wp-json\/wp\/v2\/media?parent=5383"}],"wp:term":[{"taxonomy":"product_brand","embeddable":true,"href":"https:\/\/mebipha.com\/online\/wp-json\/wp\/v2\/product_brand?post=5383"},{"taxonomy":"product_cat","embeddable":true,"href":"https:\/\/mebipha.com\/online\/wp-json\/wp\/v2\/product_cat?post=5383"},{"taxonomy":"product_tag","embeddable":true,"href":"https:\/\/mebipha.com\/online\/wp-json\/wp\/v2\/product_tag?post=5383"}],"curies":[{"name":"wp","href":"https:\/\/api.w.org\/{rel}","templated":true}]}}