{"id":5376,"date":"2019-04-17T10:00:34","date_gmt":"2019-04-17T03:00:34","guid":{"rendered":"https:\/\/mebipha.com\/?post_type=product&#038;p=5376"},"modified":"2024-02-21T11:28:40","modified_gmt":"2024-02-21T04:28:40","slug":"mebi-orgalyte","status":"publish","type":"product","link":"https:\/\/mebipha.com\/online\/mebi-orgalyte\/","title":{"rendered":"MEBI-ORGALYTE"},"content":{"rendered":"<p><strong>GI\u1ea2M STRESS, H\u1ed6 TR\u1ee2 TI\u00caU H\u00d3A, B\u00d9 N\u01af\u1edaC V\u00c0 \u0110I\u1ec6N GI\u1ea2I CHO HEO V\u00c0 GIA C\u1ea6M<\/strong><\/p>\n<p><strong>B\u1ed9t h\u00f2a tan<\/strong><\/p>\n<p><strong>\u00a0<\/strong><\/p>\n<p><strong>MEBI-ORGALYTE <\/strong>l\u00e0 s\u1ef1 k\u1ebft h\u1ee3p \u0111\u1eb7c bi\u1ec7t gi\u1eefa c\u00e1c ch\u1ea5t \u0111i\u1ec7n gi\u1ea3i, vitamin C v\u00e0 acid citric gi\u00fap h\u1ed7 tr\u1ee3 t\u1ed1i \u0111a s\u1ee9c kh\u1ecfe v\u1eadt nu\u00f4i. S\u1ea3n ph\u1ea9m kh\u00f4ng ch\u1ec9 b\u00f9 n\u01b0\u1edbc v\u00e0 ch\u1ea5t \u0111i\u1ec7n gi\u1ea3i khi v\u1eadt nu\u00f4i b\u1ecb ti\u00eau ch\u1ea3y m\u00e0 c\u00f2n gi\u00fap gi\u1ea3m c\u00e1c b\u1ec7nh \u0111\u01b0\u1eddng ru\u1ed9t, c\u1ea3i thi\u1ec7n qu\u00e1 tr\u00ecnh ti\u00eau h\u00f3a th\u1ee9c \u0103n, k\u00edch th\u00edch th\u00e8m \u0103n, n\u00e2ng cao s\u1ee9c \u0111\u1ec1 kh\u00e1ng v\u00e0 gi\u1ea3m stress do nhi\u1ec1u nguy\u00ean nh\u00e2n.<\/p>\n<p><strong>TH\u00c0NH PH\u1ea6N<\/strong><\/p>\n<p>Sodium bicarbonate* (min-max): 80-150g<\/p>\n<p>Potassium chloride* (min-max): 50-60<\/p>\n<p>Sodium chloride (min-max): 35-50g<\/p>\n<p>Sodium citrate (min-max): 25-35g<\/p>\n<p>Vitamin C* (Ascorbic acid) (min): 25g<\/p>\n<p>Citric acid (min): 50g<\/p>\n<p>Glucose v\u1eeba \u0111\u1ee7: 1kg<\/p>\n<p><strong>L\u1ee2I \u00cdCH <\/strong><strong>C\u1ee6A VI\u1ec6C B\u1ed4 SUNG S\u1ea2N PH\u1ea8M<\/strong><\/p>\n<p>Gi\u00fap gi\u1ea3m \u0111\u1ed9 pH \u0111\u01b0\u1eddng ru\u1ed9t, \u1ee9c ch\u1ebf vi khu\u1ea9n g\u00e2y b\u1ec7nh ph\u00e1t tri\u1ec3n.<\/p>\n<p>T\u1ea1o \u0111i\u1ec1u ki\u1ec7n cho vi sinh v\u1eadt c\u00f3 l\u1ee3i ph\u00e1t tri\u1ec3n, t\u0103ng kh\u1ea3 n\u0103ng ti\u00eau h\u00f3a th\u1ee9c \u0103n.<\/p>\n<p>D\u00f9ng b\u00f9 n\u01b0\u1edbc v\u00e0 \u0111i\u1ec7n gi\u1ea3i cho gia c\u1ea7m v\u00e0 heo trong tr\u01b0\u1eddng h\u1ee3p b\u1ecb ti\u00eau ch\u1ea3y.<\/p>\n<p>H\u1ea1n ch\u1ebf stress, h\u1ed7 tr\u1ee3 \u0111i\u1ec1u tr\u1ecb b\u1ec7nh \u0111\u01b0\u1eddng ti\u00eau h\u00f3a tr\u00ean gia c\u1ea7m v\u00e0 heo.<\/p>\n<p><strong>H\u01af\u1edaNG D\u1eaaN S\u1eec D\u1ee4NG<\/strong><\/p>\n<p>Li\u1ec1u t\u1ed5ng qu\u00e1t: 1g\/10kg th\u1ec3 tr\u1ecdng.<\/p>\n<p><strong>Tr\u00ean gia c\u1ea7m: <\/strong>1g\/2 l\u00edt n\u01b0\u1edbc u\u1ed1ng.<\/p>\n<p>Trong th\u1eddi gian b\u1ecb b\u1ec7nh: 1g\/ 1 l\u00edt n\u01b0\u1edbc u\u1ed1ng.<\/p>\n<p><strong>Tr\u00ean heo:<\/strong><\/p>\n<p><strong>Heo con tr\u01b0\u1edbc cai s\u1eefa<\/strong>: 100g\/50 heo con\/ ng\u00e0y.<\/p>\n<p><strong>Heo con sau cai s\u1eefa:<\/strong> 100g\/25 heo con\/ ng\u00e0y.<\/p>\n<p><strong>Heo th\u1ecbt, heo n\u00e1i, heo n\u1ecdc:<\/strong> 1g\/10kg th\u1ec3 tr\u1ecdng<\/p>\n<p><strong>B\u1ea2O QU\u1ea2N<\/strong><\/p>\n<p>N\u01a1i kh\u00f4 r\u00e1o, tho\u00e1ng m\u00e1t, nhi\u1ec7t \u0111\u1ed9 d\u01b0\u1edbi 30<sup>0<\/sup>C, tr\u00e1nh \u00e1nh n\u1eafng tr\u1ef1c ti\u1ebfp. Tr\u00e1nh xa t\u1ea7m tay tr\u1ebb em.<\/p>\n<p><strong>H\u1ea0N D\u00d9NG<\/strong><\/p>\n<p>24 th\u00e1ng k\u1ec3 t\u1eeb ng\u00e0y s\u1ea3n xu\u1ea5t.<\/p>\n<p><strong>\u0110\u00d3NG G\u00d3I<\/strong><\/p>\n<p>100g, 500g\/g\u00f3i, 1kg\/g\u00f3i, 1kg\/lon<\/p>\n<p>&nbsp;<\/p>\n<p><strong>S\u1ed1 <\/strong><strong>\u0111\u0103ng k\u00fd<\/strong><strong>: TCCS 0<\/strong><strong>40<\/strong><strong>:20<\/strong><strong>13<\/strong><strong>\/MBP <\/strong><\/p>\n","protected":false},"excerpt":{"rendered":"<p><strong>GI\u1ea2M STRESS, H\u1ed6 TR\u1ee2 TI\u00caU H\u00d3A, B\u00d9 N\u01af\u1edaC V\u00c0 \u0110I\u1ec6N GI\u1ea2I CHO HEO V\u00c0 GIA C\u1ea6M<\/strong><\/p>\n<p><strong>B\u1ed9t h\u00f2a tan<\/strong><\/p>\n<p><strong>TH\u00c0NH PH\u1ea6N<\/strong><\/p>\n<p>Sodium bicarbonate* (min-max): 80-150g<\/p>\n<p>Potassium chloride* (min-max): 50-60<\/p>\n<p>Sodium chloride (min-max): 35-50g<\/p>\n<p>Sodium citrate (min-max): 25-35g<\/p>\n<p>Vitamin C* (Ascorbic acid) (min): 25g<\/p>\n<p>Citric acid (min): 50g<\/p>\n<p>Glucose v\u1eeba \u0111\u1ee7: 1kg<\/p>\n<p><strong>L\u1ee2I \u00cdCH <\/strong><strong>C\u1ee6A VI\u1ec6C B\u1ed4 SUNG S\u1ea2N PH\u1ea8M<\/strong><\/p>\n<p>Gi\u00fap gi\u1ea3m \u0111\u1ed9 pH \u0111\u01b0\u1eddng ru\u1ed9t, \u1ee9c ch\u1ebf vi khu\u1ea9n g\u00e2y b\u1ec7nh ph\u00e1t tri\u1ec3n.<\/p>\n<p>T\u1ea1o \u0111i\u1ec1u ki\u1ec7n cho vi sinh v\u1eadt c\u00f3 l\u1ee3i ph\u00e1t tri\u1ec3n, t\u0103ng kh\u1ea3 n\u0103ng ti\u00eau h\u00f3a th\u1ee9c \u0103n.<\/p>\n<p>D\u00f9ng b\u00f9 n\u01b0\u1edbc v\u00e0 \u0111i\u1ec7n gi\u1ea3i cho gia c\u1ea7m v\u00e0 heo trong tr\u01b0\u1eddng h\u1ee3p b\u1ecb ti\u00eau ch\u1ea3y.<\/p>\n<p>H\u1ea1n ch\u1ebf stress, h\u1ed7 tr\u1ee3 \u0111i\u1ec1u tr\u1ecb b\u1ec7nh \u0111\u01b0\u1eddng ti\u00eau h\u00f3a tr\u00ean gia c\u1ea7m v\u00e0 heo.<\/p>\n<p><strong>H\u01af\u1edaNG D\u1eaaN S\u1eec D\u1ee4NG<\/strong><\/p>\n<p>Li\u1ec1u t\u1ed5ng qu\u00e1t: 1g\/10kg th\u1ec3 tr\u1ecdng.<\/p>\n<p><strong>Tr\u00ean gia c\u1ea7m: <\/strong>1g\/2 l\u00edt n\u01b0\u1edbc u\u1ed1ng.<\/p>\n<p>Trong th\u1eddi gian b\u1ecb b\u1ec7nh: 1g\/ 1 l\u00edt n\u01b0\u1edbc u\u1ed1ng.<\/p>\n<p><strong>Tr\u00ean heo:<\/strong><\/p>\n<p><strong>Heo con tr\u01b0\u1edbc cai s\u1eefa<\/strong>: 100g\/50 heo con\/ ng\u00e0y.<\/p>\n<p><strong>Heo con sau cai s\u1eefa:<\/strong> 100g\/25 heo con\/ ng\u00e0y.<\/p>\n<p><strong>Heo th\u1ecbt, heo n\u00e1i, heo n\u1ecdc:<\/strong> 1g\/10kg th\u1ec3 tr\u1ecdng<\/p>\n<p>&nbsp;<\/p>\n","protected":false},"featured_media":10081,"comment_status":"closed","ping_status":"closed","template":"","meta":[],"product_brand":[],"product_cat":[62,142],"product_tag":[],"class_list":{"0":"post-5376","1":"product","2":"type-product","3":"status-publish","4":"has-post-thumbnail","6":"product_cat-thuoc-thu-y","7":"product_cat-danh-muc-san-pham-gia-cam","9":"first","10":"instock","11":"shipping-taxable","12":"purchasable","13":"product-type-variable","14":"has-default-attributes"},"_links":{"self":[{"href":"https:\/\/mebipha.com\/online\/wp-json\/wp\/v2\/product\/5376","targetHints":{"allow":["GET"]}}],"collection":[{"href":"https:\/\/mebipha.com\/online\/wp-json\/wp\/v2\/product"}],"about":[{"href":"https:\/\/mebipha.com\/online\/wp-json\/wp\/v2\/types\/product"}],"replies":[{"embeddable":true,"href":"https:\/\/mebipha.com\/online\/wp-json\/wp\/v2\/comments?post=5376"}],"wp:featuredmedia":[{"embeddable":true,"href":"https:\/\/mebipha.com\/online\/wp-json\/wp\/v2\/media\/10081"}],"wp:attachment":[{"href":"https:\/\/mebipha.com\/online\/wp-json\/wp\/v2\/media?parent=5376"}],"wp:term":[{"taxonomy":"product_brand","embeddable":true,"href":"https:\/\/mebipha.com\/online\/wp-json\/wp\/v2\/product_brand?post=5376"},{"taxonomy":"product_cat","embeddable":true,"href":"https:\/\/mebipha.com\/online\/wp-json\/wp\/v2\/product_cat?post=5376"},{"taxonomy":"product_tag","embeddable":true,"href":"https:\/\/mebipha.com\/online\/wp-json\/wp\/v2\/product_tag?post=5376"}],"curies":[{"name":"wp","href":"https:\/\/api.w.org\/{rel}","templated":true}]}}