{"id":5370,"date":"2019-04-17T09:50:05","date_gmt":"2019-04-17T02:50:05","guid":{"rendered":"https:\/\/mebipha.com\/?post_type=product&#038;p=5370"},"modified":"2024-09-25T15:00:23","modified_gmt":"2024-09-25T08:00:23","slug":"mebi-grow-vip-2","status":"publish","type":"product","link":"https:\/\/mebipha.com\/online\/mebi-grow-vip-2\/","title":{"rendered":"MEBI-GROW VIP 2"},"content":{"rendered":"<p><strong>D\u00c0Y L\u01af\u1edcN \u2013 N\u1ede \u1ee8C \u2013 N\u1eb6NG C\u00c2N<\/strong><\/p>\n<p><strong>V\u1ed6 B\u00c9O G\u00c0 TH\u1ecaT T\u1eea 41 NG\u00c0Y TU\u1ed4I \u2013 XU\u1ea4T B\u00c1N<\/strong><\/p>\n<p><strong>B\u1ed9t h\u00f2a tan<\/strong><\/p>\n<p><strong>MEBI-GROW VIP 2 <\/strong>b\u1ed5 sung vitamin, selen v\u00e0 xanthophyll v\u00e0o th\u1ee9c \u0103n cho g\u00e0 th\u1ecbt giai \u0111o\u1ea1n t\u1eeb 41 ng\u00e0y tu\u1ed5i \u0111\u1ebfn xu\u1ea5t b\u00e1n gi\u00fap gia t\u0103ng t\u00ednh th\u00e8m \u0103n, t\u0103ng c\u01b0\u1eddng kh\u1ea3 n\u0103ng ti\u00eau h\u00f3a th\u1ee9c \u0103n v\u00e0 h\u1ea5p thu tri\u1ec7t \u0111\u1ec3 dinh d\u01b0\u1ee1ng, t\u0103ng c\u01b0\u1eddng kh\u1ea3 n\u0103ng mi\u1ec5n d\u1ecbch, gi\u1ea3m b\u1ec7nh t\u1eadt v\u00e0 t\u0103ng tr\u01b0\u1edfng nhanh. S\u1ea3n ph\u1ea9m c\u00f2n gi\u00fap t\u0103ng m\u00e0u cho th\u1ecbt, da, gi\u00fap g\u00e0 c\u00f3 ngo\u1ea1i h\u00ecnh \u0111\u1eb9p, g\u00f3p ph\u1ea7n gia t\u0103ng n\u0103ng su\u1ea5t v\u00e0 ch\u1ea5t l\u01b0\u1ee3ng th\u00e0nh ph\u1ea9m khi xu\u1ea5t chu\u1ed3ng.<\/p>\n<p><strong>TH\u00c0NH PH\u1ea6N<\/strong><\/p>\n<p>Vitamin B1 (Thiamine mononitrate) (min): 5.000 mg<\/p>\n<p>Vitamin B2 (Riboflavin) (min): 2.500 mg<\/p>\n<p>Vitamin B6 (Pyridoxine HCl) (min): 3.125 mg<\/p>\n<p>Vitamin B12 (Cyanocobalamin) (min): 20 mg<\/p>\n<p>Vitamin A (Retinyl acetate) (min): 2.500.000 UI<\/p>\n<p>Vitamin E (DL-Alpha-tocopheryl acetate) (min): 7.500 mg<\/p>\n<p>Canthaxanthin (min): 3.000 mg<\/p>\n<p>Selenium* (min-max): 180 \u2013 200 mg<\/p>\n<p>Glucose v\u1eeba \u0111\u1ee7: 1kg<\/p>\n<p><strong>L\u1ee2I \u00cdCH C\u1ee6A VI\u1ec6C B\u1ed4 SUNG S\u1ea2N PH\u1ea8M<\/strong><\/p>\n<p>Cung c\u1ea5p c\u00e1c d\u01b0\u1ee1ng ch\u1ea5t \u0111\u1eb7c bi\u1ec7t gi\u00fap cho g\u00e0: d\u00e0y l\u01b0\u1eddn, n\u1edf \u1ee9c, n\u1eb7ng c\u00e2n.<\/p>\n<p>Gia t\u0103ng t\u00ednh t\u1ee5 m\u00e0u, gi\u00fap g\u00e0 v\u00e0ng ch\u00e2n, v\u00e0ng da, \u0111\u1ecf m\u00e0o, m\u01b0\u1ee3t l\u00f4ng, \u0111\u1eb9p m\u00e3.<\/p>\n<p>T\u0103ng ph\u1ea9m ch\u1ea5t th\u1ecbt.<\/p>\n<p>Gi\u1ea3m stress, t\u0103ng kh\u1ea3 n\u0103ng kh\u00e1ng b\u1ec7nh.<\/p>\n<p><strong>H\u01af\u1edaNG D\u1eaaN S\u1eec D\u1ee4NG<\/strong><\/p>\n<p>Li\u1ec1u t\u1ed5ng qu\u00e1t: 1g\/10kg th\u1ec3 tr\u1ecdng.<\/p>\n<p>H\u00f2a tan v\u00e0o n\u01b0\u1edbc u\u1ed1ng ho\u1eb7c tr\u1ed9n \u0111\u1ec1u v\u00e0o th\u1ee9c \u0103n: 1g\/ 2 l\u00edt n\u01b0\u1edbc u\u1ed1ng, d\u00f9ng li\u00ean t\u1ee5c.<\/p>\n<p><strong>H\u1ea1n s\u1eed d\u1ee5ng s\u1ea3n ph\u1ea9m <\/strong><\/p>\n<p>24 th\u00e1ng k\u1ec3 t\u1eeb ng\u00e0y s\u1ea3n xu\u1ea5t.<\/p>\n<p><strong>B\u1ea2O QU\u1ea2N<\/strong><\/p>\n<p>N\u01a1i kh\u00f4 r\u00e1o, tho\u00e1ng m\u00e1t, nhi\u1ec7t \u0111\u1ed9 d\u01b0\u1edbi 30<sup>0<\/sup>C. Tr\u00e1nh \u00e1nh n\u1eafng tr\u1ef1c ti\u1ebfp, tr\u00e1nh xa t\u1ea7m tay tr\u1ebb em.<\/p>\n<p><strong>\u0110\u00d3NG G\u00d3I<\/strong><\/p>\n<p><strong>100g, 500g\/lon, 1kg\/lon <\/strong><\/p>\n<p><strong>S\u1ed1 \u0111\u0103ng k\u00fd: TCCS 045:2013\/MBP<\/strong><\/p>\n","protected":false},"excerpt":{"rendered":"<p><strong>D\u00c0Y L\u01af\u1edcN \u2013 N\u1ede \u1ee8C \u2013 N\u1eb6NG C\u00c2N<\/strong><\/p>\n<p><strong>V\u1ed6 B\u00c9O G\u00c0 TH\u1ecaT T\u1eea 41 NG\u00c0Y TU\u1ed4I \u2013 XU\u1ea4T B\u00c1N<\/strong><\/p>\n<p><strong>B\u1ed9t h\u00f2a tan<\/strong><\/p>\n<p><strong>TH\u00c0NH PH\u1ea6N<\/strong><\/p>\n<p>Vitamin B1 (Thiamine mononitrate) (min): 5.000 mg<\/p>\n<p>Vitamin B2 (Riboflavin) (min): 2.500 mg<\/p>\n<p>Vitamin B6 (Pyridoxine HCl) (min): 3.125 mg<\/p>\n<p>Vitamin B12 (Cyanocobalamin) (min): 20 mg<\/p>\n<p>Vitamin A (Retinyl acetate) (min): 2.500.000 UI<\/p>\n<p>Vitamin E (DL-Alpha-tocopheryl acetate) (min): 7.500 mg<\/p>\n<p>Canthaxanthin (min): 3.000 mg<\/p>\n<p>Selenium* (min-max): 180 \u2013 200 mg<\/p>\n<p>Glucose v\u1eeba \u0111\u1ee7: 1kg<\/p>\n<p><strong>L\u1ee2I \u00cdCH C\u1ee6A VI\u1ec6C B\u1ed4 SUNG S\u1ea2N PH\u1ea8M<\/strong><\/p>\n<p>Cung c\u1ea5p c\u00e1c d\u01b0\u1ee1ng ch\u1ea5t \u0111\u1eb7c bi\u1ec7t gi\u00fap cho g\u00e0: d\u00e0y l\u01b0\u1eddn, n\u1edf \u1ee9c, n\u1eb7ng c\u00e2n.<\/p>\n<p>Gia t\u0103ng t\u00ednh t\u1ee5 m\u00e0u, gi\u00fap g\u00e0 v\u00e0ng ch\u00e2n, v\u00e0ng da, \u0111\u1ecf m\u00e0o, m\u01b0\u1ee3t l\u00f4ng, \u0111\u1eb9p m\u00e3.<\/p>\n<p>T\u0103ng ph\u1ea9m ch\u1ea5t th\u1ecbt.<\/p>\n<p>Gi\u1ea3m stress, t\u0103ng kh\u1ea3 n\u0103ng kh\u00e1ng b\u1ec7nh.<\/p>\n<p><strong>H\u01af\u1edaNG D\u1eaaN S\u1eec D\u1ee4NG<\/strong><\/p>\n<p>Li\u1ec1u t\u1ed5ng qu\u00e1t: 1g\/10kg th\u1ec3 tr\u1ecdng.<\/p>\n<p>H\u00f2a tan v\u00e0o n\u01b0\u1edbc u\u1ed1ng ho\u1eb7c tr\u1ed9n \u0111\u1ec1u v\u00e0o th\u1ee9c \u0103n: 1g\/ 2 l\u00edt n\u01b0\u1edbc u\u1ed1ng, d\u00f9ng li\u00ean t\u1ee5c.<\/p>\n","protected":false},"featured_media":10574,"comment_status":"closed","ping_status":"closed","template":"","meta":[],"product_brand":[],"product_cat":[62,142],"product_tag":[],"class_list":{"0":"post-5370","1":"product","2":"type-product","3":"status-publish","4":"has-post-thumbnail","6":"product_cat-thuoc-thu-y","7":"product_cat-danh-muc-san-pham-gia-cam","9":"first","10":"instock","11":"shipping-taxable","12":"purchasable","13":"product-type-variable"},"_links":{"self":[{"href":"https:\/\/mebipha.com\/online\/wp-json\/wp\/v2\/product\/5370","targetHints":{"allow":["GET"]}}],"collection":[{"href":"https:\/\/mebipha.com\/online\/wp-json\/wp\/v2\/product"}],"about":[{"href":"https:\/\/mebipha.com\/online\/wp-json\/wp\/v2\/types\/product"}],"replies":[{"embeddable":true,"href":"https:\/\/mebipha.com\/online\/wp-json\/wp\/v2\/comments?post=5370"}],"wp:featuredmedia":[{"embeddable":true,"href":"https:\/\/mebipha.com\/online\/wp-json\/wp\/v2\/media\/10574"}],"wp:attachment":[{"href":"https:\/\/mebipha.com\/online\/wp-json\/wp\/v2\/media?parent=5370"}],"wp:term":[{"taxonomy":"product_brand","embeddable":true,"href":"https:\/\/mebipha.com\/online\/wp-json\/wp\/v2\/product_brand?post=5370"},{"taxonomy":"product_cat","embeddable":true,"href":"https:\/\/mebipha.com\/online\/wp-json\/wp\/v2\/product_cat?post=5370"},{"taxonomy":"product_tag","embeddable":true,"href":"https:\/\/mebipha.com\/online\/wp-json\/wp\/v2\/product_tag?post=5370"}],"curies":[{"name":"wp","href":"https:\/\/api.w.org\/{rel}","templated":true}]}}