{"id":5357,"date":"2019-04-16T17:25:13","date_gmt":"2019-04-16T10:25:13","guid":{"rendered":"https:\/\/mebipha.com\/?post_type=product&#038;p=5357"},"modified":"2024-01-17T11:05:19","modified_gmt":"2024-01-17T04:05:19","slug":"fish-pak-6-way","status":"publish","type":"product","link":"https:\/\/mebipha.com\/online\/fish-pak-6-way\/","title":{"rendered":"FISH-PAK 6 WAY"},"content":{"rendered":"","protected":false},"excerpt":{"rendered":"<p><strong>S\u1ea2N PH\u1ea8M D\u1ea0NG B\u1ed8T <\/strong><strong>T\u0102NG C\u01af\u1edcNG H\u1ec6 MI\u1ec4N D\u1ecaCH 6 TRONG 1<\/strong><\/p>\n<p><strong>TH\u00c0NH PH\u1ea6N<\/strong><\/p>\n<p>Beta-Glucan* (min)&#8230;&#8230;&#8230; 100.000 mg<\/p>\n<p><em>Bacillus subtilis*<\/em> (min)&#8230;&#8230;. 1 x 10<sup>9<\/sup> CFU<\/p>\n<p><em>Saccharomyces cerevisiae<\/em> (min)&#8230;&#8230;&#8230; 1 x 10<sup>10<\/sup> CFU<\/p>\n<p>Vitamin A (min)&#8230;.. 6.000.000 UI<\/p>\n<p>Vitamin D<sub>3<\/sub> (min)&#8230;&#8230;2.000.000 UI<\/p>\n<p>Vitamin E (min)&#8230;&#8230;&#8230;.2.500 mg<\/p>\n<p>Vitamin K<sub>3<\/sub> (min)&#8230;..500 mg<\/p>\n<p>Vitamin C* (min)&#8230;&#8230;..25.000 mg<\/p>\n<p>Vitamin B<sub>12<\/sub><sup>*<\/sup> (min)&#8230;&#8230;. 50 mg<\/p>\n<p>Vitamin B<sub>6<\/sub> (min)&#8230;.3.500 mg<\/p>\n<p>Niacin (min)&#8230;.. 5.000 mg<\/p>\n<p>Lysine (min)&#8230; 10.000 mg<\/p>\n<p>Selenium (min \u2013 max)&#8230; 150 \u2013 250 mg<\/p>\n<p>Kh\u00e1ng sinh, ch\u1ea5t c\u1ea5m&#8230;. Kh\u00f4ng c\u00f3<\/p>\n<p>Ethoxyquin&#8230;&#8230;.. Kh\u00f4ng c\u00f3<\/p>\n<p>Ch\u1ea5t mang (Glucose) v\u1eeba \u0111\u1ee7&#8230; 1 kg<\/p>\n<p><strong>NGUY\u00caN LI\u1ec6U\u00a0 <\/strong>N\u1ea5m men, <em>Bacillus <\/em><a href=\"http:\/\/en.wikipedia.org\/wiki\/Bacillus_subtilis\"><em>subtilis<\/em><\/a>, Retinyl acetate, Cholecalciferol, DL-alpha-tocopheryl acetate, Menadion sodium bisulfite, Ascorbic acid, Cyanocobalamin, Pyridoxine HCl, Niacin, L-Lysine HCl, Na<sub>2<\/sub>SeO<sub>3<\/sub>, Dextrose monohydrate.<\/p>\n<p><strong>C\u00d4NG D\u1ee4NG<\/strong><\/p>\n<p>Gia t\u0103ng mi\u1ec5n d\u1ecbch.<\/p>\n<p>Ch\u1ed1ng s\u1ed1c, stress do: m\u1eadt \u0111\u1ed9 nu\u00f4i cao, m\u00f4i tr\u01b0\u1eddng thay \u0111\u1ed5i.<\/p>\n<p>D\u00f9ng k\u1ebft h\u1ee3p v\u1edbi thu\u1ed1c kh\u00e1ng sinh trong khi \u0111i\u1ec1u tr\u1ecb c\u00e1 b\u1ecb b\u1ec7nh. Gi\u00fap c\u00e1 ph\u1ee5c h\u1ed3i nhanh sau khi b\u1ec7nh, t\u0103ng c\u01b0\u1eddng kh\u1ea3 n\u0103ng gi\u1ea3i \u0111\u1ed9c, ti\u00eau h\u00f3a th\u1ee9c \u0103n.<\/p>\n<p><strong>H\u01af\u1edaNG D\u1eaaN S\u1eec D\u1ee4NG V\u00c0 LI\u1ec0U D\u00d9NG<\/strong><\/p>\n<p>H\u00f2a tan v\u00e0o n\u01b0\u1edbc tr\u1ed9n \u0111\u1ec1u v\u1edbi th\u1ee9c \u0103n, \u0111\u1ec3 kh\u00f4 t\u1ef1 nhi\u00ean trong \u0111i\u1ec1u ki\u1ec7n r\u00e2m m\u00e1t kho\u1ea3ng 15 ph\u00fat r\u1ed3i cho \u0103n.<\/p>\n<p>C\u00e1, t\u00f4m t\u1eeb 1-2 th\u00e1ng tu\u1ed5i : 1kg\/40 t\u1ea5n c\u00e1, t\u00f4m. D\u00f9ng li\u00ean t\u1ee5c 3-5 ng\u00e0y, m\u1ed7i th\u00e1ng d\u00f9ng 2 \u0111\u1ee3t.<\/p>\n<p>C\u00e1, t\u00f4m tr\u00ean 2 th\u00e1ng tu\u1ed5i: 1kg\/50-60 t\u1ea5n c\u00e1, t\u00f4m. D\u00f9ng li\u00ean t\u1ee5c 3-5 ng\u00e0y, m\u1ed7i th\u00e1ng d\u00f9ng 2 \u0111\u1ee3t.<\/p>\n<p>Tr\u01b0\u1eddng h\u1ee3p b\u1ed5 sung li\u00ean t\u1ee5c trong su\u1ed1t qu\u00e1 tr\u00ecnh nu\u00f4i: 1kg\/100 t\u1ea5n c\u00e1, t\u00f4m.<\/p>\n<p>Khi c\u00e1, t\u00f4m c\u00f3 bi\u1ec3u hi\u1ec7n stress ho\u1eb7c m\u1edbi ph\u00e1t b\u1ec7nh d\u00f9ng k\u1ebft h\u1ee3p kh\u00e1ng sinh: 1kg\/30 t\u1ea5n c\u00e1, t\u00f4m, d\u00f9ng li\u00ean t\u1ee5c 5-7 ng\u00e0y.<\/p>\n","protected":false},"featured_media":9906,"comment_status":"closed","ping_status":"closed","template":"","meta":[],"product_brand":[],"product_cat":[71,107],"product_tag":[],"class_list":{"0":"post-5357","1":"product","2":"type-product","3":"status-publish","4":"has-post-thumbnail","6":"product_cat-thuoc-thuy-san","7":"product_cat-san-pham-cho-ca","9":"first","10":"instock","11":"shipping-taxable","12":"purchasable","13":"product-type-variable","14":"has-default-attributes"},"_links":{"self":[{"href":"https:\/\/mebipha.com\/online\/wp-json\/wp\/v2\/product\/5357","targetHints":{"allow":["GET"]}}],"collection":[{"href":"https:\/\/mebipha.com\/online\/wp-json\/wp\/v2\/product"}],"about":[{"href":"https:\/\/mebipha.com\/online\/wp-json\/wp\/v2\/types\/product"}],"replies":[{"embeddable":true,"href":"https:\/\/mebipha.com\/online\/wp-json\/wp\/v2\/comments?post=5357"}],"wp:featuredmedia":[{"embeddable":true,"href":"https:\/\/mebipha.com\/online\/wp-json\/wp\/v2\/media\/9906"}],"wp:attachment":[{"href":"https:\/\/mebipha.com\/online\/wp-json\/wp\/v2\/media?parent=5357"}],"wp:term":[{"taxonomy":"product_brand","embeddable":true,"href":"https:\/\/mebipha.com\/online\/wp-json\/wp\/v2\/product_brand?post=5357"},{"taxonomy":"product_cat","embeddable":true,"href":"https:\/\/mebipha.com\/online\/wp-json\/wp\/v2\/product_cat?post=5357"},{"taxonomy":"product_tag","embeddable":true,"href":"https:\/\/mebipha.com\/online\/wp-json\/wp\/v2\/product_tag?post=5357"}],"curies":[{"name":"wp","href":"https:\/\/api.w.org\/{rel}","templated":true}]}}