{"id":5345,"date":"2019-04-16T17:09:48","date_gmt":"2019-04-16T10:09:48","guid":{"rendered":"https:\/\/mebipha.com\/?post_type=product&#038;p=5345"},"modified":"2024-01-17T11:15:38","modified_gmt":"2024-01-17T04:15:38","slug":"deoraseca","status":"publish","type":"product","link":"https:\/\/mebipha.com\/online\/deoraseca\/","title":{"rendered":"DEORASE(C\u00c1)"},"content":{"rendered":"","protected":false},"excerpt":{"rendered":"<p><strong>S\u1ea2N PH\u1ea8M D\u1ea0NG B\u1ed8T <\/strong><strong>X\u1eec L\u00dd M\u00d4I TR\u01af\u1edcNG N\u01af\u1edaC, X\u1eec L\u00dd \u0110\u00c1Y AO<\/strong><\/p>\n<p><strong>TH\u00c0NH PH\u1ea6N<\/strong><\/p>\n<p><em>Bacillus subtilis<\/em> (min)&#8230;&#8230;&#8230;. 9 x 10<sup>7 <\/sup>CFU<\/p>\n<p><em>Nitrobacter <\/em>sp. (min)&#8230;&#8230;&#8230;&#8230;1 x 10<sup>6<\/sup> CFU<\/p>\n<p>Saponin* (min)&#8230;&#8230;&#8230;&#8230;&#8230;&#8230;&#8230; 15.000 mg<\/p>\n<p>Kh\u00e1ng sinh, ch\u1ea5t c\u1ea5m&#8230;&#8230;&#8230;&#8230; Kh\u00f4ng c\u00f3<\/p>\n<p>Ethoxyquin&#8230;&#8230;&#8230;&#8230;&#8230;&#8230;&#8230;&#8230;&#8230;..Kh\u00f4ng c\u00f3<\/p>\n<p>Ch\u1ea5t mang (Glucose) v\u1eeba \u0111\u1ee7&#8230;. 1 kg<\/p>\n<p><strong>NGUY\u00caN LI\u1ec6U<\/strong> \u00a0Chi\u1ebft xu\u1ea5t Yucca schidigera, <em>Bacillus subtilis<\/em>, <em>Nitrobacter<\/em> sp., Dextrose monohydrate.<\/p>\n<p><strong>C\u00d4NG D\u1ee4NG<\/strong><\/p>\n<p>B\u1ed5 sung c\u00e1c vi sinh v\u1eadt c\u00f3 l\u1ee3i cho ao nu\u00f4i, \u1ee9c ch\u1ebf s\u1ef1 ph\u00e1t tri\u1ec3n c\u1ee7a c\u00e1c vi khu\u1ea9n g\u00e2y b\u1ec7nh.<\/p>\n<p>Gi\u1ea3m n\u1ed3ng \u0111\u1ed9 kh\u00ed \u0111\u1ed9c amoniac (NH<sub>3<\/sub>) th\u1ea3i ra t\u1eeb ph\u00e2n c\u1ee7a c\u00e1. Ph\u00e2n h\u1ee7y c\u00e1c ch\u1ea5t b\u1ea9n h\u1eefu c\u01a1 tr\u00ean n\u1ec1n \u0111\u00e1y, h\u1ea1n ch\u1ebf \u00f4 nhi\u1ec5m m\u00f4i tr\u01b0\u1eddng.<\/p>\n<p><strong>H\u01af\u1edaNG D\u1eaaN S\u1eec D\u1ee4NG V\u00c0 LI\u1ec0U D\u00d9NG<\/strong><\/p>\n<p>H\u00f2a tan v\u00e0o n\u01b0\u1edbc, t\u1ea1t \u0111\u1ec1u kh\u1eafp m\u1eb7t ao<\/p>\n<p>X\u1eed l\u00fd tr\u01b0\u1edbc khi th\u1ea3 c\u00e1 gi\u1ed1ng ho\u1eb7c ao ch\u1ee9a: 200-250g\/1.000m<sup>3<\/sup>, sau 1-2 ng\u00e0y c\u00f3 th\u1ec3 th\u1ea3 c\u00e1.<\/p>\n<p>Trong qu\u00e1 tr\u00ecnh nu\u00f4i: 100g\/1.000m<sup>3 <\/sup>n\u01b0\u1edbc, \u0111\u1ecbnh k\u1ef3 15 ng\u00e0y \u0111\u00e1nh 1 l\u1ea7n.<\/p>\n<p>Tr\u01b0\u1eddng h\u1ee3p c\u00e1 m\u1eafc b\u1ec7nh: 200g\/1.000m<sup>3<\/sup> n\u01b0\u1edbc, \u0111\u00e1nh ng\u00e0y 1 l\u1ea7n, li\u00ean t\u1ee5c trong 2 ng\u00e0y.<\/p>\n","protected":false},"featured_media":9912,"comment_status":"closed","ping_status":"closed","template":"","meta":[],"product_brand":[],"product_cat":[71,107],"product_tag":[],"class_list":{"0":"post-5345","1":"product","2":"type-product","3":"status-publish","4":"has-post-thumbnail","6":"product_cat-thuoc-thuy-san","7":"product_cat-san-pham-cho-ca","9":"first","10":"instock","11":"shipping-taxable","12":"purchasable","13":"product-type-variable","14":"has-default-attributes"},"_links":{"self":[{"href":"https:\/\/mebipha.com\/online\/wp-json\/wp\/v2\/product\/5345","targetHints":{"allow":["GET"]}}],"collection":[{"href":"https:\/\/mebipha.com\/online\/wp-json\/wp\/v2\/product"}],"about":[{"href":"https:\/\/mebipha.com\/online\/wp-json\/wp\/v2\/types\/product"}],"replies":[{"embeddable":true,"href":"https:\/\/mebipha.com\/online\/wp-json\/wp\/v2\/comments?post=5345"}],"wp:featuredmedia":[{"embeddable":true,"href":"https:\/\/mebipha.com\/online\/wp-json\/wp\/v2\/media\/9912"}],"wp:attachment":[{"href":"https:\/\/mebipha.com\/online\/wp-json\/wp\/v2\/media?parent=5345"}],"wp:term":[{"taxonomy":"product_brand","embeddable":true,"href":"https:\/\/mebipha.com\/online\/wp-json\/wp\/v2\/product_brand?post=5345"},{"taxonomy":"product_cat","embeddable":true,"href":"https:\/\/mebipha.com\/online\/wp-json\/wp\/v2\/product_cat?post=5345"},{"taxonomy":"product_tag","embeddable":true,"href":"https:\/\/mebipha.com\/online\/wp-json\/wp\/v2\/product_tag?post=5345"}],"curies":[{"name":"wp","href":"https:\/\/api.w.org\/{rel}","templated":true}]}}