{"id":5330,"date":"2019-04-16T16:56:34","date_gmt":"2019-04-16T09:56:34","guid":{"rendered":"https:\/\/mebipha.com\/?post_type=product&#038;p=5330"},"modified":"2025-12-29T14:18:04","modified_gmt":"2025-12-29T07:18:04","slug":"bromhexin","status":"publish","type":"product","link":"https:\/\/mebipha.com\/online\/bromhexin\/","title":{"rendered":"BROMHEXINE"},"content":{"rendered":"<p><strong>GI\u1ea2M HO, LONG \u0110\u1edcM, GI\u1ea2M \u0110AU, H\u1ea0 S\u1ed0T<\/strong><\/p>\n<p><strong>Thu\u1ed1c b\u1ed9t tr\u1ed9n th\u1ee9c \u0103n ho\u1eb7c pha n\u01b0\u1edbc u\u1ed1ng<\/strong><\/p>\n<p><strong>C\u00d4NG TH\u1ee8C<\/strong><\/p>\n<p>Bromhexine HCl: 10.000mg<\/p>\n<p>Paracetamol: 50.000mg<\/p>\n<p>T\u00e1 d\u01b0\u1ee3c v\u1eeba \u0111\u1ee7: 1kg<\/p>\n<p><strong>\u0110\u1eb6C T\u00cdNH D\u01af\u1ee2C L\u00dd S\u1ea2N PH\u1ea8M<\/strong><\/p>\n<p><strong>Bromhexine<\/strong> t\u0103ng c\u01b0\u1eddng vi\u1ec7c v\u1eadn chuy\u1ec3n ch\u1ea5t nh\u1ea7y b\u1eb1ng c\u00e1ch gi\u1ea3m thi\u1ec3u \u0111\u1ed9 nh\u1ea7y d\u00ednh c\u1ee7a ch\u1ea5t nh\u1ea7y v\u00e0 k\u00edch ho\u1ea1t bi\u1ec3u m\u00f4 c\u00f3 l\u00f4ng chuy\u1ec3n. Bromhexine l\u00e0m th\u1ee7y ph\u00e2n c\u00e1c mucoprotein d\u1eabn \u0111\u1ebfn kh\u1eed c\u00e1c c\u1ef1c mucopolysaccharide, c\u1eaft \u0111\u1ee9t c\u00e1c s\u1ee3i cao ph\u00e2n t\u1eed n\u00e0y, l\u00e0m \u0111i\u1ec1u bi\u1ebfn ho\u1ea1t t\u00ednh c\u1ee7a c\u00e1c t\u1ebf b\u00e0o ti\u1ebft ch\u1ea5t nh\u00e0y. K\u1ebft qu\u1ea3 l\u00e0 thay \u0111\u1ed5i c\u1ea5u tr\u00fac ch\u1ea5t nh\u00e0y, gi\u1ea3m \u0111\u1ed9 nh\u00e0y nh\u1edbt.<\/p>\n<p>Ngo\u00e0i ra, Bromhexine c\u00f2n l\u00e0m gia t\u0103ng s\u1ef1 t\u1eadp trung c\u1ee7a c\u00e1c kh\u00e1ng sinh tr\u00ean \u0111\u01b0\u1eddng h\u00f4 h\u1ea5p.<\/p>\n<p><strong>Paracetamol<\/strong> (acetaminophen hay N &#8211; acetyl &#8211; p &#8211; aminophenol) l\u00e0 ch\u1ea5t chuy\u1ec3n ho\u00e1 c\u00f3 ho\u1ea1t t\u00ednh c\u1ee7a phenacetin, l\u00e0 thu\u1ed1c gi\u1ea3m \u0111au h\u1ea1 s\u1ed1t h\u1eefu hi\u1ec7u c\u00f3 th\u1ec3 thay th\u1ebf aspirin.<\/p>\n<p>Thu\u1ed1c t\u00e1c \u0111\u1ed9ng l\u00ean v\u00f9ng d\u01b0\u1edbi \u0111\u1ed3i g\u00e2y h\u1ea1 nhi\u1ec7t, to\u1ea3 nhi\u1ec7t t\u0103ng do gi\u00e3n m\u1ea1ch v\u00e0 t\u0103ng l\u01b0u l\u01b0\u1ee3ng m\u00e1u ngo\u1ea1i bi\u00ean. Paracetamol v\u1edbi li\u1ec1u \u0111i\u1ec1u tr\u1ecb \u00edt t\u00e1c \u0111\u1ed9ng \u0111\u1ebfn h\u1ec7 tim m\u1ea1ch v\u00e0 h\u00f4 h\u1ea5p, kh\u00f4ng l\u00e0m thay \u0111\u1ed5i c\u00e2n b\u1eb1ng acid &#8211; base, kh\u00f4ng g\u00e2y k\u00edch \u1ee9ng, x\u01b0\u1edbc ho\u1eb7c ch\u1ea3y m\u00e1u d\u1ea1 d\u00e0y nh\u01b0 khi d\u00f9ng salicylat, v\u00ec paracetamol kh\u00f4ng t\u00e1c d\u1ee5ng tr\u00ean cyclooxygenase to\u00e0n th\u00e2n, ch\u1ec9 t\u00e1c \u0111\u1ed9ng \u0111\u1ebfn cyclooxygenase\/prostaglandin c\u1ee7a h\u1ec7 th\u1ea7n kinh trung \u01b0\u01a1ng.<\/p>\n<p><strong>C\u00d4NG D\u1ee4NG S\u1ea2N PH\u1ea8M<\/strong><\/p>\n<p>Gi\u1ea3m ho, long \u0111\u1eddm.<\/p>\n<p>Gi\u00e3n ph\u1ebf qu\u1ea3n, th\u00f4ng kh\u00ed qu\u1ea3n gi\u00fap th\u00fa d\u1ec5 th\u1edf.<\/p>\n<p>Gi\u1ea3m \u0111au, h\u1ea1 s\u1ed1t.<\/p>\n<p>D\u00f9ng k\u1ebft h\u1ee3p v\u1edbi kh\u00e1ng sinh \u0111\u1ec3 t\u0103ng hi\u1ec7u qu\u1ea3 \u0111i\u1ec1u tr\u1ecb trong c\u00e1c b\u1ec7nh vi\u00eam ph\u1ebf qu\u1ea3n, vi\u00eam thanh ph\u1ebf qu\u1ea3n, vi\u00eam ph\u1ed5i, suy\u1ec5n, CRD\u2026<\/p>\n<p><strong>CH\u1ed0NG CH\u1ec8 \u0110\u1ecaNH<\/strong><\/p>\n<p>Qu\u00e1 m\u1eabn v\u1edbi paracetamol.<\/p>\n<p>Thi\u1ebfu h\u1ee5t glucose &#8211; 6 &#8211; phosphat dehydro-genase.<\/p>\n<p>Kh\u00f4ng s\u1eed d\u1ee5ng cho th\u00fa mang thai.<\/p>\n<p><strong>S\u1eec D\u1ee4NG<\/strong><\/p>\n<p><strong>Tr\u00ean g\u00e0, v\u1ecbt, c\u00fat: <\/strong><\/p>\n<p>Li\u1ec1u t\u1ed5ng qu\u00e1t: 1g\/ 8kg th\u1ec3 tr\u1ecdng.<\/p>\n<p>Pha 1g\/ 1 l\u00edt n\u01b0\u1edbc u\u1ed1ng ho\u1eb7c 1kg\/ 400kg th\u1ee9c \u0103n. D\u00f9ng li\u00ean t\u1ee5c 3 &#8211; 5 ng\u00e0y.<\/p>\n<p><strong>Tr\u00ean heo v\u00e0 gia s\u00fac:<\/strong><\/p>\n<p>Li\u1ec1u t\u1ed5ng qu\u00e1t: 1g\/10-15kg th\u1ec3 tr\u1ecdng..<\/p>\n<p>Pha 1g\/1 l\u00edt n\u01b0\u1edbc u\u1ed1ng ho\u1eb7c 1kg\/500kg th\u1ee9c \u0103n. D\u00f9ng li\u00ean t\u1ee5c 3 \u2013 5 ng\u00e0y.<\/p>\n<p>D\u00f9ng k\u1ebft h\u1ee3p kh\u00e1ng sinh \u0111i\u1ec1u tr\u1ecb c\u00e1c b\u1ec7nh \u0111\u01b0\u1eddng h\u00f4 h\u1ea5p r\u1ea5t hi\u1ec7u qu\u1ea3: d\u00f9ng v\u1edbi li\u1ec1u nh\u01b0 tr\u00ean, li\u00ean t\u1ee5c 5 &#8211; 7 ng\u00e0y.<\/p>\n<p><strong>Th\u1eddi gian ng\u01b0ng s\u1eed d\u1ee5ng thu\u1ed1c<\/strong><\/p>\n<p><strong>\u00a0<\/strong>4 ng\u00e0y tr\u01b0\u1edbc khi gi\u1ebft m\u1ed5<\/p>\n<p><strong>B\u1ea2O QU\u1ea2N<\/strong><\/p>\n<p>N\u01a1i kh\u00f4 r\u00e1o, tho\u00e1ng m\u00e1t, nhi\u1ec7t \u0111\u1ed9 d\u01b0\u1edbi 30<sup>0<\/sup>C, tr\u00e1nh \u00e1nh n\u1eafng tr\u1ef1c ti\u1ebfp. Tr\u00e1nh xa t\u1ea7m tay tr\u1ebb em.<\/p>\n<p><strong>H\u1ea0N D\u00d9NG <\/strong><\/p>\n<p>24 th\u00e1ng k\u1ec3 t\u1eeb ng\u00e0y s\u1ea3n xu\u1ea5t.<\/p>\n<p><strong>\u0110\u00d3NG G\u00d3I<\/strong><\/p>\n<p>50g\/g\u00f3i, 100g\/g\u00f3i, 500g\/g\u00f3i, 1kg\/g\u00f3i.<\/p>\n<p><strong>S\u1ed1 \u0111\u0103ng k\u00fd: MBP-76<\/strong><\/p>\n","protected":false},"excerpt":{"rendered":"<p>Th\u00e0nh ph\u1ea7n:<\/p>\n<p>Bromhexine hydrochloride: 10.000 mg<br \/>\nParacetamol: 50.000 mg<br \/>\nT\u00e1 d\u01b0\u1ee3c v\u1eeba \u0111\u1ee7 : 1kg<\/p>\n<p>S\u1eed d\u1ee5ng:<\/p>\n<p>Tr\u00ean g\u00e0, v\u1ecbt, c\u00fat: 1g\/8kg th\u1ec3 tr\u1ecdng<br \/>\npha 1g\/1 l\u00edt n\u01b0\u1edbc u\u1ed1ng ho\u1eb7c 1kg\/400kg th\u1ee9c \u0103n, d\u00f9ng li\u00ean t\u1ee5c 3-5 ng\u00e0y.<br \/>\nTr\u00ean heo, gia s\u00fac: 1g\/10 &#8211; 15kg th\u1ec3 tr\u1ecdng<br \/>\nPha 1g\/1 l\u00edt n\u01b0\u1edbc u\u1ed1ng ho\u1eb7c 1kg\/500kg th\u1ee9c \u0103n, d\u00f9ng 3-5 ng\u00e0y.<br \/>\nD\u00f9ng k\u1ebft h\u1ee3p kh\u00e1ng sinh \u0111i\u1ec1u tr\u1ecb c\u00e1c b\u1ec7nh \u0111\u01b0\u1eddng h\u00f4 h\u1ea5p: d\u00f9ng v\u1edbi li\u1ec1u nh\u01b0 tr\u00ean, li\u00ean t\u1ee5c 5-7 ng\u00e0y.<\/p>\n","protected":false},"featured_media":10540,"comment_status":"closed","ping_status":"closed","template":"","meta":[],"product_brand":[],"product_cat":[62,142],"product_tag":[],"class_list":{"0":"post-5330","1":"product","2":"type-product","3":"status-publish","4":"has-post-thumbnail","6":"product_cat-thuoc-thu-y","7":"product_cat-danh-muc-san-pham-gia-cam","9":"first","10":"instock","11":"shipping-taxable","12":"purchasable","13":"product-type-variable","14":"has-default-attributes"},"_links":{"self":[{"href":"https:\/\/mebipha.com\/online\/wp-json\/wp\/v2\/product\/5330","targetHints":{"allow":["GET"]}}],"collection":[{"href":"https:\/\/mebipha.com\/online\/wp-json\/wp\/v2\/product"}],"about":[{"href":"https:\/\/mebipha.com\/online\/wp-json\/wp\/v2\/types\/product"}],"replies":[{"embeddable":true,"href":"https:\/\/mebipha.com\/online\/wp-json\/wp\/v2\/comments?post=5330"}],"wp:featuredmedia":[{"embeddable":true,"href":"https:\/\/mebipha.com\/online\/wp-json\/wp\/v2\/media\/10540"}],"wp:attachment":[{"href":"https:\/\/mebipha.com\/online\/wp-json\/wp\/v2\/media?parent=5330"}],"wp:term":[{"taxonomy":"product_brand","embeddable":true,"href":"https:\/\/mebipha.com\/online\/wp-json\/wp\/v2\/product_brand?post=5330"},{"taxonomy":"product_cat","embeddable":true,"href":"https:\/\/mebipha.com\/online\/wp-json\/wp\/v2\/product_cat?post=5330"},{"taxonomy":"product_tag","embeddable":true,"href":"https:\/\/mebipha.com\/online\/wp-json\/wp\/v2\/product_tag?post=5330"}],"curies":[{"name":"wp","href":"https:\/\/api.w.org\/{rel}","templated":true}]}}