{"id":5305,"date":"2019-04-05T16:16:54","date_gmt":"2019-04-05T09:16:54","guid":{"rendered":"https:\/\/mebipha.com\/?post_type=product&#038;p=5305"},"modified":"2024-09-25T15:50:37","modified_gmt":"2024-09-25T08:50:37","slug":"tang-trung-so-1","status":"publish","type":"product","link":"https:\/\/mebipha.com\/online\/tang-trung-so-1\/","title":{"rendered":"T\u0102NG TR\u1ee8NG S\u1ed0 1"},"content":{"rendered":"","protected":false},"excerpt":{"rendered":"<p>Th\u00e0nh ph\u1ea7n:<\/p>\n<p>Vitamin A(min) 10.000.000 UI<br \/>\nVitamin D3(min) 2.500.000 UI<br \/>\nVitamin E(min) &#8230;&#8230;5.000 mg<br \/>\nVitamin K3(min)&#8230; 2.500 mg<br \/>\nVitamin C(min) &#8230;50.000 mg<br \/>\nVitamin B1(min)&#8230;.2.500 mg<br \/>\nVitamin B2 (min)&#8230;2.000 mg<br \/>\nVitamin B6(min)&#8230;3.000 mg<br \/>\nVitamin B12(min)&#8230;&#8230;..20mg<br \/>\nVitamin B5(min)&#8230; 5.000 mg<br \/>\nFolic acid(min)&#8230;&#8230; 1.000mg<br \/>\nBiotin (min)&#8230;&#8230;50mg<br \/>\nSelenium (min &#8211; max)&#8230;180 &#8211; 200mg<br \/>\nGlucose v\u1eeba \u0111\u1ee7: 1.000g<\/p>\n<p>S\u1eed d\u1ee5ng:<\/p>\n<p>Tr\u00ean g\u00e0 \u0111\u1ebb:<br \/>\nLi\u1ec1u trung b\u00ecnh: 1kg\/20- 25 t\u1ea5n g\u00e0 t\u01b0\u01a1ng \u0111\u01b0\u01a1ng 1kg\/15.000 g\u00e0 \u0111\u1ebb\/ng\u00e0y. Pha v\u00e0o n\u01b0\u1edbc u\u1ed1ng 1g\/4 l\u00edt n\u01b0\u1edbc u\u1ed1ng, d\u00f9ng li\u00ean t\u1ee5c 5 &#8211; 7 ng\u00e0y\/ \u0111\u1ee3t.<br \/>\n\u0110\u1ecbnh k\u1ef3 2 -3 tu\u1ea7n\/\u0111\u1ee3t<br \/>\nLi\u1ec1u t\u0103ng c\u01b0\u1eddng: 1kg\/15 t\u1ea5n g\u00e0 t\u01b0\u01a1ng \u0111\u01b0\u01a1ng 1kg\/7.000 &#8211; 10.000 g\u00e0 \u0111\u1ebb\/ ng\u00e0y. 1g\/2 l\u00edt n\u01b0\u1edbc u\u1ed1ng, d\u00f9ng li\u00ean t\u1ee5c 3 &#8211; 4 ng\u00e0y.<br \/>\nTr\u00ean c\u00fat, v\u1ecbt \u0111\u1ebb:<br \/>\nLi\u1ec1u trung b\u00ecnh: 1kg\/15 &#8211; 20 t\u1ea5n th\u1ec3 tr\u1ecdng<br \/>\nLi\u1ec1u t\u0103ng c\u01b0\u1eddng: 1kg\/10- 15 t\u1ea5n th\u1ec3 tr\u1ecdng<\/p>\n","protected":false},"featured_media":10595,"comment_status":"closed","ping_status":"closed","template":"","meta":[],"product_brand":[],"product_cat":[62,143,142],"product_tag":[],"class_list":{"0":"post-5305","1":"product","2":"type-product","3":"status-publish","4":"has-post-thumbnail","6":"product_cat-thuoc-thu-y","7":"product_cat-tang-trung","8":"product_cat-danh-muc-san-pham-gia-cam","10":"first","11":"instock","12":"shipping-taxable","13":"purchasable","14":"product-type-variable","15":"has-default-attributes"},"_links":{"self":[{"href":"https:\/\/mebipha.com\/online\/wp-json\/wp\/v2\/product\/5305","targetHints":{"allow":["GET"]}}],"collection":[{"href":"https:\/\/mebipha.com\/online\/wp-json\/wp\/v2\/product"}],"about":[{"href":"https:\/\/mebipha.com\/online\/wp-json\/wp\/v2\/types\/product"}],"replies":[{"embeddable":true,"href":"https:\/\/mebipha.com\/online\/wp-json\/wp\/v2\/comments?post=5305"}],"wp:featuredmedia":[{"embeddable":true,"href":"https:\/\/mebipha.com\/online\/wp-json\/wp\/v2\/media\/10595"}],"wp:attachment":[{"href":"https:\/\/mebipha.com\/online\/wp-json\/wp\/v2\/media?parent=5305"}],"wp:term":[{"taxonomy":"product_brand","embeddable":true,"href":"https:\/\/mebipha.com\/online\/wp-json\/wp\/v2\/product_brand?post=5305"},{"taxonomy":"product_cat","embeddable":true,"href":"https:\/\/mebipha.com\/online\/wp-json\/wp\/v2\/product_cat?post=5305"},{"taxonomy":"product_tag","embeddable":true,"href":"https:\/\/mebipha.com\/online\/wp-json\/wp\/v2\/product_tag?post=5305"}],"curies":[{"name":"wp","href":"https:\/\/api.w.org\/{rel}","templated":true}]}}