{"id":5299,"date":"2019-04-05T16:10:24","date_gmt":"2019-04-05T09:10:24","guid":{"rendered":"https:\/\/mebipha.com\/?post_type=product&#038;p=5299"},"modified":"2024-10-05T09:00:58","modified_gmt":"2024-10-05T02:00:58","slug":"sieu-tiet-trung-2","status":"publish","type":"product","link":"https:\/\/mebipha.com\/online\/sieu-tiet-trung-2\/","title":{"rendered":"SI\u00caU TI\u1ec6T TR\u00d9NG(C\u00c1)"},"content":{"rendered":"","protected":false},"excerpt":{"rendered":"<p>DI\u1ec6T KHU\u1ea8N NGU\u1ed2N N\u01af\u1edaC, H\u1ed6 TR\u1ee2 \u0110I\u1ec0U TR\u1eca B\u1ec6NH GAN TH\u1eacN M\u1ee6, XU\u1ea4T HUY\u1ebeT, N\u1ea4M NH\u1edaT<\/p>\n<p><strong>C\u00d4NG TH\u1ee8C<\/strong><\/p>\n<p>Chloramin B \u2026\u2026\u2026\u2026\u2026.99%<\/p>\n<p>T\u00e1 d\u01b0\u1ee3c v\u1eeba \u0111\u1ee7 &#8230;&#8230;&#8230;&#8230;&#8230;. 1.000 g<\/p>\n<p><strong>CH\u1ec8 \u0110\u1ecaNH<\/strong><\/p>\n<p>Ti\u00eau di\u1ec7t nhanh, m\u1ea1nh, h\u1ea7u h\u1ebft c\u00e1c vi khu\u1ea9n, virus, n\u1ea5m, nguy\u00ean sinh \u0111\u1ed9ng v\u1eadt, l\u00e0m s\u1ea1ch m\u00f4i tr\u01b0\u1eddng n\u01b0\u1edbc.<\/p>\n<p>Ph\u00f2ng ng\u1eeba m\u1ed9t s\u1ed1 b\u1ec7nh nh\u01b0: xu\u1ea5t huy\u1ebft, \u0111\u1ed1m \u0111\u1ecf, l\u1edf lo\u00e9t, tu\u1ed9t nh\u1edbt, gan th\u1eadn m\u1ee7 tr\u00ean c\u00e1, c\u00e1c b\u1ec7nh do n\u1ea5m g\u00e2y ra nh\u01b0: n\u1ea5m b\u00f4ng g\u00f2n, n\u1ea5m th\u1ee7y mi tr\u00ean c\u00e1 l\u00f3c, c\u00e1 r\u00f4,&#8230;<\/p>\n<p>S\u00e1t tr\u00f9ng nh\u00e0 x\u01b0\u1edfng, d\u1ee5ng c\u1ee5, trang thi\u1ebft b\u1ecb trong b\u1ec3 \u01b0\u01a1m.<\/p>\n<p><strong>LI\u1ec0U L\u01af\u1ee2NG <\/strong><\/p>\n<p>Chu\u1ea9n b\u1ecb ao (2 ng\u00e0y tr\u01b0\u1edbc khi th\u1ea3 gi\u1ed1ng): 1 kg\/ 4.000 m<sup>3<\/sup>\u2013 5.000 m<sup>3<\/sup> n\u01b0\u1edbc.<\/p>\n<p>X\u1eed l\u00fd khi \u0111ang \u0111i\u1ec1u tr\u1ecb b\u1ec7nh: 1 kg\/ 5.000 m<sup>3<\/sup> n\u01b0\u1edbc, \u0111\u00e1nh 2 l\u1ea7n li\u00ean ti\u1ebfp c\u00e1ch nhau 3 ng\u00e0y.<\/p>\n<p>Ph\u00f2ng b\u1ec7nh: 1 kg\/ 8.000m<sup>3<\/sup> \u2013 10.000 m<sup>3<\/sup> n\u01b0\u1edbc, \u0111\u1ecbnh k\u1ef3 10 \u2013 15 ng\u00e0y x\u1eed l\u00fd 1 l\u1ea7n.<\/p>\n<p><strong>H\u01af\u1edaNG D\u1eaaN S\u1eec D\u1ee4NG<\/strong><\/p>\n<p>H\u00f2a tan v\u00e0o n\u01b0\u1edbc, t\u1ea1t \u0111\u1ec1u xu\u1ed1ng ao nu\u00f4i.<\/p>\n<p><strong>TH\u1edcI GIAN NG\u01afNG S\u1eec D\u1ee4NG THU\u1ed0C<\/strong><\/p>\n<p>12 ng\u00e0y tr\u01b0\u1edbc khi thu ho\u1ea1ch.<\/p>\n","protected":false},"featured_media":10686,"comment_status":"closed","ping_status":"closed","template":"","meta":[],"product_brand":[],"product_cat":[71,107],"product_tag":[],"class_list":{"0":"post-5299","1":"product","2":"type-product","3":"status-publish","4":"has-post-thumbnail","6":"product_cat-thuoc-thuy-san","7":"product_cat-san-pham-cho-ca","9":"first","10":"instock","11":"shipping-taxable","12":"purchasable","13":"product-type-variable","14":"has-default-attributes"},"_links":{"self":[{"href":"https:\/\/mebipha.com\/online\/wp-json\/wp\/v2\/product\/5299","targetHints":{"allow":["GET"]}}],"collection":[{"href":"https:\/\/mebipha.com\/online\/wp-json\/wp\/v2\/product"}],"about":[{"href":"https:\/\/mebipha.com\/online\/wp-json\/wp\/v2\/types\/product"}],"replies":[{"embeddable":true,"href":"https:\/\/mebipha.com\/online\/wp-json\/wp\/v2\/comments?post=5299"}],"wp:featuredmedia":[{"embeddable":true,"href":"https:\/\/mebipha.com\/online\/wp-json\/wp\/v2\/media\/10686"}],"wp:attachment":[{"href":"https:\/\/mebipha.com\/online\/wp-json\/wp\/v2\/media?parent=5299"}],"wp:term":[{"taxonomy":"product_brand","embeddable":true,"href":"https:\/\/mebipha.com\/online\/wp-json\/wp\/v2\/product_brand?post=5299"},{"taxonomy":"product_cat","embeddable":true,"href":"https:\/\/mebipha.com\/online\/wp-json\/wp\/v2\/product_cat?post=5299"},{"taxonomy":"product_tag","embeddable":true,"href":"https:\/\/mebipha.com\/online\/wp-json\/wp\/v2\/product_tag?post=5299"}],"curies":[{"name":"wp","href":"https:\/\/api.w.org\/{rel}","templated":true}]}}