{"id":5293,"date":"2019-04-05T16:07:16","date_gmt":"2019-04-05T09:07:16","guid":{"rendered":"https:\/\/mebipha.com\/?post_type=product&#038;p=5293"},"modified":"2025-12-29T15:02:13","modified_gmt":"2025-12-29T08:02:13","slug":"para-c","status":"publish","type":"product","link":"https:\/\/mebipha.com\/online\/para-c\/","title":{"rendered":"PARA C"},"content":{"rendered":"<p><strong>CH\u1ed0NG STRESS, GI\u1ea2I NHI\u1ec6T<\/strong><\/p>\n<p><strong>D\u00d9NG CHO GIA S\u00daC, GIA C\u1ea6M<\/strong><\/p>\n<p><strong>Thu\u1ed1c b\u1ed9t u\u1ed1ng<\/strong><\/p>\n<p><strong>C\u00d4NG TH\u1ee8C<\/strong><\/p>\n<p>Paracetamol: 100g<\/p>\n<p>Vitamin C: 100g<\/p>\n<p>T\u00e1 d\u01b0\u1ee3c v\u1eeba \u0111\u1ee7: 1kg<\/p>\n<p><strong>\u0110\u1eb6C T\u00cdNH<\/strong><strong> D\u01af\u1ee2C L\u00dd<\/strong><strong> S\u1ea2N PH\u1ea8M<\/strong><\/p>\n<p><strong>Paracetamol <\/strong>l\u00e0 thu\u1ed1c gi\u1ea3m \u0111au &#8211; h\u1ea1 s\u1ed1t<em>\u00a0<\/em>h\u1eefu hi\u1ec7u. Thu\u1ed1c t\u00e1c \u0111\u1ed9ng l\u00ean v\u00f9ng d\u01b0\u1edbi \u0111\u1ed3i g\u00e2y h\u1ea1 nhi\u1ec7t, t\u0103ng t\u1ecfa nhi\u1ec7t do gi\u00e3n m\u1ea1ch v\u00e0 t\u0103ng l\u01b0u l\u01b0\u1ee3ng m\u00e1u ngo\u1ea1i bi\u00ean.<\/p>\n<p><strong>Vitamin C\u00a0<\/strong>gi\u00fap t\u0103ng c\u01b0\u1eddng kh\u1ea3 n\u0103ng h\u1ea5p th\u1ee5 ch\u1ea5t s\u1eaft cho c\u01a1 th\u1ec3. B\u1ea3o v\u1ec7 th\u00e0nh m\u1ea1ch, t\u0103ng mi\u1ec5n d\u1ecbch, gi\u1ea3i \u0111\u1ed9c, t\u0103ng h\u1ea5p thu canxi v\u00e0 \u0111i\u1ec1u h\u00f2a nh\u1ecbp tim. S\u1eed d\u1ee5ng vitamin C gi\u00fap ng\u0103n ng\u1eeba nhi\u1ec5m tr\u00f9ng \u0111\u01b0\u1eddng h\u00f4 h\u1ea5p v\u00e0 ch\u1ed1ng vi\u00eam r\u1ea5t hi\u1ec7u qu\u1ea3.<\/p>\n<p><strong>C\u00d4NG D\u1ee4NG S\u1ea2N PH\u1ea8M<\/strong><\/p>\n<p>Gi\u1ea3m \u0111au, h\u1ea1 s\u1ed1t, kh\u00e1ng vi\u00eam tr\u00ean gia s\u00fac, gia c\u1ea7m.<\/p>\n<p>Gi\u1ea3m stress, h\u1ed7 tr\u1ee3 trong \u0111i\u1ec1u tr\u1ecb b\u1ec7nh nhi\u1ec5m tr\u00f9ng ti\u00eau h\u00f3a v\u00e0 h\u00f4 h\u1ea5p.<\/p>\n<p><strong>CH\u1ed0NG CH\u1ec8 \u0110\u1ecaNH<\/strong><\/p>\n<p>Kh\u00f4ng s\u1eed d\u1ee5ng cho th\u00fa m\u1eabn c\u1ea3m v\u1edbi c\u00e1c th\u00e0nh ph\u1ea7n c\u1ee7a thu\u1ed1c.<\/p>\n<p>Kh\u00f4ng s\u1eed d\u1ee5ng cho m\u00e8o.<\/p>\n<p><strong>H\u01af\u1edaNG D\u1eaaN S\u1eec D\u1ee4NG<\/strong><\/p>\n<p>Pha v\u00e0o n\u01b0\u1edbc u\u1ed1ng ho\u1eb7c tr\u1ed9n v\u00e0o th\u1ee9c \u0103n.<\/p>\n<p>Li\u1ec1u ph\u00f2ng: 1g\/2 l\u00edt n\u01b0\u1edbc u\u1ed1ng ho\u1eb7c 1g\/1kg th\u1ee9c \u0103n, d\u00f9ng li\u00ean t\u1ee5c t\u1eeb 3-4 ng\u00e0y.<\/p>\n<p>Li\u1ec1u tr\u1ecb: g\u1ea5p \u0111\u00f4i li\u1ec1u ph\u00f2ng, d\u00f9ng li\u00ean t\u1ee5c 5-7 ng\u00e0y.<\/p>\n<p><strong>Th\u1eddi gian ng\u01b0ng s\u1eed d\u1ee5ng thu\u1ed1c:<\/strong><\/p>\n<p>1 ng\u00e0y tr\u01b0\u1edbc khi gi\u1ebft m\u1ed5<\/p>\n<p><strong>B\u1ea2O QU\u1ea2N<\/strong><\/p>\n<p>N\u01a1i kh\u00f4 r\u00e1o, tho\u00e1ng m\u00e1t, nhi\u1ec7t \u0111\u1ed9 d\u01b0\u1edbi 30<sup>0<\/sup>C. Tr\u00e1nh \u00e1nh n\u1eafng tr\u1ef1c ti\u1ebfp, tr\u00e1nh xa t\u1ea7m tay tr\u1ebb em.<\/p>\n<p><strong>H\u1ea0N D\u00d9NG<\/strong><\/p>\n<p>24 th\u00e1ng k\u1ec3 t\u1eeb ng\u00e0y s\u1ea3n xu\u1ea5t.<\/p>\n<p><strong>\u0110\u00d3NG G\u00d3I<\/strong><\/p>\n<p>50g, 100g, 500g\/g\u00f3i, 1kg\/g\u00f3i<\/p>\n<p><strong>S\u1ed1 \u0111\u0103ng k\u00fd: MBP-<\/strong><strong>119<\/strong><\/p>\n","protected":false},"excerpt":{"rendered":"<p><strong>CH\u1ed0NG STRESS, GI\u1ea2I NHI\u1ec6T<\/strong><\/p>\n<p><strong>D\u00d9NG CHO GIA S\u00daC, GIA C\u1ea6M<\/strong><\/p>\n<p><strong>Thu\u1ed1c b\u1ed9t u\u1ed1ng<\/strong><\/p>\n<p><strong>C\u00d4NG TH\u1ee8C<\/strong><\/p>\n<p>Paracetamol: 100g<\/p>\n<p>Vitamin C: 100g<\/p>\n<p>T\u00e1 d\u01b0\u1ee3c v\u1eeba \u0111\u1ee7: 1kg<\/p>\n<p>&nbsp;<\/p>\n<p><strong>C\u00d4NG D\u1ee4NG S\u1ea2N PH\u1ea8M<\/strong><\/p>\n<p>Gi\u1ea3m \u0111au, h\u1ea1 s\u1ed1t, kh\u00e1ng vi\u00eam tr\u00ean gia s\u00fac, gia c\u1ea7m.<\/p>\n<p>Gi\u1ea3m stress, h\u1ed7 tr\u1ee3 trong \u0111i\u1ec1u tr\u1ecb b\u1ec7nh nhi\u1ec5m tr\u00f9ng ti\u00eau h\u00f3a v\u00e0 h\u00f4 h\u1ea5p.<\/p>\n<p><strong>CH\u1ed0NG CH\u1ec8 \u0110\u1ecaNH<\/strong><\/p>\n<p>Kh\u00f4ng s\u1eed d\u1ee5ng cho th\u00fa m\u1eabn c\u1ea3m v\u1edbi c\u00e1c th\u00e0nh ph\u1ea7n c\u1ee7a thu\u1ed1c.<\/p>\n<p>Kh\u00f4ng s\u1eed d\u1ee5ng cho m\u00e8o.<\/p>\n<p><strong>H\u01af\u1edaNG D\u1eaaN S\u1eec D\u1ee4NG<\/strong><\/p>\n<p>Pha v\u00e0o n\u01b0\u1edbc u\u1ed1ng ho\u1eb7c tr\u1ed9n v\u00e0o th\u1ee9c \u0103n.<\/p>\n<p>Li\u1ec1u ph\u00f2ng: 1g\/2 l\u00edt n\u01b0\u1edbc u\u1ed1ng ho\u1eb7c 1g\/1kg th\u1ee9c \u0103n, d\u00f9ng li\u00ean t\u1ee5c t\u1eeb 3-4 ng\u00e0y.<\/p>\n<p>Li\u1ec1u tr\u1ecb: g\u1ea5p \u0111\u00f4i li\u1ec1u ph\u00f2ng, d\u00f9ng li\u00ean t\u1ee5c 5-7 ng\u00e0y.<\/p>\n<p>&nbsp;<\/p>\n","protected":false},"featured_media":10591,"comment_status":"closed","ping_status":"closed","template":"","meta":[],"product_brand":[],"product_cat":[62],"product_tag":[],"class_list":{"0":"post-5293","1":"product","2":"type-product","3":"status-publish","4":"has-post-thumbnail","6":"product_cat-thuoc-thu-y","8":"first","9":"instock","10":"shipping-taxable","11":"purchasable","12":"product-type-variable","13":"has-default-attributes"},"_links":{"self":[{"href":"https:\/\/mebipha.com\/online\/wp-json\/wp\/v2\/product\/5293","targetHints":{"allow":["GET"]}}],"collection":[{"href":"https:\/\/mebipha.com\/online\/wp-json\/wp\/v2\/product"}],"about":[{"href":"https:\/\/mebipha.com\/online\/wp-json\/wp\/v2\/types\/product"}],"replies":[{"embeddable":true,"href":"https:\/\/mebipha.com\/online\/wp-json\/wp\/v2\/comments?post=5293"}],"wp:featuredmedia":[{"embeddable":true,"href":"https:\/\/mebipha.com\/online\/wp-json\/wp\/v2\/media\/10591"}],"wp:attachment":[{"href":"https:\/\/mebipha.com\/online\/wp-json\/wp\/v2\/media?parent=5293"}],"wp:term":[{"taxonomy":"product_brand","embeddable":true,"href":"https:\/\/mebipha.com\/online\/wp-json\/wp\/v2\/product_brand?post=5293"},{"taxonomy":"product_cat","embeddable":true,"href":"https:\/\/mebipha.com\/online\/wp-json\/wp\/v2\/product_cat?post=5293"},{"taxonomy":"product_tag","embeddable":true,"href":"https:\/\/mebipha.com\/online\/wp-json\/wp\/v2\/product_tag?post=5293"}],"curies":[{"name":"wp","href":"https:\/\/api.w.org\/{rel}","templated":true}]}}