{"id":5275,"date":"2019-04-05T15:46:15","date_gmt":"2019-04-05T08:46:15","guid":{"rendered":"https:\/\/mebipha.com\/?post_type=product&#038;p=5275"},"modified":"2025-12-15T09:39:51","modified_gmt":"2025-12-15T02:39:51","slug":"mebimix-tao-sua","status":"publish","type":"product","link":"https:\/\/mebipha.com\/online\/mebimix-tao-sua\/","title":{"rendered":"MEBIMIX T\u1ea0O S\u1eeeA"},"content":{"rendered":"<p><strong>T\u0102NG C\u01af\u1edcNG TI\u1ebeT S\u1eeeA CHO HEO N\u00c1I<\/strong><\/p>\n<p><strong>B\u1ed9t tr\u1ed9n th\u1ee9c \u0103n<\/strong><\/p>\n<p><strong>MEBIMIX T\u1ea0O S\u1eeeA <\/strong>ch\u1ee9a c\u00e1c vitamin v\u00e0 kho\u00e1ng ch\u1ea5t gi\u00fap heo n\u00e1i h\u1ea5p thu t\u1ed1i \u0111a d\u01b0\u1ee1ng ch\u1ea5t \u0111\u1ec3 nu\u00f4i con t\u1ed1t, t\u0103ng l\u01b0\u1ee3ng s\u1eefa khi heo n\u00e1i \u00edt ho\u1eb7c m\u1ea5t s\u1eefa, t\u0103ng ch\u1ea5t l\u01b0\u1ee3ng s\u1eefa gi\u00fap heo con h\u1ed3ng h\u00e0o kh\u1ecfe m\u1ea1nh. S\u1ea3n ph\u1ea9m k\u00edch th\u00edch th\u00e8m \u0103n, gi\u1ea3m stress, ph\u1ee5c h\u1ed3i s\u1ee9c kh\u1ecfe cho heo n\u00e1i sau sinh v\u00e0 l\u00e0m kh\u1ecfe bu\u1ed3ng tr\u1ee9ng, r\u00fat ng\u1eafn th\u1eddi gian l\u00ean gi\u1ed1ng sau khi cai s\u1eefa. S\u1ea3n ph\u1ea9m c\u00f2n c\u00f3 t\u00e1c d\u1ee5ng k\u00edch th\u00edch s\u1ea3n xu\u1ea5t tinh d\u1ecbch, t\u0103ng ho\u1ea1t l\u1ef1c tinh tr\u00f9ng n\u00ean s\u1eed d\u1ee5ng r\u1ea5t t\u1ed1t cho heo n\u1ecdc.<\/p>\n<p><strong>TH\u00c0NH PH\u1ea6N<\/strong><\/p>\n<p>Vitamin D3 (Cholecalciferol) (min): 500.000UI<\/p>\n<p>Vitamin E (DL-alpha-tocopheryl acetate) (min): 5.000mg<\/p>\n<p>Vitamin B12 (Cyanocobalamin) (min): 15.000 mcg<\/p>\n<p>Vitamin B5* (Calcium pantothenate) (min): 4.500mg<\/p>\n<p>Folic acid (min): 500mg<\/p>\n<p>Biotin (min): 20.000 mcg<\/p>\n<p>Fe* (min \u2013 max): 4.500 \u2013 5.500mg<\/p>\n<p>I (min \u2013 max): 90 \u2013 100mg<\/p>\n<p>Se* (min \u2013 max): 54 \u2013 60mg<\/p>\n<p>B\u1ed9t s\u1eefa nguy\u00ean ch\u1ea5t v\u1eeba \u0111\u1ee7: 1kg<\/p>\n<p><strong>L\u1ee2I \u00cdCH C\u1ee6A VI\u1ec6C B\u1ed4 SUNG S\u1ea2N PH\u1ea8M<\/strong><\/p>\n<p>Gi\u1ea3m stress, t\u0103ng t\u00ednh ngon mi\u1ec7ng.<\/p>\n<p>T\u0103ng c\u01b0\u1eddng s\u1ef1 ti\u1ebft s\u1eefa tr\u00ean heo m\u1eb9.<\/p>\n<p>Heo con kh\u1ecfe m\u1ea1nh, ph\u00e1t tri\u1ec3n \u0111\u1ed3ng \u0111\u1ec1u.<\/p>\n<p>T\u0103ng tr\u01b0\u1edfng cho heo con sau cai s\u1eefa.<\/p>\n<p>\u0110\u1ed1i v\u1edbi heo n\u1ecdc:<\/p>\n<p>Gi\u1ea3m stress, gia t\u0103ng s\u1ef1 s\u1ea3n xu\u1ea5t tinh tr\u00f9ng.<\/p>\n<p>T\u0103ng ho\u1ea1t l\u1ef1c c\u1ee7a tinh tr\u00f9ng, t\u0103ng kh\u1ea3 n\u0103ng \u0111\u1eadu thai.<\/p>\n<p><strong>H\u01af\u1edaNG D\u1eaaN S\u1eec D\u1ee4NG<\/strong><\/p>\n<p>10g\/100kg th\u1ec3 tr\u1ecdng ho\u1eb7c 1kg MEBIMIX T\u1ea0O S\u1eeeA tr\u1ed9n \u0111\u1ec1u trong 200kg th\u1ee9c \u0103n gia s\u00fac.<\/p>\n<p><strong>B\u1ea2O QU\u1ea2N<\/strong><\/p>\n<p>N\u01a1i kh\u00f4 r\u00e1o, tho\u00e1ng m\u00e1t, nhi\u1ec7t \u0111\u1ed9 d\u01b0\u1edbi 30<sup>0<\/sup>C, tr\u00e1nh \u00e1nh n\u1eafng tr\u1ef1c ti\u1ebfp. Tr\u00e1nh xa t\u1ea7m tay tr\u1ebb em.<\/p>\n<p><strong>H\u1ea0N D\u00d9NG<\/strong><\/p>\n<p>24 th\u00e1ng k\u1ec3 t\u1eeb ng\u00e0y s\u1ea3n xu\u1ea5t.<\/p>\n<p><strong>\u0110\u00d3NG G\u00d3I<\/strong><\/p>\n<p>250g, 500g\/g\u00f3i, 1kg\/g\u00f3i, 5kg\/x\u00f4<\/p>\n<p><strong>S\u1ed1 \u0111\u0103ng k\u00fd: TCCS 053:2013\/MBP <\/strong><\/p>\n","protected":false},"excerpt":{"rendered":"<p><strong>T\u0102NG C\u01af\u1edcNG TI\u1ebeT S\u1eeeA CHO HEO N\u00c1I<\/strong><\/p>\n<p><strong>TH\u00c0NH PH\u1ea6N<\/strong><\/p>\n<p>Vitamin D3 (Cholecalciferol) (min): 500.000UI<\/p>\n<p>Vitamin E (DL-alpha-tocopheryl acetate) (min): 5.000mg<\/p>\n<p>Vitamin B12 (Cyanocobalamin) (min): 15.000 mcg<\/p>\n<p>Vitamin B5* (Calcium pantothenate) (min): 4.500mg<\/p>\n<p>Folic acid (min): 500mg<\/p>\n<p>Biotin (min): 20.000 mcg<\/p>\n<p>Fe* (min \u2013 max): 4.500 \u2013 5.500mg<\/p>\n<p>I (min \u2013 max): 90 \u2013 100mg<\/p>\n<p>Se* (min \u2013 max): 54 \u2013 60mg<\/p>\n<p>B\u1ed9t s\u1eefa nguy\u00ean ch\u1ea5t v\u1eeba \u0111\u1ee7: 1kg<\/p>\n<p><strong>L\u1ee2I \u00cdCH C\u1ee6A VI\u1ec6C B\u1ed4 SUNG S\u1ea2N PH\u1ea8M<\/strong><\/p>\n<p>Gi\u1ea3m stress, t\u0103ng t\u00ednh ngon mi\u1ec7ng.<\/p>\n<p>T\u0103ng c\u01b0\u1eddng s\u1ef1 ti\u1ebft s\u1eefa tr\u00ean heo m\u1eb9.<\/p>\n<p>Heo con kh\u1ecfe m\u1ea1nh, ph\u00e1t tri\u1ec3n \u0111\u1ed3ng \u0111\u1ec1u.<\/p>\n<p>T\u0103ng tr\u01b0\u1edfng cho heo con sau cai s\u1eefa.<\/p>\n<p>\u0110\u1ed1i v\u1edbi heo n\u1ecdc:<\/p>\n<p>Gi\u1ea3m stress, gia t\u0103ng s\u1ef1 s\u1ea3n xu\u1ea5t tinh tr\u00f9ng.<\/p>\n<p>T\u0103ng ho\u1ea1t l\u1ef1c c\u1ee7a tinh tr\u00f9ng, t\u0103ng kh\u1ea3 n\u0103ng \u0111\u1eadu thai.<\/p>\n<p><strong>H\u01af\u1edaNG D\u1eaaN S\u1eec D\u1ee4NG<\/strong><\/p>\n<p>10g\/100kg th\u1ec3 tr\u1ecdng ho\u1eb7c 1kg MEBIMIX T\u1ea0O S\u1eeeA tr\u1ed9n \u0111\u1ec1u trong 200kg th\u1ee9c \u0103n gia s\u00fac.<\/p>\n<p>&nbsp;<\/p>\n<p>&nbsp;<\/p>\n","protected":false},"featured_media":10577,"comment_status":"closed","ping_status":"closed","template":"","meta":[],"product_brand":[],"product_cat":[62,120,125,129],"product_tag":[],"class_list":{"0":"post-5275","1":"product","2":"type-product","3":"status-publish","4":"has-post-thumbnail","6":"product_cat-thuoc-thu-y","7":"product_cat-dinh-duong-bot","8":"product_cat-thuc-an-bo-sung","9":"product_cat-thuc-an-bo-sung-cho-gia-suc-nhai-lai","11":"first","12":"instock","13":"shipping-taxable","14":"purchasable","15":"product-type-variable"},"_links":{"self":[{"href":"https:\/\/mebipha.com\/online\/wp-json\/wp\/v2\/product\/5275","targetHints":{"allow":["GET"]}}],"collection":[{"href":"https:\/\/mebipha.com\/online\/wp-json\/wp\/v2\/product"}],"about":[{"href":"https:\/\/mebipha.com\/online\/wp-json\/wp\/v2\/types\/product"}],"replies":[{"embeddable":true,"href":"https:\/\/mebipha.com\/online\/wp-json\/wp\/v2\/comments?post=5275"}],"wp:featuredmedia":[{"embeddable":true,"href":"https:\/\/mebipha.com\/online\/wp-json\/wp\/v2\/media\/10577"}],"wp:attachment":[{"href":"https:\/\/mebipha.com\/online\/wp-json\/wp\/v2\/media?parent=5275"}],"wp:term":[{"taxonomy":"product_brand","embeddable":true,"href":"https:\/\/mebipha.com\/online\/wp-json\/wp\/v2\/product_brand?post=5275"},{"taxonomy":"product_cat","embeddable":true,"href":"https:\/\/mebipha.com\/online\/wp-json\/wp\/v2\/product_cat?post=5275"},{"taxonomy":"product_tag","embeddable":true,"href":"https:\/\/mebipha.com\/online\/wp-json\/wp\/v2\/product_tag?post=5275"}],"curies":[{"name":"wp","href":"https:\/\/api.w.org\/{rel}","templated":true}]}}