{"id":5263,"date":"2019-04-05T15:36:28","date_gmt":"2019-04-05T08:36:28","guid":{"rendered":"https:\/\/mebipha.com\/?post_type=product&#038;p=5263"},"modified":"2024-09-25T14:54:02","modified_gmt":"2024-09-25T07:54:02","slug":"mebi-grow-one-2","status":"publish","type":"product","link":"https:\/\/mebipha.com\/online\/mebi-grow-one-2\/","title":{"rendered":"MEBI-GROW ONE"},"content":{"rendered":"<p><strong>B\u1ed4 SUNG DINH D\u01af\u1ee0NG CHO HEO C\u00d2I TR\u01af\u1edaC V\u00c0 SAU CAI S\u1eeeA<\/strong><\/p>\n<p><strong>B\u1ed9t tr\u1ed9n th\u1ee9c \u0103n<\/strong><\/p>\n<p><strong>MEBI-GROW ONE <\/strong>chuy\u00ean d\u00f9ng cho heo c\u00f2i, ch\u1eadm l\u1edbn<strong>. <\/strong>S\u1ea3n ph\u1ea9m b\u1ed5 sung l\u1ee3i khu\u1ea9n, enzyme ti\u00eau h\u00f3a, vitamin, axit amin v\u00e0 kho\u00e1ng ch\u1ea5t gi\u00fap \u1ed5n \u0111\u1ecbnh h\u1ec7 vi sinh v\u1eadt \u0111\u01b0\u1eddng ru\u1ed9t, t\u0103ng kh\u1ea3 n\u0103ng h\u1ea5p thu, gi\u1ea3m ti\u00eau ch\u1ea3y, t\u0103ng c\u01b0\u1eddng s\u1ee9c \u0111\u1ec1 kh\u00e1ng, h\u1ed7 tr\u1ee3 ti\u00eau h\u00f3a v\u00e0 h\u1ea5p thu t\u1ed1t d\u01b0\u1ee1ng ch\u1ea5t, gi\u00fap heo con \u0103n nhi\u1ec1u, kh\u1ecfe m\u1ea1nh, nhanh l\u1edbn v\u00e0 ph\u00e1t tri\u1ec3n \u0111\u1ed3ng \u0111\u1ec1u.<\/p>\n<p><strong>TH\u00c0NH PH\u1ea6N<\/strong><\/p>\n<p>Bacillus subtilis* (min): 1 x 10<sup>6<\/sup> CFU<\/p>\n<p>Saccharomyces cerevisiae (min): 1 x 10<sup>8<\/sup> CFU<\/p>\n<p>Protease (min): 6.250 UI<\/p>\n<p>Vitamin B12 (Cyanocobalamin) (min): 2.000mcg<\/p>\n<p>Lysine HCl (min): 2.000mg<\/p>\n<p>Selenium (min-max): 13,5 \u2013 15mg<\/p>\n<p>Glucose v\u1eeba \u0111\u1ee7: 1kg<\/p>\n<p><strong>L\u1ee2I \u00cdCH C\u1ee6A VI\u1ec6C B\u1ed4 SUNG S\u1ea2N PH\u1ea8M<\/strong><\/p>\n<p>Cung c\u1ea5p \u0111\u1ea7y \u0111\u1ee7 c\u00e1c th\u00e0nh ph\u1ea7n dinh d\u01b0\u1ee1ng thi\u1ebft y\u1ebfu cho heo c\u00f2i tr\u01b0\u1edbc v\u00e0 sau cai s\u1eefa.<\/p>\n<p>K\u00edch th\u00edch t\u0103ng tr\u01b0\u1edfng nhanh.<\/p>\n<p>Gi\u1ea3m ti\u00eau t\u1ed1n th\u1ee9c \u0103n.<\/p>\n<p>H\u1ea1n ch\u1ebf ti\u00eau ch\u1ea3y.<\/p>\n<p>Heo h\u1ebft c\u00f2i sau 2 tu\u1ea7n s\u1eed d\u1ee5ng.<\/p>\n<p><strong>H\u01af\u1edaNG D\u1eaaN S\u1eec D\u1ee4NG<\/strong><\/p>\n<p>1kg MEBI-GROW ONE tr\u1ed9n \u0111\u1ec1u trong 100kg th\u1ee9c \u0103n, cho \u0103n li\u00ean t\u1ee5c.<\/p>\n<p><strong>H\u1ea1n s\u1eed d\u1ee5ng s\u1ea3n ph\u1ea9m <\/strong><\/p>\n<p>24 th\u00e1ng k\u1ec3 t\u1eeb ng\u00e0y s\u1ea3n xu\u1ea5t.<\/p>\n<p><strong>B\u1ea2O QU\u1ea2N<\/strong><\/p>\n<p>N\u01a1i kh\u00f4 r\u00e1o, tho\u00e1ng m\u00e1t, nhi\u1ec7t \u0111\u1ed9 d\u01b0\u1edbi 30<sup>0<\/sup>C. Tr\u00e1nh \u00e1nh n\u1eafng tr\u1ef1c ti\u1ebfp, tr\u00e1nh xa t\u1ea7m tay tr\u1ebb em.<\/p>\n<p><strong>\u0110\u00d3NG G\u00d3I<\/strong><\/p>\n<p><strong>1kg\/g\u00f3i, 3kg\/x\u00f4, 5kg\/x\u00f4, 10kg\/x\u00f4<\/strong><\/p>\n<p><strong>S\u1ed1 \u0111\u0103ng k\u00fd: TCCS 049:2013\/MBP<\/strong><\/p>\n","protected":false},"excerpt":{"rendered":"<p><strong>B\u1ed4 SUNG DINH D\u01af\u1ee0NG CHO HEO C\u00d2I TR\u01af\u1edaC V\u00c0 SAU CAI S\u1eeeA<\/strong><\/p>\n<p><strong>TH\u00c0NH PH\u1ea6N<\/strong><\/p>\n<p>Bacillus subtilis* (min): 1 x 10<sup>6<\/sup> CFU<\/p>\n<p>Saccharomyces cerevisiae (min): 1 x 10<sup>8<\/sup> CFU<\/p>\n<p>Protease (min): 6.250 UI<\/p>\n<p>Vitamin B12 (Cyanocobalamin) (min): 2.000mcg<\/p>\n<p>Lysine HCl (min): 2.000mg<\/p>\n<p>Selenium (min-max): 13,5 \u2013 15mg<\/p>\n<p>Glucose v\u1eeba \u0111\u1ee7: 1kg<\/p>\n<p><strong>L\u1ee2I \u00cdCH C\u1ee6A VI\u1ec6C B\u1ed4 SUNG S\u1ea2N PH\u1ea8M<\/strong><\/p>\n<p>Cung c\u1ea5p \u0111\u1ea7y \u0111\u1ee7 c\u00e1c th\u00e0nh ph\u1ea7n dinh d\u01b0\u1ee1ng thi\u1ebft y\u1ebfu cho heo c\u00f2i tr\u01b0\u1edbc v\u00e0 sau cai s\u1eefa.<\/p>\n<p>K\u00edch th\u00edch t\u0103ng tr\u01b0\u1edfng nhanh.<\/p>\n<p>Gi\u1ea3m ti\u00eau t\u1ed1n th\u1ee9c \u0103n.<\/p>\n<p>H\u1ea1n ch\u1ebf ti\u00eau ch\u1ea3y.<\/p>\n<p>Heo h\u1ebft c\u00f2i sau 2 tu\u1ea7n s\u1eed d\u1ee5ng.<\/p>\n<p><strong>H\u01af\u1edaNG D\u1eaaN S\u1eec D\u1ee4NG<\/strong><\/p>\n<p>1kg MEBI-GROW ONE tr\u1ed9n \u0111\u1ec1u trong 100kg th\u1ee9c \u0103n, cho \u0103n li\u00ean t\u1ee5c.<\/p>\n<p>&nbsp;<\/p>\n","protected":false},"featured_media":10568,"comment_status":"closed","ping_status":"closed","template":"","meta":[],"product_brand":[],"product_cat":[62],"product_tag":[],"class_list":{"0":"post-5263","1":"product","2":"type-product","3":"status-publish","4":"has-post-thumbnail","6":"product_cat-thuoc-thu-y","8":"first","9":"instock","10":"shipping-taxable","11":"purchasable","12":"product-type-variable"},"_links":{"self":[{"href":"https:\/\/mebipha.com\/online\/wp-json\/wp\/v2\/product\/5263","targetHints":{"allow":["GET"]}}],"collection":[{"href":"https:\/\/mebipha.com\/online\/wp-json\/wp\/v2\/product"}],"about":[{"href":"https:\/\/mebipha.com\/online\/wp-json\/wp\/v2\/types\/product"}],"replies":[{"embeddable":true,"href":"https:\/\/mebipha.com\/online\/wp-json\/wp\/v2\/comments?post=5263"}],"wp:featuredmedia":[{"embeddable":true,"href":"https:\/\/mebipha.com\/online\/wp-json\/wp\/v2\/media\/10568"}],"wp:attachment":[{"href":"https:\/\/mebipha.com\/online\/wp-json\/wp\/v2\/media?parent=5263"}],"wp:term":[{"taxonomy":"product_brand","embeddable":true,"href":"https:\/\/mebipha.com\/online\/wp-json\/wp\/v2\/product_brand?post=5263"},{"taxonomy":"product_cat","embeddable":true,"href":"https:\/\/mebipha.com\/online\/wp-json\/wp\/v2\/product_cat?post=5263"},{"taxonomy":"product_tag","embeddable":true,"href":"https:\/\/mebipha.com\/online\/wp-json\/wp\/v2\/product_tag?post=5263"}],"curies":[{"name":"wp","href":"https:\/\/api.w.org\/{rel}","templated":true}]}}