{"id":5245,"date":"2019-04-05T15:23:25","date_gmt":"2019-04-05T08:23:25","guid":{"rendered":"https:\/\/mebipha.com\/?post_type=product&#038;p=5245"},"modified":"2024-09-13T16:01:33","modified_gmt":"2024-09-13T09:01:33","slug":"mebi-ade","status":"publish","type":"product","link":"https:\/\/mebipha.com\/online\/mebi-ade\/","title":{"rendered":"MEBI-ADE"},"content":{"rendered":"<p><strong>B\u1ed4 SUNG D\u01af\u1ee0NG CH\u1ea4T CHO GIA S\u00daC<\/strong><\/p>\n<p><strong>T\u0102NG N\u0102NG SU\u1ea4T SINH S\u1ea2N<\/strong><\/p>\n<p><strong>B\u1ed9t h\u00f2a tan<\/strong><\/p>\n<p><strong>MEBI-ADE<\/strong> ch\u1ee9a h\u00e0m l\u01b0\u1ee3ng cao vitamin A, D3, E k\u00edch th\u00edch sinh tr\u01b0\u1edfng, n\u00e2ng cao s\u1ee9c \u0111\u1ec1 kh\u00e1ng v\u00e0 gia t\u0103ng n\u0103ng su\u1ea5t v\u1eadt nu\u00f4i. Vitamin A b\u1ea3o v\u1ec7 bi\u1ec3u m\u00f4 da, ni\u00eam m\u1ea1c \u0111\u01b0\u1eddng h\u00f4 h\u1ea5p, t\u0103ng c\u01b0\u1eddng kh\u1ea3 n\u0103ng mi\u1ec5n d\u1ecbch, k\u00edch th\u00edch v\u00e0 \u0111i\u1ec1u h\u00f2a sinh s\u1ea3n \u1edf gia s\u00fac, gia c\u1ea7m. Vitamin D3 tham gia qu\u00e1 tr\u00ecnh trao \u0111\u1ed5i ch\u1ea5t kho\u00e1ng, protein v\u00e0 lipid; no\u0301 c\u01b0\u0323c ky\u0300 quan tro\u0323ng trong s\u01b0\u0323 h\u00ecnh tha\u0300nh xu\u031bo\u031bng, gi\u00fap h\u1ea1n ch\u1ebf c\u00e1c b\u1ec7nh v\u1ec1 x\u01b0\u01a1ng, t\u0103ng \u0111\u1ed9 d\u00e0y c\u1ee7a v\u1ecf tr\u1ee9ng, t\u0103ng t\u1ec9 l\u1ec7 \u1ea5p n\u1edf v\u00e0 gi\u1ea3m ch\u1ebft ph\u00f4i tr\u00ean gia c\u1ea7m. Vitamin E h\u1ed7 tr\u1ee3 h\u1ea5p thu vitamin A, D3; t\u1ea1o \u0111i\u1ec1u ki\u1ec7n l\u00fd t\u01b0\u1edfng cho vi\u1ec7c trao \u0111\u1ed5i c\u00e1c ch\u1ea5t c\u1ea7n thi\u1ebft cho s\u1ef1 s\u1ed1ng; \u1ed5n \u0111\u1ecbnh th\u00e0nh m\u1ea1ch v\u00e0 m\u00e0ng t\u1ebf b\u00e0o tuy\u1ebfn sinh d\u1ee5c; t\u0103ng n\u0103ng su\u1ea5t sinh s\u1ea3n tr\u00ean gia s\u00fac, gia c\u1ea7m.<\/p>\n<p><strong>TH\u00c0NH PH\u1ea6N<\/strong><\/p>\n<p>Vitamin A (Retinyl acetate) (min): 12.500.000 UI<\/p>\n<p>Vitamin D3 (Cholecalciferol) (min): 6.250mg<\/p>\n<p>Vitamin E* (DL-alpha-tocopheryl acetate) (min): 25.000mg<\/p>\n<p>Selenium* (min-max): 250-350mg<\/p>\n<p>Glucose v\u1eeba \u0111\u1ee7: 1kg<\/p>\n<p><strong>L\u1ee2I \u00cdCH <\/strong><strong>C\u1ee6A VI\u1ec6C B\u1ed4 SUNG S\u1ea2N PH\u1ea8M<\/strong><\/p>\n<p>B\u1ed5 sung c\u00e1c vitamin A, D3, E gi\u00fap gia s\u00fac, gia c\u1ea7m t\u0103ng tr\u01b0\u1edfng nhanh, n\u00e2ng cao th\u00e0nh t\u00edch sinh s\u1ea3n.<\/p>\n<p>K\u00edch th\u00edch nhanh l\u00ean gi\u1ed1ng v\u00e0 t\u0103ng kh\u1ea3 n\u0103ng \u0111\u1eadu thai.<\/p>\n<p>T\u0103ng s\u1ee9c \u0111\u1ec1 kh\u00e1ng v\u00e0 t\u0103ng kh\u1ea3 n\u0103ng ti\u1ebft s\u1eefa.<\/p>\n<p>T\u0103ng s\u1ea3n l\u01b0\u1ee3ng tr\u1ee9ng.<\/p>\n<p>K\u00edch th\u00edch t\u0103ng tr\u01b0\u1edfng cho gia s\u00fac, gia c\u1ea7m.<\/p>\n<p>Tr\u1ee3 s\u1ee9c cho gia s\u00fac, gia c\u1ea7m trong \u0111i\u1ec1u tr\u1ecb b\u1ec7nh.<\/p>\n<p><strong>H\u01af\u1edaNG D\u1eaaN S\u1eec D\u1ee4NG<\/strong><\/p>\n<p>H\u00f2a tan v\u1edbi n\u01b0\u1edbc u\u1ed1ng ho\u1eb7c tr\u1ed9n \u0111\u1ec1u v\u00e0o th\u1ee9c \u0103n: 1g\/ 2-4 l\u00edt n\u01b0\u1edbc u\u1ed1ng ho\u1eb7c 1kg\/2 t\u1ea5n th\u1ee9c \u0103n, d\u00f9ng li\u00ean t\u1ee5c.<\/p>\n<p>Khi th\u00fa b\u1ecb stress ho\u1eb7c h\u1ed7 tr\u1ee3 \u0111i\u1ec1u tr\u1ecb b\u1ec7nh: d\u00f9ng li\u1ec1u g\u1ea5p \u0111\u00f4i, li\u00ean t\u1ee5c 5-7 ng\u00e0y.<\/p>\n<p><strong>B\u1ea2O QU\u1ea2N<\/strong><\/p>\n<p>N\u01a1i kh\u00f4 r\u00e1o, tho\u00e1ng m\u00e1t, nhi\u1ec7t \u0111\u1ed9 d\u01b0\u1edbi 30<sup>0<\/sup>C, tr\u00e1nh \u00e1nh n\u1eafng tr\u1ef1c ti\u1ebfp. Tr\u00e1nh xa t\u1ea7m tay tr\u1ebb em.<\/p>\n<p><strong>H\u1ea0N D\u00d9NG<\/strong><\/p>\n<p>24 th\u00e1ng k\u1ec3 t\u1eeb ng\u00e0y s\u1ea3n xu\u1ea5t.<\/p>\n<p><strong>\u0110\u00d3NG G\u00d3I<\/strong><\/p>\n<p>100g, 500g\/lon, 1kg\/lon<\/p>\n<p><strong>S\u1ed1 <\/strong><strong>\u0111\u0103ng k\u00fd<\/strong><strong>: TCCS 0<\/strong><strong>34<\/strong><strong>:20<\/strong><strong>13<\/strong><strong>\/MBP <\/strong><\/p>\n","protected":false},"excerpt":{"rendered":"<p><strong>B\u1ed4 SUNG D\u01af\u1ee0NG CH\u1ea4T CHO GIA S\u00daC<\/strong><\/p>\n<p><strong>T\u0102NG N\u0102NG SU\u1ea4T SINH S\u1ea2N<\/strong><\/p>\n<p><strong>TH\u00c0NH PH\u1ea6N<\/strong><\/p>\n<p>Vitamin A (Retinyl acetate) (min): 12.500.000 UI<\/p>\n<p>Vitamin D3 (Cholecalciferol) (min): 6.250mg<\/p>\n<p>Vitamin E* (DL-alpha-tocopheryl acetate) (min): 25.000mg<\/p>\n<p>Selenium* (min-max): 250-350mg<\/p>\n<p>Glucose v\u1eeba \u0111\u1ee7: 1kg<\/p>\n<p><strong>L\u1ee2I \u00cdCH <\/strong><strong>C\u1ee6A VI\u1ec6C B\u1ed4 SUNG S\u1ea2N PH\u1ea8M<\/strong><\/p>\n<p>B\u1ed5 sung c\u00e1c vitamin A, D3, E gi\u00fap gia s\u00fac, gia c\u1ea7m t\u0103ng tr\u01b0\u1edfng nhanh, n\u00e2ng cao th\u00e0nh t\u00edch sinh s\u1ea3n.<\/p>\n<p>K\u00edch th\u00edch nhanh l\u00ean gi\u1ed1ng v\u00e0 t\u0103ng kh\u1ea3 n\u0103ng \u0111\u1eadu thai.<\/p>\n<p>T\u0103ng s\u1ee9c \u0111\u1ec1 kh\u00e1ng v\u00e0 t\u0103ng kh\u1ea3 n\u0103ng ti\u1ebft s\u1eefa.<\/p>\n<p>T\u0103ng s\u1ea3n l\u01b0\u1ee3ng tr\u1ee9ng.<\/p>\n<p>K\u00edch th\u00edch t\u0103ng tr\u01b0\u1edfng cho gia s\u00fac, gia c\u1ea7m.<\/p>\n<p>Tr\u1ee3 s\u1ee9c cho gia s\u00fac, gia c\u1ea7m trong \u0111i\u1ec1u tr\u1ecb b\u1ec7nh.<\/p>\n<p><strong>H\u01af\u1edaNG D\u1eaaN S\u1eec D\u1ee4NG<\/strong><\/p>\n<p>H\u00f2a tan v\u1edbi n\u01b0\u1edbc u\u1ed1ng ho\u1eb7c tr\u1ed9n \u0111\u1ec1u v\u00e0o th\u1ee9c \u0103n: 1g\/ 2-4 l\u00edt n\u01b0\u1edbc u\u1ed1ng ho\u1eb7c 1kg\/2 t\u1ea5n th\u1ee9c \u0103n, d\u00f9ng li\u00ean t\u1ee5c.<\/p>\n<p>Khi th\u00fa b\u1ecb stress ho\u1eb7c h\u1ed7 tr\u1ee3 \u0111i\u1ec1u tr\u1ecb b\u1ec7nh: d\u00f9ng li\u1ec1u g\u1ea5p \u0111\u00f4i, li\u00ean t\u1ee5c 5-7 ng\u00e0y.<\/p>\n","protected":false},"featured_media":10390,"comment_status":"closed","ping_status":"closed","template":"","meta":[],"product_brand":[],"product_cat":[62,142],"product_tag":[],"class_list":{"0":"post-5245","1":"product","2":"type-product","3":"status-publish","4":"has-post-thumbnail","6":"product_cat-thuoc-thu-y","7":"product_cat-danh-muc-san-pham-gia-cam","9":"first","10":"instock","11":"shipping-taxable","12":"purchasable","13":"product-type-variable"},"_links":{"self":[{"href":"https:\/\/mebipha.com\/online\/wp-json\/wp\/v2\/product\/5245","targetHints":{"allow":["GET"]}}],"collection":[{"href":"https:\/\/mebipha.com\/online\/wp-json\/wp\/v2\/product"}],"about":[{"href":"https:\/\/mebipha.com\/online\/wp-json\/wp\/v2\/types\/product"}],"replies":[{"embeddable":true,"href":"https:\/\/mebipha.com\/online\/wp-json\/wp\/v2\/comments?post=5245"}],"wp:featuredmedia":[{"embeddable":true,"href":"https:\/\/mebipha.com\/online\/wp-json\/wp\/v2\/media\/10390"}],"wp:attachment":[{"href":"https:\/\/mebipha.com\/online\/wp-json\/wp\/v2\/media?parent=5245"}],"wp:term":[{"taxonomy":"product_brand","embeddable":true,"href":"https:\/\/mebipha.com\/online\/wp-json\/wp\/v2\/product_brand?post=5245"},{"taxonomy":"product_cat","embeddable":true,"href":"https:\/\/mebipha.com\/online\/wp-json\/wp\/v2\/product_cat?post=5245"},{"taxonomy":"product_tag","embeddable":true,"href":"https:\/\/mebipha.com\/online\/wp-json\/wp\/v2\/product_tag?post=5245"}],"curies":[{"name":"wp","href":"https:\/\/api.w.org\/{rel}","templated":true}]}}