{"id":5241,"date":"2019-04-05T15:19:12","date_gmt":"2019-04-05T08:19:12","guid":{"rendered":"https:\/\/mebipha.com\/?post_type=product&#038;p=5241"},"modified":"2024-10-05T08:50:02","modified_gmt":"2024-10-05T01:50:02","slug":"lactozymeca","status":"publish","type":"product","link":"https:\/\/mebipha.com\/online\/lactozymeca\/","title":{"rendered":"LACTOZYME(C\u00c1)"},"content":{"rendered":"","protected":false},"excerpt":{"rendered":"<p><strong>S\u1ea2N PH\u1ea8M D\u1ea0NG B\u1ed8T <\/strong><strong>MEN TI\u00caU H\u00d3A S\u1ed0NG 3 TRONG 1<\/strong><\/p>\n<p><strong>TH\u00c0NH PH\u1ea6N<\/strong><\/p>\n<p><em>Bacillus subtilis*<\/em> (min)&#8230;&#8230;&#8230;1 x 10<sup>7 <\/sup>CFU<\/p>\n<p>Protease* (min)&#8230;&#8230;&#8230;&#8230;&#8230;&#8230;.. 25.000 UI<\/p>\n<p>Lysine (min)&#8230;&#8230;&#8230;&#8230;&#8230;&#8230;&#8230;&#8230;.30.000 mg<\/p>\n<p>Methionine (min)&#8230;&#8230;&#8230;&#8230;&#8230;&#8230; 20.000 mg<\/p>\n<p>Kh\u00e1ng sinh, ch\u1ea5t c\u1ea5m&#8230;&#8230;&#8230;..Kh\u00f4ng c\u00f3<\/p>\n<p>Ethoxyquin&#8230;&#8230;&#8230;&#8230;&#8230;&#8230;&#8230;&#8230;&#8230; Kh\u00f4ng c\u00f3<\/p>\n<p>Ch\u1ea5t mang (Dextrose) v\u1eeba \u0111\u1ee7&#8230;&#8230; 1 kg<\/p>\n<p><strong>NGUY\u00caN LI\u1ec6U<\/strong> \u00a0<em>Bacillus subtilis<\/em>, Protease, L-Lysine HCl, DL-Methionine, Dextrose.<\/p>\n<p><strong>C\u00d4NG D\u1ee4NG<\/strong><\/p>\n<p>K\u00edch th\u00edch ti\u00eau h\u00f3a, t\u0103ng c\u01b0\u1eddng kh\u1ea3 n\u0103ng h\u1ea5p thu th\u1ee9c \u0103n, gi\u1ea3m ti\u00eau t\u1ed1n th\u1ee9c \u0103n.<\/p>\n<p>C\u00e2n b\u1eb1ng h\u1ec7 vi sinh v\u1eadt \u0111\u01b0\u1eddng ru\u1ed9t, h\u1ea1n ch\u1ebf c\u00e1c b\u1ec7nh \u0111\u01b0\u1eddng ti\u00eau h\u00f3a gi\u00fap c\u00e1 ph\u00e1t tri\u1ec3n t\u1ed1t.<\/p>\n<p><strong>H\u01af\u1edaNG D\u1eaaN S\u1eec D\u1ee4NG V\u00c0 LI\u1ec0U D\u00d9NG<\/strong><\/p>\n<p>H\u00f2a tan v\u00e0o n\u01b0\u1edbc tr\u1ed9n \u0111\u1ec1u v\u1edbi th\u1ee9c \u0103n, \u0111\u1ec3 kh\u00f4 t\u1ef1 nhi\u00ean trong \u0111i\u1ec1u ki\u1ec7n r\u00e2m m\u00e1t kho\u1ea3ng 15 ph\u00fat r\u1ed3i cho c\u00e1 \u0103n.<\/p>\n<p>D\u00f9ng 1kg\/200kg th\u1ee9c \u0103n, ng\u00e0y 2 l\u1ea7n, d\u00f9ng li\u00ean t\u1ee5c trong th\u1eddi gian nu\u00f4i.<\/p>\n","protected":false},"featured_media":10679,"comment_status":"closed","ping_status":"closed","template":"","meta":[],"product_brand":[],"product_cat":[71,107],"product_tag":[],"class_list":{"0":"post-5241","1":"product","2":"type-product","3":"status-publish","4":"has-post-thumbnail","6":"product_cat-thuoc-thuy-san","7":"product_cat-san-pham-cho-ca","9":"first","10":"instock","11":"shipping-taxable","12":"purchasable","13":"product-type-variable","14":"has-default-attributes"},"_links":{"self":[{"href":"https:\/\/mebipha.com\/online\/wp-json\/wp\/v2\/product\/5241","targetHints":{"allow":["GET"]}}],"collection":[{"href":"https:\/\/mebipha.com\/online\/wp-json\/wp\/v2\/product"}],"about":[{"href":"https:\/\/mebipha.com\/online\/wp-json\/wp\/v2\/types\/product"}],"replies":[{"embeddable":true,"href":"https:\/\/mebipha.com\/online\/wp-json\/wp\/v2\/comments?post=5241"}],"wp:featuredmedia":[{"embeddable":true,"href":"https:\/\/mebipha.com\/online\/wp-json\/wp\/v2\/media\/10679"}],"wp:attachment":[{"href":"https:\/\/mebipha.com\/online\/wp-json\/wp\/v2\/media?parent=5241"}],"wp:term":[{"taxonomy":"product_brand","embeddable":true,"href":"https:\/\/mebipha.com\/online\/wp-json\/wp\/v2\/product_brand?post=5241"},{"taxonomy":"product_cat","embeddable":true,"href":"https:\/\/mebipha.com\/online\/wp-json\/wp\/v2\/product_cat?post=5241"},{"taxonomy":"product_tag","embeddable":true,"href":"https:\/\/mebipha.com\/online\/wp-json\/wp\/v2\/product_tag?post=5241"}],"curies":[{"name":"wp","href":"https:\/\/api.w.org\/{rel}","templated":true}]}}