{"id":5233,"date":"2019-04-05T15:16:36","date_gmt":"2019-04-05T08:16:36","guid":{"rendered":"https:\/\/mebipha.com\/?post_type=product&#038;p=5233"},"modified":"2024-01-03T16:39:32","modified_gmt":"2024-01-03T09:39:32","slug":"gum","status":"publish","type":"product","link":"https:\/\/mebipha.com\/online\/gum\/","title":{"rendered":"GUM"},"content":{"rendered":"<p><strong>GI\u1ea2M STRESS, N\u00c2NG CAO S\u1ee8C \u0110\u1ec0 KH\u00c1NG CHO GIA C\u1ea6M<\/strong><\/p>\n<p><strong>B\u1ed9t h\u00f2a tan<\/strong><\/p>\n<p><strong>GUM<\/strong> l\u00e0 s\u1ea3n ph\u1ea9m d\u1ea1ng b\u1ed9t b\u1ed5 sung vitamin, c\u00e1c ch\u1ea5t \u0111i\u1ec7n gi\u1ea3i v\u00e0 l\u1ee3i khu\u1ea9n cho gia c\u1ea7m. Vitamin C, E, K3, B12 v\u00e0 Folic acid gi\u00fap n\u00e2ng cao s\u1ee9c \u0111\u1ec1 kh\u00e1ng, gi\u1ea3m stress, t\u0103ng s\u1ee9c cho gia c\u1ea7m khi b\u1ecb b\u1ec7nh. Bacillus subtilis h\u1ed7 tr\u1ee3 ti\u00eau h\u00f3a v\u00e0 h\u1ea5p thu t\u1ed1t th\u1ee9c \u0103n. C\u00e1c ch\u1ea5t \u0111i\u1ec7n gi\u1ea3i Potassium chloride v\u00e0 Sodium citrate cung c\u1ea5p n\u0103ng l\u01b0\u1ee3ng cho qu\u00e1 tr\u00ecnh trao \u0111\u1ed5i ch\u1ea5t, ch\u1ed1ng m\u1ea5t n\u01b0\u1edbc khi gia c\u1ea7m b\u1ecb s\u1ed1t cao.<\/p>\n<p><strong>TH\u00c0NH PH\u1ea6N<\/strong><\/p>\n<p>Bacillus subtilis * (min): 1x 10<sup>9<\/sup> CFU<\/p>\n<p>Vitamin C* (Ascorbic acid) (min): 50g<\/p>\n<p>Vitamin E (DL-alpha-tocopheryl acetate) (min): 5.000mg<\/p>\n<p>Vitamin K3 (Menadion sodium bisulfite) (min): 5.000mg<\/p>\n<p>Vitamin B12* (Cyanocobalamin) (min): 30mg<\/p>\n<p>Folic acid (min): 500mg<\/p>\n<p>Potassium chloride (min \u2013 max): 22 \u2013 27,5g<\/p>\n<p>Sodium citrate (min \u2013 max): 12 \u2013 15g<\/p>\n<p>Glucose v\u1eeba \u0111\u1ee7: 1kg<\/p>\n<p><strong>L\u1ee2I \u00cdCH B\u1ed4 SUNG GUM<\/strong><\/p>\n<p>T\u0103ng c\u01b0\u1eddng h\u1ec7 mi\u1ec5n d\u1ecbch, n\u00e2ng cao s\u1ee9c \u0111\u1ec1 kh\u00e1ng cho gia c\u1ea7m \u1edf giai \u0111o\u1ea1n 2-5 tu\u1ea7n tu\u1ed5i, l\u01b0\u1edbt qua b\u1ec7nh Gumboro.<\/p>\n<p>K\u00edch th\u00edch ti\u00eau h\u00f3a, t\u0103ng kh\u1ea3 n\u0103ng h\u1ea5p thu, gi\u00fap t\u0103ng tr\u01b0\u1edfng nhanh.<\/p>\n<p>H\u1ea1 s\u1ed1t nhanh, gi\u1ea3m stress, cung c\u1ea5p ch\u1ea5t \u0111i\u1ec7n gi\u1ea3i, ch\u1ed1ng m\u1ea5t n\u01b0\u1edbc.<\/p>\n<p>T\u0103ng hi\u1ec7u qu\u1ea3 vaccine trong nh\u1eefng th\u1eddi \u0111i\u1ec3m ch\u1ee7ng ng\u1eeba.<\/p>\n<p><strong>H\u01af\u1edaNG D\u1eaaN S\u1eec D\u1ee4NG<\/strong><\/p>\n<p>Gi\u00fap gia c\u1ea7m ph\u00e1t huy t\u1ed1i \u0111a kh\u1ea3 n\u0103ng \u0111\u1ec1 kh\u00e1ng virus, vi khu\u1ea9n g\u00e2y b\u1ec7nh: 1g\/2 l\u00edt n\u01b0\u1edbc u\u1ed1ng, d\u00f9ng li\u00ean t\u1ee5c 3-5 ng\u00e0y.<\/p>\n<p>Khi c\u00f3 bi\u1ec3u hi\u1ec7n Gumboro, stress, x\u00e1o tr\u1ed9n ti\u00eau h\u00f3a: D\u00f9ng 1g\/1 l\u00edt n\u01b0\u1edbc u\u1ed1ng, li\u00ean t\u1ee5c 5-7 ng\u00e0y.<\/p>\n<p><strong>B\u1ea2O QU\u1ea2N<\/strong><\/p>\n<p>N\u01a1i kh\u00f4 r\u00e1o, tho\u00e1ng m\u00e1t, nhi\u1ec7t \u0111\u1ed9 d\u01b0\u1edbi 30<sup>0<\/sup>C. Tr\u00e1nh \u00e1nh n\u1eafng tr\u1ef1c ti\u1ebfp, tr\u00e1nh xa t\u1ea7m tay tr\u1ebb em.<\/p>\n<p><strong>H\u1ea0N D\u00d9NG<\/strong><\/p>\n<p>24 th\u00e1ng k\u1ec3 t\u1eeb ng\u00e0y s\u1ea3n xu\u1ea5t.<\/p>\n<p><strong>\u0110\u00d3NG G\u00d3I<\/strong><\/p>\n<p>20g, 50g, 100g, 500g\/lon, 1kg\/g\u00f3i, 1kg\/lon.<\/p>\n<p><strong>S\u1ed1 \u0111\u0103ng k\u00fd: TCCS 087:2013\/MBP <\/strong><\/p>\n<p><strong>GI\u1ea2M STRESS, N\u00c2NG CAO S\u1ee8C \u0110\u1ec0 KH\u00c1NG CHO GIA C\u1ea6M<\/strong><\/p>\n<p><strong>B\u1ed9t h\u00f2a tan<\/strong><\/p>\n<p><strong>GUM<\/strong> l\u00e0 s\u1ea3n ph\u1ea9m d\u1ea1ng b\u1ed9t b\u1ed5 sung vitamin, c\u00e1c ch\u1ea5t \u0111i\u1ec7n gi\u1ea3i v\u00e0 l\u1ee3i khu\u1ea9n cho gia c\u1ea7m. Vitamin C, E, K3, B12 v\u00e0 Folic acid gi\u00fap n\u00e2ng cao s\u1ee9c \u0111\u1ec1 kh\u00e1ng, gi\u1ea3m stress, t\u0103ng s\u1ee9c cho gia c\u1ea7m khi b\u1ecb b\u1ec7nh. Bacillus subtilis h\u1ed7 tr\u1ee3 ti\u00eau h\u00f3a v\u00e0 h\u1ea5p thu t\u1ed1t th\u1ee9c \u0103n. C\u00e1c ch\u1ea5t \u0111i\u1ec7n gi\u1ea3i Potassium chloride v\u00e0 Sodium citrate cung c\u1ea5p n\u0103ng l\u01b0\u1ee3ng cho qu\u00e1 tr\u00ecnh trao \u0111\u1ed5i ch\u1ea5t, ch\u1ed1ng m\u1ea5t n\u01b0\u1edbc khi gia c\u1ea7m b\u1ecb s\u1ed1t cao.<\/p>\n<p><strong>TH\u00c0NH PH\u1ea6N<\/strong><\/p>\n<p>Bacillus subtilis * (min): 1x 10<sup>9<\/sup> CFU<\/p>\n<p>Vitamin C* (Ascorbic acid) (min): 50g<\/p>\n<p>Vitamin E (DL-alpha-tocopheryl acetate) (min): 5.000mg<\/p>\n<p>Vitamin K3 (Menadion sodium bisulfite) (min): 5.000mg<\/p>\n<p>Vitamin B12* (Cyanocobalamin) (min): 30mg<\/p>\n<p>Folic acid (min): 500mg<\/p>\n<p>Potassium chloride (min \u2013 max): 22 \u2013 27,5g<\/p>\n<p>Sodium citrate (min \u2013 max): 12 \u2013 15g<\/p>\n<p>Glucose v\u1eeba \u0111\u1ee7: 1kg<\/p>\n<p><strong>L\u1ee2I \u00cdCH B\u1ed4 SUNG GUM<\/strong><\/p>\n<p>T\u0103ng c\u01b0\u1eddng h\u1ec7 mi\u1ec5n d\u1ecbch, n\u00e2ng cao s\u1ee9c \u0111\u1ec1 kh\u00e1ng cho gia c\u1ea7m \u1edf giai \u0111o\u1ea1n 2-5 tu\u1ea7n tu\u1ed5i, l\u01b0\u1edbt qua b\u1ec7nh Gumboro.<\/p>\n<p>K\u00edch th\u00edch ti\u00eau h\u00f3a, t\u0103ng kh\u1ea3 n\u0103ng h\u1ea5p thu, gi\u00fap t\u0103ng tr\u01b0\u1edfng nhanh.<\/p>\n<p>H\u1ea1 s\u1ed1t nhanh, gi\u1ea3m stress, cung c\u1ea5p ch\u1ea5t \u0111i\u1ec7n gi\u1ea3i, ch\u1ed1ng m\u1ea5t n\u01b0\u1edbc.<\/p>\n<p>T\u0103ng hi\u1ec7u qu\u1ea3 vaccine trong nh\u1eefng th\u1eddi \u0111i\u1ec3m ch\u1ee7ng ng\u1eeba.<\/p>\n<p><strong>H\u01af\u1edaNG D\u1eaaN S\u1eec D\u1ee4NG<\/strong><\/p>\n<p>Gi\u00fap gia c\u1ea7m ph\u00e1t huy t\u1ed1i \u0111a kh\u1ea3 n\u0103ng \u0111\u1ec1 kh\u00e1ng virus, vi khu\u1ea9n g\u00e2y b\u1ec7nh: 1g\/2 l\u00edt n\u01b0\u1edbc u\u1ed1ng, d\u00f9ng li\u00ean t\u1ee5c 3-5 ng\u00e0y.<\/p>\n<p>Khi c\u00f3 bi\u1ec3u hi\u1ec7n Gumboro, stress, x\u00e1o tr\u1ed9n ti\u00eau h\u00f3a: D\u00f9ng 1g\/1 l\u00edt n\u01b0\u1edbc u\u1ed1ng, li\u00ean t\u1ee5c 5-7 ng\u00e0y.<\/p>\n<p><strong>B\u1ea2O QU\u1ea2N<\/strong><\/p>\n<p>N\u01a1i kh\u00f4 r\u00e1o, tho\u00e1ng m\u00e1t, nhi\u1ec7t \u0111\u1ed9 d\u01b0\u1edbi 30<sup>0<\/sup>C. Tr\u00e1nh \u00e1nh n\u1eafng tr\u1ef1c ti\u1ebfp, tr\u00e1nh xa t\u1ea7m tay tr\u1ebb em.<\/p>\n<p><strong>H\u1ea0N D\u00d9NG<\/strong><\/p>\n<p>24 th\u00e1ng k\u1ec3 t\u1eeb ng\u00e0y s\u1ea3n xu\u1ea5t.<\/p>\n<p><strong>\u0110\u00d3NG G\u00d3I<\/strong><\/p>\n<p>20g, 50g, 100g, 500g\/lon, 1kg\/g\u00f3i, 1kg\/lon.<\/p>\n<p><strong>S\u1ed1 \u0111\u0103ng k\u00fd: TCCS 087:2013\/MBP <\/strong><\/p>\n","protected":false},"excerpt":{"rendered":"<p><strong>GI\u1ea2M STRESS, N\u00c2NG CAO S\u1ee8C \u0110\u1ec0 KH\u00c1NG CHO GIA C\u1ea6M<\/strong><\/p>\n<p><strong>TH\u00c0NH PH\u1ea6N<\/strong><\/p>\n<p>Bacillus subtilis * (min): 1x 10<sup>9<\/sup> CFU<\/p>\n<p>Vitamin C* (Ascorbic acid) (min): 50g<\/p>\n<p>Vitamin E (DL-alpha-tocopheryl acetate) (min): 5.000mg<\/p>\n<p>Vitamin K3 (Menadion sodium bisulfite) (min): 5.000mg<\/p>\n<p>Vitamin B12* (Cyanocobalamin) (min): 30mg<\/p>\n<p>Folic acid (min): 500mg<\/p>\n<p>Potassium chloride (min \u2013 max): 22 \u2013 27,5g<\/p>\n<p>Sodium citrate (min \u2013 max): 12 \u2013 15g<\/p>\n<p>Glucose v\u1eeba \u0111\u1ee7: 1kg<\/p>\n<p><strong>L\u1ee2I \u00cdCH B\u1ed4 SUNG GUM<\/strong><\/p>\n<p>T\u0103ng c\u01b0\u1eddng h\u1ec7 mi\u1ec5n d\u1ecbch, n\u00e2ng cao s\u1ee9c \u0111\u1ec1 kh\u00e1ng cho gia c\u1ea7m \u1edf giai \u0111o\u1ea1n 2-5 tu\u1ea7n tu\u1ed5i, l\u01b0\u1edbt qua b\u1ec7nh Gumboro.<\/p>\n<p>K\u00edch th\u00edch ti\u00eau h\u00f3a, t\u0103ng kh\u1ea3 n\u0103ng h\u1ea5p thu, gi\u00fap t\u0103ng tr\u01b0\u1edfng nhanh.<\/p>\n<p>H\u1ea1 s\u1ed1t nhanh, gi\u1ea3m stress, cung c\u1ea5p ch\u1ea5t \u0111i\u1ec7n gi\u1ea3i, ch\u1ed1ng m\u1ea5t n\u01b0\u1edbc.<\/p>\n<p>T\u0103ng hi\u1ec7u qu\u1ea3 vaccine trong nh\u1eefng th\u1eddi \u0111i\u1ec3m ch\u1ee7ng ng\u1eeba.<\/p>\n<p><strong>H\u01af\u1edaNG D\u1eaaN S\u1eec D\u1ee4NG<\/strong><\/p>\n<p>Gi\u00fap gia c\u1ea7m ph\u00e1t huy t\u1ed1i \u0111a kh\u1ea3 n\u0103ng \u0111\u1ec1 kh\u00e1ng virus, vi khu\u1ea9n g\u00e2y b\u1ec7nh: 1g\/2 l\u00edt n\u01b0\u1edbc u\u1ed1ng, d\u00f9ng li\u00ean t\u1ee5c 3-5 ng\u00e0y.<\/p>\n<p>Khi c\u00f3 bi\u1ec3u hi\u1ec7n Gumboro, stress, x\u00e1o tr\u1ed9n ti\u00eau h\u00f3a: D\u00f9ng 1g\/1 l\u00edt n\u01b0\u1edbc u\u1ed1ng, li\u00ean t\u1ee5c 5-7 ng\u00e0y.<\/p>\n<p>&nbsp;<\/p>\n","protected":false},"featured_media":9848,"comment_status":"closed","ping_status":"closed","template":"","meta":[],"product_brand":[],"product_cat":[62,142],"product_tag":[],"class_list":{"0":"post-5233","1":"product","2":"type-product","3":"status-publish","4":"has-post-thumbnail","6":"product_cat-thuoc-thu-y","7":"product_cat-danh-muc-san-pham-gia-cam","9":"first","10":"instock","11":"shipping-taxable","12":"purchasable","13":"product-type-variable","14":"has-default-attributes"},"_links":{"self":[{"href":"https:\/\/mebipha.com\/online\/wp-json\/wp\/v2\/product\/5233","targetHints":{"allow":["GET"]}}],"collection":[{"href":"https:\/\/mebipha.com\/online\/wp-json\/wp\/v2\/product"}],"about":[{"href":"https:\/\/mebipha.com\/online\/wp-json\/wp\/v2\/types\/product"}],"replies":[{"embeddable":true,"href":"https:\/\/mebipha.com\/online\/wp-json\/wp\/v2\/comments?post=5233"}],"wp:featuredmedia":[{"embeddable":true,"href":"https:\/\/mebipha.com\/online\/wp-json\/wp\/v2\/media\/9848"}],"wp:attachment":[{"href":"https:\/\/mebipha.com\/online\/wp-json\/wp\/v2\/media?parent=5233"}],"wp:term":[{"taxonomy":"product_brand","embeddable":true,"href":"https:\/\/mebipha.com\/online\/wp-json\/wp\/v2\/product_brand?post=5233"},{"taxonomy":"product_cat","embeddable":true,"href":"https:\/\/mebipha.com\/online\/wp-json\/wp\/v2\/product_cat?post=5233"},{"taxonomy":"product_tag","embeddable":true,"href":"https:\/\/mebipha.com\/online\/wp-json\/wp\/v2\/product_tag?post=5233"}],"curies":[{"name":"wp","href":"https:\/\/api.w.org\/{rel}","templated":true}]}}