{"id":5217,"date":"2019-04-05T14:59:34","date_gmt":"2019-04-05T07:59:34","guid":{"rendered":"https:\/\/mebipha.com\/?post_type=product&#038;p=5217"},"modified":"2025-12-15T09:51:18","modified_gmt":"2025-12-15T02:51:18","slug":"canxi-max","status":"publish","type":"product","link":"https:\/\/mebipha.com\/online\/canxi-max\/","title":{"rendered":"CANXI MAX"},"content":{"rendered":"<p><strong>B\u1ed4 SUNG CANXI, BIOTIN V\u00c0 ACID AMIN CHO GIA S\u00daC, GIA C\u1ea6M<\/strong><\/p>\n<p><strong>B\u1ed9t tr\u1ed9n th\u1ee9c \u0103n<\/strong><\/p>\n<p><strong>CANXI MAX <\/strong>h\u1ed7 tr\u1ee3 s\u1ee9c kh\u1ecfe x\u01b0\u01a1ng kh\u1edbp cho gia s\u00fac v\u00e0 gia c\u1ea7m, h\u1ea1n ch\u1ebf c\u00e1c b\u1ec7nh do thi\u1ebfu Canxi, mang l\u1ea1i \u0111\u1ed9 c\u1ee9ng cho v\u1ecf tr\u1ee9ng. Biotin c\u0169ng tham gia v\u00e0o s\u1ef1 ph\u00e1t tri\u1ec3n c\u1ee7a x\u01b0\u01a1ng, gi\u00fap l\u00f4ng, da, m\u00f3ng kh\u1ecfe m\u1ea1nh; gia t\u0103ng t\u1ec9 l\u1ec7 \u1ea5p n\u1edf, ng\u0103n ng\u1eeba t\u00ecnh tr\u1ea1ng r\u1ee5ng l\u00f4ng v\u00e0 \u0103n l\u00f4ng tr\u00ean gia c\u1ea7m. Lysine v\u00e0 Methionine h\u1ed7 tr\u1ee3 h\u1ea5p thu t\u1ed1t Canxi, duy tr\u00ec t\u1ed1t qu\u00e1 tr\u00ecnh trao \u0111\u1ed5i ch\u1ea5t v\u00e0 ch\u1ee9c n\u0103ng mi\u1ec5n d\u1ecbch cho v\u1eadt nu\u00f4i.<\/p>\n<p><strong>TH\u00c0NH PH\u1ea6N\u00a0\u00a0\u00a0\u00a0\u00a0\u00a0\u00a0 <\/strong><\/p>\n<p>Canxi* (min \u2013 max): 200 \u2013 400g<\/p>\n<p>Lysine (Lysine HCl) (min): 20.000mg<\/p>\n<p>Methionine (min): 8.000mg<\/p>\n<p>Biotin (min): 20mg<\/p>\n<p>Ch\u1ea5t mang (CaCO<sub>3<\/sub>) v\u1eeba \u0111\u1ee7: 1kg<\/p>\n<p><strong>L\u1ee2I \u00cdCH C\u1ee6A VI\u1ec6C B\u1ed4 SUNG S\u1ea2N PH\u1ea8M<\/strong><\/p>\n<p>K\u00edch th\u00edch th\u00e8m \u0103n, t\u0103ng tr\u01b0\u1edfng nhanh.<\/p>\n<p>H\u1ea1n ch\u1ebf c\u00e1c t\u00ecnh tr\u1ea1ng: n\u1ee9t m\u00f3ng, y\u1ebfu ch\u00e2n, b\u1ea1i li\u1ec7t tr\u00ean heo n\u00e1i; t\u00ecnh tr\u1ea1ng c\u1eafn m\u1ed5, m\u1ecfng v\u1ecf tr\u1ee9ng tr\u00ean gia c\u1ea7m.<\/p>\n<p><strong>H\u01af\u1edaNG D\u1eaaN s\u1eed d\u1ee5ng<\/strong><\/p>\n<p>1kg <strong>CANXI MAX<\/strong> tr\u1ed9n \u0111\u1ec1u trong 200kg th\u1ee9c \u0103n, d\u00f9ng li\u00ean t\u1ee5c.<\/p>\n<p>Khi c\u00f3 bi\u1ec3u hi\u1ec7n b\u1ec7nh: 1kg <strong>CANXI MAX<\/strong> tr\u1ed9n \u0111\u1ec1u trong 100kg th\u1ee9c \u0103n.<\/p>\n<p><strong>H\u1ea1n s\u1eed d\u1ee5ng s\u1ea3n ph\u1ea9m <\/strong><\/p>\n<p>24 th\u00e1ng k\u1ec3 t\u1eeb ng\u00e0y s\u1ea3n xu\u1ea5t.<\/p>\n<p><strong>B\u1ea2O QU\u1ea2N<\/strong><\/p>\n<p>N\u01a1i kh\u00f4 r\u00e1o, tho\u00e1ng m\u00e1t, nhi\u1ec7t \u0111\u1ed9 d\u01b0\u1edbi 30<sup>0<\/sup>C. Tr\u00e1nh \u00e1nh n\u1eafng tr\u1ef1c ti\u1ebfp, tr\u00e1nh xa t\u1ea7m tay tr\u1ebb em.<\/p>\n<p><strong>\u0110\u00d3NG G\u00d3I<\/strong><\/p>\n<p><strong>500g\/g\u00f3i, 1kg\/g\u00f3i, 5kg\/x\u00f4, 10kg\/x\u00f4<\/strong><\/p>\n<p><strong>S\u1ed1 \u0111\u0103ng k\u00fd: TCCS 066:2014\/MBP<\/strong><\/p>\n","protected":false},"excerpt":{"rendered":"<p><strong>B\u1ed4 SUNG CANXI, BIOTIN V\u00c0 ACID AMIN CHO GIA S\u00daC, GIA C\u1ea6M<\/strong><\/p>\n<p><strong>TH\u00c0NH PH\u1ea6N\u00a0\u00a0\u00a0\u00a0\u00a0\u00a0\u00a0 <\/strong><\/p>\n<p>Canxi* (min \u2013 max): 200 \u2013 400g<\/p>\n<p>Lysine (Lysine HCl) (min): 20.000mg<\/p>\n<p>Methionine (min): 8.000mg<\/p>\n<p>Biotin (min): 20mg<\/p>\n<p>Ch\u1ea5t mang (CaCO<sub>3<\/sub>) v\u1eeba \u0111\u1ee7: 1kg<\/p>\n<p><strong>L\u1ee2I \u00cdCH C\u1ee6A VI\u1ec6C B\u1ed4 SUNG S\u1ea2N PH\u1ea8M<\/strong><\/p>\n<p>K\u00edch th\u00edch th\u00e8m \u0103n, t\u0103ng tr\u01b0\u1edfng nhanh.<\/p>\n<p>H\u1ea1n ch\u1ebf c\u00e1c t\u00ecnh tr\u1ea1ng: n\u1ee9t m\u00f3ng, y\u1ebfu ch\u00e2n, b\u1ea1i li\u1ec7t tr\u00ean heo n\u00e1i; t\u00ecnh tr\u1ea1ng c\u1eafn m\u1ed5, m\u1ecfng v\u1ecf tr\u1ee9ng tr\u00ean gia c\u1ea7m.<\/p>\n<p><strong>H\u01af\u1edaNG D\u1eaaN s\u1eed d\u1ee5ng<\/strong><\/p>\n<p>1kg <strong>CANXI MAX<\/strong> tr\u1ed9n \u0111\u1ec1u trong 200kg th\u1ee9c \u0103n, d\u00f9ng li\u00ean t\u1ee5c.<\/p>\n<p>Khi c\u00f3 bi\u1ec3u hi\u1ec7n b\u1ec7nh: 1kg <strong>CANXI MAX<\/strong> tr\u1ed9n \u0111\u1ec1u trong 100kg th\u1ee9c \u0103n.<\/p>\n","protected":false},"featured_media":10541,"comment_status":"closed","ping_status":"closed","template":"","meta":[],"product_brand":[],"product_cat":[62],"product_tag":[],"class_list":{"0":"post-5217","1":"product","2":"type-product","3":"status-publish","4":"has-post-thumbnail","6":"product_cat-thuoc-thu-y","8":"first","9":"instock","10":"shipping-taxable","11":"purchasable","12":"product-type-variable"},"_links":{"self":[{"href":"https:\/\/mebipha.com\/online\/wp-json\/wp\/v2\/product\/5217","targetHints":{"allow":["GET"]}}],"collection":[{"href":"https:\/\/mebipha.com\/online\/wp-json\/wp\/v2\/product"}],"about":[{"href":"https:\/\/mebipha.com\/online\/wp-json\/wp\/v2\/types\/product"}],"replies":[{"embeddable":true,"href":"https:\/\/mebipha.com\/online\/wp-json\/wp\/v2\/comments?post=5217"}],"wp:featuredmedia":[{"embeddable":true,"href":"https:\/\/mebipha.com\/online\/wp-json\/wp\/v2\/media\/10541"}],"wp:attachment":[{"href":"https:\/\/mebipha.com\/online\/wp-json\/wp\/v2\/media?parent=5217"}],"wp:term":[{"taxonomy":"product_brand","embeddable":true,"href":"https:\/\/mebipha.com\/online\/wp-json\/wp\/v2\/product_brand?post=5217"},{"taxonomy":"product_cat","embeddable":true,"href":"https:\/\/mebipha.com\/online\/wp-json\/wp\/v2\/product_cat?post=5217"},{"taxonomy":"product_tag","embeddable":true,"href":"https:\/\/mebipha.com\/online\/wp-json\/wp\/v2\/product_tag?post=5217"}],"curies":[{"name":"wp","href":"https:\/\/api.w.org\/{rel}","templated":true}]}}