{"id":5197,"date":"2019-04-04T17:09:13","date_gmt":"2019-04-04T10:09:13","guid":{"rendered":"https:\/\/mebipha.com\/?post_type=product&#038;p=5197"},"modified":"2024-01-17T11:09:11","modified_gmt":"2024-01-17T04:09:11","slug":"mebisol-b12ca","status":"publish","type":"product","link":"https:\/\/mebipha.com\/online\/mebisol-b12ca\/","title":{"rendered":"MEBISOL B12(C\u00c1)"},"content":{"rendered":"","protected":false},"excerpt":{"rendered":"<p><strong>S\u1ea2N PH\u1ea8M D\u1ea0NG B\u1ed8T <\/strong><strong>B\u1ed4 TR\u1ee2 GAN<\/strong><\/p>\n<p><strong>TH\u00c0NH PH\u1ea6N<\/strong><\/p>\n<p>Inositol* \u00a0(min)&#8230;&#8230;&#8230;&#8230;&#8230;&#8230;.. 15.000 mg<\/p>\n<p>Sorbitol* (min)&#8230;&#8230;&#8230;&#8230;&#8230;&#8230;&#8230;150.000 mg<\/p>\n<p>Vitamin B<sub>12<\/sub> (min)&#8230;&#8230;&#8230;&#8230;&#8230;.20 mg<\/p>\n<p>Methionine* (min)&#8230;&#8230;&#8230;&#8230;&#8230;. 25.000 mg<\/p>\n<p>Selenium (min \u2013 max)&#8230;&#8230;&#8230;. 90 \u2013 150 mg<\/p>\n<p>Kh\u00e1ng sinh, ch\u1ea5t c\u1ea5m&#8230;&#8230;&#8230;&#8230; Kh\u00f4ng c\u00f3<\/p>\n<p>Ethoxyquin&#8230;&#8230;&#8230;&#8230;&#8230;&#8230;&#8230;&#8230;&#8230;..Kh\u00f4ng c\u00f3<\/p>\n<p>Ch\u1ea5t mang (Glucose) v\u1eeba \u0111\u1ee7&#8230;..1 kg<\/p>\n<p><strong>NGUY\u00caN LI\u1ec6U\u00a0 <\/strong>Inositol, Sorbitol, Cyanocobalamin, DL-Methionine, Sodium Selenite, Dextrose monohydrate.<\/p>\n<p><strong>C\u00d4NG D\u1ee4NG<\/strong><\/p>\n<p>B\u1ed5 sung Inositol, Sorbitol, vitamin, kho\u00e1ng ch\u1ea5t v\u00e0 acid amin thi\u1ebft y\u1ebfu v\u00e0o th\u1ee9c \u0103n, gi\u00fap ti\u00eau h\u00f3a v\u00e0 b\u1ed5 gan cho c\u00e1.<\/p>\n<p>T\u0103ng c\u01b0\u01a1\u0300ng ch\u01b0\u0301c n\u0103ng gan tu\u0323y.<\/p>\n<p><strong>H\u01af\u1edaNG D\u1eaaN S\u1eec D\u1ee4NG V\u00c0 LI\u1ec0U D\u00d9NG<\/strong><\/p>\n<p>H\u00f2a tan v\u00e0o n\u01b0\u1edbc, tr\u1ed9n \u0111\u1ec1u v\u1edbi th\u1ee9c \u0103n, \u0111\u1ec3 r\u00e1o 15 ph\u00fat\u00a0 sau \u0111\u00f3\u00a0 cho c\u00e1 \u0103n.<\/p>\n<p>2g\/1kg th\u1ee9c \u0103n, cho \u0103n li\u00ean t\u1ee5c trong su\u1ed1t qu\u00e1 tr\u00ecnh nu\u00f4i.<\/p>\n","protected":false},"featured_media":9909,"comment_status":"closed","ping_status":"closed","template":"","meta":[],"product_brand":[],"product_cat":[71,107],"product_tag":[],"class_list":{"0":"post-5197","1":"product","2":"type-product","3":"status-publish","4":"has-post-thumbnail","6":"product_cat-thuoc-thuy-san","7":"product_cat-san-pham-cho-ca","9":"first","10":"instock","11":"shipping-taxable","12":"purchasable","13":"product-type-variable","14":"has-default-attributes"},"_links":{"self":[{"href":"https:\/\/mebipha.com\/online\/wp-json\/wp\/v2\/product\/5197","targetHints":{"allow":["GET"]}}],"collection":[{"href":"https:\/\/mebipha.com\/online\/wp-json\/wp\/v2\/product"}],"about":[{"href":"https:\/\/mebipha.com\/online\/wp-json\/wp\/v2\/types\/product"}],"replies":[{"embeddable":true,"href":"https:\/\/mebipha.com\/online\/wp-json\/wp\/v2\/comments?post=5197"}],"wp:featuredmedia":[{"embeddable":true,"href":"https:\/\/mebipha.com\/online\/wp-json\/wp\/v2\/media\/9909"}],"wp:attachment":[{"href":"https:\/\/mebipha.com\/online\/wp-json\/wp\/v2\/media?parent=5197"}],"wp:term":[{"taxonomy":"product_brand","embeddable":true,"href":"https:\/\/mebipha.com\/online\/wp-json\/wp\/v2\/product_brand?post=5197"},{"taxonomy":"product_cat","embeddable":true,"href":"https:\/\/mebipha.com\/online\/wp-json\/wp\/v2\/product_cat?post=5197"},{"taxonomy":"product_tag","embeddable":true,"href":"https:\/\/mebipha.com\/online\/wp-json\/wp\/v2\/product_tag?post=5197"}],"curies":[{"name":"wp","href":"https:\/\/api.w.org\/{rel}","templated":true}]}}