{"id":5193,"date":"2019-04-04T17:05:15","date_gmt":"2019-04-04T10:05:15","guid":{"rendered":"https:\/\/mebipha.com\/?post_type=product&#038;p=5193"},"modified":"2025-12-15T09:41:18","modified_gmt":"2025-12-15T02:41:18","slug":"meijilac","status":"publish","type":"product","link":"https:\/\/mebipha.com\/online\/meijilac\/","title":{"rendered":"MEIJILAC"},"content":{"rendered":"<p><strong>S\u1eeeA B\u1ed8T H\u00d2A TAN CAO C\u1ea4P CHUY\u00caN D\u00d9NG CHO HEO CON THEO M\u1eb8<\/strong><\/p>\n<p><strong>B\u1ed9t h\u00f2a tan<\/strong><\/p>\n<p><strong>MEJILAC<\/strong> b\u1ed5 sung \u0111\u1ea7y \u0111\u1ee7 ch\u1ea5t dinh d\u01b0\u1ee1ng v\u00e0 n\u0103ng l\u01b0\u1ee3ng cho heo con theo m\u1eb9, c\u00f3 th\u1ec3 d\u00f9ng thay s\u1eefa m\u1eb9 khi heo con b\u1ecb m\u1ea5t m\u1eb9 ho\u1eb7c thi\u1ebfu s\u1eefa. S\u1ea3n ph\u1ea9m gi\u00fap \u1ed5n \u0111\u1ecbnh h\u1ec7 vi sinh v\u1eadt \u0111\u01b0\u1eddng ru\u1ed9t, t\u0103ng kh\u1ea3 n\u0103ng h\u1ea5p thu, gi\u1ea3m ti\u00eau ch\u1ea3y, t\u0103ng c\u01b0\u1eddng s\u1ee9c \u0111\u1ec1 kh\u00e1ng, gi\u00fap heo con kh\u1ecfe m\u1ea1nh, nhanh l\u1edbn v\u00e0 ph\u00e1t tri\u1ec3n \u0111\u1ed3ng \u0111\u1ec1u.<\/p>\n<p><strong>TH\u00c0NH PH\u1ea6N<\/strong><\/p>\n<p>Ch\u1ea5t b\u00e9o (min): 9%<\/p>\n<p>Protein* (min): 14%<\/p>\n<p>Lactose (min): 35%<\/p>\n<p>Bacillus subtilis (min): 1 x 10<sup>6<\/sup> CFU<\/p>\n<p>Protease (min): 10.000UI<\/p>\n<p>Vitamin A (Retinyl acetate) (min): 20.000 UI<\/p>\n<p>Vitamin D3 (Cholecalciferol) (min): 3.300 UI<\/p>\n<p>Vitamin E, Vitamin K3, Vitamin C, Vitamin B12, Selenium, Lysine v\u00e0 B\u1ed9t s\u1eefa nguy\u00ean kem (Whole milk powder) v\u1eeba \u0111\u1ee7: 1kg<\/p>\n<p><strong>L\u1ee2I \u00cdCH C\u1ee6A VI\u1ec6C B\u1ed4 SUNG S\u1ea2N PH\u1ea8M<\/strong><\/p>\n<p>MEIJILAC l\u00e0 s\u1ea3n ph\u1ea9m \u0111\u1eb7c bi\u1ec7t c\u00f3 th\u1ec3 d\u00f9ng thay th\u1ebf ho\u00e0n to\u00e0n s\u1eefa m\u1eb9.<\/p>\n<p>B\u1ed5 sung vitamin, kho\u00e1ng ch\u1ea5t, l\u1ee3i khu\u1ea9n, cung c\u1ea5p n\u0103ng l\u01b0\u1ee3ng \u0111\u1ea7y \u0111\u1ee7 cho heo con ph\u00e1t tri\u1ec3n.<\/p>\n<p>T\u0103ng c\u01b0\u1eddng h\u1ec7 mi\u1ec5n d\u1ecbch cho heo con s\u01a1 sinh.<\/p>\n<p>Gi\u00fap heo ti\u00eau h\u00f3a d\u1ec5 d\u00e0ng h\u01a1n trong giai \u0111o\u1ea1n \u0111\u1ea7u ph\u00e1t tri\u1ec3n.<\/p>\n<p>&nbsp;<\/p>\n<p><strong>H\u01af\u1edaNG D\u1eaaN S\u1eec D\u1ee4NG<\/strong><\/p>\n<p>Heo con s\u01a1 sinh: 300-400g\/2 l\u00edt n\u01b0\u1edbc \u1ea5m b\u01a1m tr\u1ef1c ti\u1ebfp v\u00e0o mi\u1ec7ng ho\u1eb7c pha v\u00e0o b\u00ecnh cho b\u00fa tr\u1ef1c ti\u1ebfp.<\/p>\n<p>Heo con 7 ng\u00e0y tu\u1ed5i \u0111\u1ebfn cai s\u1eefa: 100g\/1kg th\u1ee9c \u0103n ho\u1eb7c 100g\/2 l\u00edt n\u01b0\u1edbc u\u1ed1ng.<\/p>\n<p><strong>H\u1ea1n s\u1eed d\u1ee5ng s\u1ea3n ph\u1ea9m <\/strong><\/p>\n<p>24 th\u00e1ng k\u1ec3 t\u1eeb ng\u00e0y s\u1ea3n xu\u1ea5t.<\/p>\n<p><strong>B\u1ea2O QU\u1ea2N<\/strong><\/p>\n<p>N\u01a1i kh\u00f4 r\u00e1o, tho\u00e1ng m\u00e1t, nhi\u1ec7t \u0111\u1ed9 d\u01b0\u1edbi 30<sup>0<\/sup>C. Tr\u00e1nh \u00e1nh n\u1eafng tr\u1ef1c ti\u1ebfp, tr\u00e1nh xa t\u1ea7m tay tr\u1ebb em.<\/p>\n<p><strong>\u0110\u00d3NG G\u00d3I<\/strong><\/p>\n<p><strong>500g\/lon (5 trong 1), 1kg\/lon (4 trong 1)<\/strong><\/p>\n<p><strong>S\u1ed1 \u0111\u0103ng k\u00fd: TCCS 156:2014\/MBP<\/strong><\/p>\n","protected":false},"excerpt":{"rendered":"<p><strong>S\u1eeeA B\u1ed8T H\u00d2A TAN CAO C\u1ea4P CHUY\u00caN D\u00d9NG CHO HEO CON THEO M\u1eb8<\/strong><\/p>\n<p><strong>B\u1ed9t h\u00f2a tan<\/strong><\/p>\n<p><strong>TH\u00c0NH PH\u1ea6N<\/strong><\/p>\n<p>Ch\u1ea5t b\u00e9o (min): 9%<\/p>\n<p>Protein* (min): 14%<\/p>\n<p>Lactose (min): 35%<\/p>\n<p>Bacillus subtilis (min): 1 x 10<sup>6<\/sup> CFU<\/p>\n<p>Protease (min): 10.000UI<\/p>\n<p>Vitamin A (Retinyl acetate) (min): 20.000 UI<\/p>\n<p>Vitamin D3 (Cholecalciferol) (min): 3.300 UI<\/p>\n<p>Vitamin E, Vitamin K3, Vitamin C, Vitamin B12, Selenium, Lysine v\u00e0 B\u1ed9t s\u1eefa nguy\u00ean kem (Whole milk powder) v\u1eeba \u0111\u1ee7: 1kg<\/p>\n<p><strong>L\u1ee2I \u00cdCH C\u1ee6A VI\u1ec6C B\u1ed4 SUNG S\u1ea2N PH\u1ea8M<\/strong><\/p>\n<p>MEIJILAC l\u00e0 s\u1ea3n ph\u1ea9m \u0111\u1eb7c bi\u1ec7t c\u00f3 th\u1ec3 d\u00f9ng thay th\u1ebf ho\u00e0n to\u00e0n s\u1eefa m\u1eb9.<\/p>\n<p>B\u1ed5 sung vitamin, kho\u00e1ng ch\u1ea5t, l\u1ee3i khu\u1ea9n, cung c\u1ea5p n\u0103ng l\u01b0\u1ee3ng \u0111\u1ea7y \u0111\u1ee7 cho heo con ph\u00e1t tri\u1ec3n.<\/p>\n<p>T\u0103ng c\u01b0\u1eddng h\u1ec7 mi\u1ec5n d\u1ecbch cho heo con s\u01a1 sinh.<\/p>\n<p>Gi\u00fap heo ti\u00eau h\u00f3a d\u1ec5 d\u00e0ng h\u01a1n trong giai \u0111o\u1ea1n \u0111\u1ea7u ph\u00e1t tri\u1ec3n.<\/p>\n<p>&nbsp;<\/p>\n<p><strong>H\u01af\u1edaNG D\u1eaaN S\u1eec D\u1ee4NG<\/strong><\/p>\n<p>Heo con s\u01a1 sinh: 300-400g\/2 l\u00edt n\u01b0\u1edbc \u1ea5m b\u01a1m tr\u1ef1c ti\u1ebfp v\u00e0o mi\u1ec7ng ho\u1eb7c pha v\u00e0o b\u00ecnh cho b\u00fa tr\u1ef1c ti\u1ebfp.<\/p>\n<p>Heo con 7 ng\u00e0y tu\u1ed5i \u0111\u1ebfn cai s\u1eefa: 100g\/1kg th\u1ee9c \u0103n ho\u1eb7c 100g\/2 l\u00edt n\u01b0\u1edbc u\u1ed1ng.<\/p>\n<p>&nbsp;<\/p>\n","protected":false},"featured_media":10578,"comment_status":"closed","ping_status":"closed","template":"","meta":[],"product_brand":[],"product_cat":[62],"product_tag":[],"class_list":{"0":"post-5193","1":"product","2":"type-product","3":"status-publish","4":"has-post-thumbnail","6":"product_cat-thuoc-thu-y","8":"first","9":"instock","10":"shipping-taxable","11":"purchasable","12":"product-type-variable"},"_links":{"self":[{"href":"https:\/\/mebipha.com\/online\/wp-json\/wp\/v2\/product\/5193","targetHints":{"allow":["GET"]}}],"collection":[{"href":"https:\/\/mebipha.com\/online\/wp-json\/wp\/v2\/product"}],"about":[{"href":"https:\/\/mebipha.com\/online\/wp-json\/wp\/v2\/types\/product"}],"replies":[{"embeddable":true,"href":"https:\/\/mebipha.com\/online\/wp-json\/wp\/v2\/comments?post=5193"}],"wp:featuredmedia":[{"embeddable":true,"href":"https:\/\/mebipha.com\/online\/wp-json\/wp\/v2\/media\/10578"}],"wp:attachment":[{"href":"https:\/\/mebipha.com\/online\/wp-json\/wp\/v2\/media?parent=5193"}],"wp:term":[{"taxonomy":"product_brand","embeddable":true,"href":"https:\/\/mebipha.com\/online\/wp-json\/wp\/v2\/product_brand?post=5193"},{"taxonomy":"product_cat","embeddable":true,"href":"https:\/\/mebipha.com\/online\/wp-json\/wp\/v2\/product_cat?post=5193"},{"taxonomy":"product_tag","embeddable":true,"href":"https:\/\/mebipha.com\/online\/wp-json\/wp\/v2\/product_tag?post=5193"}],"curies":[{"name":"wp","href":"https:\/\/api.w.org\/{rel}","templated":true}]}}