{"id":5181,"date":"2019-04-04T16:57:47","date_gmt":"2019-04-04T09:57:47","guid":{"rendered":"https:\/\/mebipha.com\/?post_type=product&#038;p=5181"},"modified":"2024-02-21T15:09:04","modified_gmt":"2024-02-21T08:09:04","slug":"mebilactyl","status":"publish","type":"product","link":"https:\/\/mebipha.com\/online\/mebilactyl\/","title":{"rendered":"MEBILACTYL"},"content":{"rendered":"<p><strong>MEN CH\u1ecaU KH\u00c1NG SINH<\/strong><\/p>\n<p><strong>T\u0102NG C\u01af\u1edcNG S\u1ee8C KH\u1eceE \u0110\u01af\u1edcNG RU\u1ed8T<\/strong><\/p>\n<p><strong>B\u1ed9t h\u00f2a tan ho\u1eb7c tr\u1ed9n th\u1ee9c \u0103n<\/strong><\/p>\n<p><strong>\u00a0<\/strong><\/p>\n<p>Bacillus subtilis v\u00e0 Saccharomyces cerevisiae trong s\u1ea3n ph\u1ea9m gi\u00fap b\u1ea3o v\u1ec7 c\u01a1 th\u1ec3 b\u1eb1ng c\u00e1ch k\u00edch th\u00edch h\u1ec7 mi\u1ec5n d\u1ecbch. Ch\u00fang t\u1ea1o ra tr\u00ean b\u1ec1 m\u1eb7t ru\u1ed9t m\u1ed9t l\u1edbp b\u1ea3o v\u1ec7, ng\u0103n ch\u1eb7n c\u00e1c vi khu\u1ea9n c\u00f3 h\u1ea1i x\u00e2m nh\u1eadp; c\u1ea3i thi\u1ec7n t\u00ednh n\u0103ng ti\u00eau h\u00f3a b\u1eb1ng c\u00e1ch s\u1ea3n xu\u1ea5t ra c\u00e1c ch\u1ea5t x\u00fac t\u00e1c \u0111\u1eb7c bi\u1ec7t (enzyme), t\u0103ng kh\u1ea3 n\u0103ng h\u1ea5p th\u1ee5 vitamin v\u00e0 kho\u00e1ng ch\u1ea5t v\u00e0o m\u00e1u.<\/p>\n<p>S\u1eed d\u1ee5ng <strong>MEBILACTYL<\/strong> l\u00e0 gi\u1ea3i ph\u00e1p t\u1ed1i \u01b0u v\u00e0 an to\u00e0n, h\u1ea1n ch\u1ebf d\u00f9ng kh\u00e1ng sinh.<\/p>\n<p><strong>TH\u00c0NH PH\u1ea6N<\/strong><\/p>\n<p>Bacillus subtilis* (min): 1&#215;10<sup>9<\/sup>CFU<\/p>\n<p>Saccharomyces cerevisiae (min): 1&#215;10<sup>9<\/sup>CFU<\/p>\n<p>Ch\u1ea5t mang (Glucose) v\u1eeba \u0111\u1ee7: 1kg<\/p>\n<p><strong>L\u1ee2I \u00cdCH <\/strong><strong>C\u1ee6A VI\u1ec6C B\u1ed4 SUNG S\u1ea2N PH\u1ea8M<\/strong><\/p>\n<p>\u1ed4n \u0111\u1ecbnh h\u1ec7 vi sinh v\u1eadt \u0111\u01b0\u1eddng ru\u1ed9t, k\u00edch th\u00edch ti\u00eau h\u00f3a v\u00e0 t\u0103ng tr\u01b0\u1edfng nhanh.<\/p>\n<p>T\u0103ng c\u01b0\u1eddng h\u1ec7 mi\u1ec5n d\u1ecbch, n\u00e2ng cao s\u1ee9c \u0111\u1ec1 kh\u00e1ng, h\u1ea1n ch\u1ebf c\u00e1c b\u1ec7nh \u0111\u01b0\u1eddng ru\u1ed9t \u1edf gia s\u00fac, gia c\u1ea7m, \u0111\u1eb7c bi\u1ec7t l\u00e0 b\u1ec7nh ti\u00eau ch\u1ea3y \u1edf heo con.<\/p>\n<p><strong>H\u01af\u1edaNG D\u1eaaN S\u1eec D\u1ee4NG<\/strong><\/p>\n<p><strong>Heo v\u00e0 gia c\u1ea7m:\u00a0 <\/strong><\/p>\n<p>1g Mebilactyl\/1kg th\u1ee9c \u0103n ho\u1eb7c 1g\/2 l\u00edt n\u01b0\u1edbc u\u1ed1ng.<\/p>\n<p>Khi c\u00f3 bi\u1ec3u hi\u1ec7n x\u00e1o tr\u1ed9n ti\u00eau h\u00f3a ho\u1eb7c b\u1ecb ti\u00eau ch\u1ea3y n\u00ean s\u1eed d\u1ee5ng li\u1ec1u g\u1ea5p \u0111\u00f4i.<\/p>\n<p><strong>B\u1ea2O QU\u1ea2N<\/strong><\/p>\n<p>N\u01a1i kh\u00f4 r\u00e1o, tho\u00e1ng m\u00e1t, nhi\u1ec7t \u0111\u1ed9 d\u01b0\u1edbi 30<sup>0<\/sup>C, tr\u00e1nh \u00e1nh n\u1eafng tr\u1ef1c ti\u1ebfp. Tr\u00e1nh xa t\u1ea7m tay tr\u1ebb em.<\/p>\n<p><strong>H\u1ea0N D\u00d9NG<\/strong><strong>: <\/strong>24 th\u00e1ng k\u1ec3 t\u1eeb ng\u00e0y s\u1ea3n xu\u1ea5t.<\/p>\n<p><strong>\u0110\u00d3NG G\u00d3I<\/strong><\/p>\n<p>50g, 100g, 500g\/g\u00f3i, 1kg\/g\u00f3i<\/p>\n<p><strong>S\u1ed1 \u0111\u0103ng k\u00fd<\/strong><strong>: TCCS 0<\/strong><strong>20<\/strong><strong>:20<\/strong><strong>13<\/strong><strong>\/MBP <\/strong><\/p>\n","protected":false},"excerpt":{"rendered":"<p><strong>MEN CH\u1ecaU KH\u00c1NG SINH<\/strong><\/p>\n<p><strong>T\u0102NG C\u01af\u1edcNG S\u1ee8C KH\u1eceE \u0110\u01af\u1edcNG RU\u1ed8T<\/strong><\/p>\n<p><strong>B\u1ed9t h\u00f2a tan ho\u1eb7c tr\u1ed9n th\u1ee9c \u0103n<\/strong><\/p>\n<p><strong>TH\u00c0NH PH\u1ea6N<\/strong><\/p>\n<p>Bacillus subtilis* (min): 1&#215;10<sup>9<\/sup>CFU<\/p>\n<p>Saccharomyces cerevisiae (min): 1&#215;10<sup>9<\/sup>CFU<\/p>\n<p>Ch\u1ea5t mang (Glucose) v\u1eeba \u0111\u1ee7: 1kg<\/p>\n<p><strong>L\u1ee2I \u00cdCH <\/strong><strong>C\u1ee6A VI\u1ec6C B\u1ed4 SUNG S\u1ea2N PH\u1ea8M<\/strong><\/p>\n<p>\u1ed4n \u0111\u1ecbnh h\u1ec7 vi sinh v\u1eadt \u0111\u01b0\u1eddng ru\u1ed9t, k\u00edch th\u00edch ti\u00eau h\u00f3a v\u00e0 t\u0103ng tr\u01b0\u1edfng nhanh.<\/p>\n<p>T\u0103ng c\u01b0\u1eddng h\u1ec7 mi\u1ec5n d\u1ecbch, n\u00e2ng cao s\u1ee9c \u0111\u1ec1 kh\u00e1ng, h\u1ea1n ch\u1ebf c\u00e1c b\u1ec7nh \u0111\u01b0\u1eddng ru\u1ed9t \u1edf gia s\u00fac, gia c\u1ea7m, \u0111\u1eb7c bi\u1ec7t l\u00e0 b\u1ec7nh ti\u00eau ch\u1ea3y \u1edf heo con.<\/p>\n<p><strong>H\u01af\u1edaNG D\u1eaaN S\u1eec D\u1ee4NG<\/strong><\/p>\n<p><strong>Heo v\u00e0 gia c\u1ea7m:\u00a0 <\/strong><\/p>\n<p>1g Mebilactyl\/1kg th\u1ee9c \u0103n ho\u1eb7c 1g\/2 l\u00edt n\u01b0\u1edbc u\u1ed1ng.<\/p>\n<p>Khi c\u00f3 bi\u1ec3u hi\u1ec7n x\u00e1o tr\u1ed9n ti\u00eau h\u00f3a ho\u1eb7c b\u1ecb ti\u00eau ch\u1ea3y n\u00ean s\u1eed d\u1ee5ng li\u1ec1u g\u1ea5p \u0111\u00f4i.<\/p>\n<p>&nbsp;<\/p>\n<p>&nbsp;<\/p>\n","protected":false},"featured_media":10089,"comment_status":"closed","ping_status":"closed","template":"","meta":[],"product_brand":[],"product_cat":[62],"product_tag":[],"class_list":{"0":"post-5181","1":"product","2":"type-product","3":"status-publish","4":"has-post-thumbnail","6":"product_cat-thuoc-thu-y","8":"first","9":"instock","10":"shipping-taxable","11":"purchasable","12":"product-type-variable","13":"has-default-attributes"},"_links":{"self":[{"href":"https:\/\/mebipha.com\/online\/wp-json\/wp\/v2\/product\/5181","targetHints":{"allow":["GET"]}}],"collection":[{"href":"https:\/\/mebipha.com\/online\/wp-json\/wp\/v2\/product"}],"about":[{"href":"https:\/\/mebipha.com\/online\/wp-json\/wp\/v2\/types\/product"}],"replies":[{"embeddable":true,"href":"https:\/\/mebipha.com\/online\/wp-json\/wp\/v2\/comments?post=5181"}],"wp:featuredmedia":[{"embeddable":true,"href":"https:\/\/mebipha.com\/online\/wp-json\/wp\/v2\/media\/10089"}],"wp:attachment":[{"href":"https:\/\/mebipha.com\/online\/wp-json\/wp\/v2\/media?parent=5181"}],"wp:term":[{"taxonomy":"product_brand","embeddable":true,"href":"https:\/\/mebipha.com\/online\/wp-json\/wp\/v2\/product_brand?post=5181"},{"taxonomy":"product_cat","embeddable":true,"href":"https:\/\/mebipha.com\/online\/wp-json\/wp\/v2\/product_cat?post=5181"},{"taxonomy":"product_tag","embeddable":true,"href":"https:\/\/mebipha.com\/online\/wp-json\/wp\/v2\/product_tag?post=5181"}],"curies":[{"name":"wp","href":"https:\/\/api.w.org\/{rel}","templated":true}]}}