{"id":5157,"date":"2019-04-04T16:38:36","date_gmt":"2019-04-04T09:38:36","guid":{"rendered":"https:\/\/mebipha.com\/?post_type=product&#038;p=5157"},"modified":"2024-10-04T09:15:29","modified_gmt":"2024-10-04T02:15:29","slug":"%ce%b2-prozyme","status":"publish","type":"product","link":"https:\/\/mebipha.com\/online\/%ce%b2-prozyme\/","title":{"rendered":"\u03b2-PROZYME"},"content":{"rendered":"<p><strong>T\u0102NG C\u01af\u1edcNG S\u1ee8C KH\u1eceE \u0110\u01af\u1edcNG RU\u1ed8T \u2013 T\u0102NG N\u0102NG SU\u1ea4T CH\u0102N NU\u00d4I<\/strong><\/p>\n<p><strong>B\u1ed9t h\u00f2a tan ho\u1eb7c tr\u1ed9n th\u1ee9c \u0103n<\/strong><\/p>\n<p>\u03b2 \u2013 Glucan khi k\u1ebft h\u1ee3p v\u1edbi Bacillus subtilis v\u00e0 Vitamin B12 cho hi\u1ec7u qu\u1ea3 v\u01b0\u1ee3t tr\u1ed9i, t\u0103ng c\u01b0\u1eddng ch\u1ee9c n\u0103ng mi\u1ec5n d\u1ecbch, b\u1ea3o v\u1ec7 t\u1ed1i \u0111a s\u1ee9c kh\u1ecfe \u0111\u01b0\u1eddng ru\u1ed9t, v\u1eadt nu\u00f4i \u0103n nhi\u1ec1u, ti\u00eau h\u00f3a t\u1ed1t v\u00e0 t\u0103ng tr\u01b0\u1edfng nhanh. \u0110\u1ed3ng th\u1eddi, Vitamin E v\u00e0 Selenium c\u1ea3i thi\u1ec7n t\u1ed1t c\u00e1c v\u1ea5n \u0111\u1ec1 sinh s\u1ea3n c\u1ee7a v\u1eadt nu\u00f4i, t\u0103ng ch\u1ea5t l\u01b0\u1ee3ng th\u1ecbt, s\u1eefa, tr\u1ee9ng v\u00e0 h\u1ea1n ch\u1ebf c\u00e1c b\u1ec7nh li\u00ean quan \u0111\u1ebfn th\u1ea7n kinh, c\u01a1.<\/p>\n<p><strong>TH\u00c0NH PH\u1ea6N<\/strong><\/p>\n<p>Bacillus subtilis* (min): 1 x 10<sup>9<\/sup> CFU<\/p>\n<p>Vitamin E* (DL-alpha-tocopheryl acetate) (min): 5.000 mg<\/p>\n<p>Vitamin B12 (Cyanocobalamin) (min): 15 mg<\/p>\n<p>Selenium* (min-max): 80 &#8211; 150 mg<\/p>\n<p>\u03b2 \u2013 Glucan* (min): 50.000 mg<\/p>\n<p>Glucose v\u1eeba \u0111\u1ee7: 1kg<\/p>\n<p><strong>L\u1ee2I \u00cdCH <\/strong><strong>C\u1ee6A VI\u1ec6C B\u1ed4 SUNG S\u1ea2N PH\u1ea8M<\/strong><\/p>\n<p>\u1ed4n \u0111\u1ecbnh \u0111\u01b0\u1eddng ru\u1ed9t, k\u00edch th\u00edch ti\u00eau h\u00f3a, h\u1ea5p thu tri\u1ec7t \u0111\u1ec3 th\u1ee9c \u0103n.<\/p>\n<p>H\u1ea1n ch\u1ebf c\u00e1c b\u1ec7nh \u0111\u01b0\u1eddng ti\u00eau h\u00f3a cho gia s\u00fac, gia c\u1ea7m.<\/p>\n<p>T\u0103ng c\u01b0\u1eddng kh\u1ea3 n\u0103ng trao \u0111\u1ed5i ch\u1ea5t, gi\u00fap \u0103n nhi\u1ec1u, t\u0103ng tr\u01b0\u1edfng nhanh.<\/p>\n<p>T\u0103ng c\u01b0\u1eddng h\u1ec7 mi\u1ec5n d\u1ecbch, n\u00e2ng cao s\u1ee9c kh\u00e1ng b\u1ec7nh.<\/p>\n<p>T\u0103ng th\u00e0nh t\u00edch sinh s\u1ea3n:<\/p>\n<p>Tr\u00ean heo n\u00e1i nu\u00f4i con, b\u00f2 s\u1eefa: t\u0103ng s\u1ea3n l\u01b0\u1ee3ng s\u1eefa.<\/p>\n<p>Tr\u00ean heo n\u1ecdc: t\u0103ng kh\u1ea3 n\u0103ng t\u1ea1o tinh tr\u00f9ng v\u00e0 ho\u1ea1t l\u1ef1c tinh tr\u00f9ng.<\/p>\n<p>Tr\u00ean g\u00e0 \u0111\u1ebb: gia t\u0103ng s\u1ea3n l\u01b0\u1ee3ng tr\u1ee9ng, ph\u1ea9m ch\u1ea5t tr\u1ee9ng.<\/p>\n<p><strong>H\u01af\u1edaNG D\u1eaaN S\u1eec D\u1ee4NG<\/strong><\/p>\n<p><strong>G\u00e0, v\u1ecbt, c\u00fat<\/strong>: 1g\/2 l\u00edt n\u01b0\u1edbc u\u1ed1ng, d\u00f9ng li\u00ean t\u1ee5c.<\/p>\n<p><strong>Heo v\u00e0 gia s\u00fac kh\u00e1c<\/strong>: 1g\/2 l\u00edt n\u01b0\u1edbc u\u1ed1ng ho\u1eb7c 1kg\/1 t\u1ea5n th\u1ee9c \u0103n, d\u00f9ng li\u00ean t\u1ee5c.<\/p>\n<p>Khi c\u00f3 bi\u1ec3u hi\u1ec7n stress, ho\u1eb7c b\u1ecb ti\u00eau ch\u1ea3y n\u00ean s\u1eed d\u1ee5ng li\u1ec1u g\u1ea5p \u0111\u00f4i, d\u00f9ng li\u00ean t\u1ee5c 5-7 ng\u00e0y.<\/p>\n<p><strong>B\u1ea2O QU\u1ea2N<\/strong><\/p>\n<p>N\u01a1i kh\u00f4 r\u00e1o, tho\u00e1ng m\u00e1t, nhi\u1ec7t \u0111\u1ed9 d\u01b0\u1edbi 30<sup>0<\/sup>C, tr\u00e1nh \u00e1nh n\u1eafng tr\u1ef1c ti\u1ebfp. Tr\u00e1nh xa t\u1ea7m tay tr\u1ebb em.<\/p>\n<p><strong>H\u1ea0N D\u00d9NG<\/strong><\/p>\n<p>24 th\u00e1ng k\u1ec3 t\u1eeb ng\u00e0y s\u1ea3n xu\u1ea5t.<\/p>\n<p><strong>\u0110\u00d3NG G\u00d3I<\/strong><\/p>\n<p>20g, 50g, 100g, 500g\/lon, 1kg\/lon<\/p>\n<p><strong>S\u1ed1 \u0111\u0103ng k\u00fd: TCCS <\/strong><strong>019<\/strong><strong>:20<\/strong><strong>13<\/strong><strong>\/MBP <\/strong><\/p>\n","protected":false},"excerpt":{"rendered":"<p><strong>T\u0102NG C\u01af\u1edcNG S\u1ee8C KH\u1eceE \u0110\u01af\u1edcNG RU\u1ed8T \u2013 T\u0102NG N\u0102NG SU\u1ea4T CH\u0102N NU\u00d4I<\/strong><\/p>\n<p><strong>TH\u00c0NH PH\u1ea6N<\/strong><\/p>\n<p>Bacillus subtilis* (min): 1 x 10<sup>9<\/sup> CFU<\/p>\n<p>Vitamin E* (DL-alpha-tocopheryl acetate) (min): 5.000 mg<\/p>\n<p>Vitamin B12 (Cyanocobalamin) (min): 15 mg<\/p>\n<p>Selenium* (min-max): 80 &#8211; 150 mg<\/p>\n<p>\u03b2 \u2013 Glucan* (min): 50.000 mg<\/p>\n<p>Glucose v\u1eeba \u0111\u1ee7: 1kg<\/p>\n<p><strong>L\u1ee2I \u00cdCH <\/strong><strong>C\u1ee6A VI\u1ec6C B\u1ed4 SUNG S\u1ea2N PH\u1ea8M<\/strong><\/p>\n<p>\u1ed4n \u0111\u1ecbnh \u0111\u01b0\u1eddng ru\u1ed9t, k\u00edch th\u00edch ti\u00eau h\u00f3a, h\u1ea5p thu tri\u1ec7t \u0111\u1ec3 th\u1ee9c \u0103n.<\/p>\n<p>H\u1ea1n ch\u1ebf c\u00e1c b\u1ec7nh \u0111\u01b0\u1eddng ti\u00eau h\u00f3a cho gia s\u00fac, gia c\u1ea7m.<\/p>\n<p>T\u0103ng c\u01b0\u1eddng kh\u1ea3 n\u0103ng trao \u0111\u1ed5i ch\u1ea5t, gi\u00fap \u0103n nhi\u1ec1u, t\u0103ng tr\u01b0\u1edfng nhanh.<\/p>\n<p>T\u0103ng c\u01b0\u1eddng h\u1ec7 mi\u1ec5n d\u1ecbch, n\u00e2ng cao s\u1ee9c kh\u00e1ng b\u1ec7nh.<\/p>\n<p>T\u0103ng th\u00e0nh t\u00edch sinh s\u1ea3n:<\/p>\n<p>Tr\u00ean heo n\u00e1i nu\u00f4i con, b\u00f2 s\u1eefa: t\u0103ng s\u1ea3n l\u01b0\u1ee3ng s\u1eefa.<\/p>\n<p>Tr\u00ean heo n\u1ecdc: t\u0103ng kh\u1ea3 n\u0103ng t\u1ea1o tinh tr\u00f9ng v\u00e0 ho\u1ea1t l\u1ef1c tinh tr\u00f9ng.<\/p>\n<p>Tr\u00ean g\u00e0 \u0111\u1ebb: gia t\u0103ng s\u1ea3n l\u01b0\u1ee3ng tr\u1ee9ng, ph\u1ea9m ch\u1ea5t tr\u1ee9ng.<\/p>\n<p><strong>H\u01af\u1edaNG D\u1eaaN S\u1eec D\u1ee4NG<\/strong><\/p>\n<p><strong>G\u00e0, v\u1ecbt, c\u00fat<\/strong>: 1g\/2 l\u00edt n\u01b0\u1edbc u\u1ed1ng, d\u00f9ng li\u00ean t\u1ee5c.<\/p>\n<p><strong>Heo v\u00e0 gia s\u00fac kh\u00e1c<\/strong>: 1g\/2 l\u00edt n\u01b0\u1edbc u\u1ed1ng ho\u1eb7c 1kg\/1 t\u1ea5n th\u1ee9c \u0103n, d\u00f9ng li\u00ean t\u1ee5c.<\/p>\n<p>Khi c\u00f3 bi\u1ec3u hi\u1ec7n stress, ho\u1eb7c b\u1ecb ti\u00eau ch\u1ea3y n\u00ean s\u1eed d\u1ee5ng li\u1ec1u g\u1ea5p \u0111\u00f4i, d\u00f9ng li\u00ean t\u1ee5c 5-7 n<\/p>\n","protected":false},"featured_media":10644,"comment_status":"closed","ping_status":"closed","template":"","meta":[],"product_brand":[],"product_cat":[62,142],"product_tag":[],"class_list":{"0":"post-5157","1":"product","2":"type-product","3":"status-publish","4":"has-post-thumbnail","6":"product_cat-thuoc-thu-y","7":"product_cat-danh-muc-san-pham-gia-cam","9":"first","10":"instock","11":"shipping-taxable","12":"purchasable","13":"product-type-variable","14":"has-default-attributes"},"_links":{"self":[{"href":"https:\/\/mebipha.com\/online\/wp-json\/wp\/v2\/product\/5157","targetHints":{"allow":["GET"]}}],"collection":[{"href":"https:\/\/mebipha.com\/online\/wp-json\/wp\/v2\/product"}],"about":[{"href":"https:\/\/mebipha.com\/online\/wp-json\/wp\/v2\/types\/product"}],"replies":[{"embeddable":true,"href":"https:\/\/mebipha.com\/online\/wp-json\/wp\/v2\/comments?post=5157"}],"wp:featuredmedia":[{"embeddable":true,"href":"https:\/\/mebipha.com\/online\/wp-json\/wp\/v2\/media\/10644"}],"wp:attachment":[{"href":"https:\/\/mebipha.com\/online\/wp-json\/wp\/v2\/media?parent=5157"}],"wp:term":[{"taxonomy":"product_brand","embeddable":true,"href":"https:\/\/mebipha.com\/online\/wp-json\/wp\/v2\/product_brand?post=5157"},{"taxonomy":"product_cat","embeddable":true,"href":"https:\/\/mebipha.com\/online\/wp-json\/wp\/v2\/product_cat?post=5157"},{"taxonomy":"product_tag","embeddable":true,"href":"https:\/\/mebipha.com\/online\/wp-json\/wp\/v2\/product_tag?post=5157"}],"curies":[{"name":"wp","href":"https:\/\/api.w.org\/{rel}","templated":true}]}}