{"id":5151,"date":"2019-04-04T16:33:03","date_gmt":"2019-04-04T09:33:03","guid":{"rendered":"https:\/\/mebipha.com\/?post_type=product&#038;p=5151"},"modified":"2024-10-04T09:13:35","modified_gmt":"2024-10-04T02:13:35","slug":"%ce%b2-glucan","status":"publish","type":"product","link":"https:\/\/mebipha.com\/online\/%ce%b2-glucan\/","title":{"rendered":"\u03b2-GLUCAN"},"content":{"rendered":"<p><strong>GI\u1ea2I PH\u00c1P THAY TH\u1ebe KH\u00c1NG SINH<\/strong><\/p>\n<p><strong>GI\u00daP GIA T\u0102NG MI\u1ec4N D\u1ecaCH CHO GIA S\u00daC, GIA C\u1ea6M<\/strong><\/p>\n<p><strong>B\u1ed9t tr\u1ed9n th\u1ee9c \u0103n<\/strong><\/p>\n<p>S\u1ea3n ph\u1ea9m <strong>\u03b2 \u2013GLUCAN<\/strong> c\u00f3 d\u1ea1ng b\u1ed9t tr\u1ed9n th\u1ee9c \u0103n nh\u1eb1m b\u1ed5 sung \u03b2-glucan, Vitamin cho gia s\u00fac, gia c\u1ea7m v\u1edbi th\u00e0nh ph\u1ea7n ch\u00ednh l\u00e0 \u03b2-glucan. Ngo\u00e0i kh\u1ea3 n\u0103ng k\u00edch th\u00edch h\u1ec7 mi\u1ec5n d\u1ecbch, n\u00e2ng cao s\u1ee9c \u0111\u1ec1 kh\u00e1ng v\u00e0 th\u00fac \u0111\u1ea9y sinh tr\u01b0\u1edfng nhanh, t\u0103ng n\u0103ng su\u1ea5t ch\u0103n nu\u00f4i, th\u00ec s\u1ea3n ph\u1ea9m <strong>\u03b2 \u2013GLUCAN <\/strong>gi\u00e1n ti\u1ebfp ng\u0103n ng\u1eeba v\u00e0 gi\u1ea3m nhi\u1ec5m <em>Salmonella<\/em> trong th\u1ef1c ph\u1ea9m g\u00e2y ng\u1ed9 \u0111\u1ed9c cho con ng\u01b0\u1eddi.<\/p>\n<p>S\u1ef1 k\u1ebft h\u1ee3p gi\u1eefa \u03b2-glucan v\u00e0 Mannan Oligosaccharide trong s\u1ea3n ph\u1ea9m c\u00f2n c\u00f3 t\u00e1c d\u1ee5ng thay th\u1ebf kh\u00e1ng sinh, gi\u00fap gi\u1ea3m vi khu\u1ea9n g\u00e2y b\u1ec7nh, gia t\u0103ng s\u1ee9c kh\u1ecfe \u0111\u01b0\u1eddng ru\u1ed9t v\u00e0 t\u0103ng l\u01b0\u1ee3ng th\u1ee9c \u0103n \u0103n v\u00e0o.<\/p>\n<p><strong>TH\u00c0NH PH\u1ea6N\u00a0\u00a0\u00a0\u00a0\u00a0\u00a0\u00a0 <\/strong><\/p>\n<p>\u03b2-Glucan* (min): 120.000mg<\/p>\n<p>Vitamin B12 (Cyanocobalamin) (min): 30mg<\/p>\n<p>Mannan Oligosaccharide (min): 120.000mg<\/p>\n<p>Glucose v\u1eeba \u0111\u1ee7: 1kg<\/p>\n<p><strong>L\u1ee2I \u00cdCH C\u1ee6A VI\u1ec6C B\u1ed4 SUNG S\u1ea2N PH\u1ea8M<\/strong><\/p>\n<p>K\u00edch th\u00edch h\u1ec7 mi\u1ec5n d\u1ecbch, n\u00e2ng cao s\u1ee9c \u0111\u1ec1 kh\u00e1ng.<\/p>\n<p>K\u00edch th\u00edch ti\u00eau h\u00f3a, v\u1eadt nu\u00f4i \u0103n nhi\u1ec1u, t\u0103ng tr\u01b0\u1edfng nhanh.<\/p>\n<p>Gi\u1ea3m stress.<\/p>\n<p>H\u1ed7 tr\u1ee3 \u0111i\u1ec1u tr\u1ecb c\u00e1c b\u1ec7nh k\u1ebf ph\u00e1t do virus, vi khu\u1ea9n g\u00e2y ra: Tai xanh (PRRS), h\u1ed9i ch\u1ee9ng ti\u00eau ch\u1ea3y tr\u00ean heo con.<\/p>\n<p>T\u0103ng hi\u1ec7u qu\u1ea3 s\u1eed d\u1ee5ng vaccine khi s\u1eed d\u1ee5ng tr\u01b0\u1edbc v\u00e0 sau khi ch\u1ee7ng ng\u1eeba.<\/p>\n<p>H\u1ed7 tr\u1ee3 ph\u00f2ng b\u1ec7nh \u1edf nh\u1eefng khu v\u1ef1c ch\u0103n nu\u00f4i b\u1ecb \u00e1p l\u1ef1c b\u1ec7nh cao ho\u1eb7c \u0111\u00e3 n\u1ed5 d\u1ecbch b\u1ec7nh nh\u01b0 D\u1ecbch t\u1ea3, L\u1edf m\u1ed3m long m\u00f3ng,\u2026<\/p>\n<p><strong>H\u01af\u1edaNG D\u1eaaN s\u1eed d\u1ee5ng<\/strong><\/p>\n<p>Heo v\u00e0 gia c\u1ea7m: tr\u1ed9n 100g\/1 kg th\u1ee9c \u0103n, d\u00f9ng li\u00ean t\u1ee5c trong su\u1ed1t qu\u00e1 tr\u00ecnh nu\u00f4i.<\/p>\n<p><strong>H\u1ea1n s\u1eed d\u1ee5ng s\u1ea3n ph\u1ea9m <\/strong><\/p>\n<p>24 th\u00e1ng k\u1ec3 t\u1eeb ng\u00e0y s\u1ea3n xu\u1ea5t.<\/p>\n<p><strong>B\u1ea2O QU\u1ea2N<\/strong><\/p>\n<p>N\u01a1i kh\u00f4 r\u00e1o, tho\u00e1ng m\u00e1t, nhi\u1ec7t \u0111\u1ed9 d\u01b0\u1edbi 30<sup>0<\/sup>C. Tr\u00e1nh \u00e1nh n\u1eafng tr\u1ef1c ti\u1ebfp, tr\u00e1nh xa t\u1ea7m tay tr\u1ebb em.<\/p>\n<p><strong>\u0110\u00d3NG G\u00d3I<\/strong><\/p>\n<p><strong>100g, 500g\/lon, 1kg\/g\u00f3i, 1kg\/lon<\/strong><\/p>\n<p><strong>S\u1ed1 \u0111\u0103ng k\u00fd: TCCS 009:2013\/MBP<\/strong><\/p>\n","protected":false},"excerpt":{"rendered":"<p><strong>GI\u1ea2I PH\u00c1P THAY TH\u1ebe KH\u00c1NG SINH<\/strong><\/p>\n<p><strong>GI\u00daP GIA T\u0102NG MI\u1ec4N D\u1ecaCH CHO GIA S\u00daC, GIA C\u1ea6M<\/strong><\/p>\n<p><strong>TH\u00c0NH PH\u1ea6N\u00a0\u00a0\u00a0\u00a0\u00a0\u00a0\u00a0 <\/strong><\/p>\n<p>\u03b2-Glucan* (min): 120.000mg<\/p>\n<p>Vitamin B12 (Cyanocobalamin) (min): 30mg<\/p>\n<p>Mannan Oligosaccharide (min): 120.000mg<\/p>\n<p>Glucose v\u1eeba \u0111\u1ee7: 1kg<\/p>\n<p><strong>L\u1ee2I \u00cdCH C\u1ee6A VI\u1ec6C B\u1ed4 SUNG S\u1ea2N PH\u1ea8M<\/strong><\/p>\n<p>K\u00edch th\u00edch h\u1ec7 mi\u1ec5n d\u1ecbch, n\u00e2ng cao s\u1ee9c \u0111\u1ec1 kh\u00e1ng.<\/p>\n<p>K\u00edch th\u00edch ti\u00eau h\u00f3a, v\u1eadt nu\u00f4i \u0103n nhi\u1ec1u, t\u0103ng tr\u01b0\u1edfng nhanh.<\/p>\n<p>Gi\u1ea3m stress.<\/p>\n<p>H\u1ed7 tr\u1ee3 \u0111i\u1ec1u tr\u1ecb c\u00e1c b\u1ec7nh k\u1ebf ph\u00e1t do virus, vi khu\u1ea9n g\u00e2y ra: Tai xanh (PRRS), h\u1ed9i ch\u1ee9ng ti\u00eau ch\u1ea3y tr\u00ean heo con.<\/p>\n<p>T\u0103ng hi\u1ec7u qu\u1ea3 s\u1eed d\u1ee5ng vaccine khi s\u1eed d\u1ee5ng tr\u01b0\u1edbc v\u00e0 sau khi ch\u1ee7ng ng\u1eeba.<\/p>\n<p>H\u1ed7 tr\u1ee3 ph\u00f2ng b\u1ec7nh \u1edf nh\u1eefng khu v\u1ef1c ch\u0103n nu\u00f4i b\u1ecb \u00e1p l\u1ef1c b\u1ec7nh cao ho\u1eb7c \u0111\u00e3 n\u1ed5 d\u1ecbch b\u1ec7nh nh\u01b0 D\u1ecbch t\u1ea3, L\u1edf m\u1ed3m long m\u00f3ng,\u2026<\/p>\n<p><strong>H\u01af\u1edaNG D\u1eaaN s\u1eed d\u1ee5ng<\/strong><\/p>\n<p>Heo v\u00e0 gia c\u1ea7m: tr\u1ed9n 100g\/1 kg th\u1ee9c \u0103n, d\u00f9ng li\u00ean t\u1ee5c trong su\u1ed1t qu\u00e1 tr\u00ecnh nu\u00f4i.<\/p>\n","protected":false},"featured_media":10643,"comment_status":"closed","ping_status":"closed","template":"","meta":[],"product_brand":[],"product_cat":[62],"product_tag":[],"class_list":{"0":"post-5151","1":"product","2":"type-product","3":"status-publish","4":"has-post-thumbnail","6":"product_cat-thuoc-thu-y","8":"first","9":"instock","10":"shipping-taxable","11":"purchasable","12":"product-type-variable"},"_links":{"self":[{"href":"https:\/\/mebipha.com\/online\/wp-json\/wp\/v2\/product\/5151","targetHints":{"allow":["GET"]}}],"collection":[{"href":"https:\/\/mebipha.com\/online\/wp-json\/wp\/v2\/product"}],"about":[{"href":"https:\/\/mebipha.com\/online\/wp-json\/wp\/v2\/types\/product"}],"replies":[{"embeddable":true,"href":"https:\/\/mebipha.com\/online\/wp-json\/wp\/v2\/comments?post=5151"}],"wp:featuredmedia":[{"embeddable":true,"href":"https:\/\/mebipha.com\/online\/wp-json\/wp\/v2\/media\/10643"}],"wp:attachment":[{"href":"https:\/\/mebipha.com\/online\/wp-json\/wp\/v2\/media?parent=5151"}],"wp:term":[{"taxonomy":"product_brand","embeddable":true,"href":"https:\/\/mebipha.com\/online\/wp-json\/wp\/v2\/product_brand?post=5151"},{"taxonomy":"product_cat","embeddable":true,"href":"https:\/\/mebipha.com\/online\/wp-json\/wp\/v2\/product_cat?post=5151"},{"taxonomy":"product_tag","embeddable":true,"href":"https:\/\/mebipha.com\/online\/wp-json\/wp\/v2\/product_tag?post=5151"}],"curies":[{"name":"wp","href":"https:\/\/api.w.org\/{rel}","templated":true}]}}