{"id":5147,"date":"2019-04-04T16:27:25","date_gmt":"2019-04-04T09:27:25","guid":{"rendered":"https:\/\/mebipha.com\/?post_type=product&#038;p=5147"},"modified":"2024-05-03T13:46:07","modified_gmt":"2024-05-03T06:46:07","slug":"atp-glucan","status":"publish","type":"product","link":"https:\/\/mebipha.com\/online\/atp-glucan\/","title":{"rendered":"ATP-GLUCAN"},"content":{"rendered":"<p><strong>K\u00cdCH TH\u00cdCH MI\u1ec4N D\u1ecaCH &#8211; GI\u00daP GIA S\u00daC, GIA C\u1ea6M T\u0102NG TR\u01af\u1edeNG NHANH<\/strong><\/p>\n<p><strong>B\u1ed9t tr\u1ed9n th\u1ee9c \u0103n<\/strong><\/p>\n<p>S\u1ea3n ph\u1ea9m <strong>ATP-GLUCAN<\/strong> c\u00f3 d\u1ea1ng b\u1ed9t tr\u1ed9n th\u1ee9c \u0103n nh\u1eb1m b\u1ed5 sung \u03b2-glucan, Vitamin cho gia s\u00fac, gia c\u1ea7m v\u1edbi th\u00e0nh ph\u1ea7n ch\u00ednh l\u00e0 \u03b2-glucan. Ngo\u00e0i kh\u1ea3 n\u0103ng k\u00edch th\u00edch h\u1ec7 mi\u1ec5n d\u1ecbch, n\u00e2ng cao s\u1ee9c \u0111\u1ec1 kh\u00e1ng v\u00e0 th\u00fac \u0111\u1ea9y sinh tr\u01b0\u1edfng nhanh, t\u0103ng n\u0103ng su\u1ea5t ch\u0103n nu\u00f4i, th\u00ec s\u1ea3n ph\u1ea9m <strong>ATP<\/strong><strong>\u2013GLUCAN <\/strong>gi\u00e1n ti\u1ebfp ng\u0103n ng\u1eeba v\u00e0 gi\u1ea3m nhi\u1ec5m <em>Salmonella<\/em> trong th\u1ef1c ph\u1ea9m g\u00e2y ng\u1ed9 \u0111\u1ed9c cho con ng\u01b0\u1eddi.<\/p>\n<p>S\u1ef1 k\u1ebft h\u1ee3p gi\u1eefa \u03b2-glucan v\u00e0 Fructose Oligosaccharide trong s\u1ea3n ph\u1ea9m gi\u00fap gi\u1ea3m vi khu\u1ea9n g\u00e2y b\u1ec7nh, gia t\u0103ng s\u1ee9c kh\u1ecfe \u0111\u01b0\u1eddng ru\u1ed9t v\u00e0 t\u0103ng l\u01b0\u1ee3ng th\u1ee9c \u0103n \u0103n v\u00e0o.<\/p>\n<p><strong>TH\u00c0NH PH\u1ea6N\u00a0\u00a0\u00a0\u00a0\u00a0\u00a0\u00a0 <\/strong><\/p>\n<p>\u03b2-Glucan* (min): 100.000mg<\/p>\n<p>Vitamin B12 (Cyanocobalamin) (min): 15mg<\/p>\n<p>Fructose Oligosaccharide (min): 50g<\/p>\n<p>Glucose v\u1eeba \u0111\u1ee7: 1kg<\/p>\n<p><strong>L\u1ee2I \u00cdCH C\u1ee6A VI\u1ec6C B\u1ed4 SUNG S\u1ea2N PH\u1ea8M<\/strong><\/p>\n<p>K\u00edch th\u00edch h\u1ec7 mi\u1ec5n d\u1ecbch, n\u00e2ng cao s\u1ee9c \u0111\u1ec1 kh\u00e1ng.<\/p>\n<p>T\u0103ng c\u01b0\u1eddng kh\u1ea3 n\u0103ng gi\u1ea3i \u0111\u1ed9c cho c\u01a1 th\u1ec3 v\u1eadt nu\u00f4i, t\u0103ng t\u00ednh th\u00e8m \u0103n, l\u1edbn nhanh.<\/p>\n<p>Gi\u00fap t\u0103ng hi\u1ec7u l\u1ef1c c\u1ee7a thu\u1ed1c kh\u00e1ng sinh khi d\u00f9ng k\u1ebft h\u1ee3p \u0111i\u1ec1u tr\u1ecb b\u1ec7nh.<\/p>\n<p>Gi\u1ea3m stress.<\/p>\n<p>T\u0103ng hi\u1ec7u qu\u1ea3 s\u1eed d\u1ee5ng vaccine.<\/p>\n<p><strong>H\u01af\u1edaNG D\u1eaaN s\u1eed d\u1ee5ng<\/strong><\/p>\n<p>Heo v\u00e0 gia s\u00fac kh\u00e1c: tr\u1ed9n 1kg\/500kg th\u1ee9c \u0103n, d\u00f9ng cho to\u00e0n \u0111\u00e0n, li\u00ean t\u1ee5c 5 \u2013 7 ng\u00e0y, m\u1ed7i th\u00e1ng 1 \u2013 2 \u0111\u1ee3t.<\/p>\n<p>Gia c\u1ea7m: 1kg\/250kg th\u1ee9c \u0103n, d\u00f9ng cho to\u00e0n \u0111\u00e0n, li\u00ean t\u1ee5c 5 \u2013 7 ng\u00e0y, n\u00ean l\u1eb7p l\u1ea1i m\u1ed7i th\u00e1ng 1 \u2013 2 \u0111\u1ee3t.<\/p>\n<p>Trong m\u00f9a d\u1ecbch n\u00ean d\u00f9ng cho to\u00e0n \u0111\u00e0n v\u1edbi li\u1ec1u l\u01b0\u1ee3ng: 1kg\/200-400kg th\u1ee9c \u0103n, d\u00f9ng li\u00ean t\u1ee5c 5 \u2013 7 ng\u00e0y.<\/p>\n<p><strong><em>S\u1ea3n ph\u1ea9m k\u1ebft h\u1ee3p t\u1ed1t v\u1edbi kh\u00e1ng sinh trong c\u00e1c b\u1ec7nh nhi\u1ec5m tr\u00f9ng.<\/em><\/strong><\/p>\n<p><strong>H\u1ea1n s\u1eed d\u1ee5ng s\u1ea3n ph\u1ea9m <\/strong><\/p>\n<p>24 th\u00e1ng k\u1ec3 t\u1eeb ng\u00e0y s\u1ea3n xu\u1ea5t.<\/p>\n<p><strong>B\u1ea2O QU\u1ea2N<\/strong><\/p>\n<p>N\u01a1i kh\u00f4 r\u00e1o, tho\u00e1ng m\u00e1t, nhi\u1ec7t \u0111\u1ed9 d\u01b0\u1edbi 30<sup>0<\/sup>C. Tr\u00e1nh \u00e1nh n\u1eafng tr\u1ef1c ti\u1ebfp, tr\u00e1nh xa t\u1ea7m tay tr\u1ebb em.<\/p>\n<p><strong>\u0110\u00d3NG G\u00d3I<\/strong><\/p>\n<p><strong>100g, 1kg\/g\u00f3i<\/strong><\/p>\n<p><strong>S\u1ed1 \u0111\u0103ng k\u00fd: TCCS 142:2014\/MBP<\/strong><\/p>\n","protected":false},"excerpt":{"rendered":"<p><strong>K\u00cdCH TH\u00cdCH MI\u1ec4N D\u1ecaCH &#8211; GI\u00daP GIA S\u00daC, GIA C\u1ea6M T\u0102NG TR\u01af\u1edeNG NHANH<\/strong><\/p>\n<p><strong>TH\u00c0NH PH\u1ea6N\u00a0\u00a0\u00a0\u00a0\u00a0\u00a0\u00a0 <\/strong><\/p>\n<p>\u03b2-Glucan* (min): 100.000mg<\/p>\n<p>Vitamin B12 (Cyanocobalamin) (min): 15mg<\/p>\n<p>Fructose Oligosaccharide (min): 50g<\/p>\n<p>Glucose v\u1eeba \u0111\u1ee7: 1kg<\/p>\n<p><strong>L\u1ee2I \u00cdCH C\u1ee6A VI\u1ec6C B\u1ed4 SUNG S\u1ea2N PH\u1ea8M<\/strong><\/p>\n<p>K\u00edch th\u00edch h\u1ec7 mi\u1ec5n d\u1ecbch, n\u00e2ng cao s\u1ee9c \u0111\u1ec1 kh\u00e1ng.<\/p>\n<p>T\u0103ng c\u01b0\u1eddng kh\u1ea3 n\u0103ng gi\u1ea3i \u0111\u1ed9c cho c\u01a1 th\u1ec3 v\u1eadt nu\u00f4i, t\u0103ng t\u00ednh th\u00e8m \u0103n, l\u1edbn nhanh.<\/p>\n<p>Gi\u00fap t\u0103ng hi\u1ec7u l\u1ef1c c\u1ee7a thu\u1ed1c kh\u00e1ng sinh khi d\u00f9ng k\u1ebft h\u1ee3p \u0111i\u1ec1u tr\u1ecb b\u1ec7nh.<\/p>\n<p>Gi\u1ea3m stress.<\/p>\n<p>T\u0103ng hi\u1ec7u qu\u1ea3 s\u1eed d\u1ee5ng vaccine.<\/p>\n<p><strong>H\u01af\u1edaNG D\u1eaaN s\u1eed d\u1ee5ng<\/strong><\/p>\n<p>Heo v\u00e0 gia s\u00fac kh\u00e1c: tr\u1ed9n 1kg\/500kg th\u1ee9c \u0103n, d\u00f9ng cho to\u00e0n \u0111\u00e0n, li\u00ean t\u1ee5c 5 \u2013 7 ng\u00e0y, m\u1ed7i th\u00e1ng 1 \u2013 2 \u0111\u1ee3t.<\/p>\n<p>Gia c\u1ea7m: 1kg\/250kg th\u1ee9c \u0103n, d\u00f9ng cho to\u00e0n \u0111\u00e0n, li\u00ean t\u1ee5c 5 \u2013 7 ng\u00e0y, n\u00ean l\u1eb7p l\u1ea1i m\u1ed7i th\u00e1ng 1 \u2013 2 \u0111\u1ee3t.<\/p>\n<p>Trong m\u00f9a d\u1ecbch n\u00ean d\u00f9ng cho to\u00e0n \u0111\u00e0n v\u1edbi li\u1ec1u l\u01b0\u1ee3ng: 1kg\/200-400kg th\u1ee9c \u0103n, d\u00f9ng li\u00ean t\u1ee5c 5 \u2013 7 ng\u00e0y.<\/p>\n","protected":false},"featured_media":10304,"comment_status":"closed","ping_status":"closed","template":"","meta":[],"product_brand":[],"product_cat":[62,120,125,127,129],"product_tag":[],"class_list":{"0":"post-5147","1":"product","2":"type-product","3":"status-publish","4":"has-post-thumbnail","6":"product_cat-thuoc-thu-y","7":"product_cat-dinh-duong-bot","8":"product_cat-thuc-an-bo-sung","9":"product_cat-thuc-an-bo-sung-cho-gia-cam","10":"product_cat-thuc-an-bo-sung-cho-gia-suc-nhai-lai","12":"first","13":"instock","14":"shipping-taxable","15":"purchasable","16":"product-type-variable"},"_links":{"self":[{"href":"https:\/\/mebipha.com\/online\/wp-json\/wp\/v2\/product\/5147","targetHints":{"allow":["GET"]}}],"collection":[{"href":"https:\/\/mebipha.com\/online\/wp-json\/wp\/v2\/product"}],"about":[{"href":"https:\/\/mebipha.com\/online\/wp-json\/wp\/v2\/types\/product"}],"replies":[{"embeddable":true,"href":"https:\/\/mebipha.com\/online\/wp-json\/wp\/v2\/comments?post=5147"}],"wp:featuredmedia":[{"embeddable":true,"href":"https:\/\/mebipha.com\/online\/wp-json\/wp\/v2\/media\/10304"}],"wp:attachment":[{"href":"https:\/\/mebipha.com\/online\/wp-json\/wp\/v2\/media?parent=5147"}],"wp:term":[{"taxonomy":"product_brand","embeddable":true,"href":"https:\/\/mebipha.com\/online\/wp-json\/wp\/v2\/product_brand?post=5147"},{"taxonomy":"product_cat","embeddable":true,"href":"https:\/\/mebipha.com\/online\/wp-json\/wp\/v2\/product_cat?post=5147"},{"taxonomy":"product_tag","embeddable":true,"href":"https:\/\/mebipha.com\/online\/wp-json\/wp\/v2\/product_tag?post=5147"}],"curies":[{"name":"wp","href":"https:\/\/api.w.org\/{rel}","templated":true}]}}